{"id":1022,"date":"2024-12-17T08:36:15","date_gmt":"2024-12-17T08:36:15","guid":{"rendered":"https:\/\/www.bluelakechem.com\/?post_type=product&#038;p=1022"},"modified":"2025-07-02T01:42:00","modified_gmt":"2025-07-02T01:42:00","slug":"silicone-fabric-softener","status":"publish","type":"product","link":"https:\/\/www.bluelakechem.com\/es\/product\/silicone-fabric-softener\/","title":{"rendered":"Suavizante de telas de silicona Suave agente de acabado textil de bajo amarilleamiento"},"content":{"rendered":"<div class=\"wp-block-columns is-layout-flex wp-container-core-columns-is-layout-9d6595d7 wp-block-columns-is-layout-flex\">\n<div class=\"wp-block-column is-layout-flow wp-block-column-is-layout-flow\" style=\"flex-basis:50%\">\n<h2 class=\"wp-block-heading\">Suavizante de telas de silicona Caracter\u00edsticas:<\/h2>\n\n\n\n<p><strong>Suavidad superior:<\/strong> El suavizante de silicona mejora notablemente la suavidad del tejido, d\u00e1ndole un tacto suave y delicado, y haci\u00e9ndolo m\u00e1s confortable.<br><strong>Mayor elasticidad y recuperaci\u00f3n:<\/strong> Mejora la elasticidad del tejido y la recuperaci\u00f3n de la forma, especialmente indicado para spandex y otros tejidos el\u00e1sticos, manteniendo el tejido firme y sin deformaciones.<br><strong>Muy bajo amarilleamiento: <\/strong>La f\u00f3rmula no es f\u00e1cil de amarillear, especialmente adecuada para el acabado de tejidos blancos y de colores claros, para garantizar que el color y la textura originales se mantengan durante mucho tiempo.<br><strong>Lavabilidad duradera:<\/strong> El suavizante de silicona tiene un efecto duradero y mantiene su suavidad y tersura despu\u00e9s de muchos lavados, aumentando la durabilidad del tejido.<br><strong>Seguro para el medio ambiente:<\/strong> La f\u00f3rmula no t\u00f3xica y respetuosa con el medio ambiente cumple las normas modernas. Adopta f\u00f3rmulas no t\u00f3xicas y respetuosas con el medio ambiente, en l\u00ednea con las normas medioambientales de la industria textil moderna, seguras y fiables.<\/p>\n\n\n\n<h2 class=\"wp-block-heading\">Aplicaciones del suavizante de silicona:<\/h2>\n\n\n\n<p><strong>Tejidos de algod\u00f3n y celulosa: <\/strong>El suavizante de silicona se utiliza ampliamente en tejidos de algod\u00f3n, viscosa y otros tejidos celul\u00f3sicos para mejorar la suavidad y tersura de los tejidos, as\u00ed como su tacto y calidad.<br><strong>Tejidos el\u00e1sticos: <\/strong>Especialmente indicado para spandex, mezclas de lycra y otros tejidos muy el\u00e1sticos, ya que aporta suavidad y elasticidad a los tejidos y mantiene la estabilidad de la forma.<br><strong>Tejidos y g\u00e9neros de punto:<\/strong> Se utiliza en tejidos y g\u00e9neros de punto para realzar la suavidad y el tacto de los tejidos, adecuado para prendas de moda y funcionales.<br><strong>Ropa deportiva y tejidos informales:<\/strong> Acabado para ropa deportiva y de sport para mejorar la suavidad, elasticidad y lavabilidad de los tejidos y mejorar la comodidad de uso.<br><strong>Tejidos funcionales: <\/strong>El suavizante de silicona se utiliza en tejidos funcionales como los m\u00e9dicos, la ropa de trabajo, la ropa de protecci\u00f3n, etc., para mejorar su suavidad y sus propiedades antiest\u00e1ticas manteniendo su funci\u00f3n original.<br><strong>Tejidos de moda:<\/strong> El suavizante de silicona se utiliza en tejidos de prendas de alta gama, como la seda, la lana y las fibras sint\u00e9ticas, para a\u00f1adir una textura de alta gama y comodidad de uso.<\/p>\n<\/div>\n\n\n\n<div class=\"wp-block-column is-layout-flow wp-block-column-is-layout-flow\" style=\"flex-basis:50%\">\n<figure class=\"wp-block-embed is-type-video is-provider-youtube wp-block-embed-youtube wp-embed-aspect-16-9 wp-has-aspect-ratio\"><div class=\"wp-block-embed__wrapper\">\n<iframe title=\"El suavizante de silicona Soft &amp; Smooth proporciona un tacto el\u00e1stico.#Smooth #Fluffy #Finishing\" width=\"500\" height=\"281\" src=\"https:\/\/www.youtube.com\/embed\/2SMWAHAJ9Y0?feature=oembed\" frameborder=\"0\" allow=\"accelerometer; autoplay; clipboard-write; encrypted-media; gyroscope; picture-in-picture; web-share\" referrerpolicy=\"strict-origin-when-cross-origin\" allowfullscreen><\/iframe>\n<\/div><\/figure>\n\n\n\n<figure class=\"wp-block-image size-full\"><img decoding=\"async\" width=\"1363\" height=\"1701\" src=\"https:\/\/www.bluelakechem.com\/wp-content\/uploads\/2024\/12\/Silicone-Softener-95001.webp\" alt=\"Suavizante de silicona\" class=\"wp-image-2420\" srcset=\"https:\/\/www.bluelakechem.com\/wp-content\/uploads\/2024\/12\/Silicone-Softener-95001.webp 1363w, https:\/\/www.bluelakechem.com\/wp-content\/uploads\/2024\/12\/Silicone-Softener-95001-240x300.webp 240w, https:\/\/www.bluelakechem.com\/wp-content\/uploads\/2024\/12\/Silicone-Softener-95001-768x958.webp 768w, https:\/\/www.bluelakechem.com\/wp-content\/uploads\/2024\/12\/Silicone-Softener-95001-10x12.webp 10w, https:\/\/www.bluelakechem.com\/wp-content\/uploads\/2024\/12\/Silicone-Softener-95001-1200x1498.webp 1200w, https:\/\/www.bluelakechem.com\/wp-content\/uploads\/2024\/12\/Silicone-Softener-95001-600x749.webp 600w\" sizes=\"(max-width: 1363px) 100vw, 1363px\" \/><\/figure>\n\n\n\n<h2 class=\"wp-block-heading\">Propiedades del suavizante de silicona:<\/h2>\n\n\n\n<figure class=\"wp-block-table\"><table class=\"has-fixed-layout\"><tbody><tr><td>Apariencia:<\/td><td>L\u00edquido turbio transparente<\/td><\/tr><tr><td>Ionicidad:<\/td><td>Cati\u00f3nico d\u00e9bil<\/td><\/tr><tr><td>Valor del pH:<\/td><td>6,2\u00b10,5 (1% soluci\u00f3n acuosa)<\/td><\/tr><tr><td>Solubilidad:<\/td><td>Soluble en agua<\/td><\/tr><\/tbody><\/table><\/figure>\n\n\n\n<h2 class=\"wp-block-heading\">Instrucciones para el suavizante de silicona:<\/h2>\n\n\n\n<p>1.Se recomienda su uso en el proceso de acolchado.<\/p>\n\n\n\n<ol class=\"wp-block-list\">\n<li><\/li>\n<\/ol>\n\n\n\n<p>Dosis de referencia: 10~30 g\/L.<\/p>\n\n\n\n<p>Stenter: 150~180\u2103\u00d750~60s<\/p>\n\n\n\n<p>(Para procesos diferentes, ajuste la dosis seg\u00fan el resultado de la prueba de la muestra).<\/p>\n\n\n\n<p>2.Para el mango \u00fanico, se puede utilizar junto con otro agente de acabado.<\/p>\n\n\n\n<p>Por favor, haga un experimento de compatibilidad antes de usar.<\/p>\n<\/div>\n<\/div>","protected":false},"excerpt":{"rendered":"<p>El aceite de silicona en bloque modificado, un suavizante de tejidos de silicona de primera calidad, proporciona un acabado suave y el\u00e1stico a diversas fibras. Aumenta la suavidad, la elasticidad y la textura con efectos duraderos, por lo que es perfecto para mejorar la textura y el rendimiento de una amplia gama de tejidos.<\/p>\n<p><strong>N\u00ba de modelo<\/strong>95001<\/p>","protected":false},"featured_media":1466,"comment_status":"closed","ping_status":"closed","template":"","meta":{"_acf_changed":false},"material":[26,27,28,29,30,31,32,33,34],"process":[23,42,24],"product_brand":[],"product_cat":[15],"product_tag":[],"class_list":{"0":"post-1022","1":"product","2":"type-product","3":"status-publish","4":"has-post-thumbnail","6":"material-cotton-agent","7":"material-polyester-chemicals","8":"material-nylon-agent","9":"material-acrylic-chemicals","10":"material-viscose-chemicals","11":"material-wool-auxiliary","12":"material-linen-chemicals","13":"material-silk-chemicals","14":"material-fabric-chemicals","15":"process-textile-finishing-chemicals","16":"process-softener","17":"process-silicone-oil","18":"product_cat-uncategorized","20":"first","21":"instock","22":"shipping-taxable","23":"product-type-simple"},"acf":[],"_links":{"self":[{"href":"https:\/\/www.bluelakechem.com\/es\/wp-json\/wp\/v2\/product\/1022","targetHints":{"allow":["GET"]}}],"collection":[{"href":"https:\/\/www.bluelakechem.com\/es\/wp-json\/wp\/v2\/product"}],"about":[{"href":"https:\/\/www.bluelakechem.com\/es\/wp-json\/wp\/v2\/types\/product"}],"replies":[{"embeddable":true,"href":"https:\/\/www.bluelakechem.com\/es\/wp-json\/wp\/v2\/comments?post=1022"}],"wp:featuredmedia":[{"embeddable":true,"href":"https:\/\/www.bluelakechem.com\/es\/wp-json\/wp\/v2\/media\/1466"}],"wp:attachment":[{"href":"https:\/\/www.bluelakechem.com\/es\/wp-json\/wp\/v2\/media?parent=1022"}],"wp:term":[{"taxonomy":"material","embeddable":true,"href":"https:\/\/www.bluelakechem.com\/es\/wp-json\/wp\/v2\/material?post=1022"},{"taxonomy":"process","embeddable":true,"href":"https:\/\/www.bluelakechem.com\/es\/wp-json\/wp\/v2\/process?post=1022"},{"taxonomy":"product_brand","embeddable":true,"href":"https:\/\/www.bluelakechem.com\/es\/wp-json\/wp\/v2\/product_brand?post=1022"},{"taxonomy":"product_cat","embeddable":true,"href":"https:\/\/www.bluelakechem.com\/es\/wp-json\/wp\/v2\/product_cat?post=1022"},{"taxonomy":"product_tag","embeddable":true,"href":"https:\/\/www.bluelakechem.com\/es\/wp-json\/wp\/v2\/product_tag?post=1022"}],"curies":[{"name":"wp","href":"https:\/\/api.w.org\/{rel}","templated":true}]}}