{"id":1030,"date":"2024-12-17T08:26:44","date_gmt":"2024-12-17T08:26:44","guid":{"rendered":"https:\/\/www.bluelakechem.com\/?post_type=product&#038;p=1030"},"modified":"2025-06-17T08:25:07","modified_gmt":"2025-06-17T08:25:07","slug":"fabric-softening-agents","status":"publish","type":"product","link":"https:\/\/www.bluelakechem.com\/es\/product\/fabric-softening-agents\/","title":{"rendered":"Agentes suavizantes de tejidos Productos qu\u00edmicos de acabado textil para poli\u00e9ster, nailon, blen"},"content":{"rendered":"<div class=\"wp-block-columns is-layout-flex wp-container-core-columns-is-layout-9d6595d7 wp-block-columns-is-layout-flex\">\n<div class=\"wp-block-column is-layout-flow wp-block-column-is-layout-flow\" style=\"flex-basis:50%\">\n<h2 class=\"wp-block-heading\">Suavizantes de tejidos Caracter\u00edsticas:<\/h2>\n\n\n\n<p><strong>Suavidad mejorada:<\/strong> Los agentes suavizantes mejoran la suavidad y la sensaci\u00f3n de confort de los tejidos, haci\u00e9ndolos suaves, delicados y lujosos contra la piel.<\/p>\n\n\n\n<p><strong>Mango mejorado: <\/strong>Los agentes suavizantes mejoran la textura general del tejido haci\u00e9ndolo m\u00e1s suave, flexible y menos r\u00edgido despu\u00e9s del tratamiento.<\/p>\n\n\n\n<p><strong>Propiedades antiest\u00e1ticas:<\/strong> La mayor\u00eda de los suavizantes reducen la formaci\u00f3n de electricidad est\u00e1tica en los tejidos y, por tanto, evitan la adherencia y la atracci\u00f3n de polvo y pelusas.<\/p>\n\n\n\n<p><strong>Color y brillo mejorados:<\/strong> Los suavizantes mejoran el aspecto de los tejidos d\u00e1ndoles una apariencia suave y lustrosa y ayudando a mantener los colores brillantes.<\/p>\n\n\n\n<p><strong>Suavidad duradera:<\/strong> Estos agentes mantienen las propiedades suaves del tejido incluso despu\u00e9s de repetidos lavados, lo que los hace muy eficaces para un uso prolongado.<\/p>\n\n\n\n<p><strong>Reducci\u00f3n de la fricci\u00f3n y el desgaste: <\/strong>Al recubrir el tejido con una capa suave y lisa, los agentes suavizantes reducen la abrasi\u00f3n y el desgaste, alargando la vida del textil.<\/p>\n\n\n\n<h2 class=\"wp-block-heading\">Agentes suavizantes de tejidos Aplicaciones:<\/h2>\n\n\n\n<p><strong>Tejidos sint\u00e9ticos y de mezcla:<\/strong> Los agentes suavizantes se utilizan en el acabado de fibras sint\u00e9ticas, como el poli\u00e9ster y sus mezclas, para mejorar su tacto y suavidad.<\/p>\n\n\n\n<p><strong>Ropa deportiva y tejidos funcionales:<\/strong> Los suavizantes de tejidos mejoran la flexibilidad y la comodidad de la ropa deportiva, incluidos materiales como el elastano, el spandex y los tejidos que absorben la humedad, haci\u00e9ndolos m\u00e1s c\u00f3modos para el uso activo.<\/p>\n\n\n\n<p><strong>Textiles para el hogar: <\/strong>Los tejidos utilizados para ropa de cama, toallas, fundas de almohada y cortinas hacen que los suavizantes mantengan su suavidad, comodidad y un aroma fresco para mejorar la experiencia general de uso.<\/p>\n\n\n\n<p><strong>Prendas de alta gama:<\/strong> En el caso de los tejidos de gama alta, como la seda, la lana y la cachemira, los suavizantes se encargan de mantener un acabado suave y liso, mejorando la sensaci\u00f3n de calidad y el aspecto de las prendas.<\/p>\n\n\n\n<p><strong>Tejidos para beb\u00e9s y pieles sensibles:<\/strong> Los agentes suavizantes se a\u00f1aden a productos como la ropa de beb\u00e9 y los tejidos para pieles sensibles para garantizar que el tejido sea suave y no contenga sustancias qu\u00edmicas irritantes.<\/p>\n\n\n\n<p><strong>Protecci\u00f3n y cuidado del tejido:<\/strong> Los suavizantes tambi\u00e9n se aplican para proteger los tejidos de posibles da\u00f1os durante el lavado, reduciendo su desgaste con el tiempo y alargando su vida \u00fatil.<\/p>\n<\/div>\n\n\n\n<div class=\"wp-block-column is-layout-flow wp-block-column-is-layout-flow\" style=\"flex-basis:50%\">\n<figure class=\"wp-block-image size-full\"><img decoding=\"async\" width=\"1363\" height=\"1701\" src=\"https:\/\/www.bluelakechem.com\/wp-content\/uploads\/2024\/12\/Softening-Agents-70793.webp\" alt=\"Agentes suavizantes\" class=\"wp-image-2418\" srcset=\"https:\/\/www.bluelakechem.com\/wp-content\/uploads\/2024\/12\/Softening-Agents-70793.webp 1363w, https:\/\/www.bluelakechem.com\/wp-content\/uploads\/2024\/12\/Softening-Agents-70793-240x300.webp 240w, https:\/\/www.bluelakechem.com\/wp-content\/uploads\/2024\/12\/Softening-Agents-70793-768x958.webp 768w, https:\/\/www.bluelakechem.com\/wp-content\/uploads\/2024\/12\/Softening-Agents-70793-10x12.webp 10w, https:\/\/www.bluelakechem.com\/wp-content\/uploads\/2024\/12\/Softening-Agents-70793-1200x1498.webp 1200w, https:\/\/www.bluelakechem.com\/wp-content\/uploads\/2024\/12\/Softening-Agents-70793-600x749.webp 600w\" sizes=\"(max-width: 1363px) 100vw, 1363px\" \/><\/figure>\n\n\n\n<h2 class=\"wp-block-heading\">Propiedades de los suavizantes:<\/h2>\n\n\n\n<figure class=\"wp-block-table\"><table class=\"has-fixed-layout\"><tbody><tr><td>Apariencia:<\/td><td>L\u00edquido incoloro a amarillo claro<\/td><\/tr><tr><td>Ionicidad:<\/td><td>Cati\u00f3nico d\u00e9bil<\/td><\/tr><tr><td>Valor del pH:<\/td><td>6,0~7,0 (1% soluci\u00f3n acuosa)<\/td><\/tr><tr><td>Solubilidad:<\/td><td>Soluble en agua<\/td><\/tr><\/tbody><\/table><\/figure>\n\n\n\n<h2 class=\"wp-block-heading\">Instrucci\u00f3n de agentes suavizantes:<\/h2>\n\n\n\n<p>Proceso de acolchado:<strong><\/strong><\/p>\n\n\n\n<p>Para tejidos ligeros y finos: dosificaci\u00f3n de referencia: 10~20 g\/L<\/p>\n\n\n\n<p>Para tejidos pesados y gruesos: dosificaci\u00f3n de referencia: 20~30 g\/L<strong><\/strong><\/p>\n\n\n\n<p>El mejor valor de pH de la soluci\u00f3n de trabajo: 6.0~7.0<\/p>\n\n\n\n<p>Stenter: Inmersi\u00f3n y acolchado (Pickup: 70~90%) \u2192 150~170\u2103 \u00d7 60~90s.<strong><\/strong><\/p>\n<\/div>\n<\/div>","protected":false},"excerpt":{"rendered":"<p>El aceite de silicona en bloque, una opci\u00f3n de primera calidad entre los agentes suavizantes de tejidos, es adecuado para varios tipos de tejidos mixtos, especialmente los tejidos de punto acanalado. Proporciona un tacto suave y agradable para la piel.<\/p>\n<p><strong>N\u00ba de modelo<\/strong>70793<\/p>","protected":false},"featured_media":1467,"comment_status":"closed","ping_status":"closed","template":"","meta":{"_acf_changed":false},"material":[27,28,29,34],"process":[23,42,24],"product_brand":[],"product_cat":[15],"product_tag":[],"class_list":{"0":"post-1030","1":"product","2":"type-product","3":"status-publish","4":"has-post-thumbnail","6":"material-polyester-chemicals","7":"material-nylon-agent","8":"material-acrylic-chemicals","9":"material-fabric-chemicals","10":"process-textile-finishing-chemicals","11":"process-softener","12":"process-silicone-oil","13":"product_cat-uncategorized","15":"first","16":"instock","17":"shipping-taxable","18":"product-type-simple"},"acf":[],"_links":{"self":[{"href":"https:\/\/www.bluelakechem.com\/es\/wp-json\/wp\/v2\/product\/1030","targetHints":{"allow":["GET"]}}],"collection":[{"href":"https:\/\/www.bluelakechem.com\/es\/wp-json\/wp\/v2\/product"}],"about":[{"href":"https:\/\/www.bluelakechem.com\/es\/wp-json\/wp\/v2\/types\/product"}],"replies":[{"embeddable":true,"href":"https:\/\/www.bluelakechem.com\/es\/wp-json\/wp\/v2\/comments?post=1030"}],"wp:featuredmedia":[{"embeddable":true,"href":"https:\/\/www.bluelakechem.com\/es\/wp-json\/wp\/v2\/media\/1467"}],"wp:attachment":[{"href":"https:\/\/www.bluelakechem.com\/es\/wp-json\/wp\/v2\/media?parent=1030"}],"wp:term":[{"taxonomy":"material","embeddable":true,"href":"https:\/\/www.bluelakechem.com\/es\/wp-json\/wp\/v2\/material?post=1030"},{"taxonomy":"process","embeddable":true,"href":"https:\/\/www.bluelakechem.com\/es\/wp-json\/wp\/v2\/process?post=1030"},{"taxonomy":"product_brand","embeddable":true,"href":"https:\/\/www.bluelakechem.com\/es\/wp-json\/wp\/v2\/product_brand?post=1030"},{"taxonomy":"product_cat","embeddable":true,"href":"https:\/\/www.bluelakechem.com\/es\/wp-json\/wp\/v2\/product_cat?post=1030"},{"taxonomy":"product_tag","embeddable":true,"href":"https:\/\/www.bluelakechem.com\/es\/wp-json\/wp\/v2\/product_tag?post=1030"}],"curies":[{"name":"wp","href":"https:\/\/api.w.org\/{rel}","templated":true}]}}