{"id":1042,"date":"2024-12-17T09:17:51","date_gmt":"2024-12-17T09:17:51","guid":{"rendered":"https:\/\/www.bluelakechem.com\/?post_type=product&#038;p=1042"},"modified":"2025-06-17T08:23:36","modified_gmt":"2025-06-17T08:23:36","slug":"fabric-softener-for-synthetic","status":"publish","type":"product","link":"https:\/\/www.bluelakechem.com\/es\/product\/fabric-softener-for-synthetic\/","title":{"rendered":"Suavizante de tejidos de silicona hidr\u00f3fila para acabados textiles sint\u00e9ticos"},"content":{"rendered":"<div class=\"wp-block-columns is-layout-flex wp-container-core-columns-is-layout-9d6595d7 wp-block-columns-is-layout-flex\">\n<div class=\"wp-block-column is-layout-flow wp-block-column-is-layout-flow\" style=\"flex-basis:50%\">\n<h2 class=\"wp-block-heading\">Suavizante para tejidos sint\u00e9ticos Caracter\u00edsticas:<\/h2>\n\n\n\n<p>Mejora la suavidad y el tacto del tejido: Proporciona un tacto excepcionalmente suave a las fibras sint\u00e9ticas para un tacto suave y c\u00f3modo.<\/p>\n\n\n\n<p>Mayor hidrofilia y efecto de evacuaci\u00f3n de la humedad: mejora la absorci\u00f3n de la humedad y la transpirabilidad, lo que permite que el tejido absorba r\u00e1pidamente el sudor o la humedad, manteniendo al usuario seco y c\u00f3modo.<\/p>\n\n\n\n<p>Adecuado para fibras sint\u00e9ticas: Especialmente formulado para fibras qu\u00edmicas como poli\u00e9ster, nailon y otros materiales sint\u00e9ticos, por lo que es una soluci\u00f3n ideal para una gran variedad de textiles sint\u00e9ticos.<\/p>\n\n\n\n<p>Mayor durabilidad: Mantiene la suavidad y las propiedades de evacuaci\u00f3n de la humedad incluso despu\u00e9s de m\u00faltiples lavados, lo que aumenta la vida \u00fatil del tejido.<\/p>\n\n\n\n<p>No t\u00f3xico y seguro: Seguro para el contacto con la piel, adecuado para su uso en ropa y otros textiles que est\u00e1n en estrecho contacto con el cuerpo.<\/p>\n\n\n\n<h2 class=\"wp-block-heading\">Aplicaciones del suavizante para tejidos sint\u00e9ticos:<\/h2>\n\n\n\n<p><strong>Fibras sint\u00e9ticas y tejidos mixtos:<\/strong><br>En el caso de las fibras sint\u00e9ticas como el poli\u00e9ster, el nailon y sus mezclas, les confiere un tacto suave y mejora su textura.<\/p>\n\n\n\n<p><strong>Textiles para el hogar:<\/strong><br>Estos productos se utilizan en ropa de cama, toallas, fundas de almohada y cortinas para garantizar su suavidad y proporcionar una sensaci\u00f3n y una experiencia agradables.<\/p>\n\n\n\n<p><strong>Ropa infantil:<\/strong><br>Mejora la comodidad y la tolerancia cut\u00e1nea de los tejidos sint\u00e9ticos utilizados en la ropa infantil, garantizando un tacto suave y la absorci\u00f3n de la humedad para los j\u00f3venes usuarios activos.<\/p>\n\n\n\n<p><strong>Ropa de trabajo funcional y ropa para exteriores:<\/strong><br>Los suavizantes utilizados mejoran la resistencia al desgaste y la comodidad de la ropa de trabajo, la ropa de exterior y la ropa de protecci\u00f3n sin afectar a la durabilidad y funcionalidad del tejido.<\/p>\n\n\n\n<p><strong>Ropa interior y lencer\u00eda:<\/strong><br>Se aplica a los tejidos sint\u00e9ticos utilizados en ropa interior y lencer\u00eda para mejorar la suavidad, el control de la humedad y la comodidad.<\/p>\n\n\n\n<p><strong>Calzado deportivo:<\/strong><br>Puede aplicarse a materiales sint\u00e9ticos utilizados en calzado deportivo para proporcionar suavidad, transpirabilidad y control de la humedad.<\/p>\n\n\n\n<p><strong>Toallas y textiles de ba\u00f1o:<\/strong><br>Ideal para toallas sint\u00e9ticas, albornoces y otros textiles que requieren suavidad y una mejor absorci\u00f3n de la humedad, lo que los hace m\u00e1s eficaces y c\u00f3modos de usar.<\/p>\n<\/div>\n\n\n\n<div class=\"wp-block-column is-layout-flow wp-block-column-is-layout-flow\" style=\"flex-basis:50%\">\n<figure class=\"wp-block-image size-full\"><img decoding=\"async\" width=\"1363\" height=\"1701\" src=\"https:\/\/www.bluelakechem.com\/wp-content\/uploads\/2024\/12\/Silicone-Softener-97078.webp\" alt=\"Suavizante de silicona\" class=\"wp-image-2422\" srcset=\"https:\/\/www.bluelakechem.com\/wp-content\/uploads\/2024\/12\/Silicone-Softener-97078.webp 1363w, https:\/\/www.bluelakechem.com\/wp-content\/uploads\/2024\/12\/Silicone-Softener-97078-240x300.webp 240w, https:\/\/www.bluelakechem.com\/wp-content\/uploads\/2024\/12\/Silicone-Softener-97078-768x958.webp 768w, https:\/\/www.bluelakechem.com\/wp-content\/uploads\/2024\/12\/Silicone-Softener-97078-10x12.webp 10w, https:\/\/www.bluelakechem.com\/wp-content\/uploads\/2024\/12\/Silicone-Softener-97078-1200x1498.webp 1200w, https:\/\/www.bluelakechem.com\/wp-content\/uploads\/2024\/12\/Silicone-Softener-97078-600x749.webp 600w\" sizes=\"(max-width: 1363px) 100vw, 1363px\" \/><\/figure>\n\n\n\n<h2 class=\"wp-block-heading\">Fabric Softener for Synthetic Properties:<\/h2>\n\n\n\n<figure class=\"wp-block-table\"><table class=\"has-fixed-layout\"><tbody><tr><td>Apariencia:<\/td><td>Colorless&nbsp;emulsion<\/td><\/tr><tr><td>Ionicidad:<\/td><td>Cati\u00f3nico d\u00e9bil<\/td><\/tr><tr><td>Valor del pH:<\/td><td>6,5\u00b10,5 (1% soluci\u00f3n acuosa)<\/td><\/tr><tr><td>Solubilidad:<\/td><td>Soluble in water very easily<\/td><\/tr><\/tbody><\/table><\/figure>\n\n\n\n<h2 class=\"wp-block-heading\">Fabric Softener for Synthetic Instruction:<\/h2>\n\n\n\n<p>1.For padding process, reference dosage: 10~30\u00a0g\/L<\/p>\n\n\n\n<ol class=\"wp-block-list\"><\/ol>\n\n\n\n<p>The bath pH value should be under 7 (5~6 is the best).<\/p>\n\n\n\n<p>2.For exhaust\u00a0process, kindly suggest to dilute it by ratio of 1:X (X=3~8) and then use.<\/p>\n\n\n\n<p>Reference dosage&nbsp;of diluted 97078: 1.0~3.0% (o.w.f)<\/p>\n<\/div>\n<\/div>","protected":false},"excerpt":{"rendered":"<p>El suavizante de silicona hidr\u00f3filo para tejidos sint\u00e9ticos proporciona una sensaci\u00f3n de suavidad al tacto y mejora en gran medida la hidrofilia, la hidrofilia instant\u00e1nea y el efecto de evacuaci\u00f3n de la humedad.<\/p>\n<p><strong>N\u00ba de modelo<\/strong>97078<\/p>","protected":false},"featured_media":1456,"comment_status":"closed","ping_status":"closed","template":"","meta":{"_acf_changed":false},"material":[27,28,29,34],"process":[23,42,24],"product_brand":[],"product_cat":[15],"product_tag":[],"class_list":{"0":"post-1042","1":"product","2":"type-product","3":"status-publish","4":"has-post-thumbnail","6":"material-polyester-chemicals","7":"material-nylon-agent","8":"material-acrylic-chemicals","9":"material-fabric-chemicals","10":"process-textile-finishing-chemicals","11":"process-softener","12":"process-silicone-oil","13":"product_cat-uncategorized","15":"first","16":"instock","17":"shipping-taxable","18":"product-type-simple"},"acf":[],"_links":{"self":[{"href":"https:\/\/www.bluelakechem.com\/es\/wp-json\/wp\/v2\/product\/1042","targetHints":{"allow":["GET"]}}],"collection":[{"href":"https:\/\/www.bluelakechem.com\/es\/wp-json\/wp\/v2\/product"}],"about":[{"href":"https:\/\/www.bluelakechem.com\/es\/wp-json\/wp\/v2\/types\/product"}],"replies":[{"embeddable":true,"href":"https:\/\/www.bluelakechem.com\/es\/wp-json\/wp\/v2\/comments?post=1042"}],"wp:featuredmedia":[{"embeddable":true,"href":"https:\/\/www.bluelakechem.com\/es\/wp-json\/wp\/v2\/media\/1456"}],"wp:attachment":[{"href":"https:\/\/www.bluelakechem.com\/es\/wp-json\/wp\/v2\/media?parent=1042"}],"wp:term":[{"taxonomy":"material","embeddable":true,"href":"https:\/\/www.bluelakechem.com\/es\/wp-json\/wp\/v2\/material?post=1042"},{"taxonomy":"process","embeddable":true,"href":"https:\/\/www.bluelakechem.com\/es\/wp-json\/wp\/v2\/process?post=1042"},{"taxonomy":"product_brand","embeddable":true,"href":"https:\/\/www.bluelakechem.com\/es\/wp-json\/wp\/v2\/product_brand?post=1042"},{"taxonomy":"product_cat","embeddable":true,"href":"https:\/\/www.bluelakechem.com\/es\/wp-json\/wp\/v2\/product_cat?post=1042"},{"taxonomy":"product_tag","embeddable":true,"href":"https:\/\/www.bluelakechem.com\/es\/wp-json\/wp\/v2\/product_tag?post=1042"}],"curies":[{"name":"wp","href":"https:\/\/api.w.org\/{rel}","templated":true}]}}