{"id":1049,"date":"2024-12-18T02:46:42","date_gmt":"2024-12-18T02:46:42","guid":{"rendered":"https:\/\/www.bluelakechem.com\/?post_type=product&#038;p=1049"},"modified":"2025-01-17T12:41:40","modified_gmt":"2025-01-17T12:41:40","slug":"dye-fixing-agent","status":"publish","type":"product","link":"https:\/\/www.bluelakechem.com\/es\/product\/dye-fixing-agent\/","title":{"rendered":"Fijador de tintes de alta concentraci\u00f3n Auxiliar de tintura sin formol"},"content":{"rendered":"<div class=\"wp-block-columns is-layout-flex wp-container-core-columns-is-layout-9d6595d7 wp-block-columns-is-layout-flex\">\n<div class=\"wp-block-column is-layout-flow wp-block-column-is-layout-flow\" style=\"flex-basis:50%\">\n<h2 class=\"wp-block-heading\">Agente fijador de tintes Caracter\u00edsticas:<\/h2>\n\n\n\n<p><strong>Sin formaldeh\u00eddo:<\/strong> Sin formaldeh\u00eddo, una opci\u00f3n m\u00e1s segura y respetuosa con el medio ambiente para el acabado textil. Ideal para fabricantes que buscan cumplir las normas internacionales de seguridad y medio ambiente.<\/p>\n\n\n\n<p><strong>Solidez del color mejorada: <\/strong>Mejora significativamente la solidez del color de los tejidos de algod\u00f3n te\u00f1idos con tintes directos y reactivos, incluidas la solidez a la inmersi\u00f3n, la solidez al lavado, la solidez a la transpiraci\u00f3n y la solidez al frote h\u00famedo.<\/p>\n\n\n\n<p><strong>Adecuado para colores sensibles: <\/strong>Especialmente indicado para el azul turquesa y otros tejidos sensibles al azul verdoso, ya que evita la decoloraci\u00f3n y garantiza una viveza duradera.<\/p>\n\n\n\n<p><strong>F\u00f3rmula de alta concentraci\u00f3n: <\/strong>La alta concentraci\u00f3n de fijador de color permite un uso m\u00e1s eficiente, proporcionando rentabilidad y mejores resultados al tiempo que reduce la demanda de producto.<\/p>\n\n\n\n<p><strong>Durabilidad mejorada: <\/strong>Protege los tejidos te\u00f1idos del deste\u00f1ido o la decoloraci\u00f3n con el paso del tiempo, ayudando a prolongar el aspecto y el color de los tejidos.<\/p>\n<\/div>\n\n\n\n<div class=\"wp-block-column is-layout-flow wp-block-column-is-layout-flow\" style=\"flex-basis:50%\">\n<figure class=\"wp-block-embed is-type-video is-provider-youtube wp-block-embed-youtube wp-embed-aspect-16-9 wp-has-aspect-ratio\"><div class=\"wp-block-embed__wrapper\">\n<iframe title=\"\u3010Textile Chemical\u3011Agente de fijaci\u00f3n azul turquesa-23183\" width=\"500\" height=\"281\" src=\"https:\/\/www.youtube.com\/embed\/20AN_lI2QS4?feature=oembed\" frameborder=\"0\" allow=\"accelerometer; autoplay; clipboard-write; encrypted-media; gyroscope; picture-in-picture; web-share\" referrerpolicy=\"strict-origin-when-cross-origin\" allowfullscreen><\/iframe>\n<\/div><\/figure>\n<\/div>\n<\/div>\n\n\n\n<div class=\"wp-block-columns is-layout-flex wp-container-core-columns-is-layout-9d6595d7 wp-block-columns-is-layout-flex\">\n<div class=\"wp-block-column is-layout-flow wp-block-column-is-layout-flow\">\n<figure class=\"wp-block-image size-full\"><img decoding=\"async\" width=\"1200\" height=\"1200\" src=\"https:\/\/www.bluelakechem.com\/wp-content\/uploads\/2024\/12\/Formaldehyde-Free-Dye-Fixing-Agent-4.webp\" alt=\"Fijador de tintes sin formaldeh\u00eddo (4)\" class=\"wp-image-1055\" srcset=\"https:\/\/www.bluelakechem.com\/wp-content\/uploads\/2024\/12\/Formaldehyde-Free-Dye-Fixing-Agent-4.webp 1200w, https:\/\/www.bluelakechem.com\/wp-content\/uploads\/2024\/12\/Formaldehyde-Free-Dye-Fixing-Agent-4-300x300.webp 300w, https:\/\/www.bluelakechem.com\/wp-content\/uploads\/2024\/12\/Formaldehyde-Free-Dye-Fixing-Agent-4-150x150.webp 150w, https:\/\/www.bluelakechem.com\/wp-content\/uploads\/2024\/12\/Formaldehyde-Free-Dye-Fixing-Agent-4-768x768.webp 768w, https:\/\/www.bluelakechem.com\/wp-content\/uploads\/2024\/12\/Formaldehyde-Free-Dye-Fixing-Agent-4-600x600.webp 600w, https:\/\/www.bluelakechem.com\/wp-content\/uploads\/2024\/12\/Formaldehyde-Free-Dye-Fixing-Agent-4-100x100.webp 100w\" sizes=\"(max-width: 1200px) 100vw, 1200px\" \/><\/figure>\n<\/div>\n\n\n\n<div class=\"wp-block-column is-layout-flow wp-block-column-is-layout-flow\">\n<h2 class=\"wp-block-heading\">Aplicaciones del agente fijador de colorantes:<\/h2>\n\n\n\n<p><strong>Tejido de algod\u00f3n Te\u00f1ido: <\/strong><br>Se utiliza principalmente en el proceso de te\u00f1ido de tejidos de algod\u00f3n para mejorar la solidez del color, especialmente los tintes directos y los reactivos.<\/p>\n\n\n\n<p><strong>Confecci\u00f3n de prendas de vestir: <\/strong><br>Aplicable a la ropa de algod\u00f3n, incluida la ropa de diario, los textiles deportivos y de exterior, la ropa de beb\u00e9, la ropa de trabajo, garantizando la funcionalidad y los colores brillantes en condiciones extremas o de gran demanda por parte del usuario.<\/p>\n\n\n\n<p><strong>Textiles para el hogar: <\/strong><br>Aplicable a textiles del hogar como s\u00e1banas, toallas, cortinas y decoraci\u00f3n de interiores para mantener la calidad del color y evitar la decoloraci\u00f3n por el uso diario.<\/p>\n\n\n\n<p><strong>Tejidos de colores sensibles: <\/strong><br>Especialmente eficaz para tejidos con colores sensibles, como el azul turquesa y otros tonos azul verdoso, ya que garantiza que estos tonos mantengan el brillo y evita la decoloraci\u00f3n.<\/p>\n\n\n\n<p><strong>Procesamiento de tintes reactivos: <\/strong><br>Los fijadores de tintes pueden mejorar la solidez al lavado y reducir el sangrado de los tintes, por lo que pueden utilizarse para el acabado de tintes reactivos.<\/p>\n<\/div>\n<\/div>\n\n\n\n<p><\/p>","protected":false},"excerpt":{"rendered":"<p>Los fijadores de tintes sin formaldeh\u00eddo mejoran la solidez del color de los tintes directos y reactivos, incluidas las solideces al remojo, al lavado, a la transpiraci\u00f3n y al frote h\u00famedo. Este fijador de tintes es especialmente adecuado para el azul turquesa y otros tejidos sensibles al azul verdoso.<\/p>\n<p><strong>N\u00ba de modelo <\/strong>23183<\/p>","protected":false},"featured_media":1454,"comment_status":"closed","ping_status":"closed","template":"","meta":{"_acf_changed":false},"material":[26],"process":[23,41],"product_brand":[],"product_cat":[15],"product_tag":[],"class_list":{"0":"post-1049","1":"product","2":"type-product","3":"status-publish","4":"has-post-thumbnail","6":"material-cotton-agent","7":"process-textile-finishing-chemicals","8":"process-fixing-agent","9":"product_cat-uncategorized","11":"first","12":"instock","13":"shipping-taxable","14":"product-type-simple"},"acf":[],"_links":{"self":[{"href":"https:\/\/www.bluelakechem.com\/es\/wp-json\/wp\/v2\/product\/1049","targetHints":{"allow":["GET"]}}],"collection":[{"href":"https:\/\/www.bluelakechem.com\/es\/wp-json\/wp\/v2\/product"}],"about":[{"href":"https:\/\/www.bluelakechem.com\/es\/wp-json\/wp\/v2\/types\/product"}],"replies":[{"embeddable":true,"href":"https:\/\/www.bluelakechem.com\/es\/wp-json\/wp\/v2\/comments?post=1049"}],"wp:featuredmedia":[{"embeddable":true,"href":"https:\/\/www.bluelakechem.com\/es\/wp-json\/wp\/v2\/media\/1454"}],"wp:attachment":[{"href":"https:\/\/www.bluelakechem.com\/es\/wp-json\/wp\/v2\/media?parent=1049"}],"wp:term":[{"taxonomy":"material","embeddable":true,"href":"https:\/\/www.bluelakechem.com\/es\/wp-json\/wp\/v2\/material?post=1049"},{"taxonomy":"process","embeddable":true,"href":"https:\/\/www.bluelakechem.com\/es\/wp-json\/wp\/v2\/process?post=1049"},{"taxonomy":"product_brand","embeddable":true,"href":"https:\/\/www.bluelakechem.com\/es\/wp-json\/wp\/v2\/product_brand?post=1049"},{"taxonomy":"product_cat","embeddable":true,"href":"https:\/\/www.bluelakechem.com\/es\/wp-json\/wp\/v2\/product_cat?post=1049"},{"taxonomy":"product_tag","embeddable":true,"href":"https:\/\/www.bluelakechem.com\/es\/wp-json\/wp\/v2\/product_tag?post=1049"}],"curies":[{"name":"wp","href":"https:\/\/api.w.org\/{rel}","templated":true}]}}