{"id":1056,"date":"2024-12-18T03:41:18","date_gmt":"2024-12-18T03:41:18","guid":{"rendered":"https:\/\/www.bluelakechem.com\/?post_type=product&#038;p=1056"},"modified":"2025-01-17T12:40:12","modified_gmt":"2025-01-17T12:40:12","slug":"fixing-agent","status":"publish","type":"product","link":"https:\/\/www.bluelakechem.com\/es\/product\/fixing-agent\/","title":{"rendered":"Agente fijador de colorantes \u00e1cidos para productos qu\u00edmicos de acabado de tejidos de nailon"},"content":{"rendered":"<div class=\"wp-block-columns is-layout-flex wp-container-core-columns-is-layout-9d6595d7 wp-block-columns-is-layout-flex\">\n<div class=\"wp-block-column is-layout-flow wp-block-column-is-layout-flow\" style=\"flex-basis:50%\">\n<h2 class=\"wp-block-heading\">Funciones de agente fijador:<\/h2>\n\n\n\n<p><strong>Mayor solidez del color:<\/strong><br>Mejora eficazmente la solidez del color de los tejidos de nailon, garantizando colores m\u00e1s vivos y duraderos tras el te\u00f1ido y la estampaci\u00f3n.<\/p>\n\n\n\n<p><strong>Especial para colorantes \u00e1cidos:<\/strong><br>Optimizado para la fijaci\u00f3n de colorantes \u00e1cidos, es una opci\u00f3n ideal para hilos de nailon, cintas y tejidos te\u00f1idos con colorantes \u00e1cidos.<\/p>\n\n\n\n<p><strong>No es necesario ajustar el pH:<\/strong><br>No es necesario ajustar el nivel de acidez durante el proceso de fijaci\u00f3n, lo que simplifica el proceso de producci\u00f3n y reduce los costes de explotaci\u00f3n.<\/p>\n\n\n\n<p><strong>Evita las manchas de fijaci\u00f3n:<\/strong><br>Evita eficazmente la formaci\u00f3n de manchas de fijaci\u00f3n, garantizando un color uniforme y homog\u00e9neo en el tejido.<\/p>\n\n\n\n<p><strong>Durabilidad mejorada:<\/strong><br>Aumenta la durabilidad del tejido, manteniendo su aspecto y rendimiento tras repetidos lavados y usos.<\/p>\n\n\n\n<p><strong>No afecta a la calidad del tejido:<\/strong><br>No afecta a la textura ni al tacto de los tejidos de nailon, manteniendo su suavidad y flexibilidad inherentes.<\/p>\n<\/div>\n\n\n\n<div class=\"wp-block-column is-layout-flow wp-block-column-is-layout-flow\" style=\"flex-basis:50%\">\n<figure class=\"wp-block-embed is-type-video is-provider-youtube wp-block-embed-youtube wp-embed-aspect-4-3 wp-has-aspect-ratio\"><div class=\"wp-block-embed__wrapper\">\n<iframe title=\"Productos qu\u00edmicos textiles|Problemas comunes con el tejido de nailon fluorescente #nylon #sarees #textileindustry\" width=\"500\" height=\"375\" src=\"https:\/\/www.youtube.com\/embed\/1AQggi1dVY0?feature=oembed\" frameborder=\"0\" allow=\"accelerometer; autoplay; clipboard-write; encrypted-media; gyroscope; picture-in-picture; web-share\" referrerpolicy=\"strict-origin-when-cross-origin\" allowfullscreen><\/iframe>\n<\/div><\/figure>\n<\/div>\n<\/div>\n\n\n\n<div class=\"wp-block-columns is-layout-flex wp-container-core-columns-is-layout-9d6595d7 wp-block-columns-is-layout-flex\">\n<div class=\"wp-block-column is-layout-flow wp-block-column-is-layout-flow\">\n<figure class=\"wp-block-image size-full\"><img decoding=\"async\" width=\"1600\" height=\"1200\" src=\"https:\/\/www.bluelakechem.com\/wp-content\/uploads\/2024\/12\/Fixing-Agent-2.webp\" alt=\"Agente fijador (2)\" class=\"wp-image-1060\" srcset=\"https:\/\/www.bluelakechem.com\/wp-content\/uploads\/2024\/12\/Fixing-Agent-2.webp 1600w, https:\/\/www.bluelakechem.com\/wp-content\/uploads\/2024\/12\/Fixing-Agent-2-300x225.webp 300w, https:\/\/www.bluelakechem.com\/wp-content\/uploads\/2024\/12\/Fixing-Agent-2-768x576.webp 768w, https:\/\/www.bluelakechem.com\/wp-content\/uploads\/2024\/12\/Fixing-Agent-2-1200x900.webp 1200w, https:\/\/www.bluelakechem.com\/wp-content\/uploads\/2024\/12\/Fixing-Agent-2-600x450.webp 600w\" sizes=\"(max-width: 1600px) 100vw, 1600px\" \/><\/figure>\n<\/div>\n\n\n\n<div class=\"wp-block-column is-layout-flow wp-block-column-is-layout-flow\">\n<h2 class=\"wp-block-heading\">Fijaci\u00f3n de aplicaciones de agentes:<\/h2>\n\n\n\n<p><strong>Procesos de tintura y postimpresi\u00f3n:<\/strong> Se utiliza principalmente despu\u00e9s del te\u00f1ido y estampado de tejidos de nailon para mejorar la solidez del color y garantizar efectos brillantes y duraderos.<\/p>\n\n\n\n<p><strong>Hilos y tejidos de nailon:<\/strong> Este producto se utiliza a menudo en el acabado de hilos, trenzas y tejidos de nailon para mejorar la adherencia del tinte y la solidez del color.<\/p>\n\n\n\n<p><strong>Confecci\u00f3n de prendas de vestir y textiles: <\/strong>Se utiliza en el proceso de acabado de prendas de vestir y otros tejidos para garantizar colores brillantes y duraderos que resistan los lavados y la exposici\u00f3n.<\/p>\n\n\n\n<p><strong>Ropa deportiva y de deporte: <\/strong>Mejora la retenci\u00f3n del color y la durabilidad de los tejidos deportivos y de ropa activa a base de nailon, incluso despu\u00e9s de lavados frecuentes.<\/p>\n\n\n\n<p><strong>Textiles para el hogar: <\/strong>Puede utilizarse en productos textiles para el hogar, como cortinas de nailon, decoraci\u00f3n de interiores y cojines, para mejorar la durabilidad y el aspecto del color.<\/p>\n\n\n\n<p><strong>Textiles industriales: <\/strong>Adecuado para aplicaciones industriales con tejidos de nailon, como equipos de seguridad, bolsas y cinturones, para garantizar un mayor rendimiento y durabilidad.<\/p>\n<\/div>\n<\/div>\n\n\n\n<p><\/p>","protected":false},"excerpt":{"rendered":"<p>Agente fijador de tintes \u00e1cidos para el te\u00f1ido posterior y la estampaci\u00f3n de hilos de nailon, cintas de tejer y tejidos, que puede mejorar muchos aspectos de la solidez del color sin ajustar la acidez y evitar la generaci\u00f3n de manchas fijadoras, asegurando as\u00ed un proceso de acabado suave y fiable.<\/p>\n<p><strong>N\u00ba de modelo<\/strong>23031<\/p>","protected":false},"featured_media":1453,"comment_status":"closed","ping_status":"closed","template":"","meta":{"_acf_changed":false},"material":[28,31,33],"process":[23,41],"product_brand":[],"product_cat":[15],"product_tag":[],"class_list":{"0":"post-1056","1":"product","2":"type-product","3":"status-publish","4":"has-post-thumbnail","6":"material-nylon-agent","7":"material-wool-auxiliary","8":"material-silk-chemicals","9":"process-textile-finishing-chemicals","10":"process-fixing-agent","11":"product_cat-uncategorized","13":"first","14":"instock","15":"shipping-taxable","16":"product-type-simple"},"acf":[],"_links":{"self":[{"href":"https:\/\/www.bluelakechem.com\/es\/wp-json\/wp\/v2\/product\/1056","targetHints":{"allow":["GET"]}}],"collection":[{"href":"https:\/\/www.bluelakechem.com\/es\/wp-json\/wp\/v2\/product"}],"about":[{"href":"https:\/\/www.bluelakechem.com\/es\/wp-json\/wp\/v2\/types\/product"}],"replies":[{"embeddable":true,"href":"https:\/\/www.bluelakechem.com\/es\/wp-json\/wp\/v2\/comments?post=1056"}],"wp:featuredmedia":[{"embeddable":true,"href":"https:\/\/www.bluelakechem.com\/es\/wp-json\/wp\/v2\/media\/1453"}],"wp:attachment":[{"href":"https:\/\/www.bluelakechem.com\/es\/wp-json\/wp\/v2\/media?parent=1056"}],"wp:term":[{"taxonomy":"material","embeddable":true,"href":"https:\/\/www.bluelakechem.com\/es\/wp-json\/wp\/v2\/material?post=1056"},{"taxonomy":"process","embeddable":true,"href":"https:\/\/www.bluelakechem.com\/es\/wp-json\/wp\/v2\/process?post=1056"},{"taxonomy":"product_brand","embeddable":true,"href":"https:\/\/www.bluelakechem.com\/es\/wp-json\/wp\/v2\/product_brand?post=1056"},{"taxonomy":"product_cat","embeddable":true,"href":"https:\/\/www.bluelakechem.com\/es\/wp-json\/wp\/v2\/product_cat?post=1056"},{"taxonomy":"product_tag","embeddable":true,"href":"https:\/\/www.bluelakechem.com\/es\/wp-json\/wp\/v2\/product_tag?post=1056"}],"curies":[{"name":"wp","href":"https:\/\/api.w.org\/{rel}","templated":true}]}}