{"id":1066,"date":"2025-01-17T13:27:37","date_gmt":"2025-01-17T13:27:37","guid":{"rendered":"https:\/\/www.bluelakechem.com\/?post_type=product&#038;p=1066"},"modified":"2025-05-28T07:27:15","modified_gmt":"2025-05-28T07:27:15","slug":"towel-softener","status":"publish","type":"product","link":"https:\/\/www.bluelakechem.com\/es\/product\/towel-softener\/","title":{"rendered":"Suavizante de toallas Aceite de silicona hidr\u00f3filo Productos qu\u00edmicos textiles para el acabado de tejidos"},"content":{"rendered":"<div class=\"wp-block-columns is-layout-flex wp-container-core-columns-is-layout-9d6595d7 wp-block-columns-is-layout-flex\">\n<div class=\"wp-block-column is-layout-flow wp-block-column-is-layout-flow\" style=\"flex-basis:50%\">\n<h2 class=\"wp-block-heading\">Suavizador de toallas Caracter\u00edsticas:<\/h2>\n\n\n\n<p><strong>Aumenta la suavidad y la esponjosidad:<\/strong> el suavizante de toallas confiere a las toallas una suavidad esponjosa y lujosa, haciendo que su uso resulte c\u00f3modo y agradable.<\/p>\n\n\n\n<p><strong>Garant\u00eda de hidrofilia instant\u00e1nea: <\/strong>Garantiza que las toallas conserven su excelente capacidad de absorci\u00f3n r\u00e1pida de la humedad y sus propiedades de secado r\u00e1pido, requisitos previos para un rendimiento funcional.<\/p>\n\n\n\n<p><strong>Aplicable a varias fibras: <\/strong>Adecuado para una toalla de algod\u00f3n, toalla de siesta, toalla de rizo, fibra mezclada, y una variedad de categor\u00edas de toallas que abastece.<\/p>\n\n\n\n<p><strong>Verde y no t\u00f3xico: <\/strong>Formulados con componentes ecol\u00f3gicos, los suavizantes de toallas son seguros para el medio ambiente y funcionan a la perfecci\u00f3n en textiles que entran en contacto con pieles sensibles.<\/p>\n\n\n\n<p><strong>Antimicrobiano Opcional:<\/strong> Algunos suavizantes de toallas tambi\u00e9n est\u00e1n impregnados con una adici\u00f3n de agentes antimicrobianos que, cuando se aplican, aumentan su acci\u00f3n de higiene y frescura de las toallas.<\/p>\n\n\n\n<p><strong>Uso industrial\/dom\u00e9stico:<\/strong> Buena para el procesamiento industrial; estupenda para el cuidado dom\u00e9stico habitual al lavar la ropa.<\/p>\n\n\n\n<h2 class=\"wp-block-heading\">Aplicaciones del suavizante de toallas:<\/h2>\n\n\n\n<p><strong>Toallas dom\u00e9sticas: <\/strong>Los suavizantes de toallas mejoran la suavidad y absorbencia de las toallas de ba\u00f1o, de mano y de cocina, aumentando su usabilidad y comodidad.<\/p>\n\n\n\n<p><strong>Acabado industrial de toallas:<\/strong> Esto es importante en la fabricaci\u00f3n a gran escala de toallas para garantizar un acabado de alta calidad y una suavidad y durabilidad \u00f3ptimas.<\/p>\n\n\n\n<p><strong>Toallas de deporte y fitness:<\/strong> Para su uso en gimnasios, centros deportivos y eventos al aire libre, mejora las propiedades de evacuaci\u00f3n de la humedad y la suavidad de las toallas.<\/p>\n\n\n\n<p><strong>Toallas para beb\u00e9s y pieles sensibles: <\/strong>Los suavizantes de toallas dan un tacto esponjoso a las toallas que utilizan los beb\u00e9s o las personas de piel sensible.<\/p>\n\n\n\n<p><strong>Toallas de belleza y cuidado de la piel:<\/strong> Las toallas faciales y para el cuidado de la piel est\u00e1n tratadas para ofrecer un tacto sedoso y suave para un uso facial delicado.<\/p>\n\n\n\n<p><strong>Toallas para hospitales y centros de asistencia: <\/strong>Esto hace que las toallas para pacientes sean m\u00e1s c\u00f3modas de usar, garantizando la higiene y la suavidad para los usuarios sensibles.<\/p>\n<\/div>\n\n\n\n<div class=\"wp-block-column is-layout-flow wp-block-column-is-layout-flow\" style=\"flex-basis:50%\">\n<figure class=\"wp-block-image size-full\"><img decoding=\"async\" width=\"800\" height=\"800\" src=\"https:\/\/www.bluelakechem.com\/wp-content\/uploads\/2024\/12\/Towel-Softener-1.webp\" alt=\"Suavizante de toallas\" class=\"wp-image-1470\" srcset=\"https:\/\/www.bluelakechem.com\/wp-content\/uploads\/2024\/12\/Towel-Softener-1.webp 800w, https:\/\/www.bluelakechem.com\/wp-content\/uploads\/2024\/12\/Towel-Softener-1-300x300.webp 300w, https:\/\/www.bluelakechem.com\/wp-content\/uploads\/2024\/12\/Towel-Softener-1-150x150.webp 150w, https:\/\/www.bluelakechem.com\/wp-content\/uploads\/2024\/12\/Towel-Softener-1-768x768.webp 768w, https:\/\/www.bluelakechem.com\/wp-content\/uploads\/2024\/12\/Towel-Softener-1-12x12.webp 12w, https:\/\/www.bluelakechem.com\/wp-content\/uploads\/2024\/12\/Towel-Softener-1-600x600.webp 600w, https:\/\/www.bluelakechem.com\/wp-content\/uploads\/2024\/12\/Towel-Softener-1-100x100.webp 100w\" sizes=\"(max-width: 800px) 100vw, 800px\" \/><\/figure>\n\n\n\n<figure class=\"wp-block-embed is-type-video is-provider-youtube wp-block-embed-youtube wp-embed-aspect-16-9 wp-has-aspect-ratio\"><div class=\"wp-block-embed__wrapper\">\n<iframe title=\"Productos qu\u00edmicos textiles|\u00a1El secreto de un tejido suave desde la tintorer\u00eda! #textilacabado #extiles\" width=\"500\" height=\"281\" src=\"https:\/\/www.youtube.com\/embed\/Ej-WoBixVwU?feature=oembed\" frameborder=\"0\" allow=\"accelerometer; autoplay; clipboard-write; encrypted-media; gyroscope; picture-in-picture; web-share\" referrerpolicy=\"strict-origin-when-cross-origin\" allowfullscreen><\/iframe>\n<\/div><\/figure>\n<\/div>\n<\/div>","protected":false},"excerpt":{"rendered":"<p>El suavizante para toallas de algod\u00f3n, especialmente dise\u00f1ado para toallas de siesta, mantiene la hidrofilia instant\u00e1nea y proporciona un tacto esponjoso y suave, mejorando el confort y la calidad general de las toallas de algod\u00f3n.<\/p>\n<p><strong>N\u00ba de modelo<\/strong>76905<\/p>","protected":false},"featured_media":1470,"comment_status":"closed","ping_status":"closed","template":"","meta":{"_acf_changed":false},"material":[26],"process":[23,42,24],"product_brand":[],"product_cat":[15],"product_tag":[],"class_list":{"0":"post-1066","1":"product","2":"type-product","3":"status-publish","4":"has-post-thumbnail","6":"material-cotton-agent","7":"process-textile-finishing-chemicals","8":"process-softener","9":"process-silicone-oil","10":"product_cat-uncategorized","12":"first","13":"instock","14":"shipping-taxable","15":"product-type-simple"},"acf":[],"_links":{"self":[{"href":"https:\/\/www.bluelakechem.com\/es\/wp-json\/wp\/v2\/product\/1066","targetHints":{"allow":["GET"]}}],"collection":[{"href":"https:\/\/www.bluelakechem.com\/es\/wp-json\/wp\/v2\/product"}],"about":[{"href":"https:\/\/www.bluelakechem.com\/es\/wp-json\/wp\/v2\/types\/product"}],"replies":[{"embeddable":true,"href":"https:\/\/www.bluelakechem.com\/es\/wp-json\/wp\/v2\/comments?post=1066"}],"wp:featuredmedia":[{"embeddable":true,"href":"https:\/\/www.bluelakechem.com\/es\/wp-json\/wp\/v2\/media\/1470"}],"wp:attachment":[{"href":"https:\/\/www.bluelakechem.com\/es\/wp-json\/wp\/v2\/media?parent=1066"}],"wp:term":[{"taxonomy":"material","embeddable":true,"href":"https:\/\/www.bluelakechem.com\/es\/wp-json\/wp\/v2\/material?post=1066"},{"taxonomy":"process","embeddable":true,"href":"https:\/\/www.bluelakechem.com\/es\/wp-json\/wp\/v2\/process?post=1066"},{"taxonomy":"product_brand","embeddable":true,"href":"https:\/\/www.bluelakechem.com\/es\/wp-json\/wp\/v2\/product_brand?post=1066"},{"taxonomy":"product_cat","embeddable":true,"href":"https:\/\/www.bluelakechem.com\/es\/wp-json\/wp\/v2\/product_cat?post=1066"},{"taxonomy":"product_tag","embeddable":true,"href":"https:\/\/www.bluelakechem.com\/es\/wp-json\/wp\/v2\/product_tag?post=1066"}],"curies":[{"name":"wp","href":"https:\/\/api.w.org\/{rel}","templated":true}]}}