{"id":1068,"date":"2025-01-04T03:27:11","date_gmt":"2025-01-04T03:27:11","guid":{"rendered":"https:\/\/www.bluelakechem.com\/?post_type=product&#038;p=1068"},"modified":"2025-06-26T06:25:29","modified_gmt":"2025-06-26T06:25:29","slug":"moisture-wicking-textile-chemicals","status":"publish","type":"product","link":"https:\/\/www.bluelakechem.com\/es\/product\/moisture-wicking-textile-chemicals\/","title":{"rendered":"Productos qu\u00edmicos textiles que evacuan la humedad para el acabado de tejidos de algod\u00f3n y poli\u00e9ster"},"content":{"rendered":"<div class=\"wp-block-columns is-layout-flex wp-container-core-columns-is-layout-9d6595d7 wp-block-columns-is-layout-flex\">\n<div class=\"wp-block-column is-layout-flow wp-block-column-is-layout-flow\" style=\"flex-basis:50%\">\n<h2 class=\"wp-block-heading\">Productos qu\u00edmicos textiles que evacuan la humedad Caracter\u00edsticas:<\/h2>\n\n\n\n<p><strong>S\u00f3lidos altos:<\/strong> Moisture Wicking Textile Chemicals es una formulaci\u00f3n muy s\u00f3lida que garantiza mejores resultados en el proceso de aplicaci\u00f3n y reduce la cantidad de aplicaci\u00f3n.<\/p>\n\n\n\n<p><strong>Versatilidad: <\/strong>este producto qu\u00edmico no s\u00f3lo tiene excelentes propiedades de mecha, sino que puede incorporarse al tratamiento antiest\u00e1tico de una amplia gama de tejidos, incluso despu\u00e9s del tratamiento.<\/p>\n\n\n\n<p><strong>Alta eficiencia y econom\u00eda:<\/strong> La baja dosificaci\u00f3n y la alta rentabilidad del producto son adecuadas para la producci\u00f3n en masa y pueden reducir en gran medida el coste de producci\u00f3n.<\/p>\n\n\n\n<p><strong>Acabado hidr\u00f3filo:<\/strong> Como agente de acabado hidr\u00f3filo, los productos qu\u00edmicos textiles que evacuan la humedad proporcionan excelentes propiedades de control de la humedad a los tejidos de confort.<\/p>\n\n\n\n<p><strong>Respetuoso con el medio ambiente:<\/strong> Los productos qu\u00edmicos utilizados son respetuosos con el medio ambiente y tienen un bajo impacto ambiental tras su uso.<\/p>\n\n\n\n<h2 class=\"wp-block-heading\">Productos qu\u00edmicos textiles que evacuan la humedad Aplicaciones:<\/h2>\n\n\n\n<p><strong>Acabado que absorbe la humedad:<\/strong> Se utiliza en el acabado de tejidos de algod\u00f3n, poli\u00e9ster y mezclas para mejorar la evacuaci\u00f3n de la humedad, y se aplica com\u00fanmente en ropa activa, deportiva y de exterior.<\/p>\n\n\n\n<p><strong>Tratamiento antiest\u00e1tico: <\/strong>Este tratamiento se aplica a fibras sint\u00e9ticas como el poli\u00e9ster y ayuda a reducir la acumulaci\u00f3n de electricidad est\u00e1tica, mejorando as\u00ed la comodidad de uso y el mantenimiento de los tejidos utilizados en electr\u00f3nica, textiles m\u00e9dicos y ropa de oficina.<\/p>\n\n\n\n<p><strong>Textiles para el hogar:<\/strong> Las toallas, la ropa de cama y otros textiles del hogar se tratan con este producto para mejorar la absorci\u00f3n de la humedad y que los tejidos se mantengan frescos y secos despu\u00e9s del lavado.<\/p>\n\n\n\n<p><strong>Tratamiento funcional del tejido: <\/strong>El tratamiento es ideal para tejidos funcionales, especialmente los que necesitan controlar la humedad corporal, como los utilizados en prendas de exterior, ropa de dormir y tejidos de alto rendimiento.<\/p>\n\n\n\n<p><strong>Textiles industriales:<\/strong> Se utiliza en textiles industriales, como ropa de trabajo y de protecci\u00f3n, para mejorar la gesti\u00f3n de la humedad y reducir la acumulaci\u00f3n de electricidad est\u00e1tica en entornos donde ambos factores son cr\u00edticos.<\/p>\n\n\n\n<h2 class=\"wp-block-heading\">Propiedades qu\u00edmicas de los textiles que evacuan la humedad\uff1a<\/h2>\n\n\n\n<figure class=\"wp-block-table\"><table class=\"has-fixed-layout\"><tbody><tr><td>Apariencia:<\/td><td>S\u00f3lido amarillo<\/td><\/tr><tr><td>Ionicidad:<\/td><td>No i\u00f3nico<\/td><\/tr><tr><td>Valor del pH:<\/td><td>6,0\u00b11,0 (1% soluci\u00f3n acuosa)<\/td><\/tr><tr><td>Solubilidad:<\/td><td>Soluble en agua<\/td><\/tr><\/tbody><\/table><\/figure>\n\n\n\n<h2 class=\"wp-block-heading\">Instrucciones sobre productos qu\u00edmicos textiles que evacuan la humedad\uff1a<\/h2>\n\n\n\n<p>1. Por favor, sugiera diluirlo en una proporci\u00f3n de 1:14~1:19.<\/p>\n\n\n\n<p>Remu\u00e9valo y a\u00f1ada lentamente 45404 al agua a temperatura ambiente seg\u00fan la proporci\u00f3n.<\/p>\n\n\n\n<p>Calentar a 60~70\u2103 y remover a baja velocidad hasta que se disuelva (remover durante 40~60 minutos).<\/p>\n\n\n\n<p>2. <strong>Para el proceso de inmersi\u00f3n<\/strong>, Dosis de referencia de 5% 45404: 1,0~4,0% (f.o.p.).<\/p>\n\n\n\n<p>Inmersi\u00f3n 25~50\u2103\u00d730~60 minutos \u2192 Deshidrataci\u00f3n \u2192 Secado (100~130\u2103) \u2192 Fraguado (160~190\u2103).<\/p>\n\n\n\n<p>3. <strong>Para el proceso de relleno<\/strong>, Dosis de referencia de 5% 45404: 10~50 g\/L.<\/p>\n\n\n\n<p>Acolchado (Recogida: 65~75%) \u2192 Secado (100~130\u2103) \u2192 Ajuste (160~190\u2103)<\/p>\n<\/div>\n\n\n\n<div class=\"wp-block-column is-layout-flow wp-block-column-is-layout-flow\" style=\"flex-basis:50%\">\n<figure class=\"wp-block-embed is-type-video is-provider-youtube wp-block-embed-youtube wp-embed-aspect-16-9 wp-has-aspect-ratio\"><div class=\"wp-block-embed__wrapper\">\n<iframe title=\"Productos qu\u00edmicos textiles\" width=\"500\" height=\"281\" src=\"https:\/\/www.youtube.com\/embed\/WDpID-_d1jU?feature=oembed\" frameborder=\"0\" allow=\"accelerometer; autoplay; clipboard-write; encrypted-media; gyroscope; picture-in-picture; web-share\" referrerpolicy=\"strict-origin-when-cross-origin\" allowfullscreen><\/iframe>\n<\/div><\/figure>\n\n\n\n<figure class=\"wp-block-image size-full\"><img decoding=\"async\" width=\"1080\" height=\"1920\" src=\"https:\/\/www.bluelakechem.com\/wp-content\/uploads\/2025\/01\/Multifunctional-Finishing-Agent-45404.webp\" alt=\"Agente de acabado multifuncional\" class=\"wp-image-2387\" srcset=\"https:\/\/www.bluelakechem.com\/wp-content\/uploads\/2025\/01\/Multifunctional-Finishing-Agent-45404.webp 1080w, https:\/\/www.bluelakechem.com\/wp-content\/uploads\/2025\/01\/Multifunctional-Finishing-Agent-45404-169x300.webp 169w, https:\/\/www.bluelakechem.com\/wp-content\/uploads\/2025\/01\/Multifunctional-Finishing-Agent-45404-768x1365.webp 768w, https:\/\/www.bluelakechem.com\/wp-content\/uploads\/2025\/01\/Multifunctional-Finishing-Agent-45404-7x12.webp 7w, https:\/\/www.bluelakechem.com\/wp-content\/uploads\/2025\/01\/Multifunctional-Finishing-Agent-45404-600x1067.webp 600w\" sizes=\"(max-width: 1080px) 100vw, 1080px\" \/><\/figure>\n<\/div>\n<\/div>","protected":false},"excerpt":{"rendered":"<p>Productos qu\u00edmicos textiles que absorben la humedad con alto contenido en s\u00f3lidos, propiedades multifuncionales y aplicaciones vers\u00e1tiles para acabados hidr\u00f3filos y antiest\u00e1ticos. Ideal como suavizante de ba\u00f1o con una peque\u00f1a dosificaci\u00f3n para un tratamiento rentable.<\/p>\n<p><strong>N\u00ba de modelo<\/strong>45404<\/p>","protected":false},"featured_media":1446,"comment_status":"closed","ping_status":"closed","template":"","meta":{"_acf_changed":false},"material":[26,27,28,29,30,31,32,33,34],"process":[23,25],"product_brand":[],"product_cat":[15],"product_tag":[],"class_list":{"0":"post-1068","1":"product","2":"type-product","3":"status-publish","4":"has-post-thumbnail","6":"material-cotton-agent","7":"material-polyester-chemicals","8":"material-nylon-agent","9":"material-acrylic-chemicals","10":"material-viscose-chemicals","11":"material-wool-auxiliary","12":"material-linen-chemicals","13":"material-silk-chemicals","14":"material-fabric-chemicals","15":"process-textile-finishing-chemicals","16":"process-textile-finishing-agent","17":"product_cat-uncategorized","19":"first","20":"instock","21":"shipping-taxable","22":"product-type-simple"},"acf":[],"_links":{"self":[{"href":"https:\/\/www.bluelakechem.com\/es\/wp-json\/wp\/v2\/product\/1068","targetHints":{"allow":["GET"]}}],"collection":[{"href":"https:\/\/www.bluelakechem.com\/es\/wp-json\/wp\/v2\/product"}],"about":[{"href":"https:\/\/www.bluelakechem.com\/es\/wp-json\/wp\/v2\/types\/product"}],"replies":[{"embeddable":true,"href":"https:\/\/www.bluelakechem.com\/es\/wp-json\/wp\/v2\/comments?post=1068"}],"wp:featuredmedia":[{"embeddable":true,"href":"https:\/\/www.bluelakechem.com\/es\/wp-json\/wp\/v2\/media\/1446"}],"wp:attachment":[{"href":"https:\/\/www.bluelakechem.com\/es\/wp-json\/wp\/v2\/media?parent=1068"}],"wp:term":[{"taxonomy":"material","embeddable":true,"href":"https:\/\/www.bluelakechem.com\/es\/wp-json\/wp\/v2\/material?post=1068"},{"taxonomy":"process","embeddable":true,"href":"https:\/\/www.bluelakechem.com\/es\/wp-json\/wp\/v2\/process?post=1068"},{"taxonomy":"product_brand","embeddable":true,"href":"https:\/\/www.bluelakechem.com\/es\/wp-json\/wp\/v2\/product_brand?post=1068"},{"taxonomy":"product_cat","embeddable":true,"href":"https:\/\/www.bluelakechem.com\/es\/wp-json\/wp\/v2\/product_cat?post=1068"},{"taxonomy":"product_tag","embeddable":true,"href":"https:\/\/www.bluelakechem.com\/es\/wp-json\/wp\/v2\/product_tag?post=1068"}],"curies":[{"name":"wp","href":"https:\/\/api.w.org\/{rel}","templated":true}]}}