{"id":1069,"date":"2025-01-04T02:23:56","date_gmt":"2025-01-04T02:23:56","guid":{"rendered":"https:\/\/www.bluelakechem.com\/?post_type=product&#038;p=1069"},"modified":"2025-10-20T07:53:29","modified_gmt":"2025-10-20T07:53:29","slug":"silicone-oil-emulsion","status":"publish","type":"product","link":"https:\/\/www.bluelakechem.com\/es\/product\/silicone-oil-emulsion\/","title":{"rendered":"Emulsi\u00f3n de aceite de silicona ultrasuave, agente de acabado antiamarilleo para algod\u00f3n y viscosa"},"content":{"rendered":"<div class=\"wp-block-columns is-layout-flex wp-container-core-columns-is-layout-9d6595d7 wp-block-columns-is-layout-flex\">\n<div class=\"wp-block-column is-layout-flow wp-block-column-is-layout-flow\" style=\"flex-basis:50%\">\n<h2 class=\"wp-block-heading\">Emulsi\u00f3n de aceite de silicona Caracter\u00edsticas:<\/h2>\n\n\n\n<p><strong>Excelente suavidad y tersura:<\/strong> Proporciona a los tejidos un tacto suave, esponjoso y de primera calidad, sin untuosidad ni pegajosidad.<\/p>\n\n\n\n<p><strong>Rendimiento antiamarilleo: <\/strong>Su formulaci\u00f3n especial evita que amarillee incluso despu\u00e9s de un procesado a altas temperaturas o un almacenamiento prolongado, ideal para tejidos blancos y de colores claros.<\/p>\n\n\n\n<p><strong>Alta estabilidad de la emulsi\u00f3n:<\/strong> Mantiene una dispersi\u00f3n estable y un acabado uniforme durante la producci\u00f3n.<\/p>\n\n\n\n<p><strong>F\u00e1cil de emulsionar:<\/strong> Puede procesarse utilizando una amplia gama de equipos, lo que facilita su integraci\u00f3n en una gran variedad de procesos de fabricaci\u00f3n.<\/p>\n\n\n\n<p><strong>Ecol\u00f3gico y no t\u00f3xico: <\/strong>La emulsi\u00f3n de aceite de silicona es respetuosa con el medio ambiente y cumple estrictas normas de seguridad para textiles en contacto directo con la piel.<\/p>\n\n\n\n<p><strong>Aplicaci\u00f3n vers\u00e1til:<\/strong> Se aplica a fibras naturales como el algod\u00f3n y la celulosa, fibras sint\u00e9ticas y mezclas.<\/p>\n\n\n\n<h2 class=\"wp-block-heading\">Campos de aplicaci\u00f3n<\/h2>\n\n\n\n<ul class=\"wp-block-list\">\n<li><strong>Acabado suave de los tejidos:<\/strong> Algod\u00f3n, viscosa, poli\u00e9ster y tejidos mixtos<\/li>\n\n\n\n<li><strong>Textiles para el hogar:<\/strong> Toallas, ropa de cama, tapicer\u00eda<\/li>\n\n\n\n<li><strong>Tejidos para beb\u00e9s y de primera calidad:<\/strong> Proporciona una suavidad tierna pero duradera<\/li>\n\n\n\n<li><strong>Textiles industriales:<\/strong> Mejora el agarre de tejidos hidr\u00f3fugos o funcionales<\/li>\n\n\n\n<li><strong>Tejidos sensibles al calor:<\/strong> La propiedad de bajo amarilleamiento es adecuada para tejidos claros o delicados<\/li>\n<\/ul>\n\n\n\n<h2 class=\"wp-block-heading\">Emulsi\u00f3n de aceite de silicona Par\u00e1metros t\u00e9cnicos:<\/h2>\n\n\n\n<figure class=\"wp-block-table\"><table class=\"has-fixed-layout\"><tbody><tr><td><strong>Art\u00edculo<\/strong><\/td><td>Especificaci\u00f3n<\/td><\/tr><tr><td>Apariencia<\/td><td>Emulsi\u00f3n blanca o lechosa<\/td><\/tr><tr><td>Ionicidad<\/td><td>Cati\u00f3nico d\u00e9bil<\/td><\/tr><tr><td>pH (soluci\u00f3n acuosa 1%)<\/td><td>6.0-7.0<\/td><\/tr><tr><td>Solubilidad<\/td><td>Se emulsiona f\u00e1cilmente en agua<\/td><\/tr><\/tbody><\/table><\/figure>\n\n\n\n<h2 class=\"wp-block-heading\">M\u00e9todos de aplicaci\u00f3n recomendados<\/h2>\n\n\n\n<p><strong>Proceso de acolchado:<\/strong><\/p>\n\n\n\n<ul class=\"wp-block-list\">\n<li>Tejidos ligeros: 10-20 g\/L<\/li>\n\n\n\n<li>Tejidos pesados: 20-30 g\/L<\/li>\n\n\n\n<li>Stenter: 160-170 \u00b0C \u00d7 60-90 s<\/li>\n\n\n\n<li>pH: 6,0-7,0<\/li>\n<\/ul>\n\n\n\n<p><strong>Proceso de escape:<\/strong><\/p>\n\n\n\n<ul class=\"wp-block-list\">\n<li>Dosificaci\u00f3n: 1,0-3,0% (h.o.p.)<\/li>\n\n\n\n<li>Proporci\u00f3n de ba\u00f1o: 1:20<\/li>\n\n\n\n<li>Temperatura: 40-50 \u00b0C \u00d7 10-20 min \u2192 Deshidratar \u2192 Secar a 100-120 \u00b0C.<\/li>\n<\/ul>\n\n\n\n<p><em>Puede utilizarse junto con otros suavizantes. Realice pruebas de compatibilidad antes de mezclar.<\/em><\/p>\n<\/div>\n\n\n\n<div class=\"wp-block-column is-layout-flow wp-block-column-is-layout-flow\" style=\"flex-basis:50%\">\n<figure class=\"wp-block-embed is-type-video is-provider-youtube wp-block-embed-youtube wp-embed-aspect-16-9 wp-has-aspect-ratio\"><div class=\"wp-block-embed__wrapper\">\n<iframe title=\"Productos qu\u00edmicos textiles|Una peque\u00f1a dosis puede conferir a los tejidos de algod\u00f3n un tacto y una envoltura suaves y lisos.\" width=\"422\" height=\"750\" src=\"https:\/\/www.youtube.com\/embed\/uIAsHCRwUp0?feature=oembed\" frameborder=\"0\" allow=\"accelerometer; autoplay; clipboard-write; encrypted-media; gyroscope; picture-in-picture; web-share\" referrerpolicy=\"strict-origin-when-cross-origin\" allowfullscreen><\/iframe>\n<\/div><\/figure>\n\n\n\n<figure class=\"wp-block-image size-full\"><img decoding=\"async\" width=\"1125\" height=\"870\" src=\"https:\/\/www.bluelakechem.com\/wp-content\/uploads\/2024\/12\/Hydrophobic-Silicone-Oil-Emulsion-1_1.webp\" alt=\"Emulsi\u00f3n de aceite de silicona hidr\u00f3fobo (1)_1\" class=\"wp-image-1071\" srcset=\"https:\/\/www.bluelakechem.com\/wp-content\/uploads\/2024\/12\/Hydrophobic-Silicone-Oil-Emulsion-1_1.webp 1125w, https:\/\/www.bluelakechem.com\/wp-content\/uploads\/2024\/12\/Hydrophobic-Silicone-Oil-Emulsion-1_1-300x232.webp 300w, https:\/\/www.bluelakechem.com\/wp-content\/uploads\/2024\/12\/Hydrophobic-Silicone-Oil-Emulsion-1_1-768x594.webp 768w, https:\/\/www.bluelakechem.com\/wp-content\/uploads\/2024\/12\/Hydrophobic-Silicone-Oil-Emulsion-1_1-600x464.webp 600w\" sizes=\"(max-width: 1125px) 100vw, 1125px\" \/><\/figure>\n<\/div>\n<\/div>","protected":false},"excerpt":{"rendered":"<p>La emulsi\u00f3n de aceite de silicona BLUELAKECHEM es un aceite de silicona en bloque modificado dise\u00f1ado para tejidos de algod\u00f3n, viscosa y mezclas. Proporciona un tacto ultrasuave, una suavidad excelente y un extraordinario rendimiento antiamarilleo, lo que lo convierte en el agente de acabado ideal para tejidos de alta calidad y colores claros. P\u00f3ngase en contacto con nosotros para solicitar una ficha t\u00e9cnica, muestras gratuitas o asesoramiento experto para sus necesidades de acabado de tejidos a granel.<\/p>\n<p><strong>N\u00ba de modelo<\/strong>70868<\/p>","protected":false},"featured_media":1452,"comment_status":"closed","ping_status":"closed","template":"","meta":{"_acf_changed":false},"material":[26,30],"process":[23,42,24],"product_brand":[],"product_cat":[15],"product_tag":[],"class_list":{"0":"post-1069","1":"product","2":"type-product","3":"status-publish","4":"has-post-thumbnail","6":"material-cotton-agent","7":"material-viscose-chemicals","8":"process-textile-finishing-chemicals","9":"process-softener","10":"process-silicone-oil","11":"product_cat-uncategorized","13":"first","14":"instock","15":"shipping-taxable","16":"product-type-simple"},"acf":[],"_links":{"self":[{"href":"https:\/\/www.bluelakechem.com\/es\/wp-json\/wp\/v2\/product\/1069","targetHints":{"allow":["GET"]}}],"collection":[{"href":"https:\/\/www.bluelakechem.com\/es\/wp-json\/wp\/v2\/product"}],"about":[{"href":"https:\/\/www.bluelakechem.com\/es\/wp-json\/wp\/v2\/types\/product"}],"replies":[{"embeddable":true,"href":"https:\/\/www.bluelakechem.com\/es\/wp-json\/wp\/v2\/comments?post=1069"}],"wp:featuredmedia":[{"embeddable":true,"href":"https:\/\/www.bluelakechem.com\/es\/wp-json\/wp\/v2\/media\/1452"}],"wp:attachment":[{"href":"https:\/\/www.bluelakechem.com\/es\/wp-json\/wp\/v2\/media?parent=1069"}],"wp:term":[{"taxonomy":"material","embeddable":true,"href":"https:\/\/www.bluelakechem.com\/es\/wp-json\/wp\/v2\/material?post=1069"},{"taxonomy":"process","embeddable":true,"href":"https:\/\/www.bluelakechem.com\/es\/wp-json\/wp\/v2\/process?post=1069"},{"taxonomy":"product_brand","embeddable":true,"href":"https:\/\/www.bluelakechem.com\/es\/wp-json\/wp\/v2\/product_brand?post=1069"},{"taxonomy":"product_cat","embeddable":true,"href":"https:\/\/www.bluelakechem.com\/es\/wp-json\/wp\/v2\/product_cat?post=1069"},{"taxonomy":"product_tag","embeddable":true,"href":"https:\/\/www.bluelakechem.com\/es\/wp-json\/wp\/v2\/product_tag?post=1069"}],"curies":[{"name":"wp","href":"https:\/\/api.w.org\/{rel}","templated":true}]}}