{"id":1074,"date":"2025-01-17T13:35:34","date_gmt":"2025-01-17T13:35:34","guid":{"rendered":"https:\/\/www.bluelakechem.com\/?post_type=product&#038;p=1074"},"modified":"2025-01-17T13:35:36","modified_gmt":"2025-01-17T13:35:36","slug":"silicone-textile-softeners","status":"publish","type":"product","link":"https:\/\/www.bluelakechem.com\/es\/product\/silicone-textile-softeners\/","title":{"rendered":"Suavizantes textiles de silicona Aceite de silicona para el acabado de tejidos celul\u00f3sicos"},"content":{"rendered":"<div class=\"wp-block-columns is-layout-flex wp-container-core-columns-is-layout-9d6595d7 wp-block-columns-is-layout-flex\">\n<div class=\"wp-block-column is-layout-flow wp-block-column-is-layout-flow\" style=\"flex-basis:50%\">\n<h2 class=\"wp-block-heading\">Suavizantes textiles de silicona Caracter\u00edsticas:<\/h2>\n\n\n\n<p><strong>Acabado suavizante<\/strong><br>Combina un acabado suavizante con un efecto oscurecedor para mejorar el tacto del tejido y realzar la viveza del color.<\/p>\n\n\n\n<p><strong>Efecto de oscurecimiento superior<\/strong><br>Los efectos de oscurecimiento de hasta 40% son especialmente \u00fatiles para los tonos rojos, ya que proporcionan matices ricos y vibrantes.<\/p>\n\n\n\n<p><strong>Tintura rentable<\/strong><br>Reduzca el uso de tintes u oscurezca los tintes de menor calidad, optimizando los costes de tintura sin comprometer el aspecto.<\/p>\n\n\n\n<p><strong>Ampliamente aplicable<\/strong><br>Adecuado para tejidos celul\u00f3sicos como el algod\u00f3n, la viscosa y otras mezclas, garantizando un rendimiento constante en una amplia gama de sustratos textiles.<\/p>\n\n\n\n<p><strong>Mayor solidez del color<\/strong><br>Realza el aspecto de los colores de los tejidos manteniendo o mejorando la solidez del color.<\/p>\n<\/div>\n\n\n\n<div class=\"wp-block-column is-layout-flow wp-block-column-is-layout-flow\" style=\"flex-basis:50%\">\n<figure class=\"wp-block-embed is-type-video is-provider-youtube wp-block-embed-youtube wp-embed-aspect-16-9 wp-has-aspect-ratio\"><div class=\"wp-block-embed__wrapper\">\n<iframe title=\"\u3010Textile chemical\u3011Deepening Silicone Oil ,Mejora eficazmente la profundidad del te\u00f1ido 10-30% (68339)\" width=\"500\" height=\"281\" src=\"https:\/\/www.youtube.com\/embed\/vsg8dwXQYpU?feature=oembed\" frameborder=\"0\" allow=\"accelerometer; autoplay; clipboard-write; encrypted-media; gyroscope; picture-in-picture; web-share\" referrerpolicy=\"strict-origin-when-cross-origin\" allowfullscreen><\/iframe>\n<\/div><\/figure>\n<\/div>\n<\/div>\n\n\n\n<div class=\"wp-block-columns is-layout-flex wp-container-core-columns-is-layout-9d6595d7 wp-block-columns-is-layout-flex\">\n<div class=\"wp-block-column is-layout-flow wp-block-column-is-layout-flow\">\n<figure class=\"wp-block-image size-full\"><img decoding=\"async\" width=\"1200\" height=\"1200\" src=\"https:\/\/www.bluelakechem.com\/wp-content\/uploads\/2024\/12\/Silicone-Textile-Softeners-2.webp\" alt=\"Suavizantes textiles de silicona (2)\" class=\"wp-image-1079\" srcset=\"https:\/\/www.bluelakechem.com\/wp-content\/uploads\/2024\/12\/Silicone-Textile-Softeners-2.webp 1200w, https:\/\/www.bluelakechem.com\/wp-content\/uploads\/2024\/12\/Silicone-Textile-Softeners-2-300x300.webp 300w, https:\/\/www.bluelakechem.com\/wp-content\/uploads\/2024\/12\/Silicone-Textile-Softeners-2-150x150.webp 150w, https:\/\/www.bluelakechem.com\/wp-content\/uploads\/2024\/12\/Silicone-Textile-Softeners-2-768x768.webp 768w, https:\/\/www.bluelakechem.com\/wp-content\/uploads\/2024\/12\/Silicone-Textile-Softeners-2-600x600.webp 600w, https:\/\/www.bluelakechem.com\/wp-content\/uploads\/2024\/12\/Silicone-Textile-Softeners-2-100x100.webp 100w\" sizes=\"(max-width: 1200px) 100vw, 1200px\" \/><\/figure>\n<\/div>\n\n\n\n<div class=\"wp-block-column is-layout-flow wp-block-column-is-layout-flow\">\n<h2 class=\"wp-block-heading\">Suavizantes textiles de silicona Aplicaciones:<\/h2>\n\n\n\n<p><strong>Acabado de tejidos celul\u00f3sicos<\/strong><br>Ideal para suavizar tejidos de algod\u00f3n y viscosa, a\u00f1adiendo suavidad y profundidad al producto acabado.<\/p>\n\n\n\n<p><strong>Te\u00f1ido y estampado textil<\/strong><br>Se utiliza para realzar la profundidad del color de los tejidos durante los procesos de tintura y estampaci\u00f3n, especialmente el rojo y tonos similares.<\/p>\n\n\n\n<p><strong>Moda y confecci\u00f3n<\/strong><br>Ideal para prendas que requieren colores vivos y oscuros, como moda, textiles para el hogar y tejidos decorativos.<\/p>\n\n\n\n<p><strong>Soluciones de tintura con costes optimizados<\/strong><br>Consiga con eficacia un aspecto de primera calidad utilizando tintes econ\u00f3micos, lo que beneficia a los fabricantes que se dirigen a mercados sensibles al presupuesto.<\/p>\n<\/div>\n<\/div>","protected":false},"excerpt":{"rendered":"<p>Los suavizantes textiles de silicona con efecto de profundizaci\u00f3n de Bluelakechem, adecuados para acabados suaves, proporcionan un notable efecto de profundizaci\u00f3n, especialmente en tonos de color rojo. Este suavizante puede conseguir hasta un efecto de profundizaci\u00f3n 40%, reduciendo la necesidad de utilizar tintes en exceso o realzando el croma de tintes m\u00e1s baratos.<\/p>\n<p><strong>N\u00ba de modelo<\/strong>68339<\/p>","protected":false},"featured_media":1472,"comment_status":"closed","ping_status":"closed","template":"","meta":{"_acf_changed":false},"material":[26,30],"process":[23,42,24],"product_brand":[],"product_cat":[15],"product_tag":[],"class_list":{"0":"post-1074","1":"product","2":"type-product","3":"status-publish","4":"has-post-thumbnail","6":"material-cotton-agent","7":"material-viscose-chemicals","8":"process-textile-finishing-chemicals","9":"process-softener","10":"process-silicone-oil","11":"product_cat-uncategorized","13":"first","14":"instock","15":"shipping-taxable","16":"product-type-simple"},"acf":[],"_links":{"self":[{"href":"https:\/\/www.bluelakechem.com\/es\/wp-json\/wp\/v2\/product\/1074","targetHints":{"allow":["GET"]}}],"collection":[{"href":"https:\/\/www.bluelakechem.com\/es\/wp-json\/wp\/v2\/product"}],"about":[{"href":"https:\/\/www.bluelakechem.com\/es\/wp-json\/wp\/v2\/types\/product"}],"replies":[{"embeddable":true,"href":"https:\/\/www.bluelakechem.com\/es\/wp-json\/wp\/v2\/comments?post=1074"}],"wp:featuredmedia":[{"embeddable":true,"href":"https:\/\/www.bluelakechem.com\/es\/wp-json\/wp\/v2\/media\/1472"}],"wp:attachment":[{"href":"https:\/\/www.bluelakechem.com\/es\/wp-json\/wp\/v2\/media?parent=1074"}],"wp:term":[{"taxonomy":"material","embeddable":true,"href":"https:\/\/www.bluelakechem.com\/es\/wp-json\/wp\/v2\/material?post=1074"},{"taxonomy":"process","embeddable":true,"href":"https:\/\/www.bluelakechem.com\/es\/wp-json\/wp\/v2\/process?post=1074"},{"taxonomy":"product_brand","embeddable":true,"href":"https:\/\/www.bluelakechem.com\/es\/wp-json\/wp\/v2\/product_brand?post=1074"},{"taxonomy":"product_cat","embeddable":true,"href":"https:\/\/www.bluelakechem.com\/es\/wp-json\/wp\/v2\/product_cat?post=1074"},{"taxonomy":"product_tag","embeddable":true,"href":"https:\/\/www.bluelakechem.com\/es\/wp-json\/wp\/v2\/product_tag?post=1074"}],"curies":[{"name":"wp","href":"https:\/\/api.w.org\/{rel}","templated":true}]}}