{"id":1081,"date":"2025-01-04T02:15:01","date_gmt":"2025-01-04T02:15:01","guid":{"rendered":"https:\/\/www.bluelakechem.com\/?post_type=product&#038;p=1081"},"modified":"2025-01-17T12:00:30","modified_gmt":"2025-01-17T12:00:30","slug":"silicone-softening-agents","status":"publish","type":"product","link":"https:\/\/www.bluelakechem.com\/es\/product\/silicone-softening-agents\/","title":{"rendered":"Agentes suavizantes de silicona hidr\u00f3fila para el acabado de textiles sint\u00e9ticos"},"content":{"rendered":"<div class=\"wp-block-columns is-layout-flex wp-container-core-columns-is-layout-9d6595d7 wp-block-columns-is-layout-flex\">\n<div class=\"wp-block-column is-layout-flow wp-block-column-is-layout-flow\" style=\"flex-basis:50%\">\n<h2 class=\"wp-block-heading\">Agentes suavizantes de silicona Caracter\u00edsticas:<\/h2>\n\n\n\n<p><strong>Mayor hidrofilia: <\/strong>Los suavizantes de silicona mejoran la hidrofilia de las fibras qu\u00edmicas a la vez que aportan comodidad y funcionalidad a los tejidos de poli\u00e9ster, nailon y otras fibras sint\u00e9ticas.<\/p>\n\n\n\n<p><strong>Excelente suavidad: <\/strong>Proporciona un tacto suave y liso a las fibras sint\u00e9ticas, mejorando significativamente el tacto del tejido y haci\u00e9ndolo m\u00e1s c\u00f3modo de llevar.<\/p>\n\n\n\n<p><strong>Mayor durabilidad: <\/strong>Este agente suavizante reduce el desgaste, alargando la vida de los tejidos sint\u00e9ticos, y los mantiene suaves y flexibles incluso despu\u00e9s de varios lavados.<\/p>\n\n\n\n<p><strong>Respetuoso con el medio ambiente:<\/strong> Este suavizante de silicona hidr\u00f3fila es biodegradable y no contiene productos qu\u00edmicos nocivos, por lo que constituye una alternativa ecol\u00f3gica para el acabado textil.<\/p>\n<\/div>\n\n\n\n<div class=\"wp-block-column is-layout-flow wp-block-column-is-layout-flow\" style=\"flex-basis:50%\">\n<figure class=\"wp-block-embed is-type-video is-provider-youtube wp-block-embed-youtube wp-embed-aspect-16-9 wp-has-aspect-ratio\"><div class=\"wp-block-embed__wrapper\">\n<iframe title=\"Productos qu\u00edmicos textiles|\u00a1Revele el secreto del suavizante y la mejora integral de la hidrofilia lavable!\" width=\"500\" height=\"281\" src=\"https:\/\/www.youtube.com\/embed\/JFaVxTqwP00?feature=oembed\" frameborder=\"0\" allow=\"accelerometer; autoplay; clipboard-write; encrypted-media; gyroscope; picture-in-picture; web-share\" referrerpolicy=\"strict-origin-when-cross-origin\" allowfullscreen><\/iframe>\n<\/div><\/figure>\n<\/div>\n<\/div>\n\n\n\n<div class=\"wp-block-columns is-layout-flex wp-container-core-columns-is-layout-9d6595d7 wp-block-columns-is-layout-flex\">\n<div class=\"wp-block-column is-layout-flow wp-block-column-is-layout-flow\">\n<figure class=\"wp-block-image size-full\"><img decoding=\"async\" width=\"1200\" height=\"900\" src=\"https:\/\/www.bluelakechem.com\/wp-content\/uploads\/2025\/01\/silicone-softening-agent.webp\" alt=\"agente suavizante de silicona\" class=\"wp-image-1400\" srcset=\"https:\/\/www.bluelakechem.com\/wp-content\/uploads\/2025\/01\/silicone-softening-agent.webp 1200w, https:\/\/www.bluelakechem.com\/wp-content\/uploads\/2025\/01\/silicone-softening-agent-300x225.webp 300w, https:\/\/www.bluelakechem.com\/wp-content\/uploads\/2025\/01\/silicone-softening-agent-768x576.webp 768w, https:\/\/www.bluelakechem.com\/wp-content\/uploads\/2025\/01\/silicone-softening-agent-16x12.webp 16w, https:\/\/www.bluelakechem.com\/wp-content\/uploads\/2025\/01\/silicone-softening-agent-600x450.webp 600w\" sizes=\"(max-width: 1200px) 100vw, 1200px\" \/><\/figure>\n<\/div>\n\n\n\n<div class=\"wp-block-column is-layout-flow wp-block-column-is-layout-flow\">\n<h2 class=\"wp-block-heading\">Agentes suavizantes de silicona Aplicaciones:<\/h2>\n\n\n\n<p><strong>Acabado suavizante de fibras sint\u00e9ticas: <\/strong>Los suavizantes de silicona se utilizan en el acabado de fibras sint\u00e9ticas como el poli\u00e9ster y el nailon para mejorar su suavidad y tacto, haci\u00e9ndolas m\u00e1s blandas y c\u00f3modas de llevar.<\/p>\n\n\n\n<p><strong>Prendas de vestir o ropa funcional: <\/strong>Adecuado para ropa deportiva, ropa de beb\u00e9, etc., para suavizar los tejidos y mejorar la comodidad de uso.<\/p>\n\n\n\n<p><strong>Textiles para el hogar:<\/strong> Puede mejorar la suavidad, la absorci\u00f3n de la humedad y la durabilidad de los textiles del hogar, como la ropa de cama y la decoraci\u00f3n de interiores.<\/p>\n<\/div>\n<\/div>","protected":false},"excerpt":{"rendered":"<p>Los agentes suavizantes de silicona de Bluelakechem est\u00e1n especialmente dise\u00f1ados para fibras qu\u00edmicas y ofrecen propiedades hidr\u00f3filas superiores y un acabado suave, lo que garantiza que los tejidos sean suaves y absorban la humedad.<\/p>\n<p><strong>N\u00ba de modelo<\/strong>76903<\/p>","protected":false},"featured_media":1436,"comment_status":"closed","ping_status":"closed","template":"","meta":{"_acf_changed":false},"material":[27,28,29,34],"process":[23,42,24],"product_brand":[],"product_cat":[15],"product_tag":[],"class_list":{"0":"post-1081","1":"product","2":"type-product","3":"status-publish","4":"has-post-thumbnail","6":"material-polyester-chemicals","7":"material-nylon-agent","8":"material-acrylic-chemicals","9":"material-fabric-chemicals","10":"process-textile-finishing-chemicals","11":"process-softener","12":"process-silicone-oil","13":"product_cat-uncategorized","15":"first","16":"instock","17":"shipping-taxable","18":"product-type-simple"},"acf":[],"_links":{"self":[{"href":"https:\/\/www.bluelakechem.com\/es\/wp-json\/wp\/v2\/product\/1081","targetHints":{"allow":["GET"]}}],"collection":[{"href":"https:\/\/www.bluelakechem.com\/es\/wp-json\/wp\/v2\/product"}],"about":[{"href":"https:\/\/www.bluelakechem.com\/es\/wp-json\/wp\/v2\/types\/product"}],"replies":[{"embeddable":true,"href":"https:\/\/www.bluelakechem.com\/es\/wp-json\/wp\/v2\/comments?post=1081"}],"wp:featuredmedia":[{"embeddable":true,"href":"https:\/\/www.bluelakechem.com\/es\/wp-json\/wp\/v2\/media\/1436"}],"wp:attachment":[{"href":"https:\/\/www.bluelakechem.com\/es\/wp-json\/wp\/v2\/media?parent=1081"}],"wp:term":[{"taxonomy":"material","embeddable":true,"href":"https:\/\/www.bluelakechem.com\/es\/wp-json\/wp\/v2\/material?post=1081"},{"taxonomy":"process","embeddable":true,"href":"https:\/\/www.bluelakechem.com\/es\/wp-json\/wp\/v2\/process?post=1081"},{"taxonomy":"product_brand","embeddable":true,"href":"https:\/\/www.bluelakechem.com\/es\/wp-json\/wp\/v2\/product_brand?post=1081"},{"taxonomy":"product_cat","embeddable":true,"href":"https:\/\/www.bluelakechem.com\/es\/wp-json\/wp\/v2\/product_cat?post=1081"},{"taxonomy":"product_tag","embeddable":true,"href":"https:\/\/www.bluelakechem.com\/es\/wp-json\/wp\/v2\/product_tag?post=1081"}],"curies":[{"name":"wp","href":"https:\/\/api.w.org\/{rel}","templated":true}]}}