{"id":1089,"date":"2025-01-04T03:20:38","date_gmt":"2025-01-04T03:20:38","guid":{"rendered":"https:\/\/www.bluelakechem.com\/?post_type=product&#038;p=1089"},"modified":"2025-01-17T12:30:40","modified_gmt":"2025-01-17T12:30:40","slug":"silicone-softener-for-textiles","status":"publish","type":"product","link":"https:\/\/www.bluelakechem.com\/es\/product\/silicone-softener-for-textiles\/","title":{"rendered":"Suavizante de silicona para textiles en el acabado de tejidos sint\u00e9ticos"},"content":{"rendered":"<div class=\"wp-block-columns is-layout-flex wp-container-core-columns-is-layout-9d6595d7 wp-block-columns-is-layout-flex\">\n<div class=\"wp-block-column is-layout-flow wp-block-column-is-layout-flow\" style=\"flex-basis:50%\">\n<h2 class=\"wp-block-heading\">Suavizante de silicona para textiles Caracter\u00edsticas:<\/h2>\n\n\n\n<p><strong>Mayor suavidad y tersura: <\/strong>Este suavizante de silicona proporciona una excelente suavidad y tersura a las fibras sint\u00e9ticas como el poli\u00e9ster, el acr\u00edlico, la lana, etc., haciendo que el tejido resulte m\u00e1s c\u00f3modo y suave.<\/p>\n\n\n\n<p><strong>Efecto esponjoso:<\/strong> Especialmente indicado para fibras de relleno y tejidos c\u00e1lidos, esponja el tejido y aumenta su plenitud y comodidad.<\/p>\n\n\n\n<p><strong>Mejora del aspecto del tejido:<\/strong> Mejora el brillo del tejido, mejora la calidad del aspecto y lo hace m\u00e1s atractivo visualmente.<\/p>\n\n\n\n<p><strong>Mayor durabilidad: <\/strong>El suavizante de silicona puede aumentar la durabilidad del tejido, reducir el desgaste y el envejecimiento durante el lavado.<\/p>\n\n\n\n<p><strong>Eficaz y econ\u00f3mico: <\/strong>Una peque\u00f1a adici\u00f3n puede lograr resultados significativos, reducir costes y mejorar la eficacia de la producci\u00f3n.<\/p>\n<\/div>\n\n\n\n<div class=\"wp-block-column is-layout-flow wp-block-column-is-layout-flow\" style=\"flex-basis:50%\">\n<figure class=\"wp-block-embed is-type-video is-provider-youtube wp-block-embed-youtube wp-embed-aspect-16-9 wp-has-aspect-ratio\"><div class=\"wp-block-embed__wrapper\">\n<iframe title=\"\u00bfQu\u00e9 hacer si el tejido de fibra acr\u00edlica no es lo suficientemente voluminoso y suave? #siliconeoil #textilechemicals #fiber\" width=\"500\" height=\"281\" src=\"https:\/\/www.youtube.com\/embed\/xin-t9UWNX4?feature=oembed\" frameborder=\"0\" allow=\"accelerometer; autoplay; clipboard-write; encrypted-media; gyroscope; picture-in-picture; web-share\" referrerpolicy=\"strict-origin-when-cross-origin\" allowfullscreen><\/iframe>\n<\/div><\/figure>\n<\/div>\n<\/div>\n\n\n\n<div class=\"wp-block-columns is-layout-flex wp-container-core-columns-is-layout-9d6595d7 wp-block-columns-is-layout-flex\">\n<div class=\"wp-block-column is-layout-flow wp-block-column-is-layout-flow\">\n<figure class=\"wp-block-image size-full\"><img decoding=\"async\" width=\"1200\" height=\"1200\" src=\"https:\/\/www.bluelakechem.com\/wp-content\/uploads\/2024\/12\/Silicone-Softener-for-Textiles-2.webp\" alt=\"Suavizante de silicona para textiles (2)\" class=\"wp-image-1096\" srcset=\"https:\/\/www.bluelakechem.com\/wp-content\/uploads\/2024\/12\/Silicone-Softener-for-Textiles-2.webp 1200w, https:\/\/www.bluelakechem.com\/wp-content\/uploads\/2024\/12\/Silicone-Softener-for-Textiles-2-300x300.webp 300w, https:\/\/www.bluelakechem.com\/wp-content\/uploads\/2024\/12\/Silicone-Softener-for-Textiles-2-150x150.webp 150w, https:\/\/www.bluelakechem.com\/wp-content\/uploads\/2024\/12\/Silicone-Softener-for-Textiles-2-768x768.webp 768w, https:\/\/www.bluelakechem.com\/wp-content\/uploads\/2024\/12\/Silicone-Softener-for-Textiles-2-600x600.webp 600w, https:\/\/www.bluelakechem.com\/wp-content\/uploads\/2024\/12\/Silicone-Softener-for-Textiles-2-100x100.webp 100w\" sizes=\"(max-width: 1200px) 100vw, 1200px\" \/><\/figure>\n<\/div>\n\n\n\n<div class=\"wp-block-column is-layout-flow wp-block-column-is-layout-flow\">\n<h2 class=\"wp-block-heading\">Suavizante de silicona para aplicaciones textiles:<\/h2>\n\n\n\n<p><strong>Acabado suavizante de fibras sint\u00e9ticas: <\/strong>Los suavizantes de silicona para textiles se utilizan para el acabado de fibras sint\u00e9ticas como poli\u00e9ster, acr\u00edlico, nailon y acr\u00edlico para mejorar la suavidad y tersura de los tejidos, haci\u00e9ndolos m\u00e1s c\u00f3modos y duraderos.<\/p>\n\n\n\n<p><strong>Aumento de la suavidad de las fibras de relleno:<\/strong> Proporciona una sensaci\u00f3n esponjosa, aumenta el volumen y la elasticidad de las fibras de relleno y es adecuado para materiales de relleno como el plum\u00f3n y el algod\u00f3n.<\/p>\n\n\n\n<p><strong>Tratamiento suave y liso de tejidos de lana: <\/strong>Aplicable a tejidos de lana para evitar que los tejidos de lana se endurezcan manteniendo su calidez y confort originales.<\/p>\n\n\n\n<p><strong>Ropa y productos textiles para el hogar: <\/strong>Ampliamente utilizado en el acabado y tratamiento de diversos tejidos de confecci\u00f3n (como ropa deportiva, ropa informal, ropa interior, etc.) y textiles para el hogar (como ropa de cama, cortinas, fundas de sof\u00e1, etc.).<\/p>\n\n\n\n<p><strong>Producci\u00f3n de textiles de gama alta: <\/strong>Adecuado para mercados de gama alta, mejora la textura de los tejidos y es apto para la producci\u00f3n de ropa de lujo, interiores y tejidos de moda.<\/p>\n<\/div>\n<\/div>","protected":false},"excerpt":{"rendered":"<p>El suavizante de silicona para textiles Bluelakechem, como aceite de silicona en bloque, es ideal para conseguir acabados esponjosos, suaves y lisos en tejidos de poli\u00e9ster, fibra acr\u00edlica y lana, as\u00ed como en fibras de relleno y tejidos c\u00e1lidos. Este suavizante de silicona mejora las propiedades t\u00e1ctiles del tejido, proporcionando un tacto lujoso a la vez que mantiene la durabilidad y el confort.<\/p>\n<p><strong>N\u00ba de modelo<\/strong>70708<\/p>","protected":false},"featured_media":1448,"comment_status":"closed","ping_status":"closed","template":"","meta":{"_acf_changed":false},"material":[27,28,29,31,34],"process":[23,42,24],"product_brand":[],"product_cat":[15],"product_tag":[],"class_list":{"0":"post-1089","1":"product","2":"type-product","3":"status-publish","4":"has-post-thumbnail","6":"material-polyester-chemicals","7":"material-nylon-agent","8":"material-acrylic-chemicals","9":"material-wool-auxiliary","10":"material-fabric-chemicals","11":"process-textile-finishing-chemicals","12":"process-softener","13":"process-silicone-oil","14":"product_cat-uncategorized","16":"first","17":"instock","18":"shipping-taxable","19":"product-type-simple"},"acf":[],"_links":{"self":[{"href":"https:\/\/www.bluelakechem.com\/es\/wp-json\/wp\/v2\/product\/1089","targetHints":{"allow":["GET"]}}],"collection":[{"href":"https:\/\/www.bluelakechem.com\/es\/wp-json\/wp\/v2\/product"}],"about":[{"href":"https:\/\/www.bluelakechem.com\/es\/wp-json\/wp\/v2\/types\/product"}],"replies":[{"embeddable":true,"href":"https:\/\/www.bluelakechem.com\/es\/wp-json\/wp\/v2\/comments?post=1089"}],"wp:featuredmedia":[{"embeddable":true,"href":"https:\/\/www.bluelakechem.com\/es\/wp-json\/wp\/v2\/media\/1448"}],"wp:attachment":[{"href":"https:\/\/www.bluelakechem.com\/es\/wp-json\/wp\/v2\/media?parent=1089"}],"wp:term":[{"taxonomy":"material","embeddable":true,"href":"https:\/\/www.bluelakechem.com\/es\/wp-json\/wp\/v2\/material?post=1089"},{"taxonomy":"process","embeddable":true,"href":"https:\/\/www.bluelakechem.com\/es\/wp-json\/wp\/v2\/process?post=1089"},{"taxonomy":"product_brand","embeddable":true,"href":"https:\/\/www.bluelakechem.com\/es\/wp-json\/wp\/v2\/product_brand?post=1089"},{"taxonomy":"product_cat","embeddable":true,"href":"https:\/\/www.bluelakechem.com\/es\/wp-json\/wp\/v2\/product_cat?post=1089"},{"taxonomy":"product_tag","embeddable":true,"href":"https:\/\/www.bluelakechem.com\/es\/wp-json\/wp\/v2\/product_tag?post=1089"}],"curies":[{"name":"wp","href":"https:\/\/api.w.org\/{rel}","templated":true}]}}