{"id":1109,"date":"2025-01-04T02:41:08","date_gmt":"2025-01-04T02:41:08","guid":{"rendered":"https:\/\/www.bluelakechem.com\/?post_type=product&#038;p=1109"},"modified":"2025-01-17T12:34:05","modified_gmt":"2025-01-17T12:34:05","slug":"textile-silicone-softener","status":"publish","type":"product","link":"https:\/\/www.bluelakechem.com\/es\/product\/textile-silicone-softener\/","title":{"rendered":"Bloque suavizante de silicona textil Aceite de silicona para acabados de tejidos sint\u00e9ticos"},"content":{"rendered":"<div class=\"wp-block-columns is-layout-flex wp-container-core-columns-is-layout-9d6595d7 wp-block-columns-is-layout-flex\">\n<div class=\"wp-block-column is-layout-flow wp-block-column-is-layout-flow\" style=\"flex-basis:50%\">\n<h2 class=\"wp-block-heading\">Suavizante de silicona textil Caracter\u00edsticas:<\/h2>\n\n\n\n<p><strong>Excelente suavidad: <\/strong>El suavizante de silicona textil confiere un tacto sedoso a los tejidos, ofreciendo una suavidad superior que aumenta el confort del producto final. Es especialmente eficaz para fibras sint\u00e9ticas como el poli\u00e9ster, el acr\u00edlico y el nailon.<\/p>\n\n\n\n<p><strong>Mango suave y exquisito: <\/strong>Proporciona un tacto refinado, similar al de la seda, mejorando las cualidades t\u00e1ctiles de los tejidos y haci\u00e9ndolos m\u00e1s agradables de llevar o usar.<\/p>\n\n\n\n<p><strong>Aspecto mejorado del tejido:<\/strong> El suavizante de silicona textil mejora el brillo del tejido para presentar un aspecto lujoso sin afectar a su durabilidad y estructura.<\/p>\n\n\n\n<p><strong>Durabilidad mejorada:<\/strong> No s\u00f3lo proporciona suavidad, sino que tambi\u00e9n mejora el rendimiento a largo plazo de los tejidos, manteniendo la suavidad deseada tras varios lavados y garantizando un efecto m\u00e1s duradero.<\/p>\n\n\n\n<p><strong>Versatilidad:<\/strong> El suavizante de silicona textil puede aplicarse a muchos tipos de fibras qu\u00edmicas, como el poli\u00e9ster y el nailon, individualmente o en mezclas.<\/p>\n<\/div>\n\n\n\n<div class=\"wp-block-column is-layout-flow wp-block-column-is-layout-flow\" style=\"flex-basis:50%\">\n<figure class=\"wp-block-embed is-type-video is-provider-youtube wp-block-embed-youtube wp-embed-aspect-16-9 wp-has-aspect-ratio\"><div class=\"wp-block-embed__wrapper\">\n<iframe title=\"Alto Conc aceite de silicona lisaAdecuado para fibras qu\u00edmicasExcelente \u00e1lcali \u301070706-2\u3011.\" width=\"500\" height=\"281\" src=\"https:\/\/www.youtube.com\/embed\/-4FerEyNugU?feature=oembed\" frameborder=\"0\" allow=\"accelerometer; autoplay; clipboard-write; encrypted-media; gyroscope; picture-in-picture; web-share\" referrerpolicy=\"strict-origin-when-cross-origin\" allowfullscreen><\/iframe>\n<\/div><\/figure>\n<\/div>\n<\/div>\n\n\n\n<div class=\"wp-block-columns is-layout-flex wp-container-core-columns-is-layout-9d6595d7 wp-block-columns-is-layout-flex\">\n<div class=\"wp-block-column is-layout-flow wp-block-column-is-layout-flow\">\n<figure class=\"wp-block-image size-full\"><img decoding=\"async\" width=\"1155\" height=\"857\" src=\"https:\/\/www.bluelakechem.com\/wp-content\/uploads\/2024\/12\/Textile-Silicone-Softener-2.webp\" alt=\"Suavizante de silicona textil (2)\" class=\"wp-image-1129\" srcset=\"https:\/\/www.bluelakechem.com\/wp-content\/uploads\/2024\/12\/Textile-Silicone-Softener-2.webp 1155w, https:\/\/www.bluelakechem.com\/wp-content\/uploads\/2024\/12\/Textile-Silicone-Softener-2-300x223.webp 300w, https:\/\/www.bluelakechem.com\/wp-content\/uploads\/2024\/12\/Textile-Silicone-Softener-2-768x570.webp 768w, https:\/\/www.bluelakechem.com\/wp-content\/uploads\/2024\/12\/Textile-Silicone-Softener-2-600x445.webp 600w\" sizes=\"(max-width: 1155px) 100vw, 1155px\" \/><\/figure>\n<\/div>\n\n\n\n<div class=\"wp-block-column is-layout-flow wp-block-column-is-layout-flow\">\n<h2 class=\"wp-block-heading\">Suavizante de silicona textil Aplicaciones:<\/h2>\n\n\n\n<p><strong>Acabado de tejido sint\u00e9tico: <\/strong>El suavizante de silicona textil se utiliza para el acabado de tejidos sint\u00e9ticos como el poli\u00e9ster, el nailon y el acr\u00edlico para darles un tacto suave, liso y lujoso, imprescindible para prendas y tapicer\u00edas.<\/p>\n\n\n\n<p><strong>Ropa deportiva y de ocio:<\/strong> Aumentan la comodidad de las prendas, proporcionan un tacto sedoso y mejoran la gesti\u00f3n de la humedad y la transpirabilidad de los tejidos deportivos.<\/p>\n\n\n\n<p><strong>Textiles para el hogar:<\/strong> El suavizante de silicona se utiliza ampliamente en textiles para el hogar, como toallas, ropa de cama y cortinas, para mejorar su suavidad, absorbencia y comodidad general.<\/p>\n\n\n\n<p><strong>Tratamiento funcional del tejido:<\/strong> Utilice este suavizante para tratar tejidos funcionales, como los que evacuan la humedad y repelen el agua, lo que puede mejorar significativamente la suavidad del tejido y aumentar sus prestaciones.<\/p>\n\n\n\n<p><strong>Prendas y tejidos de gama alta: <\/strong>En tejidos y prendas de alto valor, el suavizante de silicona textil confiere un lujoso acabado de seda aterciopelada que realza el atractivo est\u00e9tico y el confort de los tejidos de alta gama, haci\u00e9ndolos m\u00e1s sofisticados y refinados.<\/p>\n<\/div>\n<\/div>","protected":false},"excerpt":{"rendered":"<p>Como fabricante de suavizantes de silicona textil, desarrollamos y producimos aceites de silicona en bloque de alta concentraci\u00f3n, que son adecuados para el acabado suave y delicado de diversas fibras qu\u00edmicas, dando a los tejidos un tacto de alta gama como la seda.<\/p>\n<p><strong>N\u00ba de modelo<\/strong>70706<\/p>","protected":false},"featured_media":1450,"comment_status":"closed","ping_status":"closed","template":"","meta":{"_acf_changed":false},"material":[27,28,29,34],"process":[23,42,24],"product_brand":[],"product_cat":[15],"product_tag":[],"class_list":{"0":"post-1109","1":"product","2":"type-product","3":"status-publish","4":"has-post-thumbnail","6":"material-polyester-chemicals","7":"material-nylon-agent","8":"material-acrylic-chemicals","9":"material-fabric-chemicals","10":"process-textile-finishing-chemicals","11":"process-softener","12":"process-silicone-oil","13":"product_cat-uncategorized","15":"first","16":"instock","17":"shipping-taxable","18":"product-type-simple"},"acf":[],"_links":{"self":[{"href":"https:\/\/www.bluelakechem.com\/es\/wp-json\/wp\/v2\/product\/1109","targetHints":{"allow":["GET"]}}],"collection":[{"href":"https:\/\/www.bluelakechem.com\/es\/wp-json\/wp\/v2\/product"}],"about":[{"href":"https:\/\/www.bluelakechem.com\/es\/wp-json\/wp\/v2\/types\/product"}],"replies":[{"embeddable":true,"href":"https:\/\/www.bluelakechem.com\/es\/wp-json\/wp\/v2\/comments?post=1109"}],"wp:featuredmedia":[{"embeddable":true,"href":"https:\/\/www.bluelakechem.com\/es\/wp-json\/wp\/v2\/media\/1450"}],"wp:attachment":[{"href":"https:\/\/www.bluelakechem.com\/es\/wp-json\/wp\/v2\/media?parent=1109"}],"wp:term":[{"taxonomy":"material","embeddable":true,"href":"https:\/\/www.bluelakechem.com\/es\/wp-json\/wp\/v2\/material?post=1109"},{"taxonomy":"process","embeddable":true,"href":"https:\/\/www.bluelakechem.com\/es\/wp-json\/wp\/v2\/process?post=1109"},{"taxonomy":"product_brand","embeddable":true,"href":"https:\/\/www.bluelakechem.com\/es\/wp-json\/wp\/v2\/product_brand?post=1109"},{"taxonomy":"product_cat","embeddable":true,"href":"https:\/\/www.bluelakechem.com\/es\/wp-json\/wp\/v2\/product_cat?post=1109"},{"taxonomy":"product_tag","embeddable":true,"href":"https:\/\/www.bluelakechem.com\/es\/wp-json\/wp\/v2\/product_tag?post=1109"}],"curies":[{"name":"wp","href":"https:\/\/api.w.org\/{rel}","templated":true}]}}