{"id":1138,"date":"2025-01-04T02:54:39","date_gmt":"2025-01-04T02:54:39","guid":{"rendered":"https:\/\/www.bluelakechem.com\/?post_type=product&#038;p=1138"},"modified":"2025-01-17T12:32:39","modified_gmt":"2025-01-17T12:32:39","slug":"fixing-agent-in-textile","status":"publish","type":"product","link":"https:\/\/www.bluelakechem.com\/es\/product\/fixing-agent-in-textile\/","title":{"rendered":"Agente Fijador en Textil para Acabado con Tintes \u00c1cidos de Nylon"},"content":{"rendered":"<div class=\"wp-block-columns is-layout-flex wp-container-core-columns-is-layout-9d6595d7 wp-block-columns-is-layout-flex\">\n<div class=\"wp-block-column is-layout-flow wp-block-column-is-layout-flow\" style=\"flex-basis:50%\">\n<h2 class=\"wp-block-heading\">Caracter\u00edsticas del agente fijador en el textil:<\/h2>\n\n\n\n<p><strong>Mejora la solidez del color: <\/strong>Los fijadores de color en textiles pueden mejorar todos los aspectos de la solidez del color, incluidas la solidez al lavado, al frote, a la transpiraci\u00f3n y a la luz, manteniendo la integridad del color de los tejidos te\u00f1idos.<\/p>\n\n\n\n<p><strong>Dedicado a los tintes \u00e1cidos:<\/strong> Puede aumentar el rendimiento de los colorantes \u00e1cidos, mejorar la tasa de absorci\u00f3n del colorante y la eficacia general de la tintura.<\/p>\n\n\n\n<p><strong>Mejorar la durabilidad del tejido:<\/strong> Permiten que los tejidos mantengan su color tras repetidos lavados y usos, reducen la decoloraci\u00f3n y prolongan su vida \u00fatil.<\/p>\n\n\n\n<p><strong>Adecuado para tejidos de nailon: <\/strong>Especialmente indicado para fibras de nailon, hilos de nailon, trenzas y otras fibras sint\u00e9ticas, sobre todo para mejorar la solidez del color y la estabilidad del tinte en la tintura y el acabado de tejidos de nailon.<\/p>\n\n\n\n<p><strong>Simplifique los procesos de tintura y postimpresi\u00f3n: <\/strong>Reducir la complejidad de las operaciones de acabado textil.<\/p>\n<\/div>\n\n\n\n<div class=\"wp-block-column is-layout-flow wp-block-column-is-layout-flow\" style=\"flex-basis:50%\">\n<figure class=\"wp-block-embed is-type-video is-provider-youtube wp-block-embed-youtube wp-embed-aspect-16-9 wp-has-aspect-ratio\"><div class=\"wp-block-embed__wrapper\">\n<iframe title=\"\u00bfQu\u00e9 hacer con que las telas de nylon en color oscuro se desvanecen en serio? \u00c1cido fijador #textilechemicals\" width=\"500\" height=\"281\" src=\"https:\/\/www.youtube.com\/embed\/3j19zuHvITU?feature=oembed\" frameborder=\"0\" allow=\"accelerometer; autoplay; clipboard-write; encrypted-media; gyroscope; picture-in-picture; web-share\" referrerpolicy=\"strict-origin-when-cross-origin\" allowfullscreen><\/iframe>\n<\/div><\/figure>\n<\/div>\n<\/div>\n\n\n\n<div class=\"wp-block-columns is-layout-flex wp-container-core-columns-is-layout-9d6595d7 wp-block-columns-is-layout-flex\">\n<div class=\"wp-block-column is-layout-flow wp-block-column-is-layout-flow\">\n<figure class=\"wp-block-image size-full\"><img decoding=\"async\" width=\"1180\" height=\"741\" src=\"https:\/\/www.bluelakechem.com\/wp-content\/uploads\/2024\/12\/Fixing-Agent-in-Textile-2.webp\" alt=\"Fijador textil (2)\" class=\"wp-image-1148\" srcset=\"https:\/\/www.bluelakechem.com\/wp-content\/uploads\/2024\/12\/Fixing-Agent-in-Textile-2.webp 1180w, https:\/\/www.bluelakechem.com\/wp-content\/uploads\/2024\/12\/Fixing-Agent-in-Textile-2-300x188.webp 300w, https:\/\/www.bluelakechem.com\/wp-content\/uploads\/2024\/12\/Fixing-Agent-in-Textile-2-768x482.webp 768w, https:\/\/www.bluelakechem.com\/wp-content\/uploads\/2024\/12\/Fixing-Agent-in-Textile-2-600x377.webp 600w\" sizes=\"(max-width: 1180px) 100vw, 1180px\" \/><\/figure>\n<\/div>\n\n\n\n<div class=\"wp-block-column is-layout-flow wp-block-column-is-layout-flow\">\n<h2 class=\"wp-block-heading\">Aplicaciones del agente fijador en el textil:<\/h2>\n\n\n\n<p><strong>Hilos y tejidos de nailon<\/strong>:<br>Se utiliza en procesos de fijaci\u00f3n de tejidos de nailon te\u00f1idos o estampados para mejorar la viveza del color y la durabilidad.<\/p>\n\n\n\n<p><strong>Cintas tejidas<\/strong>:<br>Garantiza una mayor solidez y uniformidad del color en cintas tejidas de nailon, utilizadas habitualmente en prendas de vestir, accesorios y textiles industriales.<\/p>\n\n\n\n<p><strong>Confecci\u00f3n<\/strong>:<br>Aplicable en tratamientos posteriores al te\u00f1ido de prendas de nailon, garantizando colores vibrantes y duraderos en los productos acabados.<\/p>\n\n\n\n<p><strong>Textiles industriales y funcionales<\/strong>:<br>Adecuado para textiles funcionales a base de nailon, donde la solidez del color y la uniformidad son fundamentales.<\/p>\n\n\n\n<p><strong>Moda y ropa deportiva<\/strong>:<br>Ideal para tejidos de nailon utilizados en moda y ropa deportiva, garantizando colores vivos y durabilidad bajo uso y lavados frecuentes.<\/p>\n<\/div>\n<\/div>\n\n\n\n<p><\/p>","protected":false},"excerpt":{"rendered":"<p>El agente fijador en textiles de Bluelakechem, especialmente dise\u00f1ado para colorantes \u00e1cidos, es ideal para la fijaci\u00f3n posterior al te\u00f1ido y estampado de hilos de nailon, cintas tejidas y tejidos. Mejora varios aspectos de la solidez del color a la vez que resulta rentable.<\/p>\n<p><strong>N\u00ba de modelo<\/strong>23061<\/p>","protected":false},"featured_media":1449,"comment_status":"closed","ping_status":"closed","template":"","meta":{"_acf_changed":false},"material":[28,31,33],"process":[23,25],"product_brand":[],"product_cat":[15],"product_tag":[],"class_list":{"0":"post-1138","1":"product","2":"type-product","3":"status-publish","4":"has-post-thumbnail","6":"material-nylon-agent","7":"material-wool-auxiliary","8":"material-silk-chemicals","9":"process-textile-finishing-chemicals","10":"process-textile-finishing-agent","11":"product_cat-uncategorized","13":"first","14":"instock","15":"shipping-taxable","16":"product-type-simple"},"acf":[],"_links":{"self":[{"href":"https:\/\/www.bluelakechem.com\/es\/wp-json\/wp\/v2\/product\/1138","targetHints":{"allow":["GET"]}}],"collection":[{"href":"https:\/\/www.bluelakechem.com\/es\/wp-json\/wp\/v2\/product"}],"about":[{"href":"https:\/\/www.bluelakechem.com\/es\/wp-json\/wp\/v2\/types\/product"}],"replies":[{"embeddable":true,"href":"https:\/\/www.bluelakechem.com\/es\/wp-json\/wp\/v2\/comments?post=1138"}],"wp:featuredmedia":[{"embeddable":true,"href":"https:\/\/www.bluelakechem.com\/es\/wp-json\/wp\/v2\/media\/1449"}],"wp:attachment":[{"href":"https:\/\/www.bluelakechem.com\/es\/wp-json\/wp\/v2\/media?parent=1138"}],"wp:term":[{"taxonomy":"material","embeddable":true,"href":"https:\/\/www.bluelakechem.com\/es\/wp-json\/wp\/v2\/material?post=1138"},{"taxonomy":"process","embeddable":true,"href":"https:\/\/www.bluelakechem.com\/es\/wp-json\/wp\/v2\/process?post=1138"},{"taxonomy":"product_brand","embeddable":true,"href":"https:\/\/www.bluelakechem.com\/es\/wp-json\/wp\/v2\/product_brand?post=1138"},{"taxonomy":"product_cat","embeddable":true,"href":"https:\/\/www.bluelakechem.com\/es\/wp-json\/wp\/v2\/product_cat?post=1138"},{"taxonomy":"product_tag","embeddable":true,"href":"https:\/\/www.bluelakechem.com\/es\/wp-json\/wp\/v2\/product_tag?post=1138"}],"curies":[{"name":"wp","href":"https:\/\/api.w.org\/{rel}","templated":true}]}}