{"id":1249,"date":"2025-01-04T02:30:25","date_gmt":"2025-01-04T02:30:25","guid":{"rendered":"https:\/\/www.bluelakechem.com\/?post_type=product&#038;p=1249"},"modified":"2025-02-22T08:14:48","modified_gmt":"2025-02-22T08:14:48","slug":"silicone-softener","status":"publish","type":"product","link":"https:\/\/www.bluelakechem.com\/es\/product\/silicone-softener\/","title":{"rendered":"Suavizante de silicona Productos qu\u00edmicos textiles para toallas Acabado de tejidos de algod\u00f3n Poli\u00e9ster"},"content":{"rendered":"<div class=\"wp-block-columns is-layout-flex wp-container-core-columns-is-layout-9d6595d7 wp-block-columns-is-layout-flex\">\n<div class=\"wp-block-column is-layout-flow wp-block-column-is-layout-flow\" style=\"flex-basis:50%\">\n<h2 class=\"wp-block-heading\">Suavizante de silicona Caracter\u00edsticas:<\/h2>\n\n\n\n<p><strong>Excelente suavidad:<\/strong> El Suavizante de Silicona proporciona una suavidad excelente y confiere a los tejidos m\u00e1s delicadeza y suavidad.<\/p>\n\n\n\n<p><strong>Mayor elasticidad:<\/strong> Mejora eficazmente la elasticidad de los tejidos, mejorando as\u00ed la durabilidad y los efectos antiarrugas.<\/p>\n\n\n\n<p><strong>Da una sensaci\u00f3n esponjosa:<\/strong> Adecuado para toallas, mantas y otras aplicaciones textiles que requieran un efecto esponjoso.<\/p>\n\n\n\n<p><strong>Mejora la hidrofilia:<\/strong> El suavizante de silicona favorece la hidrofilia y la transpirabilidad de los tejidos. Especialmente indicado para toallas, ropa deportiva y otros productos que exigen una gran capacidad de absorci\u00f3n de agua.<\/p>\n\n\n\n<p><strong>Gran durabilidad:<\/strong> Los tejidos tratados tienen un tacto suave y una calidad excelente, tanto despu\u00e9s del lavado como durante un uso prolongado.<\/p>\n\n\n\n<p><strong>Ecol\u00f3gico y seguro:<\/strong> Cumple todos los requisitos del ecotextil y es inocuo para el cuerpo humano y el medio ambiente.<\/p>\n\n\n\n<h2 class=\"wp-block-heading\">Aplicaciones del suavizante de silicona:<\/h2>\n\n\n\n<p><strong>Toallas y textiles para el hogar: <\/strong>Mejora la suavidad y la absorci\u00f3n de agua. Dar toalla y ropa de cama buena pelusa y mejorar la comodidad de uso.<\/p>\n\n\n\n<p><strong>Tejidos para prendas de vestir: <\/strong>Adecuado para tejidos de algod\u00f3n, poli\u00e9ster y mezclas, el tacto suave y liso de la superficie aumenta el valor adicional.<\/p>\n\n\n\n<p><strong>Punto y Tejidos: <\/strong>El suavizante de silicona mejora la ca\u00edda y la elasticidad del tejido de punto y tambi\u00e9n confiere suavidad y comodidad a los tejidos.<\/p>\n\n\n\n<p><strong>Ropa deportiva y textiles funcionales:<\/strong> El suavizante de silicona mejora la evacuaci\u00f3n de la humedad y las propiedades de secado r\u00e1pido, por lo que es perfecto para prendas funcionales y deportivas.<\/p>\n\n\n\n<p><strong>Textiles decorativos:<\/strong> Se aplica en tejidos decorativos como telas para cortinas y sof\u00e1s para realzar la suavidad y el efecto visual y mejorar el tacto y la textura.<\/p>\n<\/div>\n\n\n\n<div class=\"wp-block-column is-layout-flow wp-block-column-is-layout-flow\" style=\"flex-basis:50%\">\n<figure class=\"wp-block-image size-full\"><img decoding=\"async\" width=\"800\" height=\"800\" src=\"https:\/\/www.bluelakechem.com\/wp-content\/uploads\/2025\/01\/Silicone-Softener.webp\" alt=\"Suavizante de silicona\" class=\"wp-image-1451\" srcset=\"https:\/\/www.bluelakechem.com\/wp-content\/uploads\/2025\/01\/Silicone-Softener.webp 800w, https:\/\/www.bluelakechem.com\/wp-content\/uploads\/2025\/01\/Silicone-Softener-300x300.webp 300w, https:\/\/www.bluelakechem.com\/wp-content\/uploads\/2025\/01\/Silicone-Softener-150x150.webp 150w, https:\/\/www.bluelakechem.com\/wp-content\/uploads\/2025\/01\/Silicone-Softener-768x768.webp 768w, https:\/\/www.bluelakechem.com\/wp-content\/uploads\/2025\/01\/Silicone-Softener-12x12.webp 12w, https:\/\/www.bluelakechem.com\/wp-content\/uploads\/2025\/01\/Silicone-Softener-600x600.webp 600w, https:\/\/www.bluelakechem.com\/wp-content\/uploads\/2025\/01\/Silicone-Softener-100x100.webp 100w\" sizes=\"(max-width: 800px) 100vw, 800px\" \/><\/figure>\n<\/div>\n<\/div>\n\n\n\n<p><\/p>","protected":false},"excerpt":{"rendered":"<p>Se trata de un suavizante de silicona vers\u00e1til para el proceso de acabado suave de diversos tejidos, toallas, prendas y textiles. Este producto mejora la hidrofilia a la vez que proporciona un tacto excepcionalmente suave y esponjoso, por lo que es ideal para conseguir acabados de primera calidad en la fabricaci\u00f3n textil.<\/p>\n<p><strong>N\u00ba de modelo <\/strong>35426<\/p>\n<p><img decoding=\"async\" class=\"alignnone size-medium wp-image-1659\" src=\"https:\/\/www.bluelakechem.com\/wp-content\/uploads\/2025\/01\/35426-\u5b9e\u9a8c-\uff08\u53cclogo\uff09-300x300.jpg\" alt=\"\" width=\"300\" height=\"300\" srcset=\"https:\/\/www.bluelakechem.com\/wp-content\/uploads\/2025\/01\/35426-\u5b9e\u9a8c-\uff08\u53cclogo\uff09-300x300.jpg 300w, https:\/\/www.bluelakechem.com\/wp-content\/uploads\/2025\/01\/35426-\u5b9e\u9a8c-\uff08\u53cclogo\uff09-150x150.jpg 150w, https:\/\/www.bluelakechem.com\/wp-content\/uploads\/2025\/01\/35426-\u5b9e\u9a8c-\uff08\u53cclogo\uff09-768x768.jpg 768w, https:\/\/www.bluelakechem.com\/wp-content\/uploads\/2025\/01\/35426-\u5b9e\u9a8c-\uff08\u53cclogo\uff09-12x12.jpg 12w, https:\/\/www.bluelakechem.com\/wp-content\/uploads\/2025\/01\/35426-\u5b9e\u9a8c-\uff08\u53cclogo\uff09-600x600.jpg 600w, https:\/\/www.bluelakechem.com\/wp-content\/uploads\/2025\/01\/35426-\u5b9e\u9a8c-\uff08\u53cclogo\uff09-100x100.jpg 100w, https:\/\/www.bluelakechem.com\/wp-content\/uploads\/2025\/01\/35426-\u5b9e\u9a8c-\uff08\u53cclogo\uff09.jpg 800w\" sizes=\"(max-width: 300px) 100vw, 300px\" \/><\/p>","protected":false},"featured_media":1451,"comment_status":"closed","ping_status":"closed","template":"","meta":{"_acf_changed":false},"material":[26,27,28,29,30,31,32,33,34],"process":[23,42],"product_brand":[],"product_cat":[15],"product_tag":[],"class_list":{"0":"post-1249","1":"product","2":"type-product","3":"status-publish","4":"has-post-thumbnail","6":"material-cotton-agent","7":"material-polyester-chemicals","8":"material-nylon-agent","9":"material-acrylic-chemicals","10":"material-viscose-chemicals","11":"material-wool-auxiliary","12":"material-linen-chemicals","13":"material-silk-chemicals","14":"material-fabric-chemicals","15":"process-textile-finishing-chemicals","16":"process-softener","17":"product_cat-uncategorized","19":"first","20":"instock","21":"shipping-taxable","22":"product-type-simple"},"acf":[],"_links":{"self":[{"href":"https:\/\/www.bluelakechem.com\/es\/wp-json\/wp\/v2\/product\/1249","targetHints":{"allow":["GET"]}}],"collection":[{"href":"https:\/\/www.bluelakechem.com\/es\/wp-json\/wp\/v2\/product"}],"about":[{"href":"https:\/\/www.bluelakechem.com\/es\/wp-json\/wp\/v2\/types\/product"}],"replies":[{"embeddable":true,"href":"https:\/\/www.bluelakechem.com\/es\/wp-json\/wp\/v2\/comments?post=1249"}],"wp:featuredmedia":[{"embeddable":true,"href":"https:\/\/www.bluelakechem.com\/es\/wp-json\/wp\/v2\/media\/1451"}],"wp:attachment":[{"href":"https:\/\/www.bluelakechem.com\/es\/wp-json\/wp\/v2\/media?parent=1249"}],"wp:term":[{"taxonomy":"material","embeddable":true,"href":"https:\/\/www.bluelakechem.com\/es\/wp-json\/wp\/v2\/material?post=1249"},{"taxonomy":"process","embeddable":true,"href":"https:\/\/www.bluelakechem.com\/es\/wp-json\/wp\/v2\/process?post=1249"},{"taxonomy":"product_brand","embeddable":true,"href":"https:\/\/www.bluelakechem.com\/es\/wp-json\/wp\/v2\/product_brand?post=1249"},{"taxonomy":"product_cat","embeddable":true,"href":"https:\/\/www.bluelakechem.com\/es\/wp-json\/wp\/v2\/product_cat?post=1249"},{"taxonomy":"product_tag","embeddable":true,"href":"https:\/\/www.bluelakechem.com\/es\/wp-json\/wp\/v2\/product_tag?post=1249"}],"curies":[{"name":"wp","href":"https:\/\/api.w.org\/{rel}","templated":true}]}}