{"id":1478,"date":"2025-01-22T01:25:59","date_gmt":"2025-01-22T01:25:59","guid":{"rendered":"https:\/\/www.bluelakechem.com\/?post_type=product&#038;p=1478"},"modified":"2025-02-22T08:16:40","modified_gmt":"2025-02-22T08:16:40","slug":"dyes-disperse-agent-textile-chemicals-for-fabric-dyeing-auxiliaries","status":"publish","type":"product","link":"https:\/\/www.bluelakechem.com\/es\/product\/dyes-disperse-agent-textile-chemicals-for-fabric-dyeing-auxiliaries\/","title":{"rendered":"Dispersante en tintura para tejidos, Auxiliares de tintura al por mayor"},"content":{"rendered":"<div class=\"wp-block-columns is-layout-flex wp-container-core-columns-is-layout-9d6595d7 wp-block-columns-is-layout-flex\">\n<div class=\"wp-block-column is-layout-flow wp-block-column-is-layout-flow\" style=\"flex-basis:50%\">\n<h2 class=\"wp-block-heading\">Descripci\u00f3n del agente dispersante en la tintura:<\/h2>\n\n\n\n<ul class=\"wp-block-list\">\n<li>El agente dispersante 45191 se compone principalmente de derivados sulfonados.<\/li>\n\n\n\n<li>Es adecuado para dispersar colorantes, colorantes reactivos y colorantes \u00e1cidos para mejorar la estabilidad de los ba\u00f1os de tintura y evitar la coagulaci\u00f3n de los colorantes.<\/li>\n\n\n\n<li>Tiene un efecto dispersante y solubilizante en colorantes dispersos, colorantes reactivos y colorantes \u00e1cidos para mejorar el rendimiento de nivelaci\u00f3n de los colorantes.<\/li>\n\n\n\n<li>Es un agente dispersante multiuso y poco espumoso, adecuado para tejidos de poli\u00e9ster, lana, nailon, fibra de celulosa y sus mezclas, etc.<\/li>\n<\/ul>\n\n\n\n<h2 class=\"wp-block-heading\">Caracter\u00edsticas<strong> <\/strong>de agente dispersante en la tintura:<\/h2>\n\n\n\n<ol class=\"wp-block-list\">\n<li>Puede utilizarse como coloide protector en el proceso de tintura.<\/li>\n\n\n\n<li>Excelente estabilidad y dispersidad. Evita las manchas de color.<\/li>\n\n\n\n<li>Estable en aguas \u00e1cidas, alcalinas, electrol\u00edticas y duras.<\/li>\n\n\n\n<li>Se disuelve f\u00e1cilmente en agua. Poca espuma.<\/li>\n\n\n\n<li>F\u00e1cil de usar.<\/li>\n<\/ol>\n<\/div>\n\n\n\n<div class=\"wp-block-column is-layout-flow wp-block-column-is-layout-flow\" style=\"flex-basis:50%\">\n<h2 class=\"wp-block-heading\">Propiedades del agente dispersante en la tintura:<\/h2>\n\n\n\n<figure class=\"wp-block-table\"><table class=\"has-fixed-layout\"><tbody><tr><td>Apariencia:<\/td><td>Polvo amarillo<\/td><\/tr><tr><td>Ionicidad:<\/td><td>Ani\u00f3nico<\/td><\/tr><tr><td>Valor del pH:<\/td><td>7,5\u00b11,0 (1% soluci\u00f3n acuosa)<\/td><\/tr><tr><td>Solubilidad:<\/td><td>Soluble en agua<\/td><\/tr><\/tbody><\/table><\/figure>\n\n\n\n<h2 class=\"wp-block-heading\">Instrucci\u00f3n del agente dispersante en la tintura:<\/h2>\n\n\n\n<ol class=\"wp-block-list\">\n<li>En la tintura de colorantes dispersos, se utiliza para evitar las manchas de color.<\/li>\n\n\n\n<li>Dosis de referencia: 0,2~0,5% (f.o.p.)<\/li>\n\n\n\n<li>En el te\u00f1ido de tintes reactivos, se utiliza como agente nivelador reactivo.<\/li>\n\n\n\n<li>Dosis de referencia: 0,5~1,0% (f.o.p.).<\/li>\n<\/ol>\n<\/div>\n<\/div>","protected":false},"excerpt":{"rendered":"<p>Agente dispersante de producci\u00f3n directa al por mayor en tintorer\u00eda. Polvo dispersante de uso general, adecuado para algod\u00f3n, poli\u00e9ster, nailon y lana, etc. Tiene buen efecto dispersante y solubilizante sobre colorantes directos, colorantes reactivos, colorantes dispersos y colorantes \u00e1cidos, etc., puede proteger el ba\u00f1o de tintura, puede reducir las manchas de color o las manchas de color.<\/p>\n<p><strong>N\u00ba de modelo<\/strong>45191<\/p>\n<p><img decoding=\"async\" class=\"alignnone size-medium wp-image-1661\" src=\"https:\/\/www.bluelakechem.com\/wp-content\/uploads\/2025\/01\/Q60-45191-\u5b9e\u9a8c\uff08\u53cclogo_-300x300.jpg\" alt=\"\" width=\"300\" height=\"300\" srcset=\"https:\/\/www.bluelakechem.com\/wp-content\/uploads\/2025\/01\/Q60-45191-\u5b9e\u9a8c\uff08\u53cclogo_-300x300.jpg 300w, https:\/\/www.bluelakechem.com\/wp-content\/uploads\/2025\/01\/Q60-45191-\u5b9e\u9a8c\uff08\u53cclogo_-150x150.jpg 150w, https:\/\/www.bluelakechem.com\/wp-content\/uploads\/2025\/01\/Q60-45191-\u5b9e\u9a8c\uff08\u53cclogo_-768x768.jpg 768w, https:\/\/www.bluelakechem.com\/wp-content\/uploads\/2025\/01\/Q60-45191-\u5b9e\u9a8c\uff08\u53cclogo_-12x12.jpg 12w, https:\/\/www.bluelakechem.com\/wp-content\/uploads\/2025\/01\/Q60-45191-\u5b9e\u9a8c\uff08\u53cclogo_-600x600.jpg 600w, https:\/\/www.bluelakechem.com\/wp-content\/uploads\/2025\/01\/Q60-45191-\u5b9e\u9a8c\uff08\u53cclogo_-100x100.jpg 100w, https:\/\/www.bluelakechem.com\/wp-content\/uploads\/2025\/01\/Q60-45191-\u5b9e\u9a8c\uff08\u53cclogo_.jpg 800w\" sizes=\"(max-width: 300px) 100vw, 300px\" \/><\/p>","protected":false},"featured_media":1533,"comment_status":"closed","ping_status":"closed","template":"","meta":{"_acf_changed":false},"material":[26,27,28,29,30,31,32,33,34],"process":[20,38,42,24],"product_brand":[],"product_cat":[15],"product_tag":[],"class_list":{"0":"post-1478","1":"product","2":"type-product","3":"status-publish","4":"has-post-thumbnail","6":"material-cotton-agent","7":"material-polyester-chemicals","8":"material-nylon-agent","9":"material-acrylic-chemicals","10":"material-viscose-chemicals","11":"material-wool-auxiliary","12":"material-linen-chemicals","13":"material-silk-chemicals","14":"material-fabric-chemicals","15":"process-dyeing-auxiliaries","16":"process-disperse-leveling-agent","17":"process-softener","18":"process-silicone-oil","19":"product_cat-uncategorized","21":"first","22":"instock","23":"shipping-taxable","24":"product-type-simple"},"acf":[],"_links":{"self":[{"href":"https:\/\/www.bluelakechem.com\/es\/wp-json\/wp\/v2\/product\/1478","targetHints":{"allow":["GET"]}}],"collection":[{"href":"https:\/\/www.bluelakechem.com\/es\/wp-json\/wp\/v2\/product"}],"about":[{"href":"https:\/\/www.bluelakechem.com\/es\/wp-json\/wp\/v2\/types\/product"}],"replies":[{"embeddable":true,"href":"https:\/\/www.bluelakechem.com\/es\/wp-json\/wp\/v2\/comments?post=1478"}],"wp:featuredmedia":[{"embeddable":true,"href":"https:\/\/www.bluelakechem.com\/es\/wp-json\/wp\/v2\/media\/1533"}],"wp:attachment":[{"href":"https:\/\/www.bluelakechem.com\/es\/wp-json\/wp\/v2\/media?parent=1478"}],"wp:term":[{"taxonomy":"material","embeddable":true,"href":"https:\/\/www.bluelakechem.com\/es\/wp-json\/wp\/v2\/material?post=1478"},{"taxonomy":"process","embeddable":true,"href":"https:\/\/www.bluelakechem.com\/es\/wp-json\/wp\/v2\/process?post=1478"},{"taxonomy":"product_brand","embeddable":true,"href":"https:\/\/www.bluelakechem.com\/es\/wp-json\/wp\/v2\/product_brand?post=1478"},{"taxonomy":"product_cat","embeddable":true,"href":"https:\/\/www.bluelakechem.com\/es\/wp-json\/wp\/v2\/product_cat?post=1478"},{"taxonomy":"product_tag","embeddable":true,"href":"https:\/\/www.bluelakechem.com\/es\/wp-json\/wp\/v2\/product_tag?post=1478"}],"curies":[{"name":"wp","href":"https:\/\/api.w.org\/{rel}","templated":true}]}}