{"id":1498,"date":"2025-01-22T01:26:25","date_gmt":"2025-01-22T01:26:25","guid":{"rendered":"https:\/\/www.bluelakechem.com\/?post_type=product&#038;p=1498"},"modified":"2025-10-28T09:19:25","modified_gmt":"2025-10-28T09:19:25","slug":"water-proofing-agent-without-fluorinated-textile-auxiliry","status":"publish","type":"product","link":"https:\/\/www.bluelakechem.com\/es\/product\/water-proofing-agent-without-fluorinated-textile-auxiliry\/","title":{"rendered":"Agente impermeabilizante sin fluorocarburos C0, Productos qu\u00edmicos para acabado textil"},"content":{"rendered":"<div class=\"wp-block-columns is-layout-flex wp-container-core-columns-is-layout-9d6595d7 wp-block-columns-is-layout-flex\">\n<div class=\"wp-block-column is-layout-flow wp-block-column-is-layout-flow\" style=\"flex-basis:50%\">\n<h2 class=\"wp-block-heading\">Agente impermeabilizante Descripci\u00f3n:<\/h2>\n\n\n\n<ul class=\"wp-block-list\">\n<li>44204 waterproofing agent is mainly composed of organic ester derivatives.<\/li>\n\n\n\n<li>Despu\u00e9s de formar una pel\u00edcula reticulada en la superficie de la fibra, puede reducir la tensi\u00f3n superficial de los tejidos, lo que confiere a varios tipos de tejidos un efecto impermeabilizante.<\/li>\n<\/ul>\n\n\n\n<h2 class=\"wp-block-heading\">Water Proofing Agent Features:<\/h2>\n\n\n\n<ol class=\"wp-block-list\">\n<li>Excelente propiedad lavable y resistencia a la limpieza en seco.<\/li>\n\n\n\n<li>Imparts fabrics&#8217; water repellency&nbsp;and waterproofing ability.<\/li>\n\n\n\n<li>Mantiene la impermeabilidad tras el lavado y secado dom\u00e9stico.<\/li>\n<\/ol>\n\n\n\n<figure class=\"wp-block-image size-full\"><img decoding=\"async\" width=\"2256\" height=\"1181\" src=\"https:\/\/www.bluelakechem.com\/wp-content\/uploads\/2025\/01\/Water-Proofing-Agent-44204.webp\" alt=\"Water Proofing Agent\" class=\"wp-image-3202\" srcset=\"https:\/\/www.bluelakechem.com\/wp-content\/uploads\/2025\/01\/Water-Proofing-Agent-44204.webp 2256w, https:\/\/www.bluelakechem.com\/wp-content\/uploads\/2025\/01\/Water-Proofing-Agent-44204-300x157.webp 300w, https:\/\/www.bluelakechem.com\/wp-content\/uploads\/2025\/01\/Water-Proofing-Agent-44204-768x402.webp 768w, https:\/\/www.bluelakechem.com\/wp-content\/uploads\/2025\/01\/Water-Proofing-Agent-44204-18x9.webp 18w, https:\/\/www.bluelakechem.com\/wp-content\/uploads\/2025\/01\/Water-Proofing-Agent-44204-1200x628.webp 1200w, https:\/\/www.bluelakechem.com\/wp-content\/uploads\/2025\/01\/Water-Proofing-Agent-44204-600x314.webp 600w\" sizes=\"(max-width: 2256px) 100vw, 2256px\" \/><\/figure>\n<\/div>\n\n\n\n<div class=\"wp-block-column is-layout-flow wp-block-column-is-layout-flow\" style=\"flex-basis:50%\">\n<figure class=\"wp-block-embed is-type-video is-provider-youtube wp-block-embed-youtube wp-embed-aspect-16-9 wp-has-aspect-ratio\"><div class=\"wp-block-embed__wrapper\">\n<iframe title=\"From outdoor jackets to everyday fabrics, How to  want them to stay waterproof #textilechemicals\" width=\"500\" height=\"281\" src=\"https:\/\/www.youtube.com\/embed\/34LQ83vNE1Q?feature=oembed\" frameborder=\"0\" allow=\"accelerometer; autoplay; clipboard-write; encrypted-media; gyroscope; picture-in-picture; web-share\" referrerpolicy=\"strict-origin-when-cross-origin\" allowfullscreen><\/iframe>\n<\/div><\/figure>\n\n\n\n<h2 class=\"wp-block-heading\">Propiedades del impermeabilizante:<\/h2>\n\n\n\n<figure class=\"wp-block-table\"><table class=\"has-fixed-layout\"><tbody><tr><td>Apariencia:<\/td><td>Emulsi\u00f3n blanca como la leche<\/td><\/tr><tr><td>Ionicidad:<\/td><td>Cati\u00f3nico<\/td><\/tr><tr><td>Valor del pH:<\/td><td>6,5\u00b11,0 (1% soluci\u00f3n acuosa)<\/td><\/tr><tr><td>Solubilidad:<\/td><td>Soluble en agua<\/td><\/tr><\/tbody><\/table><\/figure>\n\n\n\n<h2 class=\"wp-block-heading\">Instrucci\u00f3n del agente impermeabilizante:<\/h2>\n\n\n\n<p>Inmersi\u00f3n y acolchado (Recogida: 60~70%) \u2192 Secado y fraguado (130~150\u2103\u00d730~60s).<\/p>\n\n\n\n<p>Dosis de referencia: 20~50 g\/L<\/p>\n<\/div>\n<\/div>\n\n\n\n<p><\/p>","protected":false},"excerpt":{"rendered":"<p>Como fabricante de auxiliares textiles, ofrecemos una amplia gama de auxiliares de acabado textil de alto rendimiento, incluyendo impermeabilizantes, antiarrugas, suavizantes, etc. P\u00f3ngase en contacto con nosotros hoy mismo para obtener m\u00e1s informaci\u00f3n sobre las soluciones de impermeabilizaci\u00f3n textil de alta calidad.<\/p>\n<p><strong>N\u00ba de modelo<\/strong>44204<\/p>","protected":false},"featured_media":3206,"comment_status":"closed","ping_status":"closed","template":"","meta":{"_acf_changed":false},"material":[26,27,28,29,30,31,32,33,34],"process":[23,25],"product_brand":[],"product_cat":[15],"product_tag":[],"class_list":{"0":"post-1498","1":"product","2":"type-product","3":"status-publish","4":"has-post-thumbnail","6":"material-cotton-agent","7":"material-polyester-chemicals","8":"material-nylon-agent","9":"material-acrylic-chemicals","10":"material-viscose-chemicals","11":"material-wool-auxiliary","12":"material-linen-chemicals","13":"material-silk-chemicals","14":"material-fabric-chemicals","15":"process-textile-finishing-chemicals","16":"process-textile-finishing-agent","17":"product_cat-uncategorized","19":"first","20":"instock","21":"shipping-taxable","22":"product-type-simple"},"acf":[],"_links":{"self":[{"href":"https:\/\/www.bluelakechem.com\/es\/wp-json\/wp\/v2\/product\/1498","targetHints":{"allow":["GET"]}}],"collection":[{"href":"https:\/\/www.bluelakechem.com\/es\/wp-json\/wp\/v2\/product"}],"about":[{"href":"https:\/\/www.bluelakechem.com\/es\/wp-json\/wp\/v2\/types\/product"}],"replies":[{"embeddable":true,"href":"https:\/\/www.bluelakechem.com\/es\/wp-json\/wp\/v2\/comments?post=1498"}],"wp:featuredmedia":[{"embeddable":true,"href":"https:\/\/www.bluelakechem.com\/es\/wp-json\/wp\/v2\/media\/3206"}],"wp:attachment":[{"href":"https:\/\/www.bluelakechem.com\/es\/wp-json\/wp\/v2\/media?parent=1498"}],"wp:term":[{"taxonomy":"material","embeddable":true,"href":"https:\/\/www.bluelakechem.com\/es\/wp-json\/wp\/v2\/material?post=1498"},{"taxonomy":"process","embeddable":true,"href":"https:\/\/www.bluelakechem.com\/es\/wp-json\/wp\/v2\/process?post=1498"},{"taxonomy":"product_brand","embeddable":true,"href":"https:\/\/www.bluelakechem.com\/es\/wp-json\/wp\/v2\/product_brand?post=1498"},{"taxonomy":"product_cat","embeddable":true,"href":"https:\/\/www.bluelakechem.com\/es\/wp-json\/wp\/v2\/product_cat?post=1498"},{"taxonomy":"product_tag","embeddable":true,"href":"https:\/\/www.bluelakechem.com\/es\/wp-json\/wp\/v2\/product_tag?post=1498"}],"curies":[{"name":"wp","href":"https:\/\/api.w.org\/{rel}","templated":true}]}}