{"id":1505,"date":"2025-01-22T01:27:27","date_gmt":"2025-01-22T01:27:27","guid":{"rendered":"https:\/\/www.bluelakechem.com\/?post_type=product&#038;p=1505"},"modified":"2025-05-15T05:58:16","modified_gmt":"2025-05-15T05:58:16","slug":"leveling-agent-in-textile","status":"publish","type":"product","link":"https:\/\/www.bluelakechem.com\/es\/product\/leveling-agent-in-textile\/","title":{"rendered":"Agente nivelador de poli\u00e9ster de alta temperatura en la tintura textil"},"content":{"rendered":"<div class=\"wp-block-columns is-layout-flex wp-container-core-columns-is-layout-9d6595d7 wp-block-columns-is-layout-flex\">\n<div class=\"wp-block-column is-layout-flow wp-block-column-is-layout-flow\">\n<h2 class=\"wp-block-heading\">Descripci\u00f3n del agente nivelador en el sector textil<\/h2>\n\n\n\n<ul class=\"wp-block-list\">\n<li>22119 se compone principalmente de derivados de \u00e9ster de oleato.<\/li>\n\n\n\n<li>Los derivados del \u00e9ster oleato tienen afinidad por la fibra de poli\u00e9ster, que puede combinarse con la fibra de poli\u00e9ster para ralentizar el te\u00f1ido de los tintes y hace que las fibras se ti\u00f1an uniformemente para lograr el prop\u00f3sito de nivelar el te\u00f1ido.<\/li>\n\n\n\n<li>Se aplica principalmente en procesos de tintura r\u00e1pida a alta temperatura y alta presi\u00f3n para tejidos de fibras de poli\u00e9ster y mezclas de poli\u00e9ster, etc.<\/li>\n<\/ul>\n\n\n\n<h2 class=\"wp-block-heading\">Caracter\u00edsticas del agente de nivelaci\u00f3n en el sector textil<\/h2>\n\n\n\n<ol class=\"wp-block-list\">\n<li>No contiene APEO ni HAP, etc. Cumple los requisitos de protecci\u00f3n del medio ambiente.<\/li>\n\n\n\n<li>Excelente rendimiento de nivelaci\u00f3n. Puede acortar el tiempo de te\u00f1ido, mejorar la eficiencia de producci\u00f3n y ahorrar energ\u00eda.<\/li>\n\n\n\n<li>Strong ability of retarding. Can effectively decrease the initial dyeing rate&nbsp;and solve dyeing defect problems caused by simultaneous&nbsp;dyeing of mixed dyes.<\/li>\n\n\n\n<li>Extremely low foam. No need to add a defoaming agent. Reduces silicone spots on cloth and pollution&nbsp;to equipment.<\/li>\n\n\n\n<li>Mejora el rendimiento de la aplicaci\u00f3n de los colorantes dispersantes, especialmente el efecto de uso de los colorantes de gama baja.<\/li>\n<\/ol>\n<\/div>\n\n\n\n<div class=\"wp-block-column is-layout-flow wp-block-column-is-layout-flow\">\n<figure class=\"wp-block-embed is-type-video is-provider-youtube wp-block-embed-youtube wp-embed-aspect-16-9 wp-has-aspect-ratio\"><div class=\"wp-block-embed__wrapper\">\n<iframe title=\"Dyeing and printing of polyester fabric becomes more efficient and more environmentally-friendly.\" width=\"500\" height=\"281\" src=\"https:\/\/www.youtube.com\/embed\/9C8CZhiEKrY?feature=oembed\" frameborder=\"0\" allow=\"accelerometer; autoplay; clipboard-write; encrypted-media; gyroscope; picture-in-picture; web-share\" referrerpolicy=\"strict-origin-when-cross-origin\" allowfullscreen><\/iframe>\n<\/div><\/figure>\n\n\n\n<h2 class=\"wp-block-heading\">Propiedades t\u00edpicas de los agentes nivelantes en el sector textil<\/h2>\n\n\n\n<figure class=\"wp-block-table\"><table class=\"has-fixed-layout\"><tbody><tr><td>Apariencia:<\/td><td>L\u00edquido amarillo claro<\/td><\/tr><tr><td>Ionicidad:<\/td><td>Ani\u00f3nico\/ No i\u00f3nico<\/td><\/tr><tr><td>Valor del pH:<\/td><td>6,0\u00b11,0 (1% soluci\u00f3n acuosa)<\/td><\/tr><tr><td>Solubilidad:<\/td><td>Soluble en agua<\/td><\/tr><\/tbody><\/table><\/figure>\n\n\n\n<h2 class=\"wp-block-heading\">Instrucci\u00f3n del agente nivelador en textil<\/h2>\n\n\n\n<p>Es un producto de alta concentraci\u00f3n. Se recomienda diluirlo 1:3 en agua blanda y utilizarlo a continuaci\u00f3n.<\/p>\n\n\n\n<p>(Nota: Despu\u00e9s de a\u00f1adir el agua, quedar\u00e1 blanco como la leche).<\/p>\n\n\n\n<p>Dosis de referencia de 22119 diluido: 0,5~1,0% (f.o.p.)<\/p>\n<\/div>\n<\/div>","protected":false},"excerpt":{"rendered":"<p>Agente de nivelaci\u00f3n de alta temperatura y alta eficiencia en textiles para poli\u00e9ster, fuerte capacidad de retardar, puede acortar el tiempo de te\u00f1ido y mejorar la eficiencia de producci\u00f3n, mejora el efecto de colorantes de gama baja y colorantes mezclados.<\/p>\n<p><strong>N\u00ba de modelo<\/strong>22119<\/p>\n<p><img decoding=\"async\" class=\"alignnone size-medium wp-image-1619\" src=\"https:\/\/www.bluelakechem.com\/wp-content\/uploads\/2025\/01\/22119-300x300.jpg\" alt=\"\" width=\"300\" height=\"300\" srcset=\"https:\/\/www.bluelakechem.com\/wp-content\/uploads\/2025\/01\/22119-300x300.jpg 300w, https:\/\/www.bluelakechem.com\/wp-content\/uploads\/2025\/01\/22119-150x150.jpg 150w, https:\/\/www.bluelakechem.com\/wp-content\/uploads\/2025\/01\/22119-768x768.jpg 768w, https:\/\/www.bluelakechem.com\/wp-content\/uploads\/2025\/01\/22119-12x12.jpg 12w, https:\/\/www.bluelakechem.com\/wp-content\/uploads\/2025\/01\/22119-600x600.jpg 600w, https:\/\/www.bluelakechem.com\/wp-content\/uploads\/2025\/01\/22119-100x100.jpg 100w, https:\/\/www.bluelakechem.com\/wp-content\/uploads\/2025\/01\/22119.jpg 800w\" sizes=\"(max-width: 300px) 100vw, 300px\" \/><\/p>","protected":false},"featured_media":1789,"comment_status":"closed","ping_status":"closed","template":"","meta":{"_acf_changed":false},"material":[27],"process":[20,38],"product_brand":[],"product_cat":[15],"product_tag":[],"class_list":{"0":"post-1505","1":"product","2":"type-product","3":"status-publish","4":"has-post-thumbnail","6":"material-polyester-chemicals","7":"process-dyeing-auxiliaries","8":"process-disperse-leveling-agent","9":"product_cat-uncategorized","11":"first","12":"instock","13":"shipping-taxable","14":"product-type-simple"},"acf":[],"_links":{"self":[{"href":"https:\/\/www.bluelakechem.com\/es\/wp-json\/wp\/v2\/product\/1505","targetHints":{"allow":["GET"]}}],"collection":[{"href":"https:\/\/www.bluelakechem.com\/es\/wp-json\/wp\/v2\/product"}],"about":[{"href":"https:\/\/www.bluelakechem.com\/es\/wp-json\/wp\/v2\/types\/product"}],"replies":[{"embeddable":true,"href":"https:\/\/www.bluelakechem.com\/es\/wp-json\/wp\/v2\/comments?post=1505"}],"wp:featuredmedia":[{"embeddable":true,"href":"https:\/\/www.bluelakechem.com\/es\/wp-json\/wp\/v2\/media\/1789"}],"wp:attachment":[{"href":"https:\/\/www.bluelakechem.com\/es\/wp-json\/wp\/v2\/media?parent=1505"}],"wp:term":[{"taxonomy":"material","embeddable":true,"href":"https:\/\/www.bluelakechem.com\/es\/wp-json\/wp\/v2\/material?post=1505"},{"taxonomy":"process","embeddable":true,"href":"https:\/\/www.bluelakechem.com\/es\/wp-json\/wp\/v2\/process?post=1505"},{"taxonomy":"product_brand","embeddable":true,"href":"https:\/\/www.bluelakechem.com\/es\/wp-json\/wp\/v2\/product_brand?post=1505"},{"taxonomy":"product_cat","embeddable":true,"href":"https:\/\/www.bluelakechem.com\/es\/wp-json\/wp\/v2\/product_cat?post=1505"},{"taxonomy":"product_tag","embeddable":true,"href":"https:\/\/www.bluelakechem.com\/es\/wp-json\/wp\/v2\/product_tag?post=1505"}],"curies":[{"name":"wp","href":"https:\/\/api.w.org\/{rel}","templated":true}]}}