{"id":1507,"date":"2025-01-22T01:26:59","date_gmt":"2025-01-22T01:26:59","guid":{"rendered":"https:\/\/www.bluelakechem.com\/?post_type=product&#038;p=1507"},"modified":"2025-03-27T03:04:03","modified_gmt":"2025-03-27T03:04:03","slug":"moisture-wicking-agent","status":"publish","type":"product","link":"https:\/\/www.bluelakechem.com\/es\/product\/moisture-wicking-agent\/","title":{"rendered":"Agente de absorci\u00f3n de la humedad Acabado de poli\u00e9ster hidr\u00f3filo"},"content":{"rendered":"<div class=\"wp-block-columns is-layout-flex wp-container-core-columns-is-layout-9d6595d7 wp-block-columns-is-layout-flex\">\n<div class=\"wp-block-column is-layout-flow wp-block-column-is-layout-flow\" style=\"flex-basis:50%\">\n<h2 class=\"wp-block-heading\">Descripci\u00f3n del agente antihumedad<\/h2>\n\n\n\n<ul class=\"wp-block-list\">\n<li>El 35072-10 se compone principalmente de compuestos de alto peso molecular.<\/li>\n\n\n\n<li><strong>Efecto de secado mejorado: <\/strong>Moisture Wicking Agent puede mejorar la absorci\u00f3n de la humedad y mejorar el efecto de secado en unos 2 niveles. Puede acelerar eficazmente la transferencia del sudor de la piel a la superficie del tejido y mantener seco al usuario.<\/li>\n\n\n\n<li><strong>Eliminaci\u00f3n est\u00e1tica: <\/strong>El producto puede eliminar la electricidad est\u00e1tica y evitar su impacto en la comodidad y el aspecto. Es especialmente adecuado para tejidos como la ropa deportiva y la ropa informal que requieren una gran comodidad y estabilidad.<\/li>\n\n\n\n<li><strong>Aplicable a una gran variedad de tejidos:<\/strong> Este producto es especialmente adecuado para fibras sint\u00e9ticas como el poli\u00e9ster y el nailon, y puede actuar eficazmente sobre estos tejidos para mejorar su rendimiento general.<\/li>\n\n\n\n<li><strong>Mayor absorci\u00f3n de la humedad del tejido y efecto de transpiraci\u00f3n:<\/strong> Tras utilizar el agente Moisture Wicking, el tejido tiene una mayor absorci\u00f3n de la humedad y eficacia de transpiraci\u00f3n, lo que puede proporcionar una mejor experiencia de uso a clientes como los de ropa deportiva y equipamiento deportivo profesional.<\/li>\n\n\n\n<li><strong>Aumentar el atractivo del mercado: <\/strong>Gracias a su excelente funcionalidad, el producto es id\u00f3neo para atraer a m\u00e1s clientes en el mercado de la ropa deportiva, mejorar la comodidad y funcionalidad de los tejidos y satisfacer las elevadas exigencias de los consumidores modernos de ropa deportiva.<\/li>\n<\/ul>\n<\/div>\n\n\n\n<div class=\"wp-block-column is-layout-flow wp-block-column-is-layout-flow\" style=\"flex-basis:50%\">\n<figure class=\"wp-block-embed is-type-video is-provider-youtube wp-block-embed-youtube wp-embed-aspect-16-9 wp-has-aspect-ratio\"><div class=\"wp-block-embed__wrapper\">\n<iframe title=\"Tejido de verano Absorci\u00f3n de la humedad mejorada en 2 niveles, mejora antiest\u00e1tica#textilechemicals\" width=\"500\" height=\"281\" src=\"https:\/\/www.youtube.com\/embed\/HhawBdMRDwA?feature=oembed\" frameborder=\"0\" allow=\"accelerometer; autoplay; clipboard-write; encrypted-media; gyroscope; picture-in-picture; web-share\" referrerpolicy=\"strict-origin-when-cross-origin\" allowfullscreen><\/iframe>\n<\/div><\/figure>\n\n\n\n<h2 class=\"wp-block-heading\">Propiedades t\u00edpicas del agente de absorci\u00f3n de humedad<\/h2>\n\n\n\n<figure class=\"wp-block-table\"><table class=\"has-fixed-layout\"><tbody><tr><td>Apariencia:<\/td><td>L\u00edquido turbio amarillo claro<\/td><\/tr><tr><td>Ionicidad:<\/td><td>No i\u00f3nico<\/td><\/tr><tr><td>Valor del pH:<\/td><td>6,0\u00b11,0 (1% soluci\u00f3n acuosa)<\/td><\/tr><tr><td>Solubilidad:<\/td><td>Soluble en agua<\/td><\/tr><\/tbody><\/table><\/figure>\n\n\n\n<h2 class=\"wp-block-heading\">Instrucciones del agente de absorci\u00f3n de humedad<\/h2>\n\n\n\n<p>Para el proceso de inmersi\u00f3n, dosificaci\u00f3n de referencia: 0,5~1% (f.o.p.).<\/p>\n\n\n\n<p>Para la dosificaci\u00f3n espec\u00edfica, aj\u00fastela seg\u00fan los tejidos y los requisitos del cliente.<\/p>\n<\/div>\n<\/div>\n\n\n\n<p><\/p>","protected":false},"excerpt":{"rendered":"<p>El agente de absorci\u00f3n de humedad aumenta el efecto desecante en unos 2 niveles, puede eliminar la electricidad est\u00e1tica y es adecuado para poli\u00e9ster y nailon. Tras su uso, la eficacia del agente de absorci\u00f3n de humedad es mayor, y el tejido atrae a m\u00e1s clientes de ropa deportiva.<\/p>\n<p><strong>N\u00ba de modelo<\/strong>35072<\/p>","protected":false},"featured_media":1791,"comment_status":"closed","ping_status":"closed","template":"","meta":{"_acf_changed":false},"material":[27],"process":[20,22,23,25],"product_brand":[],"product_cat":[15],"product_tag":[],"class_list":{"0":"post-1507","1":"product","2":"type-product","3":"status-publish","4":"has-post-thumbnail","6":"material-polyester-chemicals","7":"process-dyeing-auxiliaries","8":"process-anti-creasing-agent","9":"process-textile-finishing-chemicals","10":"process-textile-finishing-agent","11":"product_cat-uncategorized","13":"first","14":"instock","15":"shipping-taxable","16":"product-type-simple"},"acf":[],"_links":{"self":[{"href":"https:\/\/www.bluelakechem.com\/es\/wp-json\/wp\/v2\/product\/1507","targetHints":{"allow":["GET"]}}],"collection":[{"href":"https:\/\/www.bluelakechem.com\/es\/wp-json\/wp\/v2\/product"}],"about":[{"href":"https:\/\/www.bluelakechem.com\/es\/wp-json\/wp\/v2\/types\/product"}],"replies":[{"embeddable":true,"href":"https:\/\/www.bluelakechem.com\/es\/wp-json\/wp\/v2\/comments?post=1507"}],"wp:featuredmedia":[{"embeddable":true,"href":"https:\/\/www.bluelakechem.com\/es\/wp-json\/wp\/v2\/media\/1791"}],"wp:attachment":[{"href":"https:\/\/www.bluelakechem.com\/es\/wp-json\/wp\/v2\/media?parent=1507"}],"wp:term":[{"taxonomy":"material","embeddable":true,"href":"https:\/\/www.bluelakechem.com\/es\/wp-json\/wp\/v2\/material?post=1507"},{"taxonomy":"process","embeddable":true,"href":"https:\/\/www.bluelakechem.com\/es\/wp-json\/wp\/v2\/process?post=1507"},{"taxonomy":"product_brand","embeddable":true,"href":"https:\/\/www.bluelakechem.com\/es\/wp-json\/wp\/v2\/product_brand?post=1507"},{"taxonomy":"product_cat","embeddable":true,"href":"https:\/\/www.bluelakechem.com\/es\/wp-json\/wp\/v2\/product_cat?post=1507"},{"taxonomy":"product_tag","embeddable":true,"href":"https:\/\/www.bluelakechem.com\/es\/wp-json\/wp\/v2\/product_tag?post=1507"}],"curies":[{"name":"wp","href":"https:\/\/api.w.org\/{rel}","templated":true}]}}