{"id":1558,"date":"2025-01-22T01:25:35","date_gmt":"2025-01-22T01:25:35","guid":{"rendered":"https:\/\/www.bluelakechem.com\/?post_type=product&#038;p=1558"},"modified":"2025-05-20T06:03:45","modified_gmt":"2025-05-20T06:03:45","slug":"block-silicone-oil-ultra-soft-fluffy-for-chemical-fibers-best-for-polyester-nylon","status":"publish","type":"product","link":"https:\/\/www.bluelakechem.com\/es\/product\/block-silicone-oil-ultra-soft-fluffy-for-chemical-fibers-best-for-polyester-nylon\/","title":{"rendered":"Aceite de Silicona en Bloque Ultra Suave para Acabados de Poli\u00e9ster y Nylon"},"content":{"rendered":"<div class=\"wp-block-columns is-layout-flex wp-container-core-columns-is-layout-9d6595d7 wp-block-columns-is-layout-flex\">\n<div class=\"wp-block-column is-layout-flow wp-block-column-is-layout-flow\" style=\"flex-basis:50%\">\n<h2 class=\"wp-block-heading\">Aceite de silicona en bloque Descripci\u00f3n:<\/h2>\n\n\n\n<ul class=\"wp-block-list\">\n<li>El aceite de silicona en bloque 76388 es una microemulsi\u00f3n de silicona en bloque con una estructura especial de cadena ramificada.<\/li>\n\n\n\n<li>Se puede aplicar en el proceso de acabado de tejidos de algod\u00f3n, CVC, poli\u00e9ster\/algod\u00f3n, nailon\/algod\u00f3n, poli\u00e9ster y nailon, etc., lo que hace que los tejidos queden suaves, esponjosos, lisos y exquisitos.<\/li>\n<\/ul>\n\n\n\n<h2 class=\"wp-block-heading\">Bloque de aceite de silicona Caracter\u00edsticas:<\/h2>\n\n\n\n<ol class=\"wp-block-list\">\n<li>No contiene APEO ni sustancias qu\u00edmicas prohibidas. Cumple los requisitos de protecci\u00f3n del medio ambiente. Conforme a la norma Otex-100 de la Uni\u00f3n Europea.<\/li>\n\n\n\n<li>Confiere a los tejidos una excelente sensaci\u00f3n de suavidad, tersura y esponjosidad.<\/li>\n\n\n\n<li>Poco amarilleo y poco cambio de tonalidad.<\/li>\n\n\n\n<li>Buena resistencia al rebote.<\/li>\n\n\n\n<li>Buen lustre.<\/li>\n\n\n\n<li>Gran estabilidad.<\/li>\n\n\n\n<li>Tiene buena afinidad con diversos tipos de tejidos.<\/li>\n\n\n\n<li>Adecuado para el proceso de inmersi\u00f3n.<\/li>\n\n\n\n<li>Una dosis muy peque\u00f1a puede lograr efectos excelentes.<\/li>\n<\/ol>\n\n\n\n<h2 class=\"wp-block-heading\">Propiedades del aceite de silicona en bloque:<\/h2>\n\n\n\n<figure class=\"wp-block-table\"><table class=\"has-fixed-layout\"><tbody><tr><td>Apariencia:<\/td><td>L\u00edquido transparente<\/td><\/tr><tr><td>Ionicidad:<\/td><td>Cati\u00f3nico d\u00e9bil<\/td><\/tr><tr><td>Valor del pH:<\/td><td>5,0~7,0 (1% soluci\u00f3n acuosa)<\/td><\/tr><tr><td>Solubilidad:<\/td><td>Soluble en agua<\/td><\/tr><\/tbody><\/table><\/figure>\n\n\n\n<h2 class=\"wp-block-heading\">Bloque de aceite de silicona Instrucci\u00f3n\uff1a<\/h2>\n\n\n\n<p>Proceso de inmersi\u00f3n:<\/p>\n\n\n\n<ul class=\"wp-block-list\">\n<li>Dosis de referencia: 1.0~3.0% (o.w.f)<strong><\/strong><\/li>\n\n\n\n<li>Proporci\u00f3n de ba\u00f1o: 1:20<strong><\/strong><\/li>\n\n\n\n<li>Proceso: 40~50\u2103\u00d710~20 minutos \u2192 Deshidrataci\u00f3n \u2192 Secado (100~120\u2103).<\/li>\n<\/ul>\n<\/div>\n\n\n\n<div class=\"wp-block-column is-layout-flow wp-block-column-is-layout-flow\" style=\"flex-basis:50%\">\n<figure class=\"wp-block-image size-full\"><img decoding=\"async\" width=\"1080\" height=\"1920\" src=\"https:\/\/www.bluelakechem.com\/wp-content\/uploads\/2025\/01\/Block-Silicone-Oil-76388.webp\" alt=\"Aceite de silicona en bloque\" class=\"wp-image-2178\" srcset=\"https:\/\/www.bluelakechem.com\/wp-content\/uploads\/2025\/01\/Block-Silicone-Oil-76388.webp 1080w, https:\/\/www.bluelakechem.com\/wp-content\/uploads\/2025\/01\/Block-Silicone-Oil-76388-169x300.webp 169w, https:\/\/www.bluelakechem.com\/wp-content\/uploads\/2025\/01\/Block-Silicone-Oil-76388-768x1365.webp 768w, https:\/\/www.bluelakechem.com\/wp-content\/uploads\/2025\/01\/Block-Silicone-Oil-76388-7x12.webp 7w, https:\/\/www.bluelakechem.com\/wp-content\/uploads\/2025\/01\/Block-Silicone-Oil-76388-600x1067.webp 600w\" sizes=\"(max-width: 1080px) 100vw, 1080px\" \/><\/figure>\n\n\n\n<h2 class=\"wp-block-heading\"><\/h2>\n<\/div>\n<\/div>","protected":false},"excerpt":{"rendered":"<p>El aceite de silicona en bloque confiere a las fibras qu\u00edmicas una sensaci\u00f3n ultra suave y esponjosa, y tiene el efecto m\u00e1s sobresaliente de suavidad y esponjosidad en poli\u00e9ster y nailon con la misma dosis en comparaci\u00f3n con otros aceites de silicona del mercado.<\/p>\n<p><strong>N\u00ba de modelo<\/strong>76388<\/p>","protected":false},"featured_media":1793,"comment_status":"closed","ping_status":"closed","template":"","meta":{"_acf_changed":false},"material":[27,28],"process":[23,42,24],"product_brand":[],"product_cat":[15],"product_tag":[],"class_list":{"0":"post-1558","1":"product","2":"type-product","3":"status-publish","4":"has-post-thumbnail","6":"material-polyester-chemicals","7":"material-nylon-agent","8":"process-textile-finishing-chemicals","9":"process-softener","10":"process-silicone-oil","11":"product_cat-uncategorized","13":"first","14":"instock","15":"shipping-taxable","16":"product-type-simple"},"acf":[],"_links":{"self":[{"href":"https:\/\/www.bluelakechem.com\/es\/wp-json\/wp\/v2\/product\/1558","targetHints":{"allow":["GET"]}}],"collection":[{"href":"https:\/\/www.bluelakechem.com\/es\/wp-json\/wp\/v2\/product"}],"about":[{"href":"https:\/\/www.bluelakechem.com\/es\/wp-json\/wp\/v2\/types\/product"}],"replies":[{"embeddable":true,"href":"https:\/\/www.bluelakechem.com\/es\/wp-json\/wp\/v2\/comments?post=1558"}],"wp:featuredmedia":[{"embeddable":true,"href":"https:\/\/www.bluelakechem.com\/es\/wp-json\/wp\/v2\/media\/1793"}],"wp:attachment":[{"href":"https:\/\/www.bluelakechem.com\/es\/wp-json\/wp\/v2\/media?parent=1558"}],"wp:term":[{"taxonomy":"material","embeddable":true,"href":"https:\/\/www.bluelakechem.com\/es\/wp-json\/wp\/v2\/material?post=1558"},{"taxonomy":"process","embeddable":true,"href":"https:\/\/www.bluelakechem.com\/es\/wp-json\/wp\/v2\/process?post=1558"},{"taxonomy":"product_brand","embeddable":true,"href":"https:\/\/www.bluelakechem.com\/es\/wp-json\/wp\/v2\/product_brand?post=1558"},{"taxonomy":"product_cat","embeddable":true,"href":"https:\/\/www.bluelakechem.com\/es\/wp-json\/wp\/v2\/product_cat?post=1558"},{"taxonomy":"product_tag","embeddable":true,"href":"https:\/\/www.bluelakechem.com\/es\/wp-json\/wp\/v2\/product_tag?post=1558"}],"curies":[{"name":"wp","href":"https:\/\/api.w.org\/{rel}","templated":true}]}}