{"id":1559,"date":"2025-01-22T01:25:11","date_gmt":"2025-01-22T01:25:11","guid":{"rendered":"https:\/\/www.bluelakechem.com\/?post_type=product&#038;p=1559"},"modified":"2025-03-27T03:07:49","modified_gmt":"2025-03-27T03:07:49","slug":"anti-uv-finishing-agent-upf-50-washable-for-outdoor-textiles","status":"publish","type":"product","link":"https:\/\/www.bluelakechem.com\/es\/product\/anti-uv-finishing-agent-upf-50-washable-for-outdoor-textiles\/","title":{"rendered":"Acabado de protecci\u00f3n UV en textiles, Productos qu\u00edmicos resistentes a los rayos UV para tejidos"},"content":{"rendered":"<div class=\"wp-block-columns is-layout-flex wp-container-core-columns-is-layout-9d6595d7 wp-block-columns-is-layout-flex\">\n<div class=\"wp-block-column is-layout-flow wp-block-column-is-layout-flow\" style=\"flex-basis:50%\">\n<h2 class=\"wp-block-heading\">Descripci\u00f3n del acabado de protecci\u00f3n UV en textil:<\/h2>\n\n\n\n<ul class=\"wp-block-list\">\n<li>44509 UV Protection Finish Agent est\u00e1 compuesto principalmente por compuestos org\u00e1nicos especiales.<\/li>\n\n\n\n<li>Puede aplicarse en el proceso de acabado anti-ultravioleta para tejidos de algod\u00f3n, nailon y sus mezclas, lo que puede disminuir significativamente el \u00edndice de penetraci\u00f3n de los rayos UV en el tejido y aumentar el UPF a 50+.<\/li>\n<\/ul>\n\n\n\n<h2 class=\"wp-block-heading\">Caracter\u00edsticas del acabado de protecci\u00f3n UV en textil:<\/h2>\n\n\n\n<ol class=\"wp-block-list\">\n<li>Tiene una excelente capacidad de absorci\u00f3n de 280~320nm UV. Puede disminuir la penetraci\u00f3n de los rayos UV y mejorar el rendimiento protector de los tejidos.<\/li>\n\n\n\n<li>Tiene cierta lavabilidad. Tiene efectos anti-ultravioleta duraderos.<\/li>\n\n\n\n<li>No influye en el tacto de los tejidos.<\/li>\n\n\n\n<li>Muy poca influencia en la tonalidad del color y la blancura.<\/li>\n\n\n\n<li>Puede utilizarse por separado y usarse con colorantes reactivos o colorantes \u00e1cidos en el mismo ba\u00f1o.<\/li>\n<\/ol>\n\n\n\n<h2 class=\"wp-block-heading\">Instrucci\u00f3n de Acabado de Protecci\u00f3n UV en Textil:<\/h2>\n\n\n\n<p><strong>1.Para el proceso de acolchado<\/strong><\/p>\n\n\n\n<ul class=\"wp-block-list\">\n<li><strong>Dosis de referencia: <\/strong>20~50 g\/L<\/li>\n\n\n\n<li>Inmersi\u00f3n y acolchado \u2192 Secado \u2192 Fijaci\u00f3n<\/li>\n<\/ul>\n\n\n\n<p><strong>2.Para el proceso de inmersi\u00f3n<\/strong><\/p>\n\n\n\n<ul class=\"wp-block-list\">\n<li><strong>Dosis de referencia:<\/strong> 2,0~5,0% (f.o.p.)<\/li>\n\n\n\n<li><strong>Proporci\u00f3n de ba\u00f1o: <\/strong>1:5~10<\/li>\n\n\n\n<li>40~50\u2103 \u00d7 20~30 minutos \u2192 Deshidrataci\u00f3n \u2192 Secado \u2192 Fijaci\u00f3n.<\/li>\n\n\n\n<li>En el proceso de inmersi\u00f3n, tiene una excelente tasa de absorci\u00f3n y fijaci\u00f3n del colorante.<\/li>\n<\/ul>\n<\/div>\n\n\n\n<div class=\"wp-block-column is-layout-flow wp-block-column-is-layout-flow\" style=\"flex-basis:50%\">\n<figure class=\"wp-block-embed is-type-video is-provider-youtube wp-block-embed-youtube wp-embed-aspect-16-9 wp-has-aspect-ratio\"><div class=\"wp-block-embed__wrapper\">\n<iframe title=\"\u00bfC\u00f3mo funciona la ropa de protecci\u00f3n solar? #protecci\u00f3n solar #ropa\" width=\"500\" height=\"281\" src=\"https:\/\/www.youtube.com\/embed\/87V3RfZPers?feature=oembed\" frameborder=\"0\" allow=\"accelerometer; autoplay; clipboard-write; encrypted-media; gyroscope; picture-in-picture; web-share\" referrerpolicy=\"strict-origin-when-cross-origin\" allowfullscreen><\/iframe>\n<\/div><\/figure>\n\n\n\n<h2 class=\"wp-block-heading\">Propiedades del acabado de protecci\u00f3n UV en textiles:<\/h2>\n\n\n\n<figure class=\"wp-block-table\"><table class=\"has-fixed-layout\"><tbody><tr><td>Apariencia:<\/td><td>L\u00edquido entre amarillo claro y marr\u00f3n<\/td><\/tr><tr><td>Ionicidad:<\/td><td>Ani\u00f3nico<\/td><\/tr><tr><td>Valor del pH:<\/td><td>&#8212;&#8212;&#8211;<\/td><\/tr><tr><td>Solubilidad:<\/td><td>Soluble en agua<\/td><\/tr><\/tbody><\/table><\/figure>\n<\/div>\n<\/div>","protected":false},"excerpt":{"rendered":"<p>El Acabado de Protecci\u00f3n UV en Textil mejora el UPF de tejidos espec\u00edficos hasta 50+, ofreciendo una protecci\u00f3n duradera que perdura a trav\u00e9s de m\u00faltiples lavados, manteniendo sus propiedades anti-ultravioleta incluso despu\u00e9s de 20 lavados. Este acabado es ideal para una amplia gama de tejidos de protecci\u00f3n solar para exteriores.<\/p>\n<p><strong>N\u00ba de modelo<\/strong>44509<\/p>","protected":false},"featured_media":1794,"comment_status":"closed","ping_status":"closed","template":"","meta":{"_acf_changed":false},"material":[26,27,28,29,30,31,32,33,34],"process":[23,25],"product_brand":[],"product_cat":[15],"product_tag":[],"class_list":{"0":"post-1559","1":"product","2":"type-product","3":"status-publish","4":"has-post-thumbnail","6":"material-cotton-agent","7":"material-polyester-chemicals","8":"material-nylon-agent","9":"material-acrylic-chemicals","10":"material-viscose-chemicals","11":"material-wool-auxiliary","12":"material-linen-chemicals","13":"material-silk-chemicals","14":"material-fabric-chemicals","15":"process-textile-finishing-chemicals","16":"process-textile-finishing-agent","17":"product_cat-uncategorized","19":"first","20":"instock","21":"shipping-taxable","22":"product-type-simple"},"acf":[],"_links":{"self":[{"href":"https:\/\/www.bluelakechem.com\/es\/wp-json\/wp\/v2\/product\/1559","targetHints":{"allow":["GET"]}}],"collection":[{"href":"https:\/\/www.bluelakechem.com\/es\/wp-json\/wp\/v2\/product"}],"about":[{"href":"https:\/\/www.bluelakechem.com\/es\/wp-json\/wp\/v2\/types\/product"}],"replies":[{"embeddable":true,"href":"https:\/\/www.bluelakechem.com\/es\/wp-json\/wp\/v2\/comments?post=1559"}],"wp:featuredmedia":[{"embeddable":true,"href":"https:\/\/www.bluelakechem.com\/es\/wp-json\/wp\/v2\/media\/1794"}],"wp:attachment":[{"href":"https:\/\/www.bluelakechem.com\/es\/wp-json\/wp\/v2\/media?parent=1559"}],"wp:term":[{"taxonomy":"material","embeddable":true,"href":"https:\/\/www.bluelakechem.com\/es\/wp-json\/wp\/v2\/material?post=1559"},{"taxonomy":"process","embeddable":true,"href":"https:\/\/www.bluelakechem.com\/es\/wp-json\/wp\/v2\/process?post=1559"},{"taxonomy":"product_brand","embeddable":true,"href":"https:\/\/www.bluelakechem.com\/es\/wp-json\/wp\/v2\/product_brand?post=1559"},{"taxonomy":"product_cat","embeddable":true,"href":"https:\/\/www.bluelakechem.com\/es\/wp-json\/wp\/v2\/product_cat?post=1559"},{"taxonomy":"product_tag","embeddable":true,"href":"https:\/\/www.bluelakechem.com\/es\/wp-json\/wp\/v2\/product_tag?post=1559"}],"curies":[{"name":"wp","href":"https:\/\/api.w.org\/{rel}","templated":true}]}}