{"id":1570,"date":"2025-01-22T01:23:12","date_gmt":"2025-01-22T01:23:12","guid":{"rendered":"https:\/\/www.bluelakechem.com\/?post_type=product&#038;p=1570"},"modified":"2025-04-10T06:59:20","modified_gmt":"2025-04-10T06:59:20","slug":"warming-finishing-agent-infrared-tech-for-underwear-thin-fabrics-warmth","status":"publish","type":"product","link":"https:\/\/www.bluelakechem.com\/es\/product\/warming-finishing-agent-infrared-tech-for-underwear-thin-fabrics-warmth\/","title":{"rendered":"Agente de acabado de tejidos c\u00e1lidos Tecnolog\u00eda de infrarrojos para calentar la ropa interior"},"content":{"rendered":"<figure class=\"wp-block-embed is-type-video is-provider-youtube wp-block-embed-youtube wp-embed-aspect-16-9 wp-has-aspect-ratio\"><div class=\"wp-block-embed__wrapper\">\n<iframe title=\"How Does Far Infrared Finishing Agent Prevent Clothing Losing Warmth?\" width=\"500\" height=\"281\" src=\"https:\/\/www.youtube.com\/embed\/1BJMGfA01sk?feature=oembed\" frameborder=\"0\" allow=\"accelerometer; autoplay; clipboard-write; encrypted-media; gyroscope; picture-in-picture; web-share\" referrerpolicy=\"strict-origin-when-cross-origin\" allowfullscreen><\/iframe>\n<\/div><\/figure>\n\n\n\n<div class=\"wp-block-columns is-layout-flex wp-container-core-columns-is-layout-9d6595d7 wp-block-columns-is-layout-flex\">\n<div class=\"wp-block-column is-layout-flow wp-block-column-is-layout-flow\">\n<h2 class=\"wp-block-heading\">Warm Fabric Finishing Agent Descripci\u00f3n<\/h2>\n\n\n\n<ul class=\"wp-block-list\">\n<li>El agente de acabado de tejidos c\u00e1lidos (agente de acabado de infrarrojos lejanos) est\u00e1 compuesto por varios tipos de sustancias minerales naturales combinadas mediante nanotecnolog\u00eda especial.<\/li>\n\n\n\n<li>Despu\u00e9s de procesarlo, el tejido puede liberar infrarrojos lejanos, que pueden mejorar la circulaci\u00f3n sangu\u00ednea del cuerpo humano y promover la microcirculaci\u00f3n.<\/li>\n\n\n\n<li>Es adecuado para el acabado por infrarrojos lejanos de tejidos de algod\u00f3n, ray\u00f3n, poli\u00e9ster, nailon, fibra acr\u00edlica y sus mezclas, etc.<\/li>\n\n\n\n<li>Es especialmente adecuado para ropa de casa de invierno y ropa interior t\u00e9rmica, etc.<\/li>\n<\/ul>\n\n\n\n<h2 class=\"wp-block-heading\">Warm Fabric Finishing Agent Caracter\u00edsticas<\/h2>\n\n\n\n<ol class=\"wp-block-list\">\n<li>Los infrarrojos lejanos pueden penetrar en el tejido subcut\u00e1neo y provocar un aumento de la temperatura, para activar las c\u00e9lulas y favorecer el metabolismo.<\/li>\n\n\n\n<li>El infrarrojo lejano puede mejorar la microcirculaci\u00f3n del tejido cerebral, proteger la salud del sistema nervioso central, jugar el efecto de calmar y mejorar la calidad del sue\u00f1o.<\/li>\n\n\n\n<li>Para la ropa de casa de invierno, el infrarrojo lejano liberado puede promover la preservaci\u00f3n del calor de la tela y desempe\u00f1ar el papel de mantener el calor.<\/li>\n\n\n\n<li>Sustancia mineral natural. Segura y respetuosa con el medio ambiente. No irrita la piel humana.<\/li>\n\n\n\n<li>Buena compatibilidad. Puede utilizarse junto con aceite de silicona y fijador en el mismo ba\u00f1o.<\/li>\n\n\n\n<li>Adecuado para el proceso de acolchado en m\u00e1quina de engaste.<\/li>\n<\/ol>\n<\/div>\n\n\n\n<div class=\"wp-block-column is-layout-flow wp-block-column-is-layout-flow\">\n<h2 class=\"wp-block-heading\">Propiedades de los agentes de acabado de tejidos c\u00e1lidos<\/h2>\n\n\n\n<figure class=\"wp-block-table\"><table class=\"has-fixed-layout\"><tbody><tr><td>Apariencia:<\/td><td>L\u00edquido incoloro a amarillo claro<\/td><\/tr><tr><td>Ionicidad:<\/td><td>No i\u00f3nico<\/td><\/tr><tr><td>Valor del pH:<\/td><td>&#8212;&#8212;&#8212;-<\/td><\/tr><tr><td>Solubilidad:<\/td><td>Soluble en agua<\/td><\/tr><\/tbody><\/table><\/figure>\n\n\n\n<h2 class=\"wp-block-heading\">Instrucci\u00f3n sobre el agente de acabado de tejidos calientes<\/h2>\n\n\n\n<p><strong>Para el proceso de acolchado<\/strong><\/p>\n\n\n\n<ul class=\"wp-block-list\">\n<li>Dosis de referencia: 40~80 g\/L.<\/li>\n\n\n\n<li>Acolchado \u2192 Secado \u2192 Ajuste (130~160\u2103)<\/li>\n<\/ul>\n\n\n\n<p><strong>Nota:<\/strong><\/p>\n\n\n\n<ol class=\"wp-block-list\">\n<li>Warm Fabric Finishing Agent (agente de acabado por infrarrojos lejanos) es no i\u00f3nico. Puede utilizarse junto con auxiliares no i\u00f3nicos, cati\u00f3nicos o ani\u00f3nicos en el mismo ba\u00f1o.<\/li>\n\n\n\n<li>Sugerencia: Tasa de transporte del l\u00edquido\uff1e75%. Puede hacer telas adsorben a fondo y suficiente agente de acabado infrarrojo lejano para asegurar el efecto de acabado.<\/li>\n<\/ol>\n<\/div>\n<\/div>\n\n\n\n<p><\/p>","protected":false},"excerpt":{"rendered":"<p>Warm Fabric Finishing Agent utiliza materiales de infrarrojos lejanos de liberaci\u00f3n lenta para aumentar las propiedades de aislamiento t\u00e9rmico de la ropa interior, haciendo que los tejidos ligeros y finos resulten c\u00e1lidos.<\/p>\n<p><strong>N\u00ba de modelo<\/strong>2130<\/p>","protected":false},"featured_media":1795,"comment_status":"closed","ping_status":"closed","template":"","meta":{"_acf_changed":false},"material":[26,27,28,29,30,31,32,33,34],"process":[23,25],"product_brand":[],"product_cat":[15],"product_tag":[],"class_list":{"0":"post-1570","1":"product","2":"type-product","3":"status-publish","4":"has-post-thumbnail","6":"material-cotton-agent","7":"material-polyester-chemicals","8":"material-nylon-agent","9":"material-acrylic-chemicals","10":"material-viscose-chemicals","11":"material-wool-auxiliary","12":"material-linen-chemicals","13":"material-silk-chemicals","14":"material-fabric-chemicals","15":"process-textile-finishing-chemicals","16":"process-textile-finishing-agent","17":"product_cat-uncategorized","19":"first","20":"instock","21":"shipping-taxable","22":"product-type-simple"},"acf":[],"_links":{"self":[{"href":"https:\/\/www.bluelakechem.com\/es\/wp-json\/wp\/v2\/product\/1570","targetHints":{"allow":["GET"]}}],"collection":[{"href":"https:\/\/www.bluelakechem.com\/es\/wp-json\/wp\/v2\/product"}],"about":[{"href":"https:\/\/www.bluelakechem.com\/es\/wp-json\/wp\/v2\/types\/product"}],"replies":[{"embeddable":true,"href":"https:\/\/www.bluelakechem.com\/es\/wp-json\/wp\/v2\/comments?post=1570"}],"wp:featuredmedia":[{"embeddable":true,"href":"https:\/\/www.bluelakechem.com\/es\/wp-json\/wp\/v2\/media\/1795"}],"wp:attachment":[{"href":"https:\/\/www.bluelakechem.com\/es\/wp-json\/wp\/v2\/media?parent=1570"}],"wp:term":[{"taxonomy":"material","embeddable":true,"href":"https:\/\/www.bluelakechem.com\/es\/wp-json\/wp\/v2\/material?post=1570"},{"taxonomy":"process","embeddable":true,"href":"https:\/\/www.bluelakechem.com\/es\/wp-json\/wp\/v2\/process?post=1570"},{"taxonomy":"product_brand","embeddable":true,"href":"https:\/\/www.bluelakechem.com\/es\/wp-json\/wp\/v2\/product_brand?post=1570"},{"taxonomy":"product_cat","embeddable":true,"href":"https:\/\/www.bluelakechem.com\/es\/wp-json\/wp\/v2\/product_cat?post=1570"},{"taxonomy":"product_tag","embeddable":true,"href":"https:\/\/www.bluelakechem.com\/es\/wp-json\/wp\/v2\/product_tag?post=1570"}],"curies":[{"name":"wp","href":"https:\/\/api.w.org\/{rel}","templated":true}]}}