{"id":1571,"date":"2025-01-22T06:18:05","date_gmt":"2025-01-22T06:18:05","guid":{"rendered":"https:\/\/www.bluelakechem.com\/?post_type=product&#038;p=1571"},"modified":"2025-04-19T07:11:53","modified_gmt":"2025-04-19T07:11:53","slug":"cationic-dye-fixing-agent","status":"publish","type":"product","link":"https:\/\/www.bluelakechem.com\/es\/product\/cationic-dye-fixing-agent\/","title":{"rendered":"Fijador de colorantes cati\u00f3nicos Productos qu\u00edmicos textiles para algod\u00f3n Vicose"},"content":{"rendered":"<figure class=\"wp-block-embed is-type-video is-provider-youtube wp-block-embed-youtube wp-embed-aspect-16-9 wp-has-aspect-ratio\"><div class=\"wp-block-embed__wrapper\">\n<iframe title=\"Agente nivelador ahorrador de agua. Mejora la eficacia de tintura 15~25% en el mismo ba\u00f1o. 22107\" width=\"500\" height=\"281\" src=\"https:\/\/www.youtube.com\/embed\/zQ8RaZWtqaA?feature=oembed\" frameborder=\"0\" allow=\"accelerometer; autoplay; clipboard-write; encrypted-media; gyroscope; picture-in-picture; web-share\" referrerpolicy=\"strict-origin-when-cross-origin\" allowfullscreen><\/iframe>\n<\/div><\/figure>\n\n\n\n<div class=\"wp-block-columns is-layout-flex wp-container-core-columns-is-layout-9d6595d7 wp-block-columns-is-layout-flex\">\n<div class=\"wp-block-column is-layout-flow wp-block-column-is-layout-flow\">\n<div class=\"wp-block-columns is-layout-flex wp-container-core-columns-is-layout-9d6595d7 wp-block-columns-is-layout-flex\">\n<div class=\"wp-block-column is-layout-flow wp-block-column-is-layout-flow\">\n<h2 class=\"wp-block-heading\">Descripci\u00f3n del producto Agente fijador de colorantes cati\u00f3nicos<\/h2>\n\n\n\n<ul class=\"wp-block-list\">\n<li>El 22107 se aplica principalmente en algod\u00f3n te\u00f1ido con tintes reactivos y puede utilizarse junto con el te\u00f1ido en el mismo ba\u00f1o, lo que puede mejorar la solidez del color, mejorar la eficacia del lavado y reducir los tiempos de lavado.<\/li>\n\n\n\n<li>Puede aumentar la estabilidad de los tintes e inhibir la hidr\u00f3lisis de los tintes reactivos, lo que aumenta la eficacia del lavado y el enjabonado.<\/li>\n<\/ul>\n\n\n\n<h2 class=\"wp-block-heading\">Caracter\u00edsticas del agente fijador de colorantes cati\u00f3nicos<\/h2>\n\n\n\n<ol class=\"wp-block-list\">\n<li>No contiene formaldeh\u00eddo ni iones de metales pesados, etc. Cumple los requisitos de protecci\u00f3n del medio ambiente.<\/li>\n\n\n\n<li>Mejora la solidez del color en jab\u00f3n y en remojo de los colorantes reactivos.<\/li>\n\n\n\n<li>Ahorra agua y mejora la eficiencia.<\/li>\n<\/ol>\n<\/div>\n\n\n\n<div class=\"wp-block-column is-layout-flow wp-block-column-is-layout-flow\">\n<h2 class=\"wp-block-heading\">Propiedades t\u00edpicas del agente fijador de colorantes cati\u00f3nicos<\/h2>\n\n\n\n<figure class=\"wp-block-table\"><table class=\"has-fixed-layout\"><tbody><tr><td>Apariencia:<\/td><td>L\u00edquido marr\u00f3n amarillento<\/td><\/tr><tr><td>Ionicidad:<\/td><td>Ani\u00f3nico<\/td><\/tr><tr><td>Valor del pH:<\/td><td>7,0\u00b10,5 (1% soluci\u00f3n acuosa)<\/td><\/tr><tr><td>Solubilidad:<\/td><td>Soluble en agua<\/td><\/tr><\/tbody><\/table><\/figure>\n\n\n\n<h2 class=\"wp-block-heading\">Instrucciones del agente fijador de colorantes cati\u00f3nicos<\/h2>\n\n\n\n<p>Para utilizar junto con el te\u00f1ido en el mismo ba\u00f1o, dosis de referencia: 1,0~2,0% (f.o.p.)<\/p>\n\n\n\n<p>Nota:<\/p>\n\n\n\n<p>La dosis recomendada es de 20~30% de la cantidad de tinte. Por favor, disolver con colorante y tinte de acuerdo con el proceso normal.<\/p>\n<\/div>\n<\/div>\n\n\n\n<figure class=\"wp-block-image size-full\"><img decoding=\"async\" width=\"2256\" height=\"1181\" src=\"https:\/\/www.bluelakechem.com\/wp-content\/uploads\/2025\/01\/leveling-agent.webp\" alt=\"agente nivelador\" class=\"wp-image-1913\" srcset=\"https:\/\/www.bluelakechem.com\/wp-content\/uploads\/2025\/01\/leveling-agent.webp 2256w, https:\/\/www.bluelakechem.com\/wp-content\/uploads\/2025\/01\/leveling-agent-300x157.webp 300w, https:\/\/www.bluelakechem.com\/wp-content\/uploads\/2025\/01\/leveling-agent-768x402.webp 768w, https:\/\/www.bluelakechem.com\/wp-content\/uploads\/2025\/01\/leveling-agent-18x9.webp 18w, https:\/\/www.bluelakechem.com\/wp-content\/uploads\/2025\/01\/leveling-agent-1200x628.webp 1200w, https:\/\/www.bluelakechem.com\/wp-content\/uploads\/2025\/01\/leveling-agent-600x314.webp 600w\" sizes=\"(max-width: 2256px) 100vw, 2256px\" \/><\/figure>\n<\/div>\n<\/div>","protected":false},"excerpt":{"rendered":"<p>Agente fijador de tintes cati\u00f3nicos para algod\u00f3n para mejorar la solidez del color de los tejidos te\u00f1idos y mejorar el agua y la eficacia del lavado, reduciendo el n\u00famero de lavados.<\/p>\n<p><strong>N\u00ba de modelo <\/strong>22107<\/p>\n<p><img decoding=\"async\" class=\"alignnone wp-image-1913 size-full\" src=\"https:\/\/www.bluelakechem.com\/wp-content\/uploads\/2025\/01\/leveling-agent.webp\" alt=\"agente nivelador\" width=\"2256\" height=\"1181\" srcset=\"https:\/\/www.bluelakechem.com\/wp-content\/uploads\/2025\/01\/leveling-agent.webp 2256w, https:\/\/www.bluelakechem.com\/wp-content\/uploads\/2025\/01\/leveling-agent-300x157.webp 300w, https:\/\/www.bluelakechem.com\/wp-content\/uploads\/2025\/01\/leveling-agent-768x402.webp 768w, https:\/\/www.bluelakechem.com\/wp-content\/uploads\/2025\/01\/leveling-agent-18x9.webp 18w, https:\/\/www.bluelakechem.com\/wp-content\/uploads\/2025\/01\/leveling-agent-1200x628.webp 1200w, https:\/\/www.bluelakechem.com\/wp-content\/uploads\/2025\/01\/leveling-agent-600x314.webp 600w\" sizes=\"(max-width: 2256px) 100vw, 2256px\" \/><\/p>","protected":false},"featured_media":1796,"comment_status":"closed","ping_status":"closed","template":"","meta":{"_acf_changed":false},"material":[26,30,32,34],"process":[20,38,39,41],"product_brand":[],"product_cat":[15],"product_tag":[],"class_list":{"0":"post-1571","1":"product","2":"type-product","3":"status-publish","4":"has-post-thumbnail","6":"material-cotton-agent","7":"material-viscose-chemicals","8":"material-linen-chemicals","9":"material-fabric-chemicals","10":"process-dyeing-auxiliaries","11":"process-disperse-leveling-agent","12":"process-dye-carrier","13":"process-fixing-agent","14":"product_cat-uncategorized","16":"first","17":"instock","18":"shipping-taxable","19":"product-type-simple"},"acf":[],"_links":{"self":[{"href":"https:\/\/www.bluelakechem.com\/es\/wp-json\/wp\/v2\/product\/1571","targetHints":{"allow":["GET"]}}],"collection":[{"href":"https:\/\/www.bluelakechem.com\/es\/wp-json\/wp\/v2\/product"}],"about":[{"href":"https:\/\/www.bluelakechem.com\/es\/wp-json\/wp\/v2\/types\/product"}],"replies":[{"embeddable":true,"href":"https:\/\/www.bluelakechem.com\/es\/wp-json\/wp\/v2\/comments?post=1571"}],"wp:featuredmedia":[{"embeddable":true,"href":"https:\/\/www.bluelakechem.com\/es\/wp-json\/wp\/v2\/media\/1796"}],"wp:attachment":[{"href":"https:\/\/www.bluelakechem.com\/es\/wp-json\/wp\/v2\/media?parent=1571"}],"wp:term":[{"taxonomy":"material","embeddable":true,"href":"https:\/\/www.bluelakechem.com\/es\/wp-json\/wp\/v2\/material?post=1571"},{"taxonomy":"process","embeddable":true,"href":"https:\/\/www.bluelakechem.com\/es\/wp-json\/wp\/v2\/process?post=1571"},{"taxonomy":"product_brand","embeddable":true,"href":"https:\/\/www.bluelakechem.com\/es\/wp-json\/wp\/v2\/product_brand?post=1571"},{"taxonomy":"product_cat","embeddable":true,"href":"https:\/\/www.bluelakechem.com\/es\/wp-json\/wp\/v2\/product_cat?post=1571"},{"taxonomy":"product_tag","embeddable":true,"href":"https:\/\/www.bluelakechem.com\/es\/wp-json\/wp\/v2\/product_tag?post=1571"}],"curies":[{"name":"wp","href":"https:\/\/api.w.org\/{rel}","templated":true}]}}