{"id":1576,"date":"2025-01-22T06:52:54","date_gmt":"2025-01-22T06:52:54","guid":{"rendered":"https:\/\/www.bluelakechem.com\/?post_type=product&#038;p=1576"},"modified":"2025-03-27T03:11:18","modified_gmt":"2025-03-27T03:11:18","slug":"fiber-fixing-agent","status":"publish","type":"product","link":"https:\/\/www.bluelakechem.com\/es\/product\/fiber-fixing-agent\/","title":{"rendered":"Fijador de fibras para poli\u00e9ster, nailon y mezclas"},"content":{"rendered":"<div class=\"wp-block-columns is-layout-flex wp-container-core-columns-is-layout-9d6595d7 wp-block-columns-is-layout-flex\">\n<div class=\"wp-block-column is-layout-flow wp-block-column-is-layout-flow\">\n<h2 class=\"wp-block-heading\">Agente fijador de fibras Descripci\u00f3n<\/h2>\n\n\n\n<ul class=\"wp-block-list\">\n<li>22307 se compone principalmente de pol\u00edmero de poliamina.<\/li>\n\n\n\n<li>En el proceso de fijaci\u00f3n de tejidos de poli\u00e9ster\/algod\u00f3n, puede reaccionar con el radical hidr\u00f3xido en las fibras de algod\u00f3n y tener una reacci\u00f3n autom\u00e1tica de reticulaci\u00f3n para formar una pel\u00edcula, que puede disminuir la influencia en la solidez por sublimaci\u00f3n de los colorantes dispersos y mejorar la solidez del color al jabonado y al planchado con vapor.<\/li>\n\n\n\n<li>Es adecuado para tejidos de poli\u00e9ster\/algod\u00f3n, lo que puede disminuir la influencia en la solidez tras el fraguado.<\/li>\n<\/ul>\n\n\n\n<h2 class=\"wp-block-heading\">Agente fijador de fibras Caracter\u00edsticas<\/h2>\n\n\n\n<ol class=\"wp-block-list\">\n<li>No contiene formaldeh\u00eddo, APEO ni iones de metales pesados. Cumple los requisitos de protecci\u00f3n del medio ambiente.<\/li>\n\n\n\n<li>Tiene un cierto efecto inhibidor sobre la sublimaci\u00f3n de colorantes dispersos en el proceso de fraguado, especialmente colorantes de rojo brillante, negro y azul.<\/li>\n\n\n\n<li>No influyen en la sensaci\u00f3n al tacto ni en el tono de color de los tejidos.<\/li>\n\n\n\n<li>Reduce el ajuste intermedio \u00fanico. Acorta el proceso.<\/li>\n\n\n\n<li>F\u00e1cil de usar. Se puede utilizar junto con aceite de silicona en el mismo ba\u00f1o en la m\u00e1quina de fraguado.<\/li>\n<\/ol>\n\n\n\n<h2 class=\"wp-block-heading\">Agente fijador de fibras Propiedades t\u00edpicas<\/h2>\n\n\n\n<figure class=\"wp-block-table\"><table class=\"has-fixed-layout\"><tbody><tr><td>Apariencia:<\/td><td>L\u00edquido amarillo claro<\/td><\/tr><tr><td>Ionicidad:<\/td><td>Cati\u00f3nico<\/td><\/tr><tr><td>Valor del pH:<\/td><td>6,5\u00b11,0 (1% soluci\u00f3n acuosa)<\/td><\/tr><tr><td>Solubilidad:<\/td><td>Soluble en agua<\/td><\/tr><\/tbody><\/table><\/figure>\n<\/div>\n\n\n\n<div class=\"wp-block-column is-layout-flow wp-block-column-is-layout-flow\">\n<h2 class=\"wp-block-heading\">Instrucciones para el agente fijador de fibras<\/h2>\n\n\n\n<h3 class=\"wp-block-heading\">Proceso de acolchado:<\/h3>\n\n\n\n<ul class=\"wp-block-list\">\n<li>Dosis de referencia de 22307: 10~40 g\/L<\/li>\n\n\n\n<li>Dosis de referencia de ablandador: X g\/L<\/li>\n\n\n\n<li>Inmersi\u00f3n y acolchado (Pickup: 70~100%) \u2192 Secado y fraguado (130~160\u2103).<\/li>\n<\/ul>\n\n\n\n<h3 class=\"wp-block-heading\">Ejemplo de aplicaci\u00f3n<\/h3>\n\n\n\n<p>Para mejorar la solidez del tejido de doble cara de 50\/50 poli\u00e9ster\/algod\u00f3n:<\/p>\n\n\n<div class=\"wp-block-image\">\n<figure class=\"alignleft size-full is-resized\"><img decoding=\"async\" width=\"639\" height=\"460\" src=\"https:\/\/www.bluelakechem.com\/wp-content\/uploads\/2025\/01\/Fixing-agent-4.png\" alt=\"\" class=\"wp-image-1577\" style=\"width:542px;height:auto\" srcset=\"https:\/\/www.bluelakechem.com\/wp-content\/uploads\/2025\/01\/Fixing-agent-4.png 639w, https:\/\/www.bluelakechem.com\/wp-content\/uploads\/2025\/01\/Fixing-agent-4-300x216.png 300w, https:\/\/www.bluelakechem.com\/wp-content\/uploads\/2025\/01\/Fixing-agent-4-18x12.png 18w, https:\/\/www.bluelakechem.com\/wp-content\/uploads\/2025\/01\/Fixing-agent-4-600x432.png 600w\" sizes=\"(max-width: 639px) 100vw, 639px\" \/><\/figure>\n<\/div>\n\n\n<div class=\"wp-block-columns is-layout-flex wp-container-core-columns-is-layout-9d6595d7 wp-block-columns-is-layout-flex\">\n<div class=\"wp-block-column is-layout-flow wp-block-column-is-layout-flow\" style=\"flex-basis:50%\"><\/div>\n<\/div>\n\n\n\n<div class=\"wp-block-columns is-layout-flex wp-container-core-columns-is-layout-9d6595d7 wp-block-columns-is-layout-flex\">\n<div class=\"wp-block-column is-layout-flow wp-block-column-is-layout-flow\"><\/div>\n<\/div>\n\n\n\n<p>\uff081\uff09<strong>Te\u00f1ido de poli\u00e9ster: <\/strong><\/p>\n\n\n\n<ul class=\"wp-block-list\">\n<li>Rojo brillante: Colorante disperso de rojo brillante GS: 1.5%, Agente nivelante de alta temperatura: 1 g\/L, \u00c1cido ac\u00e9tico: 0.5 g\/L<\/li>\n\n\n\n<li>Azul turquesa: Colorante disperso de azul turquesa SGL: 1,5%, Agente de nivelaci\u00f3n a alta temperatura: 1 g\/L, \u00c1cido ac\u00e9tico: 0,5 g\/L<\/li>\n\n\n\n<li>25\u2103 \u2192 130\u2103\u00d740 min (2\u2103\/min) \u2192 Lavado con agua.<\/li>\n<\/ul>\n\n\n\n<p>\uff082\uff09<strong>Desbroce de reducci\u00f3n:<\/strong><\/p>\n\n\n\n<ul class=\"wp-block-list\">\n<li>Hidrosulfito de sodio 3 g\/L<\/li>\n\n\n\n<li>Sosa c\u00e1ustica: 2 g\/L<\/li>\n\n\n\n<li>80\u2103\u00d715 min (2\u2103\/min) \u2192 Lavado con agua.<\/li>\n<\/ul>\n\n\n\n<p>\uff083\uff09<strong>Te\u00f1ir algod\u00f3n: <\/strong><\/p>\n\n\n\n<ul class=\"wp-block-list\">\n<li>Azul turquesa: Colorante reactivo de azul turquesa BGFN: 1,5%, Colorante reactivo de azul brillante KN-R: 1%,<\/li>\n\n\n\n<li>Sulfato s\u00f3dico anhidro: 60 g\/L, Sosa c\u00e1ustica: 20 g\/L<\/li>\n\n\n\n<li>Rojo vivo: Colorante reactivo de rojo brillante 3BS: 2%, Colorante reactivo de amarillo 3RS: 1%,<\/li>\n\n\n\n<li>Sulfato s\u00f3dico anhidro: 60 g\/L, Sosa c\u00e1ustica: 20 g\/L<\/li>\n\n\n\n<li>25\u2103 \u2192 60\u2103\u00d760 min (2\u2103\/min) \u2192 Lavado con agua.<\/li>\n<\/ul>\n\n\n\n<p>\uff084\uff09<strong>Enjabonado:<\/strong><\/p>\n\n\n\n<ul class=\"wp-block-list\">\n<li>Agente jabonoso no espumoso: 2 g\/L<\/li>\n\n\n\n<li>95\u2103\u00d720 min (2\u2103\/ min) \u2192 Lavado con agua.<\/li>\n<\/ul>\n\n\n\n<p>\uff085\uff09<strong>Fijaci\u00f3n:<\/strong><\/p>\n\n\n\n<ul class=\"wp-block-list\">\n<li>Fijador sin formaldeh\u00eddo: 1%<\/li>\n\n\n\n<li>40\u2103\u00d720 min \u2192 Secado<\/li>\n<\/ul>\n\n\n\n<p>\uff086\uff09<strong>Entorno:<\/strong><\/p>\n\n\n\n<ul class=\"wp-block-list\">\n<li>Fijador 22307: 0, 20, 40 g\/L<\/li>\n\n\n\n<li>Inmersi\u00f3n y acolchado \u2192 Ajuste (170\u2103\u00d7alrededor de los 90).<\/li>\n<\/ul>\n<\/div>\n<\/div>","protected":false},"excerpt":{"rendered":"<p>Agente fijador de fibras, utilizado para tejidos de poli\u00e9ster algod\u00f3n, nailon, nailon algod\u00f3n y otras fibras qu\u00edmicas y sus tejidos mezclados, tiene un excelente efecto sobre la solidez al agua de la espuma de fibras qu\u00edmicas.<\/p>\n<p><strong>N\u00ba de modelo <\/strong>22307<\/p>\n<p><img decoding=\"async\" class=\"alignnone size-medium wp-image-1658\" src=\"https:\/\/www.bluelakechem.com\/wp-content\/uploads\/2025\/01\/22307-\uff08\u53cclogo\uff09-1-300x300.jpg\" alt=\"\" width=\"300\" height=\"300\" srcset=\"https:\/\/www.bluelakechem.com\/wp-content\/uploads\/2025\/01\/22307-\uff08\u53cclogo\uff09-1-300x300.jpg 300w, https:\/\/www.bluelakechem.com\/wp-content\/uploads\/2025\/01\/22307-\uff08\u53cclogo\uff09-1-150x150.jpg 150w, https:\/\/www.bluelakechem.com\/wp-content\/uploads\/2025\/01\/22307-\uff08\u53cclogo\uff09-1-768x768.jpg 768w, https:\/\/www.bluelakechem.com\/wp-content\/uploads\/2025\/01\/22307-\uff08\u53cclogo\uff09-1-12x12.jpg 12w, https:\/\/www.bluelakechem.com\/wp-content\/uploads\/2025\/01\/22307-\uff08\u53cclogo\uff09-1-600x600.jpg 600w, https:\/\/www.bluelakechem.com\/wp-content\/uploads\/2025\/01\/22307-\uff08\u53cclogo\uff09-1-100x100.jpg 100w, https:\/\/www.bluelakechem.com\/wp-content\/uploads\/2025\/01\/22307-\uff08\u53cclogo\uff09-1.jpg 800w\" sizes=\"(max-width: 300px) 100vw, 300px\" \/><\/p>","protected":false},"featured_media":1797,"comment_status":"closed","ping_status":"closed","template":"","meta":{"_acf_changed":false},"material":[26,27,28,29,30,31,32,49,34],"process":[20,23,41],"product_brand":[],"product_cat":[15],"product_tag":[],"class_list":{"0":"post-1576","1":"product","2":"type-product","3":"status-publish","4":"has-post-thumbnail","6":"material-cotton-agent","7":"material-polyester-chemicals","8":"material-nylon-agent","9":"material-acrylic-chemicals","10":"material-viscose-chemicals","11":"material-wool-auxiliary","12":"material-linen-chemicals","13":"material-elastic","14":"material-fabric-chemicals","15":"process-dyeing-auxiliaries","16":"process-textile-finishing-chemicals","17":"process-fixing-agent","18":"product_cat-uncategorized","20":"first","21":"instock","22":"shipping-taxable","23":"product-type-simple"},"acf":[],"_links":{"self":[{"href":"https:\/\/www.bluelakechem.com\/es\/wp-json\/wp\/v2\/product\/1576","targetHints":{"allow":["GET"]}}],"collection":[{"href":"https:\/\/www.bluelakechem.com\/es\/wp-json\/wp\/v2\/product"}],"about":[{"href":"https:\/\/www.bluelakechem.com\/es\/wp-json\/wp\/v2\/types\/product"}],"replies":[{"embeddable":true,"href":"https:\/\/www.bluelakechem.com\/es\/wp-json\/wp\/v2\/comments?post=1576"}],"wp:featuredmedia":[{"embeddable":true,"href":"https:\/\/www.bluelakechem.com\/es\/wp-json\/wp\/v2\/media\/1797"}],"wp:attachment":[{"href":"https:\/\/www.bluelakechem.com\/es\/wp-json\/wp\/v2\/media?parent=1576"}],"wp:term":[{"taxonomy":"material","embeddable":true,"href":"https:\/\/www.bluelakechem.com\/es\/wp-json\/wp\/v2\/material?post=1576"},{"taxonomy":"process","embeddable":true,"href":"https:\/\/www.bluelakechem.com\/es\/wp-json\/wp\/v2\/process?post=1576"},{"taxonomy":"product_brand","embeddable":true,"href":"https:\/\/www.bluelakechem.com\/es\/wp-json\/wp\/v2\/product_brand?post=1576"},{"taxonomy":"product_cat","embeddable":true,"href":"https:\/\/www.bluelakechem.com\/es\/wp-json\/wp\/v2\/product_cat?post=1576"},{"taxonomy":"product_tag","embeddable":true,"href":"https:\/\/www.bluelakechem.com\/es\/wp-json\/wp\/v2\/product_tag?post=1576"}],"curies":[{"name":"wp","href":"https:\/\/api.w.org\/{rel}","templated":true}]}}