{"id":1578,"date":"2025-01-22T06:48:21","date_gmt":"2025-01-22T06:48:21","guid":{"rendered":"https:\/\/www.bluelakechem.com\/?post_type=product&#038;p=1578"},"modified":"2025-11-21T11:04:26","modified_gmt":"2025-11-21T11:04:26","slug":"hydrophilic-agent","status":"publish","type":"product","link":"https:\/\/www.bluelakechem.com\/es\/product\/hydrophilic-agent\/","title":{"rendered":"Resina de secado r\u00e1pido, lavable, con agente hidr\u00f3filo, que absorbe la humedad, para todos los tejidos"},"content":{"rendered":"<div class=\"wp-block-columns is-layout-flex wp-container-core-columns-is-layout-9d6595d7 wp-block-columns-is-layout-flex\">\n<div class=\"wp-block-column is-layout-flow wp-block-column-is-layout-flow\">\n<h2 class=\"wp-block-heading\">Descripci\u00f3n del producto Agente hidr\u00f3filo<\/h2>\n\n\n\n<ul class=\"wp-block-list\">\n<li>La 66302 es una resina de poliamina hidr\u00f3fila de imina modificada \"en estrella\".<\/li>\n\n\n\n<li>A altas temperaturas, puede formar una estructura de red de reticulaci\u00f3n estable, que puede formar una densa pel\u00edcula hidr\u00f3fila gelatinosa similar al agua con el tejido. La pel\u00edcula tiene un excelente rendimiento duradero y lavable, lo que puede conferir a los tejidos un rendimiento hidr\u00f3filo duradero y duradero.<\/li>\n\n\n\n<li>Es adecuado para varios tipos de tejidos.<\/li>\n\n\n\n<li>Est\u00e1 especialmente indicado para la absorci\u00f3n duradera de la humedad y el acabado de secado r\u00e1pido de tejidos de nailon de alta calidad.<\/li>\n\n\n\n<li>Puede aplicarse en el acabado hidr\u00f3filo de n\u00facleo fr\u00edo para nailon con una gran dosificaci\u00f3n.<\/li>\n\n\n\n<li>Tambi\u00e9n es adecuado para el acabado hidr\u00f3filo lavable para algod\u00f3n y mezclas de algod\u00f3n, as\u00ed como para el acabado hidr\u00f3filo lavable y sin planchado para camisas de caballero de alta calidad.<\/li>\n<\/ul>\n\n\n\n<h2 class=\"wp-block-heading\">Caracter\u00edsticas del agente hidr\u00f3filo<\/h2>\n\n\n\n<ol class=\"wp-block-list\">\n<li>Respetuoso con el medio ambiente. No contiene sustancias prohibidas, como APEO o formaldeh\u00eddo, etc.<\/li>\n\n\n\n<li>Proporciona a los tejidos una absorci\u00f3n de la humedad duradera y un secado r\u00e1pido. Lavable m\u00e1s de 20 veces.<\/li>\n\n\n\n<li>Puede resolver el debilitamiento de la hidrofilia de los tejidos de nailon de color oscuro debido a la fijaci\u00f3n.<\/li>\n\n\n\n<li>Mejora la resistencia a la abrasi\u00f3n. Puede proteger las fibras de da\u00f1os mec\u00e1nicos y mejorar el rendimiento antipilling.<\/li>\n\n\n\n<li>Gran estabilidad. En el proceso de te\u00f1ido de nylon, se puede utilizar directamente en un ba\u00f1o de te\u00f1ido. Tambi\u00e9n se puede utilizar en el proceso de inmersi\u00f3n despu\u00e9s de la fijaci\u00f3n.<\/li>\n\n\n\n<li>Con una gran dosificaci\u00f3n, puede aplicarse en el acabado hidr\u00f3filo y de n\u00facleo fr\u00edo para nailon.<\/li>\n\n\n\n<li>Buena compatibilidad con el aceite de silicona. Puede mejorar la hidrofilia del aceite de silicona.<\/li>\n<\/ol>\n<\/div>\n\n\n\n<div class=\"wp-block-column is-layout-flow wp-block-column-is-layout-flow\">\n<figure class=\"wp-block-embed is-type-video is-provider-youtube wp-block-embed-youtube wp-embed-aspect-16-9 wp-has-aspect-ratio\"><div class=\"wp-block-embed__wrapper\">\n<iframe title=\"Resina de secado r\u00e1pido de humedad lavable: Absorci\u00f3n de humedad\u2265200% #textilechemicals\" width=\"500\" height=\"281\" src=\"https:\/\/www.youtube.com\/embed\/oxP-eU9BYZs?feature=oembed\" frameborder=\"0\" allow=\"accelerometer; autoplay; clipboard-write; encrypted-media; gyroscope; picture-in-picture; web-share\" referrerpolicy=\"strict-origin-when-cross-origin\" allowfullscreen><\/iframe>\n<\/div><\/figure>\n\n\n\n<h2 class=\"wp-block-heading\">Propiedades t\u00edpicas del agente hidr\u00f3filo<\/h2>\n\n\n\n<figure class=\"wp-block-table\"><table class=\"has-fixed-layout\"><tbody><tr><td>Apariencia:<\/td><td>L\u00edquido transparente entre incoloro y amarillo<\/td><\/tr><tr><td>Ionicidad:<\/td><td>Cati\u00f3nico<\/td><\/tr><tr><td>Valor del pH:<\/td><td>6,0~7,0 (1% soluci\u00f3n acuosa)<\/td><\/tr><tr><td>Solubilidad:<\/td><td>Soluble en agua<\/td><\/tr><\/tbody><\/table><\/figure>\n\n\n\n<h2 class=\"wp-block-heading\">Instrucci\u00f3n del agente hidr\u00f3filo<\/h2>\n\n\n\n<p><strong>1. Proceso de acolchado:<\/strong><\/p>\n\n\n\n<ul class=\"wp-block-list\">\n<li>Dosis de referencia: 5~20 g\/L<\/li>\n\n\n\n<li>Ajuste: Inmersi\u00f3n y acolchado (Pickup: 70~90%) \u2192 160~170\u2103 \u00d7 60~90s.<\/li>\n<\/ul>\n\n\n\n<p><strong>2.Proceso de inmersi\u00f3n:<\/strong><\/p>\n\n\n\n<ul class=\"wp-block-list\">\n<li>Dosis de referencia: 0,5~2,0% (o.w.f)<\/li>\n\n\n\n<li>Proceso: Tras la fijaci\u00f3n, 80\u2103 \u00d7 20~30 min \u2192 Secado.<\/li>\n<\/ul>\n<\/div>\n<\/div>","protected":false},"excerpt":{"rendered":"<p>Agente de acabado hidr\u00f3filo duradero, adecuado para el acabado duradero, lavable e hidr\u00f3filo de diversas fibras, especialmente adecuado para la absorci\u00f3n duradera de la humedad y el acabado de secado r\u00e1pido de tejidos de nailon de alta calidad, y tambi\u00e9n adecuado para el acabado hidr\u00f3filo lavable y r\u00edgido de tejidos de algod\u00f3n y sus mezclas.<\/p>\n<p><strong>N\u00ba de modelo<\/strong>66302<\/p>","protected":false},"featured_media":1798,"comment_status":"closed","ping_status":"closed","template":"","meta":{"_acf_changed":false},"material":[26,27,28,29,30,49,34],"process":[23,25],"product_brand":[],"product_cat":[15],"product_tag":[],"class_list":{"0":"post-1578","1":"product","2":"type-product","3":"status-publish","4":"has-post-thumbnail","6":"material-cotton-agent","7":"material-polyester-chemicals","8":"material-nylon-agent","9":"material-acrylic-chemicals","10":"material-viscose-chemicals","11":"material-elastic","12":"material-fabric-chemicals","13":"process-textile-finishing-chemicals","14":"process-textile-finishing-agent","15":"product_cat-uncategorized","17":"first","18":"instock","19":"shipping-taxable","20":"product-type-simple"},"acf":[],"_links":{"self":[{"href":"https:\/\/www.bluelakechem.com\/es\/wp-json\/wp\/v2\/product\/1578","targetHints":{"allow":["GET"]}}],"collection":[{"href":"https:\/\/www.bluelakechem.com\/es\/wp-json\/wp\/v2\/product"}],"about":[{"href":"https:\/\/www.bluelakechem.com\/es\/wp-json\/wp\/v2\/types\/product"}],"replies":[{"embeddable":true,"href":"https:\/\/www.bluelakechem.com\/es\/wp-json\/wp\/v2\/comments?post=1578"}],"wp:featuredmedia":[{"embeddable":true,"href":"https:\/\/www.bluelakechem.com\/es\/wp-json\/wp\/v2\/media\/1798"}],"wp:attachment":[{"href":"https:\/\/www.bluelakechem.com\/es\/wp-json\/wp\/v2\/media?parent=1578"}],"wp:term":[{"taxonomy":"material","embeddable":true,"href":"https:\/\/www.bluelakechem.com\/es\/wp-json\/wp\/v2\/material?post=1578"},{"taxonomy":"process","embeddable":true,"href":"https:\/\/www.bluelakechem.com\/es\/wp-json\/wp\/v2\/process?post=1578"},{"taxonomy":"product_brand","embeddable":true,"href":"https:\/\/www.bluelakechem.com\/es\/wp-json\/wp\/v2\/product_brand?post=1578"},{"taxonomy":"product_cat","embeddable":true,"href":"https:\/\/www.bluelakechem.com\/es\/wp-json\/wp\/v2\/product_cat?post=1578"},{"taxonomy":"product_tag","embeddable":true,"href":"https:\/\/www.bluelakechem.com\/es\/wp-json\/wp\/v2\/product_tag?post=1578"}],"curies":[{"name":"wp","href":"https:\/\/api.w.org\/{rel}","templated":true}]}}