{"id":1584,"date":"2025-01-22T07:00:35","date_gmt":"2025-01-22T07:00:35","guid":{"rendered":"https:\/\/www.bluelakechem.com\/?post_type=product&#038;p=1584"},"modified":"2025-03-27T03:13:40","modified_gmt":"2025-03-27T03:13:40","slug":"silicone-polymer","status":"publish","type":"product","link":"https:\/\/www.bluelakechem.com\/es\/product\/silicone-polymer\/","title":{"rendered":"Pol\u00edmero de silicona duradero Suavizante de silicona hidr\u00f3filo Acabado que absorbe la humedad"},"content":{"rendered":"<div class=\"wp-block-columns is-layout-flex wp-container-core-columns-is-layout-9d6595d7 wp-block-columns-is-layout-flex\">\n<div class=\"wp-block-column is-layout-flow wp-block-column-is-layout-flow\">\n<div class=\"wp-block-columns is-layout-flex wp-container-core-columns-is-layout-9d6595d7 wp-block-columns-is-layout-flex\">\n<div class=\"wp-block-column is-layout-flow wp-block-column-is-layout-flow\">\n<h2 class=\"wp-block-heading\">Pol\u00edmero de silicona Descripci\u00f3n:<\/h2>\n\n\n\n<ul class=\"wp-block-list\">\n<li>69204 Suavizante de silicona hidr\u00f3filo es un pol\u00edmero de silicona con una estructura de \u00e9ster am\u00ednico de poli\u00e9ter auto-reticulado.<\/li>\n\n\n\n<li>Los enlaces de polisiloxano proporcionan suavidad y resistencia a la intemperie. Los enlaces de poli\u00e9ter \u00e9ster de amina proporcionan una excelente hidrofilia, reactividad y compatibilidad. Pueden combinarse con los grupos activos del tejido tratado para formar una estructura de red de reticulaci\u00f3n estable, que tiene una excelente durabilidad y lavabilidad.<\/li>\n\n\n\n<li>Se trata de un producto innovador tanto por su capacidad de absorci\u00f3n de la humedad como por su rapidez de secado y manejo.<\/li>\n\n\n\n<li>Se aplica ampliamente en la absorci\u00f3n duradera de la humedad y el acabado de secado r\u00e1pido para tejidos de nailon.<\/li>\n<\/ul>\n\n\n\n<h2 class=\"wp-block-heading\">Pol\u00edmero de silicona Caracter\u00edsticas<\/h2>\n\n\n\n<ol class=\"wp-block-list\">\n<li>No contiene APEO ni sustancias qu\u00edmicas prohibidas. Conforme a la norma de la Uni\u00f3n Europea Otex-100.<\/li>\n\n\n\n<li>Imparte a los tejidos una hidrofilia duradera y lavable.<\/li>\n\n\n\n<li>Muy bajo amarilleamiento y muy bajo cambio de tonalidad. Pr\u00e1cticamente no influye en el tono original del tejido.<\/li>\n\n\n\n<li>Poca influencia en la solidez del color.<\/li>\n\n\n\n<li>Excelente propiedad autoemulsionante. Puede diluirse con agua en cualquier proporci\u00f3n.<\/li>\n\n\n\n<li>M\u00e1s rentable que la absorci\u00f3n de humedad de poliuretano y agente de secado r\u00e1pido.<\/li>\n<\/ol>\n<\/div>\n\n\n\n<div class=\"wp-block-column is-layout-flow wp-block-column-is-layout-flow\">\n<h2 class=\"wp-block-heading\">Pol\u00edmero de silicona Propiedades t\u00edpicas:<\/h2>\n\n\n\n<figure class=\"wp-block-table\"><table class=\"has-fixed-layout\"><tbody><tr><td>Apariencia:<\/td><td>Emulsi\u00f3n transparente de color amarillo claro<\/td><\/tr><tr><td>Ionicidad:<\/td><td>Cati\u00f3nico d\u00e9bil\/ No i\u00f3nico<\/td><\/tr><tr><td>Valor del pH:<\/td><td>8,0~9,0 (1% soluci\u00f3n acuosa)<\/td><\/tr><tr><td>Solubilidad:<\/td><td>Soluble en agua<\/td><\/tr><\/tbody><\/table><\/figure>\n\n\n\n<h2 class=\"wp-block-heading\">Pol\u00edmero de silicona Instrucci\u00f3n:<\/h2>\n\n\n\n<h3 class=\"wp-block-heading\">Proceso de acolchado: <\/h3>\n\n\n\n<ul class=\"wp-block-list\">\n<li>Dosis de referencia: 5~20 g\/L<\/li>\n\n\n\n<li>El mejor valor de pH de la soluci\u00f3n de trabajo: 6.0~7.0<\/li>\n\n\n\n<li>Ajuste: Inmersi\u00f3n y acolchado (Pickup: 70~90%) \u2192 160~170\u2103 \u00d7 60~90s.<\/li>\n<\/ul>\n\n\n\n<h3 class=\"wp-block-heading\">Proceso de inmersi\u00f3n:<\/h3>\n\n\n\n<ul class=\"wp-block-list\">\n<li>Dosis de referencia: 0.5~1.5% (o.w.f)<\/li>\n\n\n\n<li>Proporci\u00f3n de ba\u00f1o: 1:20<\/li>\n\n\n\n<li>Proceso: 80\u2103 \u00d7 20~30 min \u2192 Deshidratar \u2192 Secar (100~120\u2103).<\/li>\n<\/ul>\n<\/div>\n<\/div>\n<\/div>\n<\/div>","protected":false},"excerpt":{"rendered":"<p>El pol\u00edmero de silicona tiene las caracter\u00edsticas de absorci\u00f3n de humedad, secado r\u00e1pido y durabilidad, y es un suavizante de silicona hidr\u00f3filo para diversas fibras. Proporciona efectos de acabado suaves y funcionales para los tejidos.<\/p>\n<p><strong>N\u00ba de modelo<\/strong>69204<\/p>","protected":false},"featured_media":1799,"comment_status":"closed","ping_status":"closed","template":"","meta":{"_acf_changed":false},"material":[26,27,28,29,30,49,34],"process":[23,24],"product_brand":[],"product_cat":[15],"product_tag":[],"class_list":{"0":"post-1584","1":"product","2":"type-product","3":"status-publish","4":"has-post-thumbnail","6":"material-cotton-agent","7":"material-polyester-chemicals","8":"material-nylon-agent","9":"material-acrylic-chemicals","10":"material-viscose-chemicals","11":"material-elastic","12":"material-fabric-chemicals","13":"process-textile-finishing-chemicals","14":"process-silicone-oil","15":"product_cat-uncategorized","17":"first","18":"instock","19":"shipping-taxable","20":"product-type-simple"},"acf":[],"_links":{"self":[{"href":"https:\/\/www.bluelakechem.com\/es\/wp-json\/wp\/v2\/product\/1584","targetHints":{"allow":["GET"]}}],"collection":[{"href":"https:\/\/www.bluelakechem.com\/es\/wp-json\/wp\/v2\/product"}],"about":[{"href":"https:\/\/www.bluelakechem.com\/es\/wp-json\/wp\/v2\/types\/product"}],"replies":[{"embeddable":true,"href":"https:\/\/www.bluelakechem.com\/es\/wp-json\/wp\/v2\/comments?post=1584"}],"wp:featuredmedia":[{"embeddable":true,"href":"https:\/\/www.bluelakechem.com\/es\/wp-json\/wp\/v2\/media\/1799"}],"wp:attachment":[{"href":"https:\/\/www.bluelakechem.com\/es\/wp-json\/wp\/v2\/media?parent=1584"}],"wp:term":[{"taxonomy":"material","embeddable":true,"href":"https:\/\/www.bluelakechem.com\/es\/wp-json\/wp\/v2\/material?post=1584"},{"taxonomy":"process","embeddable":true,"href":"https:\/\/www.bluelakechem.com\/es\/wp-json\/wp\/v2\/process?post=1584"},{"taxonomy":"product_brand","embeddable":true,"href":"https:\/\/www.bluelakechem.com\/es\/wp-json\/wp\/v2\/product_brand?post=1584"},{"taxonomy":"product_cat","embeddable":true,"href":"https:\/\/www.bluelakechem.com\/es\/wp-json\/wp\/v2\/product_cat?post=1584"},{"taxonomy":"product_tag","embeddable":true,"href":"https:\/\/www.bluelakechem.com\/es\/wp-json\/wp\/v2\/product_tag?post=1584"}],"curies":[{"name":"wp","href":"https:\/\/api.w.org\/{rel}","templated":true}]}}