{"id":1585,"date":"2025-01-22T07:14:45","date_gmt":"2025-01-22T07:14:45","guid":{"rendered":"https:\/\/www.bluelakechem.com\/?post_type=product&#038;p=1585"},"modified":"2025-03-27T03:14:39","modified_gmt":"2025-03-27T03:14:39","slug":"softening-agent","status":"publish","type":"product","link":"https:\/\/www.bluelakechem.com\/es\/product\/softening-agent\/","title":{"rendered":"Agente suavizante Suavizante de \u00e1cidos grasos para tejidos de algod\u00f3n y poli\u00e9ster Agente de acabado"},"content":{"rendered":"<div class=\"wp-block-columns is-layout-flex wp-container-core-columns-is-layout-9d6595d7 wp-block-columns-is-layout-flex\">\n<div class=\"wp-block-column is-layout-flow wp-block-column-is-layout-flow\" style=\"flex-basis:50%\">\n<h2 class=\"wp-block-heading\">Agente suavizante Descripci\u00f3n:<\/h2>\n\n\n\n<ul class=\"wp-block-list\">\n<li>El agente suavizante 39004 est\u00e1 especialmente modificado con \u00e1cidos grasos vegetales naturales.<\/li>\n\n\n\n<li>Sin hidroprocesado, tiene un alto contenido en \u00e1cidos grasos insaturados.<\/li>\n\n\n\n<li>Se puede aplicar en el proceso hidr\u00f3filo, suave y esponjoso para tejidos de algod\u00f3n, ray\u00f3n, modal, fibras sint\u00e9ticas y sus mezclas.<\/li>\n\n\n\n<li>Es especialmente adecuado para el tejido de poli\u00e9ster\/algod\u00f3n, que puede mejorar su voluminosidad, suavidad y resistencia al rebote al agarre manual.<\/li>\n\n\n\n<li>Es m\u00e1s adecuado para el proceso de acabado de un mango de \"algod\u00f3n natural\".<\/li>\n<\/ul>\n\n\n\n<h2 class=\"wp-block-heading\">Agente suavizante Caracter\u00edsticas:<\/h2>\n\n\n\n<ol class=\"wp-block-list\">\n<li>Buena hidrofilia.<\/li>\n\n\n\n<li>Proporciona tejidos suaves, esponjosos, lisos, secos y una exquisita sensaci\u00f3n al tacto.<\/li>\n\n\n\n<li>En comparaci\u00f3n con las pastillas suavizantes, puede diluirse con agua fr\u00eda. C\u00f3modo de usar.<\/li>\n<\/ol>\n<\/div>\n\n\n\n<div class=\"wp-block-column is-layout-flow wp-block-column-is-layout-flow\" style=\"flex-basis:50%\">\n<h2 class=\"wp-block-heading\">Agente suavizante Propiedades t\u00edpicas:<\/h2>\n\n\n\n<figure class=\"wp-block-table\"><table class=\"has-fixed-layout\"><tbody><tr><td>Apariencia:<\/td><td>Semipasta o pasta de color amarillo claro a amarillo<\/td><\/tr><tr><td>Ionicidad:<\/td><td>Cati\u00f3nico d\u00e9bil<\/td><\/tr><tr><td>Valor del pH:<\/td><td>&#8212;&#8212;&#8211;<\/td><\/tr><tr><td>Solubilidad:<\/td><td>Soluble en agua<\/td><\/tr><\/tbody><\/table><\/figure>\n\n\n\n<h2 class=\"wp-block-heading\">Instrucciones para el ablandador<\/h2>\n\n\n\n<ol class=\"wp-block-list\">\n<li>El agente suavizante 39004 es un producto de alta concentraci\u00f3n. Se recomienda diluirlo en agua en una proporci\u00f3n de 1:9 y utilizarlo a continuaci\u00f3n.<\/li>\n\n\n\n<li>Diluci\u00f3n: Por favor, a\u00f1ada 450kg de agua de ablandamiento en el recipiente, a\u00f1ada lentamente 50kg 39004 Agente Suavizante, y luego ag\u00edtelo durante 20 minutos. Filtrar y utilizar.<\/li>\n\n\n\n<li>Proceso de acolchado (tintura y ablandamiento en el mismo ba\u00f1o): Dosificaci\u00f3n de referencia de 39004 diluido: 5~15% (f.o.p.)<\/li>\n\n\n\n<li>Proporci\u00f3n de ba\u00f1o: 1:5~1:10<\/li>\n\n\n\n<li>45~50\u2103 \u00d7 20~30min \u2192 Acolchado \u2192 Ajuste.<\/li>\n\n\n\n<li>Proceso de acolchado (en m\u00e1quina de fraguado): Dosificaci\u00f3n de referencia de 39004 diluido: 50~300 g\/L<\/li>\n\n\n\n<li>Acolchado \u2192 Secado \u2192 Fijaci\u00f3n<\/li>\n<\/ol>\n<\/div>\n\n\n\n<div class=\"wp-block-column is-layout-flow wp-block-column-is-layout-flow\"><\/div>\n<\/div>\n\n\n\n<p><\/p>","protected":false},"excerpt":{"rendered":"<p>Agente suavizante de uso general, puede aplicarse en el proceso de acabado suave de diversos tipos de tejidos, toallas, prendas y textiles, mejora la hidrofilia e imparte un tacto suave y esponjoso.<\/p>\n<p><strong>N\u00ba de modelo<\/strong>39004<\/p>","protected":false},"featured_media":1800,"comment_status":"closed","ping_status":"closed","template":"","meta":{"_acf_changed":false},"material":[26,27,28,29,30,31,32,33,49,34],"process":[23,42],"product_brand":[],"product_cat":[15],"product_tag":[],"class_list":{"0":"post-1585","1":"product","2":"type-product","3":"status-publish","4":"has-post-thumbnail","6":"material-cotton-agent","7":"material-polyester-chemicals","8":"material-nylon-agent","9":"material-acrylic-chemicals","10":"material-viscose-chemicals","11":"material-wool-auxiliary","12":"material-linen-chemicals","13":"material-silk-chemicals","14":"material-elastic","15":"material-fabric-chemicals","16":"process-textile-finishing-chemicals","17":"process-softener","18":"product_cat-uncategorized","20":"first","21":"instock","22":"shipping-taxable","23":"product-type-simple"},"acf":[],"_links":{"self":[{"href":"https:\/\/www.bluelakechem.com\/es\/wp-json\/wp\/v2\/product\/1585","targetHints":{"allow":["GET"]}}],"collection":[{"href":"https:\/\/www.bluelakechem.com\/es\/wp-json\/wp\/v2\/product"}],"about":[{"href":"https:\/\/www.bluelakechem.com\/es\/wp-json\/wp\/v2\/types\/product"}],"replies":[{"embeddable":true,"href":"https:\/\/www.bluelakechem.com\/es\/wp-json\/wp\/v2\/comments?post=1585"}],"wp:featuredmedia":[{"embeddable":true,"href":"https:\/\/www.bluelakechem.com\/es\/wp-json\/wp\/v2\/media\/1800"}],"wp:attachment":[{"href":"https:\/\/www.bluelakechem.com\/es\/wp-json\/wp\/v2\/media?parent=1585"}],"wp:term":[{"taxonomy":"material","embeddable":true,"href":"https:\/\/www.bluelakechem.com\/es\/wp-json\/wp\/v2\/material?post=1585"},{"taxonomy":"process","embeddable":true,"href":"https:\/\/www.bluelakechem.com\/es\/wp-json\/wp\/v2\/process?post=1585"},{"taxonomy":"product_brand","embeddable":true,"href":"https:\/\/www.bluelakechem.com\/es\/wp-json\/wp\/v2\/product_brand?post=1585"},{"taxonomy":"product_cat","embeddable":true,"href":"https:\/\/www.bluelakechem.com\/es\/wp-json\/wp\/v2\/product_cat?post=1585"},{"taxonomy":"product_tag","embeddable":true,"href":"https:\/\/www.bluelakechem.com\/es\/wp-json\/wp\/v2\/product_tag?post=1585"}],"curies":[{"name":"wp","href":"https:\/\/api.w.org\/{rel}","templated":true}]}}