{"id":1669,"date":"2025-03-07T02:07:05","date_gmt":"2025-03-07T02:07:05","guid":{"rendered":"https:\/\/www.bluelakechem.com\/?post_type=product&#038;p=1669"},"modified":"2025-08-06T09:04:22","modified_gmt":"2025-08-06T09:04:22","slug":"hydrophilic-silicone","status":"publish","type":"product","link":"https:\/\/www.bluelakechem.com\/es\/product\/hydrophilic-silicone\/","title":{"rendered":"Silicona hidr\u00f3fila, aceite de silicona amino para algod\u00f3n suave y sedoso"},"content":{"rendered":"<div class=\"wp-block-columns is-layout-flex wp-container-core-columns-is-layout-9d6595d7 wp-block-columns-is-layout-flex\">\n<div class=\"wp-block-column is-layout-flow wp-block-column-is-layout-flow\" style=\"flex-basis:50%\">\n<h2 class=\"wp-block-heading\">Silicona hidr\u00f3fila Caracter\u00edsticas:<\/h2>\n\n\n\n<p><strong>Excelente hidrofilia: <\/strong>Mejora la absorci\u00f3n de agua del tejido, garantizando comodidad y transpirabilidad.<\/p>\n\n\n\n<p><strong>Tacto suave y sedoso: <\/strong>Proporciona al tejido una textura suave, lisa, sedosa y el\u00e1stica.<\/p>\n\n\n\n<p><strong>Elasticidad de la fibra y recuperaci\u00f3n de la forma:<\/strong>Presenta una excelente elasticidad de la fibra y un extraordinario rendimiento de recuperaci\u00f3n de la forma.<\/p>\n\n\n\n<p><strong>Respetuoso con el medio ambiente y seguro: <\/strong>El producto cumple estrictas normas medioambientales, no contiene sustancias qu\u00edmicas prohibidas y cumple plenamente la norma OEKO-TEX 100 de la UE.<\/p>\n\n\n\n<p><strong>Excelente resistencia a los \u00e1lcalis: <\/strong>Garantiza la estabilidad durante el procesamiento, por lo que es adecuado para diversas aplicaciones de acabado<\/p>\n<\/div>\n\n\n\n<div class=\"wp-block-column is-layout-flow wp-block-column-is-layout-flow\" style=\"flex-basis:50%\">\n<h2 class=\"wp-block-heading\">Propiedades de la silicona hidr\u00f3fila:<\/h2>\n\n\n\n<figure class=\"wp-block-table\"><table class=\"has-fixed-layout\"><tbody><tr><td>Apariencia:<\/td><td>L\u00edquido viscoso amarillo claro transparente&nbsp;<\/td><\/tr><tr><td>Ionicidad:<\/td><td>Cati\u00f3nico d\u00e9bil<\/td><\/tr><tr><td>Valor del pH:<\/td><td>6,5\u00b11,0 (1% soluci\u00f3n acuosa)<\/td><\/tr><tr><td>Contenido:<\/td><td>90~95%<\/td><\/tr><tr><td>Aplicaci\u00f3n:<\/td><td>Fibra de celulosa, etc., especialmente algod\u00f3n.<\/td><\/tr><\/tbody><\/table><\/figure>\n\n\n\n<h2 class=\"wp-block-heading\">Silicona hidrof\u00edlica Aplicaci\u00f3n:<\/h2>\n\n\n\n<p><strong>Tejido de algod\u00f3n: <\/strong>Mejoran la suavidad, tersura y durabilidad, al tiempo que potencian la hidrofilia.<\/p>\n\n\n\n<p><strong>Tejidos mixtos: <\/strong>Eficaz para tejidos de poli\u00e9ster-algod\u00f3n y otras mezclas.<\/p>\n\n\n\n<p><strong>Toallas y textiles para el hogar: <\/strong>Mejora la absorci\u00f3n de agua, la suavidad y la resistencia al encogimiento.<\/p>\n\n\n\n<p><strong>Acabado de prendas:<\/strong> garantizando una suavidad duradera, elasticidad y resistencia al encogimiento.<\/p>\n<\/div>\n\n\n\n<div class=\"wp-block-column is-layout-flow wp-block-column-is-layout-flow\"><\/div>\n<\/div>","protected":false},"excerpt":{"rendered":"<p>Nuestro 72003 es un suavizante textil innovador, que puede proporcionar a la mayor\u00eda de los tejidos un tacto suave y liso e hidrofilia. Es un multipol\u00edmero compuesto de polisiloxano, poli\u00e9ter y poliamina, que puede penetrar uniformemente en la parte interna de las fibras y actuar en cada fibra para mejorar el rendimiento general del tejido. Tiene una estructura de copol\u00edmero en bloque lineal, que tiene un buen rendimiento de dispersi\u00f3n, difusi\u00f3n y penetraci\u00f3n en las fibras. que cumple las normas medioambientales. P\u00f3ngase en contacto con nosotros para obtener m\u00e1s soluciones.<\/p>\n<p><strong>Modelo n\u00ba 72003<\/strong><\/p>","protected":false},"featured_media":1670,"comment_status":"closed","ping_status":"closed","template":"","meta":{"_acf_changed":false},"material":[26],"process":[23,24],"product_brand":[],"product_cat":[15],"product_tag":[],"class_list":{"0":"post-1669","1":"product","2":"type-product","3":"status-publish","4":"has-post-thumbnail","6":"material-cotton-agent","7":"process-textile-finishing-chemicals","8":"process-silicone-oil","9":"product_cat-uncategorized","11":"first","12":"instock","13":"shipping-taxable","14":"product-type-simple"},"acf":[],"_links":{"self":[{"href":"https:\/\/www.bluelakechem.com\/es\/wp-json\/wp\/v2\/product\/1669","targetHints":{"allow":["GET"]}}],"collection":[{"href":"https:\/\/www.bluelakechem.com\/es\/wp-json\/wp\/v2\/product"}],"about":[{"href":"https:\/\/www.bluelakechem.com\/es\/wp-json\/wp\/v2\/types\/product"}],"replies":[{"embeddable":true,"href":"https:\/\/www.bluelakechem.com\/es\/wp-json\/wp\/v2\/comments?post=1669"}],"wp:featuredmedia":[{"embeddable":true,"href":"https:\/\/www.bluelakechem.com\/es\/wp-json\/wp\/v2\/media\/1670"}],"wp:attachment":[{"href":"https:\/\/www.bluelakechem.com\/es\/wp-json\/wp\/v2\/media?parent=1669"}],"wp:term":[{"taxonomy":"material","embeddable":true,"href":"https:\/\/www.bluelakechem.com\/es\/wp-json\/wp\/v2\/material?post=1669"},{"taxonomy":"process","embeddable":true,"href":"https:\/\/www.bluelakechem.com\/es\/wp-json\/wp\/v2\/process?post=1669"},{"taxonomy":"product_brand","embeddable":true,"href":"https:\/\/www.bluelakechem.com\/es\/wp-json\/wp\/v2\/product_brand?post=1669"},{"taxonomy":"product_cat","embeddable":true,"href":"https:\/\/www.bluelakechem.com\/es\/wp-json\/wp\/v2\/product_cat?post=1669"},{"taxonomy":"product_tag","embeddable":true,"href":"https:\/\/www.bluelakechem.com\/es\/wp-json\/wp\/v2\/product_tag?post=1669"}],"curies":[{"name":"wp","href":"https:\/\/api.w.org\/{rel}","templated":true}]}}