{"id":1910,"date":"2025-04-15T06:41:34","date_gmt":"2025-04-15T06:41:34","guid":{"rendered":"https:\/\/www.bluelakechem.com\/?post_type=product&#038;p=1910"},"modified":"2025-04-15T06:42:26","modified_gmt":"2025-04-15T06:42:26","slug":"dispersing-leveling-agent","status":"publish","type":"product","link":"https:\/\/www.bluelakechem.com\/es\/product\/dispersing-leveling-agent\/","title":{"rendered":"Eficaz agente nivelador dispersante para la tintura textil"},"content":{"rendered":"<div class=\"wp-block-columns is-layout-flex wp-container-core-columns-is-layout-9d6595d7 wp-block-columns-is-layout-flex\">\n<div class=\"wp-block-column is-layout-flow wp-block-column-is-layout-flow\">\n<h2 class=\"wp-block-heading\">Dispersing Leveling Agent\u00a0Features:<\/h2>\n\n\n\n<p>22115 is mainly applied in high-temperature\u00a0and high-pressure rapid dyeing\u00a0processes for fabrics of polyester fibers and polyester blends, etc. It achieves the purpose of leveling dyeing and saving dyeing time<\/p>\n\n\n\n<ol class=\"wp-block-list\">\n<li>Fast temperature rise-up in polyester dyeing, reduces dyeing\u00a0time by about 30 minutes.<\/li>\n\n\n\n<li>It contains no APEO or PAH, etc. Fits environmental protection requirements.<\/li>\n\n\n\n<li>Excellent leveling performance, shorten the dyeing time, improve production efficiency&nbsp;and save energy.<\/li>\n\n\n\n<li>Strong ability of retarding. Can effectively decrease the initial dyeing rate\u00a0and solve the dyeing defect problems caused by simultaneous\u00a0dyeing of mixed dyes.<\/li>\n\n\n\n<li>Extremely low foam. No need to add a defoaming agent.<\/li>\n\n\n\n<li>Mejora el rendimiento de la aplicaci\u00f3n de los colorantes dispersantes, especialmente el efecto de uso de los colorantes de gama baja.<\/li>\n<\/ol>\n<\/div>\n\n\n\n<div class=\"wp-block-column is-layout-flow wp-block-column-is-layout-flow\">\n<h2 class=\"wp-block-heading\">Dispersing Leveling Agent\u00a0 Typical Properties:<\/h2>\n\n\n\n<figure class=\"wp-block-table\"><table class=\"has-fixed-layout\"><tbody><tr><td><strong>Apariencia:<\/strong><\/td><td>Yellow liquid<\/td><\/tr><tr><td><strong>Ionicidad:<\/strong><\/td><td>Nonionic\/Anionic<\/td><\/tr><tr><td><strong>pH Value:<\/strong><\/td><td>6,0\u00b11,0 (1% soluci\u00f3n acuosa)<\/td><\/tr><tr><td><strong>Solubilidad:<\/strong><\/td><td>Soluble en agua<\/td><\/tr><\/tbody><\/table><\/figure>\n\n\n\n<h2 class=\"wp-block-heading\">Dispersing Leveling Agent\u00a0Instruction:<\/h2>\n\n\n\n<p>Reference dosage of diluted 22115: 0.5 ~ 1.5 % (o.w.f)<\/p>\n\n\n\n<figure class=\"wp-block-image size-full\"><img decoding=\"async\" width=\"564\" height=\"229\" src=\"https:\/\/www.bluelakechem.com\/wp-content\/uploads\/2025\/04\/EfficientDispersing-Leveling-Agent.webp\" alt=\"EfficientDispersing Leveling Agent\" class=\"wp-image-1914\" srcset=\"https:\/\/www.bluelakechem.com\/wp-content\/uploads\/2025\/04\/EfficientDispersing-Leveling-Agent.webp 564w, https:\/\/www.bluelakechem.com\/wp-content\/uploads\/2025\/04\/EfficientDispersing-Leveling-Agent-300x122.webp 300w, https:\/\/www.bluelakechem.com\/wp-content\/uploads\/2025\/04\/EfficientDispersing-Leveling-Agent-18x7.webp 18w\" sizes=\"(max-width: 564px) 100vw, 564px\" \/><\/figure>\n<\/div>\n<\/div>\n\n\n\n<div class=\"wp-block-columns is-layout-flex wp-container-core-columns-is-layout-9d6595d7 wp-block-columns-is-layout-flex\">\n<div class=\"wp-block-column is-layout-flow wp-block-column-is-layout-flow\">\n<figure class=\"wp-block-embed is-type-video is-provider-youtube wp-block-embed-youtube wp-embed-aspect-16-9 wp-has-aspect-ratio\"><div class=\"wp-block-embed__wrapper\">\n<iframe title=\"With it, dyeing efficiency is increased 30%.\" width=\"500\" height=\"281\" src=\"https:\/\/www.youtube.com\/embed\/p7h3MoS_ONY?feature=oembed\" frameborder=\"0\" allow=\"accelerometer; autoplay; clipboard-write; encrypted-media; gyroscope; picture-in-picture; web-share\" referrerpolicy=\"strict-origin-when-cross-origin\" allowfullscreen><\/iframe>\n<\/div><\/figure>\n<\/div>\n\n\n\n<div class=\"wp-block-column is-layout-flow wp-block-column-is-layout-flow\">\n<figure class=\"wp-block-embed is-type-video is-provider-youtube wp-block-embed-youtube wp-embed-aspect-16-9 wp-has-aspect-ratio\"><div class=\"wp-block-embed__wrapper\">\n<iframe title=\"Say goodbye to the troubles of dyeing color differences and color spots-22115\" width=\"500\" height=\"281\" src=\"https:\/\/www.youtube.com\/embed\/kzWUSXJxyCE?feature=oembed\" frameborder=\"0\" allow=\"accelerometer; autoplay; clipboard-write; encrypted-media; gyroscope; picture-in-picture; web-share\" referrerpolicy=\"strict-origin-when-cross-origin\" allowfullscreen><\/iframe>\n<\/div><\/figure>\n<\/div>\n<\/div>","protected":false},"excerpt":{"rendered":"<p>Nuestro 22115 Efficient Dispersing Leveling Agent se utiliza principalmente en el proceso de tintura r\u00e1pida a alta temperatura y alta presi\u00f3n para tejidos de fibras de poli\u00e9ster y mezclas de poli\u00e9ster, etc. Logra el prop\u00f3sito de nivelar el te\u00f1ido y ahorrar tiempo de te\u00f1ido. No contiene APEO ni PAH, etc. Se ajusta a los requisitos de protecci\u00f3n del medio ambiente. Si desea m\u00e1s informaci\u00f3n, p\u00f3ngase en contacto con nosotros.<\/p>\n<p><strong>Modelo n\u00ba 22115<\/strong><\/p>\n<p><img decoding=\"async\" class=\"alignnone wp-image-1915 size-full\" src=\"https:\/\/www.bluelakechem.com\/wp-content\/uploads\/2025\/04\/EfficientDispersing-Leveling-Agent-1.webp\" alt=\"\" width=\"2256\" height=\"1181\" srcset=\"https:\/\/www.bluelakechem.com\/wp-content\/uploads\/2025\/04\/EfficientDispersing-Leveling-Agent-1.webp 2256w, https:\/\/www.bluelakechem.com\/wp-content\/uploads\/2025\/04\/EfficientDispersing-Leveling-Agent-1-300x157.webp 300w, https:\/\/www.bluelakechem.com\/wp-content\/uploads\/2025\/04\/EfficientDispersing-Leveling-Agent-1-768x402.webp 768w, https:\/\/www.bluelakechem.com\/wp-content\/uploads\/2025\/04\/EfficientDispersing-Leveling-Agent-1-18x9.webp 18w, https:\/\/www.bluelakechem.com\/wp-content\/uploads\/2025\/04\/EfficientDispersing-Leveling-Agent-1-1200x628.webp 1200w, https:\/\/www.bluelakechem.com\/wp-content\/uploads\/2025\/04\/EfficientDispersing-Leveling-Agent-1-600x314.webp 600w\" sizes=\"(max-width: 2256px) 100vw, 2256px\" \/> <img decoding=\"async\" class=\"alignnone wp-image-1916 size-full\" src=\"https:\/\/www.bluelakechem.com\/wp-content\/uploads\/2025\/04\/EfficientDispersing-Leveling-Agent-2.webp\" alt=\"\" width=\"2256\" height=\"1181\" srcset=\"https:\/\/www.bluelakechem.com\/wp-content\/uploads\/2025\/04\/EfficientDispersing-Leveling-Agent-2.webp 2256w, https:\/\/www.bluelakechem.com\/wp-content\/uploads\/2025\/04\/EfficientDispersing-Leveling-Agent-2-300x157.webp 300w, https:\/\/www.bluelakechem.com\/wp-content\/uploads\/2025\/04\/EfficientDispersing-Leveling-Agent-2-768x402.webp 768w, https:\/\/www.bluelakechem.com\/wp-content\/uploads\/2025\/04\/EfficientDispersing-Leveling-Agent-2-18x9.webp 18w, https:\/\/www.bluelakechem.com\/wp-content\/uploads\/2025\/04\/EfficientDispersing-Leveling-Agent-2-1200x628.webp 1200w, https:\/\/www.bluelakechem.com\/wp-content\/uploads\/2025\/04\/EfficientDispersing-Leveling-Agent-2-600x314.webp 600w\" sizes=\"(max-width: 2256px) 100vw, 2256px\" \/><\/p>","protected":false},"featured_media":1919,"comment_status":"closed","ping_status":"closed","template":"","meta":{"_acf_changed":false},"material":[27,28,49],"process":[20,38],"product_brand":[],"product_cat":[15],"product_tag":[],"class_list":{"0":"post-1910","1":"product","2":"type-product","3":"status-publish","4":"has-post-thumbnail","6":"material-polyester-chemicals","7":"material-nylon-agent","8":"material-elastic","9":"process-dyeing-auxiliaries","10":"process-disperse-leveling-agent","11":"product_cat-uncategorized","13":"first","14":"instock","15":"shipping-taxable","16":"product-type-simple"},"acf":[],"_links":{"self":[{"href":"https:\/\/www.bluelakechem.com\/es\/wp-json\/wp\/v2\/product\/1910","targetHints":{"allow":["GET"]}}],"collection":[{"href":"https:\/\/www.bluelakechem.com\/es\/wp-json\/wp\/v2\/product"}],"about":[{"href":"https:\/\/www.bluelakechem.com\/es\/wp-json\/wp\/v2\/types\/product"}],"replies":[{"embeddable":true,"href":"https:\/\/www.bluelakechem.com\/es\/wp-json\/wp\/v2\/comments?post=1910"}],"wp:featuredmedia":[{"embeddable":true,"href":"https:\/\/www.bluelakechem.com\/es\/wp-json\/wp\/v2\/media\/1919"}],"wp:attachment":[{"href":"https:\/\/www.bluelakechem.com\/es\/wp-json\/wp\/v2\/media?parent=1910"}],"wp:term":[{"taxonomy":"material","embeddable":true,"href":"https:\/\/www.bluelakechem.com\/es\/wp-json\/wp\/v2\/material?post=1910"},{"taxonomy":"process","embeddable":true,"href":"https:\/\/www.bluelakechem.com\/es\/wp-json\/wp\/v2\/process?post=1910"},{"taxonomy":"product_brand","embeddable":true,"href":"https:\/\/www.bluelakechem.com\/es\/wp-json\/wp\/v2\/product_brand?post=1910"},{"taxonomy":"product_cat","embeddable":true,"href":"https:\/\/www.bluelakechem.com\/es\/wp-json\/wp\/v2\/product_cat?post=1910"},{"taxonomy":"product_tag","embeddable":true,"href":"https:\/\/www.bluelakechem.com\/es\/wp-json\/wp\/v2\/product_tag?post=1910"}],"curies":[{"name":"wp","href":"https:\/\/api.w.org\/{rel}","templated":true}]}}