{"id":2097,"date":"2025-05-13T07:34:03","date_gmt":"2025-05-13T07:34:03","guid":{"rendered":"https:\/\/www.bluelakechem.com\/?post_type=product&#038;p=2097"},"modified":"2025-05-13T07:36:00","modified_gmt":"2025-05-13T07:36:00","slug":"sequestering-and-dispersing-agent","status":"publish","type":"product","link":"https:\/\/www.bluelakechem.com\/es\/product\/sequestering-and-dispersing-agent\/","title":{"rendered":"Agente secuestrante y dispersante No fosforado y no nitrogenado para textiles Dispersante quelante"},"content":{"rendered":"<div class=\"wp-block-columns is-layout-flex wp-container-core-columns-is-layout-9d6595d7 wp-block-columns-is-layout-flex\">\n<div class=\"wp-block-column is-layout-flow wp-block-column-is-layout-flow\">\n<h2 class=\"wp-block-heading\">Agente secuestrante y dispersante Descripci\u00f3n:<\/h2>\n\n\n\n<p>11034 se compone principalmente de un complejo org\u00e1nico de policarboxilato.<\/p>\n\n\n\n<p>Puede combinarse con iones de metales pesados, como iones de calcio, iones de magnesio e iones de hierro, etc., para formar complejos estables y bloquear los iones met\u00e1licos.<\/p>\n\n\n\n<p>Tiene un alto valor quelante y una capacidad quelante estable para iones de metales pesados, como iones de calcio, iones de magnesio e iones de hierro, etc. Especialmente bajo la condici\u00f3n de alta temperatura, \u00e1lcali fuerte, agente oxidante y electrolito, puede lograr la funci\u00f3n quelante estable, que cumple con los requisitos de alta eficiencia y proceso corto.<\/p>\n\n\n\n<p>Puede aplicarse en cada proceso de descrudado, blanqueo, te\u00f1ido, estampado, enjabonado y acabado, etc.<\/p>\n\n\n\n<h2 class=\"wp-block-heading\">Agente secuestrante y dispersante Caracter\u00edsticas:<\/h2>\n\n\n\n<ul class=\"wp-block-list\">\n<li>Biodegradable. No contiene fosfatos, ETDA, DTPA, etc. Cumple los requisitos de protecci\u00f3n del medio ambiente.<\/li>\n\n\n\n<li>Estable a altas temperaturas, \u00e1lcalis y electrolitos. Buena resistencia a la oxidaci\u00f3n.<\/li>\n\n\n\n<li>Excelente efecto dispersante de los colorantes. Puede mantener la estabilidad del ba\u00f1o y evitar la coagulaci\u00f3n de colorantes, impurezas o suciedad, etc.<\/li>\n\n\n\n<li>Buen efecto antical. Puede dispersar la suciedad y las impurezas y evitar su sedimentaci\u00f3n en los equipos.<\/li>\n<\/ul>\n<\/div>\n\n\n\n<div class=\"wp-block-column is-layout-flow wp-block-column-is-layout-flow\">\n<figure class=\"wp-block-embed is-type-video is-provider-youtube wp-block-embed-youtube wp-embed-aspect-16-9 wp-has-aspect-ratio\"><div class=\"wp-block-embed__wrapper\">\n<iframe title=\"Qu\u00edmica textil | \u00bfC\u00f3mo tratar el problema de las manchas causadas por la elevada dureza del agua?\uff0811034\uff09\" width=\"500\" height=\"281\" src=\"https:\/\/www.youtube.com\/embed\/rzjP-s3ZNbo?feature=oembed\" frameborder=\"0\" allow=\"accelerometer; autoplay; clipboard-write; encrypted-media; gyroscope; picture-in-picture; web-share\" referrerpolicy=\"strict-origin-when-cross-origin\" allowfullscreen><\/iframe>\n<\/div><\/figure>\n\n\n\n<h2 class=\"wp-block-heading\">Propiedades t\u00edpicas:<\/h2>\n\n\n\n<figure class=\"wp-block-table\"><table class=\"has-fixed-layout\"><tbody><tr><td>Apariencia:<\/td><td>L\u00edquido amarillo claro transparente<\/td><\/tr><tr><td>Ionicidad:<\/td><td>Ani\u00f3nico d\u00e9bil<\/td><\/tr><tr><td>Valor del pH:<\/td><td>5,0\u00b11,0 (1% soluci\u00f3n acuosa)<\/td><\/tr><tr><td>Solubilidad:<\/td><td>Soluble en agua<\/td><\/tr><\/tbody><\/table><\/figure>\n\n\n\n<h2 class=\"wp-block-heading\"> Instrucci\u00f3n:<\/h2>\n\n\n\n<ul class=\"wp-block-list\">\n<li>Para el proceso de inmersi\u00f3n, dosificaci\u00f3n de referencia: 1~2 g\/L.<\/li>\n\n\n\n<li>Para el proceso de acolchado, dosificaci\u00f3n de referencia: 3~5 g\/L.<\/li>\n<\/ul>\n<\/div>\n<\/div>","protected":false},"excerpt":{"rendered":"<p>Nuestro agente secuestrante y dispersante 11034 de alto rendimiento con fuerte quelaci\u00f3n, estabilidad del tinte, antiincrustante y f\u00f3rmula ecol\u00f3gica. Ideal para todos los procesos textiles. Cumple con la norma de la Uni\u00f3n Europea Otex-100. \u00a1P\u00f3ngase en contacto con nosotros para obtener m\u00e1s soluciones!<\/p>\n<p><strong>Modelo n\u00ba 11034<\/strong><\/p>","protected":false},"featured_media":2098,"comment_status":"closed","ping_status":"closed","template":"","meta":{"_acf_changed":false},"material":[26,27,28,29,30,31,32,33,49,34],"process":[17,35],"product_brand":[],"product_cat":[15],"product_tag":[48],"class_list":{"0":"post-2097","1":"product","2":"type-product","3":"status-publish","4":"has-post-thumbnail","6":"material-cotton-agent","7":"material-polyester-chemicals","8":"material-nylon-agent","9":"material-acrylic-chemicals","10":"material-viscose-chemicals","11":"material-wool-auxiliary","12":"material-linen-chemicals","13":"material-silk-chemicals","14":"material-elastic","15":"material-fabric-chemicals","16":"process-pretreatment-auxiliaries","17":"process-degreasing-agent","18":"product_cat-uncategorized","19":"product_tag-new-textile-chemicals","21":"first","22":"instock","23":"shipping-taxable","24":"product-type-simple"},"acf":[],"_links":{"self":[{"href":"https:\/\/www.bluelakechem.com\/es\/wp-json\/wp\/v2\/product\/2097","targetHints":{"allow":["GET"]}}],"collection":[{"href":"https:\/\/www.bluelakechem.com\/es\/wp-json\/wp\/v2\/product"}],"about":[{"href":"https:\/\/www.bluelakechem.com\/es\/wp-json\/wp\/v2\/types\/product"}],"replies":[{"embeddable":true,"href":"https:\/\/www.bluelakechem.com\/es\/wp-json\/wp\/v2\/comments?post=2097"}],"wp:featuredmedia":[{"embeddable":true,"href":"https:\/\/www.bluelakechem.com\/es\/wp-json\/wp\/v2\/media\/2098"}],"wp:attachment":[{"href":"https:\/\/www.bluelakechem.com\/es\/wp-json\/wp\/v2\/media?parent=2097"}],"wp:term":[{"taxonomy":"material","embeddable":true,"href":"https:\/\/www.bluelakechem.com\/es\/wp-json\/wp\/v2\/material?post=2097"},{"taxonomy":"process","embeddable":true,"href":"https:\/\/www.bluelakechem.com\/es\/wp-json\/wp\/v2\/process?post=2097"},{"taxonomy":"product_brand","embeddable":true,"href":"https:\/\/www.bluelakechem.com\/es\/wp-json\/wp\/v2\/product_brand?post=2097"},{"taxonomy":"product_cat","embeddable":true,"href":"https:\/\/www.bluelakechem.com\/es\/wp-json\/wp\/v2\/product_cat?post=2097"},{"taxonomy":"product_tag","embeddable":true,"href":"https:\/\/www.bluelakechem.com\/es\/wp-json\/wp\/v2\/product_tag?post=2097"}],"curies":[{"name":"wp","href":"https:\/\/api.w.org\/{rel}","templated":true}]}}