{"id":2159,"date":"2025-05-17T10:12:37","date_gmt":"2025-05-17T10:12:37","guid":{"rendered":"https:\/\/www.bluelakechem.com\/?post_type=product&#038;p=2159"},"modified":"2025-05-17T10:12:39","modified_gmt":"2025-05-17T10:12:39","slug":"eco-friendly-degreasing-agent","status":"publish","type":"product","link":"https:\/\/www.bluelakechem.com\/es\/product\/eco-friendly-degreasing-agent\/","title":{"rendered":"Desengrasante ecol\u00f3gico para eliminar todo tipo de suciedad grasa textil"},"content":{"rendered":"<div class=\"wp-block-columns is-layout-flex wp-container-core-columns-is-layout-9d6595d7 wp-block-columns-is-layout-flex\">\n<div class=\"wp-block-column is-layout-flow wp-block-column-is-layout-flow\">\n<h2 class=\"wp-block-heading\">Desengrasante ecol\u00f3gico Caracter\u00edsticas:<\/h2>\n\n\n\n<p>No contiene APEO ni formaldeh\u00eddo, etc. Cumple los requisitos de protecci\u00f3n del medio ambiente.<\/p>\n\n\n\n<p>Excelente capacidad de lavado, emulsionante, desengrasante y funci\u00f3n antimanchas.<\/p>\n\n\n\n<p>Propiedad suave. Excelente efecto desengrasante y eliminador de impurezas sin da\u00f1ar las fibras.<\/p>\n\n\n\n<p>Excelente efecto tratante para manchas rebeldes, suciedad grasa y gasas aceitosas.<\/p>\n\n\n\n<p>Puede utilizarse a distintas temperaturas. La temperatura puede seleccionarse razonablemente en funci\u00f3n de los distintos tejidos y procesos.<\/p>\n\n\n\n<h2 class=\"wp-block-heading\">Agente desengrasante ecol\u00f3gico Propiedades:<\/h2>\n\n\n\n<figure class=\"wp-block-table\"><table class=\"has-fixed-layout\"><tbody><tr><td>Apariencia:<\/td><td>L\u00edquido amarillo claro transparente<\/td><\/tr><tr><td>Ionicidad:<\/td><td>No i\u00f3nico<\/td><\/tr><tr><td>Valor del pH:<\/td><td>5,0\u00b11,0 (1% soluci\u00f3n acuosa)<\/td><\/tr><tr><td>Solubilidad:<\/td><td>Soluble en agua<\/td><\/tr><\/tbody><\/table><\/figure>\n<\/div>\n\n\n\n<div class=\"wp-block-column is-layout-flow wp-block-column-is-layout-flow\">\n<figure class=\"wp-block-embed is-type-video is-provider-youtube wp-block-embed-youtube wp-embed-aspect-16-9 wp-has-aspect-ratio\"><div class=\"wp-block-embed__wrapper\">\n<iframe title=\"Adecuado para eliminar todo tipo de suciedad grasa textilEfecto desengrasante significativo#textilechemicals\" width=\"500\" height=\"281\" src=\"https:\/\/www.youtube.com\/embed\/eVbQbZfzINs?feature=oembed\" frameborder=\"0\" allow=\"accelerometer; autoplay; clipboard-write; encrypted-media; gyroscope; picture-in-picture; web-share\" referrerpolicy=\"strict-origin-when-cross-origin\" allowfullscreen><\/iframe>\n<\/div><\/figure>\n\n\n\n<h2 class=\"wp-block-heading\"> Instrucci\u00f3n:<\/h2>\n\n\n\n<ul class=\"wp-block-list\">\n<li>Desengrasante para tejidos de fibra qu\u00edmica:<\/li>\n\n\n\n<li>Dosis de referencia de 11909: 1~2 g\/L.<\/li>\n\n\n\n<li>Dosis de referencia de carbonato s\u00f3dico 0~1 g\/L<\/li>\n\n\n\n<li>95~98\u2103\u00d730min \u2192 Lavado con agua y neutralizaci\u00f3n.<\/li>\n<\/ul>\n<\/div>\n<\/div>","protected":false},"excerpt":{"rendered":"<p>Nuestro 11909 se compone principalmente de derivados etoxilados y complejos de disolventes org\u00e1nicos. Es un agente desengrasante a base de disolventes, que tiene una excelente capacidad de disoluci\u00f3n, emulsi\u00f3n y dispersi\u00f3n para varios tipos de aceite de hilatura textil, suciedad grasienta y grasa, etc. Cumple con la norma de la Uni\u00f3n Europea Otex-100. \u00a1P\u00f3ngase en contacto con nosotros para obtener m\u00e1s soluciones!<\/p>\n<p><strong>Modelo n\u00ba 11909<\/strong><\/p>","protected":false},"featured_media":2161,"comment_status":"closed","ping_status":"closed","template":"","meta":{"_acf_changed":false},"material":[26,27,28,29,30,31,32,33,49,34],"process":[17,35],"product_brand":[],"product_cat":[15],"product_tag":[48],"class_list":{"0":"post-2159","1":"product","2":"type-product","3":"status-publish","4":"has-post-thumbnail","6":"material-cotton-agent","7":"material-polyester-chemicals","8":"material-nylon-agent","9":"material-acrylic-chemicals","10":"material-viscose-chemicals","11":"material-wool-auxiliary","12":"material-linen-chemicals","13":"material-silk-chemicals","14":"material-elastic","15":"material-fabric-chemicals","16":"process-pretreatment-auxiliaries","17":"process-degreasing-agent","18":"product_cat-uncategorized","19":"product_tag-new-textile-chemicals","21":"first","22":"instock","23":"shipping-taxable","24":"product-type-simple"},"acf":[],"_links":{"self":[{"href":"https:\/\/www.bluelakechem.com\/es\/wp-json\/wp\/v2\/product\/2159","targetHints":{"allow":["GET"]}}],"collection":[{"href":"https:\/\/www.bluelakechem.com\/es\/wp-json\/wp\/v2\/product"}],"about":[{"href":"https:\/\/www.bluelakechem.com\/es\/wp-json\/wp\/v2\/types\/product"}],"replies":[{"embeddable":true,"href":"https:\/\/www.bluelakechem.com\/es\/wp-json\/wp\/v2\/comments?post=2159"}],"wp:featuredmedia":[{"embeddable":true,"href":"https:\/\/www.bluelakechem.com\/es\/wp-json\/wp\/v2\/media\/2161"}],"wp:attachment":[{"href":"https:\/\/www.bluelakechem.com\/es\/wp-json\/wp\/v2\/media?parent=2159"}],"wp:term":[{"taxonomy":"material","embeddable":true,"href":"https:\/\/www.bluelakechem.com\/es\/wp-json\/wp\/v2\/material?post=2159"},{"taxonomy":"process","embeddable":true,"href":"https:\/\/www.bluelakechem.com\/es\/wp-json\/wp\/v2\/process?post=2159"},{"taxonomy":"product_brand","embeddable":true,"href":"https:\/\/www.bluelakechem.com\/es\/wp-json\/wp\/v2\/product_brand?post=2159"},{"taxonomy":"product_cat","embeddable":true,"href":"https:\/\/www.bluelakechem.com\/es\/wp-json\/wp\/v2\/product_cat?post=2159"},{"taxonomy":"product_tag","embeddable":true,"href":"https:\/\/www.bluelakechem.com\/es\/wp-json\/wp\/v2\/product_tag?post=2159"}],"curies":[{"name":"wp","href":"https:\/\/api.w.org\/{rel}","templated":true}]}}