{"id":2188,"date":"2025-05-24T10:02:59","date_gmt":"2025-05-24T10:02:59","guid":{"rendered":"https:\/\/www.bluelakechem.com\/?post_type=product&#038;p=2188"},"modified":"2025-05-29T07:00:10","modified_gmt":"2025-05-29T07:00:10","slug":"polyester-resist-agent-wholesale","status":"publish","type":"product","link":"https:\/\/www.bluelakechem.com\/es\/product\/polyester-resist-agent-wholesale\/","title":{"rendered":"Polyester Resist Agent, Prevent Fabrics from Being Dyed by Water-soluble Dyes, Auxiliares de tintura al por mayor"},"content":{"rendered":"<div class=\"wp-block-columns is-layout-flex wp-container-core-columns-is-layout-9d6595d7 wp-block-columns-is-layout-flex\">\n<div class=\"wp-block-column is-layout-flow wp-block-column-is-layout-flow\">\n<h2 class=\"wp-block-heading\">Polyester Resist Agent      Features:<\/h2>\n\n\n\n<ul class=\"wp-block-list\">\n<li>Contains no\u00a0formaldehyde, APEO, or heavy metal ions, etc. Fits environmental protection requirements.<\/li>\n\n\n\n<li>Strong affinity for polyester fibers.<\/li>\n\n\n\n<li>It can prevent fabrics from being dyed with water-soluble dyes.<\/li>\n\n\n\n<li>Not influence color, shade, or brilliance.<\/li>\n<\/ul>\n\n\n\n<h2 class=\"wp-block-heading\">Polyester Resist Agent  Properties:<\/h2>\n\n\n\n<figure class=\"wp-block-table\"><table class=\"has-fixed-layout\"><tbody><tr><td>Apariencia:<\/td><td>Light yellow to yellow transparent liquid<\/td><\/tr><tr><td>Ionicidad:<\/td><td>No i\u00f3nico<\/td><\/tr><tr><td>Valor del pH:<\/td><td>6.5\u00b11.0 (1% aqueous solution)<\/td><\/tr><tr><td>Solubilidad:<\/td><td>Soluble en agua<\/td><\/tr><\/tbody><\/table><\/figure>\n<\/div>\n\n\n\n<div class=\"wp-block-column is-layout-flow wp-block-column-is-layout-flow\">\n<figure class=\"wp-block-embed is-type-video is-provider-youtube wp-block-embed-youtube wp-embed-aspect-16-9 wp-has-aspect-ratio\"><div class=\"wp-block-embed__wrapper\">\n<iframe title=\"\ud83c\udfa8 \u00a1Te\u00f1ido f\u00e1cil del poli\u00e9ster, mayor solidez del color! #resistagent #Polyester #Supplier#textileindustry\" width=\"500\" height=\"281\" src=\"https:\/\/www.youtube.com\/embed\/97latRhPXOs?feature=oembed\" frameborder=\"0\" allow=\"accelerometer; autoplay; clipboard-write; encrypted-media; gyroscope; picture-in-picture; web-share\" referrerpolicy=\"strict-origin-when-cross-origin\" allowfullscreen><\/iframe>\n<\/div><\/figure>\n\n\n\n<h2 class=\"wp-block-heading\">Polyester Resist Agent  Instruction:<\/h2>\n\n\n\n<ul class=\"wp-block-list\">\n<li>Reference dosage: 1~3 g\/ L<\/li>\n\n\n\n<li>Process: Add 23717 and run for 10~20 minutes \u2192 Normal dyeing process<\/li>\n<\/ul>\n<\/div>\n<\/div>\n\n\n\n<p><\/p>","protected":false},"excerpt":{"rendered":"<p>Our Resist Agent is a special polyester surfactant. It is suitable for fabrics of polyester and polyester\/ cotton dyed by reactive dyes, which has an excellent effect of keeping the white parts. The product complies with the EU Oeko-Tex Standard 100. Contact us for tailored solutions!<\/p>\n<p><strong>Model No. 23717<\/strong><\/p>","protected":false},"featured_media":2190,"comment_status":"closed","ping_status":"closed","template":"","meta":{"_acf_changed":false},"material":[27],"process":[20,38],"product_brand":[],"product_cat":[15],"product_tag":[48],"class_list":{"0":"post-2188","1":"product","2":"type-product","3":"status-publish","4":"has-post-thumbnail","6":"material-polyester-chemicals","7":"process-dyeing-auxiliaries","8":"process-disperse-leveling-agent","9":"product_cat-uncategorized","10":"product_tag-new-textile-chemicals","12":"first","13":"instock","14":"shipping-taxable","15":"product-type-simple"},"acf":[],"_links":{"self":[{"href":"https:\/\/www.bluelakechem.com\/es\/wp-json\/wp\/v2\/product\/2188","targetHints":{"allow":["GET"]}}],"collection":[{"href":"https:\/\/www.bluelakechem.com\/es\/wp-json\/wp\/v2\/product"}],"about":[{"href":"https:\/\/www.bluelakechem.com\/es\/wp-json\/wp\/v2\/types\/product"}],"replies":[{"embeddable":true,"href":"https:\/\/www.bluelakechem.com\/es\/wp-json\/wp\/v2\/comments?post=2188"}],"wp:featuredmedia":[{"embeddable":true,"href":"https:\/\/www.bluelakechem.com\/es\/wp-json\/wp\/v2\/media\/2190"}],"wp:attachment":[{"href":"https:\/\/www.bluelakechem.com\/es\/wp-json\/wp\/v2\/media?parent=2188"}],"wp:term":[{"taxonomy":"material","embeddable":true,"href":"https:\/\/www.bluelakechem.com\/es\/wp-json\/wp\/v2\/material?post=2188"},{"taxonomy":"process","embeddable":true,"href":"https:\/\/www.bluelakechem.com\/es\/wp-json\/wp\/v2\/process?post=2188"},{"taxonomy":"product_brand","embeddable":true,"href":"https:\/\/www.bluelakechem.com\/es\/wp-json\/wp\/v2\/product_brand?post=2188"},{"taxonomy":"product_cat","embeddable":true,"href":"https:\/\/www.bluelakechem.com\/es\/wp-json\/wp\/v2\/product_cat?post=2188"},{"taxonomy":"product_tag","embeddable":true,"href":"https:\/\/www.bluelakechem.com\/es\/wp-json\/wp\/v2\/product_tag?post=2188"}],"curies":[{"name":"wp","href":"https:\/\/api.w.org\/{rel}","templated":true}]}}