{"id":2273,"date":"2025-06-02T08:16:23","date_gmt":"2025-06-02T08:16:23","guid":{"rendered":"https:\/\/www.bluelakechem.com\/?post_type=product&#038;p=2273"},"modified":"2025-06-05T03:29:46","modified_gmt":"2025-06-05T03:29:46","slug":"soaping-agent-in-textile","status":"publish","type":"product","link":"https:\/\/www.bluelakechem.com\/es\/product\/soaping-agent-in-textile\/","title":{"rendered":"Agente jabonoso textil sin fosfatos y sin espuma con excelente poder de dispersi\u00f3n"},"content":{"rendered":"<div class=\"wp-block-columns is-layout-flex wp-container-core-columns-is-layout-9d6595d7 wp-block-columns-is-layout-flex\">\n<div class=\"wp-block-column is-layout-flow wp-block-column-is-layout-flow\">\n<h2 class=\"wp-block-heading\">Caracter\u00edsticas del agente jabonante en el textil:<\/h2>\n\n\n\n<p>No contiene f\u00f3sforo ni APEO, etc. Cumple los requisitos de protecci\u00f3n del medio ambiente.<\/p>\n\n\n\n<p>Excelente funci\u00f3n de dispersi\u00f3n y lavado del detergente. Puede eliminar eficazmente el tinte superficial de los tejidos y mejorar la solidez del color.<\/p>\n\n\n\n<p>Excelente propiedad antimanchas. Evita el deslustre y mejora el efecto de impresi\u00f3n.<\/p>\n\n\n\n<p>Influye muy poco en la tonalidad del color. Puede aumentar el brillo despu\u00e9s de enjabonar y hervir.<\/p>\n\n\n\n<h2 class=\"wp-block-heading\">Propiedades del agente jabonante en el textil:<\/h2>\n\n\n\n<figure class=\"wp-block-table\"><table class=\"has-fixed-layout\"><tbody><tr><td>Apariencia:<\/td><td>L\u00edquido amarillo transparente<\/td><\/tr><tr><td>Ionicidad:<\/td><td>Ani\u00f3nico<\/td><\/tr><tr><td>Valor del pH:<\/td><td>7,0\u00b11,0 (1% soluci\u00f3n acuosa)<\/td><\/tr><tr><td>Solubilidad:<\/td><td>Soluble en agua<\/td><\/tr><\/tbody><\/table><\/figure>\n<\/div>\n\n\n\n<div class=\"wp-block-column is-layout-flow wp-block-column-is-layout-flow\">\n<figure class=\"wp-block-embed is-type-video is-provider-youtube wp-block-embed-youtube wp-embed-aspect-16-9 wp-has-aspect-ratio\"><div class=\"wp-block-embed__wrapper\">\n<iframe title=\"Producto qu\u00edmico textil - Agente jabonoso sin fosfatos ni espuma-23224\" width=\"500\" height=\"281\" src=\"https:\/\/www.youtube.com\/embed\/x1MkO6aM4BY?feature=oembed\" frameborder=\"0\" allow=\"accelerometer; autoplay; clipboard-write; encrypted-media; gyroscope; picture-in-picture; web-share\" referrerpolicy=\"strict-origin-when-cross-origin\" allowfullscreen><\/iframe>\n<\/div><\/figure>\n\n\n\n<h2 class=\"wp-block-heading\">Instrucci\u00f3n:<\/h2>\n\n\n\n<p>Dosis de referencia:<\/p>\n\n\n\n<p><strong>Color claro:<\/strong> 0,5~1 g\/L, 85~95\u2103\u00d710~15min<\/p>\n\n\n\n<p><strong>Color medio: <\/strong>1~1,5 g\/L, 85~95\u2103\u00d710~15min<\/p>\n\n\n\n<p><strong>Color oscuro:<\/strong> 1,5~2 g\/L, 85~95\u2103\u00d710~15min<\/p>\n<\/div>\n<\/div>","protected":false},"excerpt":{"rendered":"<p>El agente jabonante 23224 es un agente jabonante sin fosfatos, sin APEO y sin espuma, dise\u00f1ado para procesos de post-te\u00f1ido y post-estampado de tejidos de fibras celul\u00f3sicas como algod\u00f3n, viscosa, lino y sus mezclas.<\/p>\n<p>Formado por compuestos dispersantes de alto peso molecular, elimina eficazmente los tintes no fijados mediante acciones qu\u00edmicas y dispersantes, al tiempo que evita la redeposici\u00f3n. Adecuado para el enjabonado, la ebullici\u00f3n y el te\u00f1ido correctivo, garantiza un excelente brillo y solidez del color.<\/p>\n<p>El producto cumple la norma Oeko-Tex Standard 100, lo que lo convierte en una soluci\u00f3n sostenible para los fabricantes textiles preocupados por el medio ambiente.<\/p>\n<p><strong>Modelo n\u00ba 23224<\/strong><\/p>","protected":false},"featured_media":2275,"comment_status":"closed","ping_status":"closed","template":"","meta":{"_acf_changed":false},"material":[26,27,28,29,30,31,32,33,49,34],"process":[20,40],"product_brand":[],"product_cat":[15],"product_tag":[48],"class_list":{"0":"post-2273","1":"product","2":"type-product","3":"status-publish","4":"has-post-thumbnail","6":"material-cotton-agent","7":"material-polyester-chemicals","8":"material-nylon-agent","9":"material-acrylic-chemicals","10":"material-viscose-chemicals","11":"material-wool-auxiliary","12":"material-linen-chemicals","13":"material-silk-chemicals","14":"material-elastic","15":"material-fabric-chemicals","16":"process-dyeing-auxiliaries","17":"process-soaping-agent","18":"product_cat-uncategorized","19":"product_tag-new-textile-chemicals","21":"first","22":"instock","23":"shipping-taxable","24":"product-type-simple"},"acf":[],"_links":{"self":[{"href":"https:\/\/www.bluelakechem.com\/es\/wp-json\/wp\/v2\/product\/2273","targetHints":{"allow":["GET"]}}],"collection":[{"href":"https:\/\/www.bluelakechem.com\/es\/wp-json\/wp\/v2\/product"}],"about":[{"href":"https:\/\/www.bluelakechem.com\/es\/wp-json\/wp\/v2\/types\/product"}],"replies":[{"embeddable":true,"href":"https:\/\/www.bluelakechem.com\/es\/wp-json\/wp\/v2\/comments?post=2273"}],"wp:featuredmedia":[{"embeddable":true,"href":"https:\/\/www.bluelakechem.com\/es\/wp-json\/wp\/v2\/media\/2275"}],"wp:attachment":[{"href":"https:\/\/www.bluelakechem.com\/es\/wp-json\/wp\/v2\/media?parent=2273"}],"wp:term":[{"taxonomy":"material","embeddable":true,"href":"https:\/\/www.bluelakechem.com\/es\/wp-json\/wp\/v2\/material?post=2273"},{"taxonomy":"process","embeddable":true,"href":"https:\/\/www.bluelakechem.com\/es\/wp-json\/wp\/v2\/process?post=2273"},{"taxonomy":"product_brand","embeddable":true,"href":"https:\/\/www.bluelakechem.com\/es\/wp-json\/wp\/v2\/product_brand?post=2273"},{"taxonomy":"product_cat","embeddable":true,"href":"https:\/\/www.bluelakechem.com\/es\/wp-json\/wp\/v2\/product_cat?post=2273"},{"taxonomy":"product_tag","embeddable":true,"href":"https:\/\/www.bluelakechem.com\/es\/wp-json\/wp\/v2\/product_tag?post=2273"}],"curies":[{"name":"wp","href":"https:\/\/api.w.org\/{rel}","templated":true}]}}