{"id":2279,"date":"2025-06-02T09:08:22","date_gmt":"2025-06-02T09:08:22","guid":{"rendered":"https:\/\/www.bluelakechem.com\/?post_type=product&#038;p=2279"},"modified":"2025-11-18T03:20:43","modified_gmt":"2025-11-18T03:20:43","slug":"fixing-resin","status":"publish","type":"product","link":"https:\/\/www.bluelakechem.com\/es\/product\/fixing-resin\/","title":{"rendered":"Resina Fijadora, Agente Nivelador Ahorrador de Agua para Tintura Reactiva de Color Oscuro"},"content":{"rendered":"<div class=\"wp-block-columns is-layout-flex wp-container-core-columns-is-layout-9d6595d7 wp-block-columns-is-layout-flex\">\n<div class=\"wp-block-column is-layout-flow wp-block-column-is-layout-flow\">\n<h2 class=\"wp-block-heading\">Resina de fijaci\u00f3n Caracter\u00edsticas:<\/h2>\n\n\n\n<p><strong>Fijaci\u00f3n + nivelaci\u00f3n doble efecto:<\/strong> puede utilizarse en el mismo ba\u00f1o con colorantes reactivos, puede mejorar tanto la solidez del color como la nivelaci\u00f3n.<\/p>\n\n\n\n<p><strong>Ahorra agua y energ\u00eda:<\/strong> reducen los lavados repetidos y favorecen la producci\u00f3n sostenible.<\/p>\n\n\n\n<p><strong>Inhibir la hidr\u00f3lisis del colorante:<\/strong> mejorar la eficacia de fijaci\u00f3n del tinte, reducir el deste\u00f1ido del color o el retrote\u00f1ido.<\/p>\n\n\n\n<p><strong>Excelente compatibilidad: <\/strong>puede utilizarse en el mismo ba\u00f1o con una gran variedad de tintes sin que ello afecte al efecto tint\u00f3reo.<\/p>\n\n\n\n<p><strong>Respetuoso con el medio ambiente y seguro:<\/strong> no contiene formaldeh\u00eddo, APEO ni metales pesados, conforme a las normas textiles mundiales.<\/p>\n\n\n\n<h2 class=\"wp-block-heading\">Fijaci\u00f3n de las propiedades de la resina:<\/h2>\n\n\n\n<figure class=\"wp-block-table\"><table class=\"has-fixed-layout\"><tbody><tr><td><strong>Apariencia:<\/strong><\/td><td>L\u00edquido marr\u00f3n amarillento<\/td><\/tr><tr><td><strong>Ionicidad:<\/strong><\/td><td>Ani\u00f3nico<\/td><\/tr><tr><td><strong>Valor del pH:<\/strong><\/td><td>7,0\u00b10,5 (1% soluci\u00f3n acuosa)<\/td><\/tr><tr><td><strong>Solubilidad:<\/strong><\/td><td>Soluble en agua<\/td><\/tr><\/tbody><\/table><\/figure>\n<\/div>\n\n\n\n<div class=\"wp-block-column is-layout-flow wp-block-column-is-layout-flow\">\n<figure class=\"wp-block-embed is-type-video is-provider-youtube wp-block-embed-youtube wp-embed-aspect-16-9 wp-has-aspect-ratio\"><div class=\"wp-block-embed__wrapper\">\n<iframe title=\"Agente nivelador ahorrador de agua. Mejora la eficacia de tintura 15~25% en el mismo ba\u00f1o. 22107\" width=\"500\" height=\"281\" src=\"https:\/\/www.youtube.com\/embed\/zQ8RaZWtqaA?feature=oembed\" frameborder=\"0\" allow=\"accelerometer; autoplay; clipboard-write; encrypted-media; gyroscope; picture-in-picture; web-share\" referrerpolicy=\"strict-origin-when-cross-origin\" allowfullscreen><\/iframe>\n<\/div><\/figure>\n\n\n\n<h2 class=\"wp-block-heading\">Instrucci\u00f3n de resina de fijaci\u00f3n:<\/h2>\n\n\n\n<p>Para utilizar junto con el te\u00f1ido en el mismo ba\u00f1o, dosis de referencia: 1,0~2,0% (f.o.p.)<\/p>\n\n\n\n<p><strong>Nota:<\/strong><\/p>\n\n\n\n<p>La dosis recomendada es de 20~30% de la cantidad de tinte. Por favor, disolver con colorante y tinte de acuerdo con el proceso normal.<\/p>\n<\/div>\n<\/div>","protected":false},"excerpt":{"rendered":"<p>La Resina Fijadora 22107 es un agente de doble acci\u00f3n sin formaldeh\u00eddo que combina las funciones de una resina fijadora y un agente nivelador, especialmente desarrollado para tejidos de algod\u00f3n te\u00f1idos con tintes reactivos. Mejora la solidez del color al lavado y al jabonado, y tambi\u00e9n mejora la nivelaci\u00f3n cuando se utiliza en ba\u00f1o con colorantes. Ideal para el te\u00f1ido de piezas, el te\u00f1ido de hilos y los tratamientos correctores, y cumple la norma Oeko-Tex Standard 100. P\u00f3ngase en contacto con nosotros para obtener muestras gratuitas o asesoramiento experto sobre f\u00f3rmulas.<\/p>\n<p><strong>Modelo n\u00ba 22107<\/strong><\/p>\n<p><img decoding=\"async\" class=\"wp-image-2287 size-full alignnone\" src=\"https:\/\/www.bluelakechem.com\/wp-content\/uploads\/2025\/05\/Fixing-Resin-Leveling-Agent-for-Reactive-Dyes-Fastness-Water-Saving-1-1.webp\" alt=\"Resina fijadora y agente nivelador para tintes reactivos, solidez y ahorro de agua (1)\" width=\"1250\" height=\"655\" srcset=\"https:\/\/www.bluelakechem.com\/wp-content\/uploads\/2025\/05\/Fixing-Resin-Leveling-Agent-for-Reactive-Dyes-Fastness-Water-Saving-1-1.webp 1250w, https:\/\/www.bluelakechem.com\/wp-content\/uploads\/2025\/05\/Fixing-Resin-Leveling-Agent-for-Reactive-Dyes-Fastness-Water-Saving-1-1-300x157.webp 300w, https:\/\/www.bluelakechem.com\/wp-content\/uploads\/2025\/05\/Fixing-Resin-Leveling-Agent-for-Reactive-Dyes-Fastness-Water-Saving-1-1-768x402.webp 768w, https:\/\/www.bluelakechem.com\/wp-content\/uploads\/2025\/05\/Fixing-Resin-Leveling-Agent-for-Reactive-Dyes-Fastness-Water-Saving-1-1-18x9.webp 18w, https:\/\/www.bluelakechem.com\/wp-content\/uploads\/2025\/05\/Fixing-Resin-Leveling-Agent-for-Reactive-Dyes-Fastness-Water-Saving-1-1-1200x629.webp 1200w, https:\/\/www.bluelakechem.com\/wp-content\/uploads\/2025\/05\/Fixing-Resin-Leveling-Agent-for-Reactive-Dyes-Fastness-Water-Saving-1-1-600x314.webp 600w\" sizes=\"(max-width: 1250px) 100vw, 1250px\" \/><\/p>","protected":false},"featured_media":2280,"comment_status":"closed","ping_status":"closed","template":"","meta":{"_acf_changed":false},"material":[26],"process":[23,41],"product_brand":[],"product_cat":[15],"product_tag":[48],"class_list":{"0":"post-2279","1":"product","2":"type-product","3":"status-publish","4":"has-post-thumbnail","6":"material-cotton-agent","7":"process-textile-finishing-chemicals","8":"process-fixing-agent","9":"product_cat-uncategorized","10":"product_tag-new-textile-chemicals","12":"first","13":"instock","14":"shipping-taxable","15":"product-type-simple"},"acf":[],"_links":{"self":[{"href":"https:\/\/www.bluelakechem.com\/es\/wp-json\/wp\/v2\/product\/2279","targetHints":{"allow":["GET"]}}],"collection":[{"href":"https:\/\/www.bluelakechem.com\/es\/wp-json\/wp\/v2\/product"}],"about":[{"href":"https:\/\/www.bluelakechem.com\/es\/wp-json\/wp\/v2\/types\/product"}],"replies":[{"embeddable":true,"href":"https:\/\/www.bluelakechem.com\/es\/wp-json\/wp\/v2\/comments?post=2279"}],"wp:featuredmedia":[{"embeddable":true,"href":"https:\/\/www.bluelakechem.com\/es\/wp-json\/wp\/v2\/media\/2280"}],"wp:attachment":[{"href":"https:\/\/www.bluelakechem.com\/es\/wp-json\/wp\/v2\/media?parent=2279"}],"wp:term":[{"taxonomy":"material","embeddable":true,"href":"https:\/\/www.bluelakechem.com\/es\/wp-json\/wp\/v2\/material?post=2279"},{"taxonomy":"process","embeddable":true,"href":"https:\/\/www.bluelakechem.com\/es\/wp-json\/wp\/v2\/process?post=2279"},{"taxonomy":"product_brand","embeddable":true,"href":"https:\/\/www.bluelakechem.com\/es\/wp-json\/wp\/v2\/product_brand?post=2279"},{"taxonomy":"product_cat","embeddable":true,"href":"https:\/\/www.bluelakechem.com\/es\/wp-json\/wp\/v2\/product_cat?post=2279"},{"taxonomy":"product_tag","embeddable":true,"href":"https:\/\/www.bluelakechem.com\/es\/wp-json\/wp\/v2\/product_tag?post=2279"}],"curies":[{"name":"wp","href":"https:\/\/api.w.org\/{rel}","templated":true}]}}