{"id":2375,"date":"2025-06-17T01:43:06","date_gmt":"2025-06-17T01:43:06","guid":{"rendered":"https:\/\/www.bluelakechem.com\/?post_type=product&#038;p=2375"},"modified":"2025-07-22T07:12:05","modified_gmt":"2025-07-22T07:12:05","slug":"sequestering-dispersing-agent","status":"publish","type":"product","link":"https:\/\/www.bluelakechem.com\/es\/product\/sequestering-dispersing-agent\/","title":{"rendered":"Agente dispersante secuestrante de alta eficacia para la estabilidad del ba\u00f1o de tintura"},"content":{"rendered":"<div class=\"wp-block-columns is-layout-flex wp-container-core-columns-is-layout-9d6595d7 wp-block-columns-is-layout-flex\">\n<div class=\"wp-block-column is-layout-flow wp-block-column-is-layout-flow\">\n<figure class=\"wp-block-image size-full\"><img decoding=\"async\" width=\"1363\" height=\"1701\" src=\"https:\/\/www.bluelakechem.com\/wp-content\/uploads\/2025\/06\/Sequestering-Dispersing-Agent-11576-1.webp\" alt=\"Agente secuestrante y dispersante\" class=\"wp-image-2683\" srcset=\"https:\/\/www.bluelakechem.com\/wp-content\/uploads\/2025\/06\/Sequestering-Dispersing-Agent-11576-1.webp 1363w, https:\/\/www.bluelakechem.com\/wp-content\/uploads\/2025\/06\/Sequestering-Dispersing-Agent-11576-1-240x300.webp 240w, https:\/\/www.bluelakechem.com\/wp-content\/uploads\/2025\/06\/Sequestering-Dispersing-Agent-11576-1-768x958.webp 768w, https:\/\/www.bluelakechem.com\/wp-content\/uploads\/2025\/06\/Sequestering-Dispersing-Agent-11576-1-10x12.webp 10w, https:\/\/www.bluelakechem.com\/wp-content\/uploads\/2025\/06\/Sequestering-Dispersing-Agent-11576-1-1200x1498.webp 1200w, https:\/\/www.bluelakechem.com\/wp-content\/uploads\/2025\/06\/Sequestering-Dispersing-Agent-11576-1-600x749.webp 600w\" sizes=\"(max-width: 1363px) 100vw, 1363px\" \/><\/figure>\n<\/div>\n\n\n\n<div class=\"wp-block-column is-layout-flow wp-block-column-is-layout-flow\">\n<figure class=\"wp-block-image size-full\"><img decoding=\"async\" width=\"1363\" height=\"1701\" src=\"https:\/\/www.bluelakechem.com\/wp-content\/uploads\/2025\/06\/Sequestering-Dispersing-Agent-11576-1-1.webp\" alt=\"Agente secuestrante y dispersante\" class=\"wp-image-2684\" srcset=\"https:\/\/www.bluelakechem.com\/wp-content\/uploads\/2025\/06\/Sequestering-Dispersing-Agent-11576-1-1.webp 1363w, https:\/\/www.bluelakechem.com\/wp-content\/uploads\/2025\/06\/Sequestering-Dispersing-Agent-11576-1-1-240x300.webp 240w, https:\/\/www.bluelakechem.com\/wp-content\/uploads\/2025\/06\/Sequestering-Dispersing-Agent-11576-1-1-768x958.webp 768w, https:\/\/www.bluelakechem.com\/wp-content\/uploads\/2025\/06\/Sequestering-Dispersing-Agent-11576-1-1-10x12.webp 10w, https:\/\/www.bluelakechem.com\/wp-content\/uploads\/2025\/06\/Sequestering-Dispersing-Agent-11576-1-1-1200x1498.webp 1200w, https:\/\/www.bluelakechem.com\/wp-content\/uploads\/2025\/06\/Sequestering-Dispersing-Agent-11576-1-1-600x749.webp 600w\" sizes=\"(max-width: 1363px) 100vw, 1363px\" \/><\/figure>\n<\/div>\n<\/div>\n\n\n\n<div class=\"wp-block-columns is-layout-flex wp-container-core-columns-is-layout-9d6595d7 wp-block-columns-is-layout-flex\">\n<div class=\"wp-block-column is-layout-flow wp-block-column-is-layout-flow\">\n<h2 class=\"wp-block-heading\">Secuestrante Dispersante Caracter\u00edsticas:<\/h2>\n\n\n\n<p>Stable in high temperatures, alkali, and electrolytes.&nbsp;Good oxidation resistance. Has a strong sequestering ability, especially for iron ions.<\/p>\n\n\n\n<p>Excellent dispersing effect for dyes. Can keep the stability of the bath and prevent coagulation&nbsp;of dyes, impurities, or dirt, etc.<\/p>\n\n\n\n<p>Buen efecto antical. Puede dispersar la suciedad y las impurezas y evitar la sedimentaci\u00f3n en los equipos.<\/p>\n\n\n\n<h2 class=\"wp-block-heading\">Propiedades del agente dispersante secuestrante:<\/h2>\n\n\n\n<figure class=\"wp-block-table\"><table class=\"has-fixed-layout\"><tbody><tr><td>Apariencia:<\/td><td>L\u00edquido transparente entre incoloro y amarillo claro<\/td><\/tr><tr><td>Ionicidad:<\/td><td>Ani\u00f3nico d\u00e9bil<\/td><\/tr><tr><td>Valor del pH:<\/td><td>1,5\u00b11,0 (1% soluci\u00f3n acuosa)<\/td><\/tr><tr><td>Solubilidad:<\/td><td>Soluble en agua<\/td><\/tr><\/tbody><\/table><\/figure>\n<\/div>\n\n\n\n<div class=\"wp-block-column is-layout-flow wp-block-column-is-layout-flow\">\n<h2 class=\"wp-block-heading\">Instrucci\u00f3n del agente dispersante secuestrante:<\/h2>\n\n\n\n<p>1.Es un producto de alta concentraci\u00f3n. Se recomienda diluirlo en una proporci\u00f3n de 1:4~1:9 con agua descalcificadora.<\/p>\n\n\n\n<p>2.It is a strong acid product. If it needs to be adjusted 11576 to weak acid or neutral, please add caustic soda&nbsp;(20% of 11576) when diluting to adjust the pH value. But it will decrease the freezing resistance (there will be white&nbsp;precipitate&nbsp;at low temperatures).<\/p>\n\n\n\n<p>3. Para el proceso de inmersi\u00f3n, dosificaci\u00f3n de referencia de 10% diluido 11576: 1~2 g\/L.<\/p>\n\n\n\n<p>4. Para el proceso de acolchado, dosis de referencia de 10% diluido 11576: 3~5 g\/L<\/p>\n<\/div>\n<\/div>","protected":false},"excerpt":{"rendered":"<p>El agente dispersante secuestrante 11576 es un complejo de polifosfato org\u00e1nico con un poder quelante fuerte y estable para calcio, magnesio, hierro y otros iones met\u00e1licos. Funciona de forma fiable a altas temperaturas, con \u00e1lcalis fuertes, oxidantes y electrolitos, ideal para procesos r\u00e1pidos y eficaces. Aplicable al descrudado, blanqueo, te\u00f1ido, estampado, enjabonado y acabado. Cumple la norma Oeko-Tex 100.<br \/>P\u00f3ngase en contacto con nosotros si desea muestras gratuitas o asistencia t\u00e9cnica.<\/p>\n<p><strong>Modelo 11576<\/strong><\/p>\n<p>&nbsp;<\/p>","protected":false},"featured_media":2379,"comment_status":"closed","ping_status":"closed","template":"","meta":{"_acf_changed":false},"material":[26,27,28,29,30,31,32,33,49,34],"process":[20,21,38],"product_brand":[],"product_cat":[15],"product_tag":[48],"class_list":{"0":"post-2375","1":"product","2":"type-product","3":"status-publish","4":"has-post-thumbnail","6":"material-cotton-agent","7":"material-polyester-chemicals","8":"material-nylon-agent","9":"material-acrylic-chemicals","10":"material-viscose-chemicals","11":"material-wool-auxiliary","12":"material-linen-chemicals","13":"material-silk-chemicals","14":"material-elastic","15":"material-fabric-chemicals","16":"process-dyeing-auxiliaries","17":"process-sequestering-agent","18":"process-disperse-leveling-agent","19":"product_cat-uncategorized","20":"product_tag-new-textile-chemicals","22":"first","23":"instock","24":"shipping-taxable","25":"product-type-simple"},"acf":[],"_links":{"self":[{"href":"https:\/\/www.bluelakechem.com\/es\/wp-json\/wp\/v2\/product\/2375","targetHints":{"allow":["GET"]}}],"collection":[{"href":"https:\/\/www.bluelakechem.com\/es\/wp-json\/wp\/v2\/product"}],"about":[{"href":"https:\/\/www.bluelakechem.com\/es\/wp-json\/wp\/v2\/types\/product"}],"replies":[{"embeddable":true,"href":"https:\/\/www.bluelakechem.com\/es\/wp-json\/wp\/v2\/comments?post=2375"}],"wp:featuredmedia":[{"embeddable":true,"href":"https:\/\/www.bluelakechem.com\/es\/wp-json\/wp\/v2\/media\/2379"}],"wp:attachment":[{"href":"https:\/\/www.bluelakechem.com\/es\/wp-json\/wp\/v2\/media?parent=2375"}],"wp:term":[{"taxonomy":"material","embeddable":true,"href":"https:\/\/www.bluelakechem.com\/es\/wp-json\/wp\/v2\/material?post=2375"},{"taxonomy":"process","embeddable":true,"href":"https:\/\/www.bluelakechem.com\/es\/wp-json\/wp\/v2\/process?post=2375"},{"taxonomy":"product_brand","embeddable":true,"href":"https:\/\/www.bluelakechem.com\/es\/wp-json\/wp\/v2\/product_brand?post=2375"},{"taxonomy":"product_cat","embeddable":true,"href":"https:\/\/www.bluelakechem.com\/es\/wp-json\/wp\/v2\/product_cat?post=2375"},{"taxonomy":"product_tag","embeddable":true,"href":"https:\/\/www.bluelakechem.com\/es\/wp-json\/wp\/v2\/product_tag?post=2375"}],"curies":[{"name":"wp","href":"https:\/\/api.w.org\/{rel}","templated":true}]}}