{"id":2390,"date":"2025-06-16T09:32:11","date_gmt":"2025-06-16T09:32:11","guid":{"rendered":"https:\/\/www.bluelakechem.com\/?post_type=product&#038;p=2390"},"modified":"2025-06-16T09:32:12","modified_gmt":"2025-06-16T09:32:12","slug":"fixing-agent-for-polyester-cotton","status":"publish","type":"product","link":"https:\/\/www.bluelakechem.com\/es\/product\/fixing-agent-for-polyester-cotton\/","title":{"rendered":"Fijador para tejidos de poli\u00e9ster y algod\u00f3n, mejora la solidez del color tras el fraguado"},"content":{"rendered":"<div class=\"wp-block-columns is-layout-flex wp-container-core-columns-is-layout-9d6595d7 wp-block-columns-is-layout-flex\">\n<div class=\"wp-block-column is-layout-flow wp-block-column-is-layout-flow\">\n<h2 class=\"wp-block-heading\">Funciones de agente fijador:<\/h2>\n\n\n\n<p>No contiene formaldeh\u00eddo, APEO ni iones de metales pesados. Cumple los requisitos de protecci\u00f3n del medio ambiente.<\/p>\n\n\n\n<p>Tiene un cierto efecto inhibidor sobre la sublimaci\u00f3n de colorantes dispersos en el proceso de fraguado, especialmente para colorantes de rojo brillante, negro y azul.<\/p>\n\n\n\n<p>No influye en la sensaci\u00f3n al tacto ni en el tono de color de los tejidos.<\/p>\n\n\n\n<p>Reduce los ajustes intermedios de una sola vez: acorta el proceso.<\/p>\n\n\n\n<p>F\u00e1cil de usar. Se puede utilizar junto con aceite de silicona en el mismo ba\u00f1o en la m\u00e1quina de fraguado.<\/p>\n\n\n\n<h2 class=\"wp-block-heading\">Fijaci\u00f3n de las propiedades de los agentes:<\/h2>\n\n\n\n<figure class=\"wp-block-table\"><table class=\"has-fixed-layout\"><tbody><tr><td>Apariencia:<\/td><td>L\u00edquido amarillo claro<\/td><\/tr><tr><td>Ionicidad:<\/td><td>Cati\u00f3nico<\/td><\/tr><tr><td>Valor del pH:<\/td><td>6,5\u00b11,0 (1% soluci\u00f3n acuosa)<\/td><\/tr><tr><td>Solubilidad:<\/td><td>Soluble en agua<\/td><\/tr><\/tbody><\/table><\/figure>\n<\/div>\n\n\n\n<div class=\"wp-block-column is-layout-flow wp-block-column-is-layout-flow\">\n<figure class=\"wp-block-image size-full\"><img decoding=\"async\" width=\"2256\" height=\"1181\" src=\"https:\/\/www.bluelakechem.com\/wp-content\/uploads\/2025\/06\/Fixing-agent-22307-1.webp\" alt=\"Agente fijador\" class=\"wp-image-2397\" srcset=\"https:\/\/www.bluelakechem.com\/wp-content\/uploads\/2025\/06\/Fixing-agent-22307-1.webp 2256w, https:\/\/www.bluelakechem.com\/wp-content\/uploads\/2025\/06\/Fixing-agent-22307-1-300x157.webp 300w, https:\/\/www.bluelakechem.com\/wp-content\/uploads\/2025\/06\/Fixing-agent-22307-1-768x402.webp 768w, https:\/\/www.bluelakechem.com\/wp-content\/uploads\/2025\/06\/Fixing-agent-22307-1-18x9.webp 18w, https:\/\/www.bluelakechem.com\/wp-content\/uploads\/2025\/06\/Fixing-agent-22307-1-1200x628.webp 1200w, https:\/\/www.bluelakechem.com\/wp-content\/uploads\/2025\/06\/Fixing-agent-22307-1-600x314.webp 600w\" sizes=\"(max-width: 2256px) 100vw, 2256px\" \/><\/figure>\n\n\n\n<h2 class=\"wp-block-heading\">Instrucci\u00f3n del Agente Fijador:<\/h2>\n\n\n\n<p><strong>Proceso de acolchado:<\/strong><\/p>\n\n\n\n<p>Dosis de referencia de 22307: 10~40 g\/L<\/p>\n\n\n\n<p>Dosis de referencia de ablandador: X g\/L<\/p>\n\n\n\n<p>Inmersi\u00f3n y acolchado (Pickup: 70~100%) \u2192 Secado y fraguado (130~160\u2103).<\/p>\n<\/div>\n<\/div>\n\n\n\n<p><\/p>","protected":false},"excerpt":{"rendered":"<p>El Agente Fijador 22307 es un auxiliar textil especialmente dise\u00f1ado para tejidos de poli\u00e9ster y algod\u00f3n. Forma una pel\u00edcula protectora durante el fraguado al reaccionar con las fibras de algod\u00f3n, ayudando a reducir la sublimaci\u00f3n del tinte y mejorando la solidez del color al enjabonado y planchado. Cumple la norma Oeko-Tex Standard 100. Disponemos de muestras gratuitas y soporte de formulaci\u00f3n. P\u00f3ngase en contacto con nosotros hoy mismo.<\/p>\n<p><strong>Modelo n\u00ba 22307<\/strong><\/p>\n<p>&nbsp;<\/p>","protected":false},"featured_media":2391,"comment_status":"closed","ping_status":"closed","template":"","meta":{"_acf_changed":false},"material":[26,27],"process":[23,41],"product_brand":[],"product_cat":[15],"product_tag":[48],"class_list":{"0":"post-2390","1":"product","2":"type-product","3":"status-publish","4":"has-post-thumbnail","6":"material-cotton-agent","7":"material-polyester-chemicals","8":"process-textile-finishing-chemicals","9":"process-fixing-agent","10":"product_cat-uncategorized","11":"product_tag-new-textile-chemicals","13":"first","14":"instock","15":"shipping-taxable","16":"product-type-simple"},"acf":[],"_links":{"self":[{"href":"https:\/\/www.bluelakechem.com\/es\/wp-json\/wp\/v2\/product\/2390","targetHints":{"allow":["GET"]}}],"collection":[{"href":"https:\/\/www.bluelakechem.com\/es\/wp-json\/wp\/v2\/product"}],"about":[{"href":"https:\/\/www.bluelakechem.com\/es\/wp-json\/wp\/v2\/types\/product"}],"replies":[{"embeddable":true,"href":"https:\/\/www.bluelakechem.com\/es\/wp-json\/wp\/v2\/comments?post=2390"}],"wp:featuredmedia":[{"embeddable":true,"href":"https:\/\/www.bluelakechem.com\/es\/wp-json\/wp\/v2\/media\/2391"}],"wp:attachment":[{"href":"https:\/\/www.bluelakechem.com\/es\/wp-json\/wp\/v2\/media?parent=2390"}],"wp:term":[{"taxonomy":"material","embeddable":true,"href":"https:\/\/www.bluelakechem.com\/es\/wp-json\/wp\/v2\/material?post=2390"},{"taxonomy":"process","embeddable":true,"href":"https:\/\/www.bluelakechem.com\/es\/wp-json\/wp\/v2\/process?post=2390"},{"taxonomy":"product_brand","embeddable":true,"href":"https:\/\/www.bluelakechem.com\/es\/wp-json\/wp\/v2\/product_brand?post=2390"},{"taxonomy":"product_cat","embeddable":true,"href":"https:\/\/www.bluelakechem.com\/es\/wp-json\/wp\/v2\/product_cat?post=2390"},{"taxonomy":"product_tag","embeddable":true,"href":"https:\/\/www.bluelakechem.com\/es\/wp-json\/wp\/v2\/product_tag?post=2390"}],"curies":[{"name":"wp","href":"https:\/\/api.w.org\/{rel}","templated":true}]}}