{"id":2393,"date":"2025-06-17T01:58:04","date_gmt":"2025-06-17T01:58:04","guid":{"rendered":"https:\/\/www.bluelakechem.com\/?post_type=product&#038;p=2393"},"modified":"2025-06-17T01:58:06","modified_gmt":"2025-06-17T01:58:06","slug":"leveling-agent-for-polyester-dyeing","status":"publish","type":"product","link":"https:\/\/www.bluelakechem.com\/es\/product\/leveling-agent-for-polyester-dyeing\/","title":{"rendered":"Agente nivelador de alta concentraci\u00f3n para la tintura de poli\u00e9ster a altas temperaturas"},"content":{"rendered":"<div class=\"wp-block-columns is-layout-flex wp-container-core-columns-is-layout-9d6595d7 wp-block-columns-is-layout-flex\">\n<div class=\"wp-block-column is-layout-flow wp-block-column-is-layout-flow\">\n<h2 class=\"wp-block-heading\">Agente de nivelaci\u00f3n Caracter\u00edsticas:<\/h2>\n\n\n\n<p>No contiene APEO ni HAP, etc. Cumple los requisitos de protecci\u00f3n del medio ambiente.<\/p>\n\n\n\n<p>Excellent transferring performance. Can shorten the dyeing time, improve production efficiency&nbsp;and save energy.<\/p>\n\n\n\n<p>Strong ability of retarding. It can effectively decrease the initial dyeing rate\u00a0and solve the dyeing defect problem caused by the simultaneous\u00a0dyeing of mixed dyes.<\/p>\n\n\n\n<p>Extremely low foam. No need to add a defoaming agent. Reduces silicone spots on the cloth or pollution\u00a0to the equipment.<\/p>\n\n\n\n<p>Improves the dispersity of dispersing dyes. Prevents color spots or color stains.<\/p>\n\n\n\n<h2 class=\"wp-block-heading\">Leveling Agent Properties:<\/h2>\n\n\n\n<figure class=\"wp-block-table\"><table class=\"has-fixed-layout\"><tbody><tr><td>Apariencia:<\/td><td>Light yellow transparent liquid<\/td><\/tr><tr><td>Ionicidad:<\/td><td>Ani\u00f3nico\/ No i\u00f3nico<\/td><\/tr><tr><td>Valor del pH:<\/td><td>6,0\u00b11,0 (1% soluci\u00f3n acuosa)<\/td><\/tr><tr><td>Solubilidad:<\/td><td>Soluble en agua<\/td><\/tr><\/tbody><\/table><\/figure>\n<\/div>\n\n\n\n<div class=\"wp-block-column is-layout-flow wp-block-column-is-layout-flow\">\n<figure class=\"wp-block-embed is-type-video is-provider-youtube wp-block-embed-youtube wp-embed-aspect-16-9 wp-has-aspect-ratio\"><div class=\"wp-block-embed__wrapper\">\n<iframe title=\"Improve first-pass yield of dyeing. #auxiliaries  #science  #textile  #chemistry #experiment #agent\" width=\"500\" height=\"281\" src=\"https:\/\/www.youtube.com\/embed\/l526FJLb_qU?feature=oembed\" frameborder=\"0\" allow=\"accelerometer; autoplay; clipboard-write; encrypted-media; gyroscope; picture-in-picture; web-share\" referrerpolicy=\"strict-origin-when-cross-origin\" allowfullscreen><\/iframe>\n<\/div><\/figure>\n\n\n\n<h2 class=\"wp-block-heading\">Leveling Agent Instruction:<\/h2>\n\n\n\n<p>Proceso de inmersi\u00f3n:<\/p>\n\n\n\n<p>For dyeing of ordinary color: reference dosage: 0.2~0.4% (o.w.f)<\/p>\n\n\n\n<p>For preventing color stains or color spots, reference dosage: 0.5~1.5% (o.w.f)<\/p>\n<\/div>\n<\/div>","protected":false},"excerpt":{"rendered":"<p>Leveling Agent 22503 es un agente de alta concentraci\u00f3n y alta temperatura basado en derivados de \u00e9steres arom\u00e1ticos. Proporciona excelentes propiedades dispersantes, solubilizantes y de migraci\u00f3n de colorantes dispersos. A altas temperaturas, favorece una distribuci\u00f3n homog\u00e9nea del colorante para una coloraci\u00f3n uniforme. Ideal para la tintura a alta temperatura y alta presi\u00f3n de tejidos de poli\u00e9ster y mezclas. Cumple la norma Oeko-Tex 100.<br \/>P\u00f3ngase en contacto con nosotros si desea muestras gratuitas u orientaci\u00f3n experta sobre f\u00f3rmulas.<\/p>\n<p><strong>Modelo n\u00ba 22503<\/strong><\/p>\n<p>&nbsp;<\/p>","protected":false},"featured_media":2395,"comment_status":"closed","ping_status":"closed","template":"","meta":{"_acf_changed":false},"material":[27],"process":[20,38],"product_brand":[],"product_cat":[15],"product_tag":[48],"class_list":{"0":"post-2393","1":"product","2":"type-product","3":"status-publish","4":"has-post-thumbnail","6":"material-polyester-chemicals","7":"process-dyeing-auxiliaries","8":"process-disperse-leveling-agent","9":"product_cat-uncategorized","10":"product_tag-new-textile-chemicals","12":"first","13":"instock","14":"shipping-taxable","15":"product-type-simple"},"acf":[],"_links":{"self":[{"href":"https:\/\/www.bluelakechem.com\/es\/wp-json\/wp\/v2\/product\/2393","targetHints":{"allow":["GET"]}}],"collection":[{"href":"https:\/\/www.bluelakechem.com\/es\/wp-json\/wp\/v2\/product"}],"about":[{"href":"https:\/\/www.bluelakechem.com\/es\/wp-json\/wp\/v2\/types\/product"}],"replies":[{"embeddable":true,"href":"https:\/\/www.bluelakechem.com\/es\/wp-json\/wp\/v2\/comments?post=2393"}],"wp:featuredmedia":[{"embeddable":true,"href":"https:\/\/www.bluelakechem.com\/es\/wp-json\/wp\/v2\/media\/2395"}],"wp:attachment":[{"href":"https:\/\/www.bluelakechem.com\/es\/wp-json\/wp\/v2\/media?parent=2393"}],"wp:term":[{"taxonomy":"material","embeddable":true,"href":"https:\/\/www.bluelakechem.com\/es\/wp-json\/wp\/v2\/material?post=2393"},{"taxonomy":"process","embeddable":true,"href":"https:\/\/www.bluelakechem.com\/es\/wp-json\/wp\/v2\/process?post=2393"},{"taxonomy":"product_brand","embeddable":true,"href":"https:\/\/www.bluelakechem.com\/es\/wp-json\/wp\/v2\/product_brand?post=2393"},{"taxonomy":"product_cat","embeddable":true,"href":"https:\/\/www.bluelakechem.com\/es\/wp-json\/wp\/v2\/product_cat?post=2393"},{"taxonomy":"product_tag","embeddable":true,"href":"https:\/\/www.bluelakechem.com\/es\/wp-json\/wp\/v2\/product_tag?post=2393"}],"curies":[{"name":"wp","href":"https:\/\/api.w.org\/{rel}","templated":true}]}}