{"id":2435,"date":"2025-06-26T08:02:08","date_gmt":"2025-06-26T08:02:08","guid":{"rendered":"https:\/\/www.bluelakechem.com\/?post_type=product&#038;p=2435"},"modified":"2025-08-14T01:34:46","modified_gmt":"2025-08-14T01:34:46","slug":"optical-brightener-for-cotton","status":"publish","type":"product","link":"https:\/\/www.bluelakechem.com\/es\/product\/optical-brightener-for-cotton\/","title":{"rendered":"Blanqueador \u00f3ptico para algod\u00f3n, OBA para viscosa y mezclas de celulosa"},"content":{"rendered":"<div class=\"wp-block-columns is-layout-flex wp-container-core-columns-is-layout-9d6595d7 wp-block-columns-is-layout-flex\">\n<div class=\"wp-block-column is-layout-flow wp-block-column-is-layout-flow\">\n<h2 class=\"wp-block-heading\">Caracter\u00edsticas del blanqueador \u00f3ptico para algod\u00f3n:<\/h2>\n\n\n\n<p><strong>Fluorescencia intensa, gran blancura<\/strong>. Proporciona efectos luminosos brillantes incluso a dosis bajas.<\/p>\n\n\n\n<p><strong>Compatibilidad del per\u00f3xido de hidr\u00f3geno<\/strong>. Estable en el blanqueamiento con per\u00f3xido, adecuado para el blanqueamiento en el mismo ba\u00f1o.<\/p>\n\n\n\n<p><strong>Resistente al amarilleamiento por altas temperaturas<\/strong>. Mantiene la blancura a altas temperaturas.<\/p>\n\n\n\n<p><strong>Amplia aplicabilidad t\u00e9rmica<\/strong>. Eficaz en una amplia gama de temperaturas de tintura.<\/p>\n\n\n\n<p><strong>Aplicaci\u00f3n vers\u00e1til<\/strong>. Ideal para algod\u00f3n, viscosa, lino, Tencel, Modal y sus mezclas.<\/p>\n\n\n\n<h2 class=\"wp-block-heading\">Propiedades del blanqueante \u00f3ptico para algod\u00f3n:<\/h2>\n\n\n\n<figure class=\"wp-block-table\"><table class=\"has-fixed-layout\"><tbody><tr><td>Apariencia:<\/td><td>Polvo amarillo verdoso<\/td><\/tr><tr><td>Ionicidad:<\/td><td>Ani\u00f3nico<\/td><\/tr><tr><td>Valor del pH:<\/td><td>8,0\u00b11,0 (1% soluci\u00f3n acuosa)<\/td><\/tr><tr><td>Solubilidad:<\/td><td>Soluble en agua<\/td><\/tr><\/tbody><\/table><\/figure>\n<\/div>\n\n\n\n<div class=\"wp-block-column is-layout-flow wp-block-column-is-layout-flow\">\n<figure class=\"wp-block-embed is-type-video is-provider-youtube wp-block-embed-youtube wp-embed-aspect-16-9 wp-has-aspect-ratio\"><div class=\"wp-block-embed__wrapper\">\n<iframe title=\"Textile Chem| \u00bfC\u00f3mo utilizar blanqueadores \u00f3pticos para mejorar la blancura de los tejidos en 2 niveles? 24384&amp;24085\" width=\"422\" height=\"750\" src=\"https:\/\/www.youtube.com\/embed\/TCFS9y00ZUo?feature=oembed\" frameborder=\"0\" allow=\"accelerometer; autoplay; clipboard-write; encrypted-media; gyroscope; picture-in-picture; web-share\" referrerpolicy=\"strict-origin-when-cross-origin\" allowfullscreen><\/iframe>\n<\/div><\/figure>\n\n\n\n<h2 class=\"wp-block-heading\">Instrucciones para el blanqueador \u00f3ptico para algod\u00f3n:<\/h2>\n\n\n\n<p>1. Para el proceso de inmersi\u00f3n, dosificaci\u00f3n de referencia: 0.1~0.4% (o.w.f). (Por favor, ajuste la dosificaci\u00f3n seg\u00fan las necesidades reales).<\/p>\n\n\n\n<p>90~98\u2103\u00d740~60 minutos. (Puede utilizarse en el proceso de blanqueamiento por separado o utilizarse junto con el proceso de pretratamiento en el mismo ba\u00f1o).<\/p>\n\n\n\n<p>2. Proceso de acolchado:<\/p>\n\n\n\n<p>Para el proceso de acolchado, dosificaci\u00f3n de referencia: 1~4 g\/L.<\/p>\n\n\n\n<p>Sumergir y acolchar dos veces \u2192 Vaporizar \u2192 Secar<\/p>\n<\/div>\n<\/div>","protected":false},"excerpt":{"rendered":"<p>El Blanqueante \u00d3ptico para Algod\u00f3n 24085 est\u00e1 compuesto principalmente por difeniletilos. Las fibras que absorben el agente blanqueador 24085 pueden absorber la luz ultravioleta y convertirla en luz visible rojo p\u00farpura, que transmiten. Esto mejorar\u00e1 la blancura de los tejidos. Es adecuado para blanquear y abrillantar tejidos e hilos hechos de fibras de celulosa, como algod\u00f3n, lino, fibra de viscosa, Modal y Tencel, as\u00ed como sus mezclas. Cumple la norma Oeko-Tex 100. P\u00f3ngase en contacto con nosotros si desea muestras gratuitas o asesoramiento experto sobre f\u00f3rmulas.<\/p>\n<p><strong>Modelo 24085<\/strong><\/p>\n<p>&nbsp;<\/p>","protected":false},"featured_media":2439,"comment_status":"closed","ping_status":"closed","template":"","meta":{"_acf_changed":false},"material":[26,30],"process":[20,50],"product_brand":[],"product_cat":[15],"product_tag":[48],"class_list":{"0":"post-2435","1":"product","2":"type-product","3":"status-publish","4":"has-post-thumbnail","6":"material-cotton-agent","7":"material-viscose-chemicals","8":"process-dyeing-auxiliaries","9":"process-optical-brightening-agent-in-textile","10":"product_cat-uncategorized","11":"product_tag-new-textile-chemicals","13":"first","14":"instock","15":"shipping-taxable","16":"product-type-simple"},"acf":[],"_links":{"self":[{"href":"https:\/\/www.bluelakechem.com\/es\/wp-json\/wp\/v2\/product\/2435","targetHints":{"allow":["GET"]}}],"collection":[{"href":"https:\/\/www.bluelakechem.com\/es\/wp-json\/wp\/v2\/product"}],"about":[{"href":"https:\/\/www.bluelakechem.com\/es\/wp-json\/wp\/v2\/types\/product"}],"replies":[{"embeddable":true,"href":"https:\/\/www.bluelakechem.com\/es\/wp-json\/wp\/v2\/comments?post=2435"}],"wp:featuredmedia":[{"embeddable":true,"href":"https:\/\/www.bluelakechem.com\/es\/wp-json\/wp\/v2\/media\/2439"}],"wp:attachment":[{"href":"https:\/\/www.bluelakechem.com\/es\/wp-json\/wp\/v2\/media?parent=2435"}],"wp:term":[{"taxonomy":"material","embeddable":true,"href":"https:\/\/www.bluelakechem.com\/es\/wp-json\/wp\/v2\/material?post=2435"},{"taxonomy":"process","embeddable":true,"href":"https:\/\/www.bluelakechem.com\/es\/wp-json\/wp\/v2\/process?post=2435"},{"taxonomy":"product_brand","embeddable":true,"href":"https:\/\/www.bluelakechem.com\/es\/wp-json\/wp\/v2\/product_brand?post=2435"},{"taxonomy":"product_cat","embeddable":true,"href":"https:\/\/www.bluelakechem.com\/es\/wp-json\/wp\/v2\/product_cat?post=2435"},{"taxonomy":"product_tag","embeddable":true,"href":"https:\/\/www.bluelakechem.com\/es\/wp-json\/wp\/v2\/product_tag?post=2435"}],"curies":[{"name":"wp","href":"https:\/\/api.w.org\/{rel}","templated":true}]}}