{"id":2514,"date":"2025-07-02T09:59:09","date_gmt":"2025-07-02T09:59:09","guid":{"rendered":"https:\/\/www.bluelakechem.com\/?post_type=product&#038;p=2514"},"modified":"2025-07-02T09:59:10","modified_gmt":"2025-07-02T09:59:10","slug":"coolcore-fabric-finishing-agent","status":"publish","type":"product","link":"https:\/\/www.bluelakechem.com\/es\/product\/coolcore-fabric-finishing-agent\/","title":{"rendered":"Agente de acabado de tejidos Coolcore, rendimiento refrigerante duradero"},"content":{"rendered":"<div class=\"wp-block-columns is-layout-flex wp-container-core-columns-is-layout-9d6595d7 wp-block-columns-is-layout-flex\">\n<div class=\"wp-block-column is-layout-flow wp-block-column-is-layout-flow\">\n<h2 class=\"wp-block-heading\">Agente de acabado de tejidos Coolcore Caracter\u00edsticas:<\/h2>\n\n\n\n<p>Excelente efecto coolcore resistente.<\/p>\n\n\n\n<p>Confiere a los tejidos un tacto suave y una buena capacidad de absorci\u00f3n de agua.<\/p>\n\n\n\n<p>Muy bajo amarilleamiento. Cambio de tonalidad extremadamente bajo.<\/p>\n\n\n\n<p>Buena compatibilidad con otros auxiliares. Puede utilizarse junto con aceite de silicona en el mismo ba\u00f1o.<\/p>\n\n\n\n<p>Adecuado para el proceso de acolchado en la m\u00e1quina de fraguado.<\/p>\n\n\n\n<h2 class=\"wp-block-heading\">Propiedades del agente de acabado de tejidos Coolcore:<\/h2>\n\n\n\n<figure class=\"wp-block-table\"><table class=\"has-fixed-layout\"><tbody><tr><td>Apariencia:<\/td><td>L\u00edquido transparente entre incoloro y amarillo<\/td><\/tr><tr><td>Ionicidad:<\/td><td>No i\u00f3nico<\/td><\/tr><tr><td>Valor del pH:<\/td><td>&#8212;&#8212;&#8211;<\/td><\/tr><tr><td>Solubilidad:<\/td><td>Soluble en agua<\/td><\/tr><\/tbody><\/table><\/figure>\n<\/div>\n\n\n\n<div class=\"wp-block-column is-layout-flow wp-block-column-is-layout-flow\">\n<figure class=\"wp-block-embed is-type-video is-provider-youtube wp-block-embed-youtube wp-embed-aspect-16-9 wp-has-aspect-ratio\"><div class=\"wp-block-embed__wrapper\">\n<iframe title=\"Para s\u00e1banas, fundas de edred\u00f3n y ropa de protecci\u00f3n solar, \u00bfC\u00f3mo conseguir una sensaci\u00f3n de frescor en las manos?\" width=\"500\" height=\"281\" src=\"https:\/\/www.youtube.com\/embed\/tNxIBqCohkI?feature=oembed\" frameborder=\"0\" allow=\"accelerometer; autoplay; clipboard-write; encrypted-media; gyroscope; picture-in-picture; web-share\" referrerpolicy=\"strict-origin-when-cross-origin\" allowfullscreen><\/iframe>\n<\/div><\/figure>\n\n\n\n<h2 class=\"wp-block-heading\">Coolcore Fabric Finishing Agent Instrucci\u00f3n:<\/h2>\n\n\n\n<p>1.Para el proceso de acolchado, dosificaci\u00f3n de referencia: 30~60 g\/L<\/p>\n\n\n\n<p>Inmersi\u00f3n y acolchado \u2192 Secado \u2192 Ajuste (140~160\u2103)<\/p>\n\n\n\n<p>2.Para el proceso de inmersi\u00f3n, dosificaci\u00f3n de referencia: 3.0~6.0% (f.o.p.)<\/p>\n\n\n\n<p>Proporci\u00f3n de ba\u00f1o: 1:5~15<\/p>\n\n\n\n<p>25~40\u2103 \u00d7 20~30 minutos \u2192 Deshidratar \u2192 Secar \u2192 Ajustar.<\/p>\n\n\n\n<p>Nota:<\/p>\n\n\n\n<p>El efecto Coolcore est\u00e1 relacionado con la dosis de Coolcore Finishing Agent YK-700B. Por favor, determine la dosis adecuada de acuerdo con los requisitos reales del efecto Coolcore.<\/p>\n<\/div>\n<\/div>\n\n\n\n<p><\/p>","protected":false},"excerpt":{"rendered":"<p>Coolcore Fabric Finishing Agent YK-700B est\u00e1 hecho de varios tipos de esencias coolcore naturales. Se puede aplicar en el proceso de acabado coolcore para varios tipos de tejidos de algod\u00f3n, ray\u00f3n, poli\u00e9ster, nailon y sus mezclas, que pueden impartir a los tejidos un excelente efecto coolcore al tacto. Cumple la norma Oeko-Tex 100. P\u00f3ngase en contacto con nosotros para obtener muestras gratuitas o asesoramiento experto sobre f\u00f3rmulas.<\/p>\n<p><strong>N\u00ba de modelo YK-700B<\/strong><\/p>\n<p>&nbsp;<\/p>","protected":false},"featured_media":2519,"comment_status":"closed","ping_status":"closed","template":"","meta":{"_acf_changed":false},"material":[28],"process":[23,25],"product_brand":[],"product_cat":[15],"product_tag":[48],"class_list":{"0":"post-2514","1":"product","2":"type-product","3":"status-publish","4":"has-post-thumbnail","6":"material-nylon-agent","7":"process-textile-finishing-chemicals","8":"process-textile-finishing-agent","9":"product_cat-uncategorized","10":"product_tag-new-textile-chemicals","12":"first","13":"instock","14":"shipping-taxable","15":"product-type-simple"},"acf":[],"_links":{"self":[{"href":"https:\/\/www.bluelakechem.com\/es\/wp-json\/wp\/v2\/product\/2514","targetHints":{"allow":["GET"]}}],"collection":[{"href":"https:\/\/www.bluelakechem.com\/es\/wp-json\/wp\/v2\/product"}],"about":[{"href":"https:\/\/www.bluelakechem.com\/es\/wp-json\/wp\/v2\/types\/product"}],"replies":[{"embeddable":true,"href":"https:\/\/www.bluelakechem.com\/es\/wp-json\/wp\/v2\/comments?post=2514"}],"wp:featuredmedia":[{"embeddable":true,"href":"https:\/\/www.bluelakechem.com\/es\/wp-json\/wp\/v2\/media\/2519"}],"wp:attachment":[{"href":"https:\/\/www.bluelakechem.com\/es\/wp-json\/wp\/v2\/media?parent=2514"}],"wp:term":[{"taxonomy":"material","embeddable":true,"href":"https:\/\/www.bluelakechem.com\/es\/wp-json\/wp\/v2\/material?post=2514"},{"taxonomy":"process","embeddable":true,"href":"https:\/\/www.bluelakechem.com\/es\/wp-json\/wp\/v2\/process?post=2514"},{"taxonomy":"product_brand","embeddable":true,"href":"https:\/\/www.bluelakechem.com\/es\/wp-json\/wp\/v2\/product_brand?post=2514"},{"taxonomy":"product_cat","embeddable":true,"href":"https:\/\/www.bluelakechem.com\/es\/wp-json\/wp\/v2\/product_cat?post=2514"},{"taxonomy":"product_tag","embeddable":true,"href":"https:\/\/www.bluelakechem.com\/es\/wp-json\/wp\/v2\/product_tag?post=2514"}],"curies":[{"name":"wp","href":"https:\/\/api.w.org\/{rel}","templated":true}]}}