{"id":2697,"date":"2025-07-23T09:37:20","date_gmt":"2025-07-23T09:37:20","guid":{"rendered":"https:\/\/www.bluelakechem.com\/?post_type=product&#038;p=2697"},"modified":"2025-09-16T07:09:19","modified_gmt":"2025-09-16T07:09:19","slug":"high-concentration-degreasing-agent","status":"publish","type":"product","link":"https:\/\/www.bluelakechem.com\/es\/product\/high-concentration-degreasing-agent\/","title":{"rendered":"Agente desengrasante de alta concentraci\u00f3n para algod\u00f3n, auxiliares de pretratamiento resistentes a los \u00e1lcalis"},"content":{"rendered":"<div class=\"wp-block-columns is-layout-flex wp-container-core-columns-is-layout-9d6595d7 wp-block-columns-is-layout-flex\">\n<div class=\"wp-block-column is-layout-flow wp-block-column-is-layout-flow\">\n<h2 class=\"wp-block-heading\">Agente desengrasante de alta concentraci\u00f3n Caracter\u00edsticas:<\/h2>\n\n\n\n<p><strong>Resistente a los \u00e1lcalis<\/strong>: Rendimiento estable en condiciones de \u00e1lcalis fuertes (sosa c\u00e1ustica hasta 100 g\/L), ideal para procesos de pretratamiento del algod\u00f3n.<\/p>\n\n\n\n<p><strong>Respetuoso con el medio ambiente: <\/strong>Sin APEO, baja formaci\u00f3n de espuma, cumple las normas de protecci\u00f3n del medio ambiente.<\/p>\n\n\n\n<p><strong>Multifuncional<\/strong>: Incluye la funci\u00f3n de desengrasar, desengrasar, penetrar, etc.<\/p>\n\n\n\n<p><strong>Alta eficacia de limpieza:<\/strong> Excelente efecto desengrasante y eliminador de aceite en tejidos de algod\u00f3n y mezclas de algod\u00f3n sin da\u00f1ar las fibras.<\/p>\n\n\n\n<p><strong>Excelente funci\u00f3n antimanchas: <\/strong>Evita la redeposici\u00f3n de impurezas durante el procesado, garantizando el brillo y la limpieza del tejido.<\/p>\n\n\n\n<h2 class=\"wp-block-heading\">Agente desengrasante de alta concentraci\u00f3n Propiedades:<\/h2>\n\n\n\n<figure class=\"wp-block-table\"><table class=\"has-fixed-layout\"><tbody><tr><td>Apariencia:<\/td><td>L\u00edquido transparente entre incoloro y amarillo claro<\/td><\/tr><tr><td>Ionicidad:<\/td><td>No i\u00f3nico<\/td><\/tr><tr><td>Valor del pH:<\/td><td>6,5\u00b11,0 (1% soluci\u00f3n acuosa)<\/td><\/tr><tr><td>Solubilidad:<\/td><td>Soluble en agua<\/td><\/tr><\/tbody><\/table><\/figure>\n<\/div>\n\n\n\n<div class=\"wp-block-column is-layout-flow wp-block-column-is-layout-flow\">\n<h2 class=\"wp-block-heading\">Desengrasante de alta concentraci\u00f3n Instrucci\u00f3n:<\/h2>\n\n\n\n<p>1. <strong>M\u00e9todo por lotes<\/strong> (M\u00e1quina de te\u00f1ir de desbordamiento a alta temperatura y desengrase y descrudado en ba\u00f1o de te\u00f1ido):<\/p>\n\n\n\n<p><strong>Ba\u00f1o<\/strong>:<\/p>\n\n\n\n<p>Dosis de referencia de 11017: 0.5~1.5 g\/L, dosis de referencia de carbonato de sodio: 0,5~1,5 g\/L<\/p>\n\n\n\n<p><strong>Proporci\u00f3n de ba\u00f1o<\/strong>: 1:6~1:10<\/p>\n\n\n\n<p><strong>Proceso de referencia<\/strong>: 85\u2103\u00d730~50min<\/p>\n\n\n\n<p>2. <strong>M\u00e9todo continuo<\/strong> (Proceso de desengrase y lavado de ancho abierto y proceso de desengrase y lavado de ancho abierto):<\/p>\n\n\n\n<p><strong>Ba\u00f1o<\/strong>:<\/p>\n\n\n\n<p>Dosis de referencia de 11017: 2.0~5.0 g\/L, dosis de referencia de agente dispersante secuestrante: 1.0~2.0 g\/L, dosis de referencia de carbonato de sodio: 3.0~6.0 g\/L<\/p>\n\n\n\n<p><strong>Nota<\/strong>: Por favor, ajuste la funci\u00f3n de cada unidad y ajuste la concentraci\u00f3n del ba\u00f1o de acuerdo con el equipo.<\/p>\n<\/div>\n<\/div>\n\n\n\n<div class=\"wp-block-columns is-layout-flex wp-container-core-columns-is-layout-9d6595d7 wp-block-columns-is-layout-flex\">\n<div class=\"wp-block-column is-layout-flow wp-block-column-is-layout-flow\">\n<figure class=\"wp-block-image size-full\"><img decoding=\"async\" width=\"1363\" height=\"1701\" src=\"https:\/\/www.bluelakechem.com\/wp-content\/uploads\/2025\/07\/High-Concentration-Degreasing-Agent-11017-9.webp\" alt=\"Agente desengrasante de alta concentraci\u00f3n 11017\" class=\"wp-image-3179\" srcset=\"https:\/\/www.bluelakechem.com\/wp-content\/uploads\/2025\/07\/High-Concentration-Degreasing-Agent-11017-9.webp 1363w, https:\/\/www.bluelakechem.com\/wp-content\/uploads\/2025\/07\/High-Concentration-Degreasing-Agent-11017-9-240x300.webp 240w, https:\/\/www.bluelakechem.com\/wp-content\/uploads\/2025\/07\/High-Concentration-Degreasing-Agent-11017-9-768x958.webp 768w, https:\/\/www.bluelakechem.com\/wp-content\/uploads\/2025\/07\/High-Concentration-Degreasing-Agent-11017-9-10x12.webp 10w, https:\/\/www.bluelakechem.com\/wp-content\/uploads\/2025\/07\/High-Concentration-Degreasing-Agent-11017-9-1200x1498.webp 1200w, https:\/\/www.bluelakechem.com\/wp-content\/uploads\/2025\/07\/High-Concentration-Degreasing-Agent-11017-9-600x749.webp 600w\" sizes=\"(max-width: 1363px) 100vw, 1363px\" \/><\/figure>\n<\/div>\n\n\n\n<div class=\"wp-block-column is-layout-flow wp-block-column-is-layout-flow\">\n<figure class=\"wp-block-image size-full\"><img decoding=\"async\" width=\"1363\" height=\"1701\" src=\"https:\/\/www.bluelakechem.com\/wp-content\/uploads\/2025\/07\/High-Concentration-Degreasing-Agent-11017-8.webp\" alt=\"Agente desengrasante de alta concentraci\u00f3n 11017\" class=\"wp-image-3180\" srcset=\"https:\/\/www.bluelakechem.com\/wp-content\/uploads\/2025\/07\/High-Concentration-Degreasing-Agent-11017-8.webp 1363w, https:\/\/www.bluelakechem.com\/wp-content\/uploads\/2025\/07\/High-Concentration-Degreasing-Agent-11017-8-240x300.webp 240w, https:\/\/www.bluelakechem.com\/wp-content\/uploads\/2025\/07\/High-Concentration-Degreasing-Agent-11017-8-768x958.webp 768w, https:\/\/www.bluelakechem.com\/wp-content\/uploads\/2025\/07\/High-Concentration-Degreasing-Agent-11017-8-10x12.webp 10w, https:\/\/www.bluelakechem.com\/wp-content\/uploads\/2025\/07\/High-Concentration-Degreasing-Agent-11017-8-1200x1498.webp 1200w, https:\/\/www.bluelakechem.com\/wp-content\/uploads\/2025\/07\/High-Concentration-Degreasing-Agent-11017-8-600x749.webp 600w\" sizes=\"(max-width: 1363px) 100vw, 1363px\" \/><\/figure>\n<\/div>\n\n\n\n<div class=\"wp-block-column is-layout-flow wp-block-column-is-layout-flow\">\n<figure class=\"wp-block-image size-full\"><img decoding=\"async\" width=\"1363\" height=\"1701\" src=\"https:\/\/www.bluelakechem.com\/wp-content\/uploads\/2025\/07\/High-Concentration-Degreasing-Agent-11017-7.webp\" alt=\"Agente desengrasante de alta concentraci\u00f3n 11017\" class=\"wp-image-3181\" srcset=\"https:\/\/www.bluelakechem.com\/wp-content\/uploads\/2025\/07\/High-Concentration-Degreasing-Agent-11017-7.webp 1363w, https:\/\/www.bluelakechem.com\/wp-content\/uploads\/2025\/07\/High-Concentration-Degreasing-Agent-11017-7-240x300.webp 240w, https:\/\/www.bluelakechem.com\/wp-content\/uploads\/2025\/07\/High-Concentration-Degreasing-Agent-11017-7-768x958.webp 768w, https:\/\/www.bluelakechem.com\/wp-content\/uploads\/2025\/07\/High-Concentration-Degreasing-Agent-11017-7-10x12.webp 10w, https:\/\/www.bluelakechem.com\/wp-content\/uploads\/2025\/07\/High-Concentration-Degreasing-Agent-11017-7-1200x1498.webp 1200w, https:\/\/www.bluelakechem.com\/wp-content\/uploads\/2025\/07\/High-Concentration-Degreasing-Agent-11017-7-600x749.webp 600w\" sizes=\"(max-width: 1363px) 100vw, 1363px\" \/><\/figure>\n<\/div>\n<\/div>\n\n\n\n<p><\/p>","protected":false},"excerpt":{"rendered":"<p>El agente desengrasante de alta concentraci\u00f3n resistente a los \u00e1lcalis 11017 se compone principalmente de varios tipos de tensioactivos. Es adecuado para procesos de desencolado, desengrasado, descrudado y blanqueo de tejidos de algod\u00f3n, poli\u00e9ster, nailon y sus mezclas, etc. Resistente a \u00e1lcalis fuertes (sosa c\u00e1ustica hasta 100 g\/L) y conforme a la norma Oeko-Tex Standard 100. P\u00f3ngase en contacto con nosotros si desea muestras gratuitas o asesoramiento experto sobre f\u00f3rmulas.<\/p>\n<p><strong>Modelo n\u00ba 11017<\/strong><\/p>","protected":false},"featured_media":2702,"comment_status":"closed","ping_status":"closed","template":"","meta":{"_acf_changed":false},"material":[26,27,28],"process":[17,35],"product_brand":[],"product_cat":[15],"product_tag":[48],"class_list":{"0":"post-2697","1":"product","2":"type-product","3":"status-publish","4":"has-post-thumbnail","6":"material-cotton-agent","7":"material-polyester-chemicals","8":"material-nylon-agent","9":"process-pretreatment-auxiliaries","10":"process-degreasing-agent","11":"product_cat-uncategorized","12":"product_tag-new-textile-chemicals","14":"first","15":"instock","16":"shipping-taxable","17":"product-type-simple"},"acf":[],"_links":{"self":[{"href":"https:\/\/www.bluelakechem.com\/es\/wp-json\/wp\/v2\/product\/2697","targetHints":{"allow":["GET"]}}],"collection":[{"href":"https:\/\/www.bluelakechem.com\/es\/wp-json\/wp\/v2\/product"}],"about":[{"href":"https:\/\/www.bluelakechem.com\/es\/wp-json\/wp\/v2\/types\/product"}],"replies":[{"embeddable":true,"href":"https:\/\/www.bluelakechem.com\/es\/wp-json\/wp\/v2\/comments?post=2697"}],"wp:featuredmedia":[{"embeddable":true,"href":"https:\/\/www.bluelakechem.com\/es\/wp-json\/wp\/v2\/media\/2702"}],"wp:attachment":[{"href":"https:\/\/www.bluelakechem.com\/es\/wp-json\/wp\/v2\/media?parent=2697"}],"wp:term":[{"taxonomy":"material","embeddable":true,"href":"https:\/\/www.bluelakechem.com\/es\/wp-json\/wp\/v2\/material?post=2697"},{"taxonomy":"process","embeddable":true,"href":"https:\/\/www.bluelakechem.com\/es\/wp-json\/wp\/v2\/process?post=2697"},{"taxonomy":"product_brand","embeddable":true,"href":"https:\/\/www.bluelakechem.com\/es\/wp-json\/wp\/v2\/product_brand?post=2697"},{"taxonomy":"product_cat","embeddable":true,"href":"https:\/\/www.bluelakechem.com\/es\/wp-json\/wp\/v2\/product_cat?post=2697"},{"taxonomy":"product_tag","embeddable":true,"href":"https:\/\/www.bluelakechem.com\/es\/wp-json\/wp\/v2\/product_tag?post=2697"}],"curies":[{"name":"wp","href":"https:\/\/api.w.org\/{rel}","templated":true}]}}