{"id":2799,"date":"2025-08-08T02:04:34","date_gmt":"2025-08-08T02:04:34","guid":{"rendered":"https:\/\/www.bluelakechem.com\/?post_type=product&#038;p=2799"},"modified":"2025-08-08T02:12:10","modified_gmt":"2025-08-08T02:12:10","slug":"hydrophilic-silicone-finishing-agent","status":"publish","type":"product","link":"https:\/\/www.bluelakechem.com\/es\/product\/hydrophilic-silicone-finishing-agent\/","title":{"rendered":"Agente de acabado de silicona hidr\u00f3fila de alta estabilidad"},"content":{"rendered":"<div class=\"wp-block-columns is-layout-flex wp-container-core-columns-is-layout-9d6595d7 wp-block-columns-is-layout-flex\">\n<div class=\"wp-block-column is-layout-flow wp-block-column-is-layout-flow\">\n<h2 class=\"wp-block-heading\">Agente de acabado de silicona hidr\u00f3fila Caracter\u00edsticas<\/h2>\n\n\n\n<ul class=\"wp-block-list\">\n<li>No contiene APEO ni sustancias qu\u00edmicas prohibidas. Conforme a la norma de la Uni\u00f3n Europea Otex-100.<\/li>\n\n\n\n<li>Hidrofilia instant\u00e1nea.<\/li>\n\n\n\n<li>Confiere a los tejidos un tacto suave, liso y natural.<\/li>\n\n\n\n<li>Excelente rendimiento antiest\u00e1tico. Buenas prestaciones antimanchas y antipolvo.<\/li>\n\n\n\n<li>Mejora el rendimiento antipilling.<\/li>\n\n\n\n<li>Confiere a los tejidos una buena estabilidad dimensional y una buena elasticidad.<\/li>\n\n\n\n<li>Tiene buena afinidad con diversos tipos de tejidos.<\/li>\n\n\n\n<li>Estable a altas temperaturas, \u00e1lcalis, electrolitos y aniones. Alta resistencia al cizallamiento. Puede utilizarse junto con resina en el mismo ba\u00f1o.<\/li>\n\n\n\n<li>Adecuado para el acolchado y el proceso de escape.<\/li>\n\n\n\n<li>Buena compatibilidad.<\/li>\n\n\n\n<li>Una dosis muy peque\u00f1a puede lograr efectos excelentes.<\/li>\n<\/ul>\n\n\n\n<h2 class=\"wp-block-heading\">Propiedades del agente de acabado de silicona hidr\u00f3fila<\/h2>\n\n\n\n<figure class=\"wp-block-table\"><table class=\"has-fixed-layout\"><tbody><tr><td>Apariencia<\/td><td>L\u00edquido transparente<\/td><\/tr><tr><td>Ionicidad<\/td><td>No i\u00f3nico<\/td><\/tr><tr><td>Valor pH<\/td><td>6,0~7,0 (1% soluci\u00f3n acuosa)<\/td><\/tr><tr><td>Solubilidad<\/td><td>Soluble en agua<\/td><\/tr><\/tbody><\/table><\/figure>\n<\/div>\n\n\n\n<div class=\"wp-block-column is-layout-flow wp-block-column-is-layout-flow\">\n<h2 class=\"wp-block-heading\">Agente de acabado de silicona hidr\u00f3fila Instrucciones<\/h2>\n\n\n\n<h3 class=\"wp-block-heading\">1. Proceso de escape:<\/h3>\n\n\n\n<p><strong>Dosis de referencia:<\/strong> 1,0~3,0% (f.o.p.)<\/p>\n\n\n\n<p><strong>Proporci\u00f3n de ba\u00f1o: <\/strong>1:20<\/p>\n\n\n\n<p><strong>Proceso: <\/strong>40~50\u2103 \u00d7 10~20 min \u2192 Deshidratar \u2192 Secar (100~120\u2103)<\/p>\n\n\n\n<h3 class=\"wp-block-heading\">2. Proceso de acolchado:<\/h3>\n\n\n\n<p><strong>Dosis de referencia<\/strong>: 10~30 g\/L<\/p>\n\n\n\n<p><strong>Stenter: <\/strong>Inmersi\u00f3n y acolchado (Pickup: 70~90%) \u2192 160~170\u2103 \u00d7 60~90s.<\/p>\n\n\n\n<p><strong>Para uso como agente de acabado antiest\u00e1tico, dosis de referencia:<\/strong> 10~20 g\/L.<\/p>\n<\/div>\n<\/div>\n\n\n\n<p><\/p>","protected":false},"excerpt":{"rendered":"<p>El suavizante de silicona 63081-33 es un agente de acabado de silicona hidr\u00f3filo de alta estabilidad, compuesto con la \u00faltima tecnolog\u00eda, que se aplica principalmente para el acabado hidr\u00f3filo de tejidos de fibras de celulosa, fibras sint\u00e9ticas y sus mezclas, lo que hace que los tejidos sean suaves y lisos. Cumple la norma Oeko-Tex 100. P\u00f3ngase en contacto con nosotros para obtener muestras gratuitas o asesoramiento experto sobre f\u00f3rmulas.<\/p>\n<p><strong>Modelo n\u00ba 63081<\/strong><\/p>\n<p>&nbsp;<\/p>","protected":false},"featured_media":2800,"comment_status":"closed","ping_status":"closed","template":"","meta":{"_acf_changed":false},"material":[26],"process":[23,25],"product_brand":[],"product_cat":[15],"product_tag":[48],"class_list":{"0":"post-2799","1":"product","2":"type-product","3":"status-publish","4":"has-post-thumbnail","6":"material-cotton-agent","7":"process-textile-finishing-chemicals","8":"process-textile-finishing-agent","9":"product_cat-uncategorized","10":"product_tag-new-textile-chemicals","12":"first","13":"instock","14":"shipping-taxable","15":"product-type-simple"},"acf":[],"_links":{"self":[{"href":"https:\/\/www.bluelakechem.com\/es\/wp-json\/wp\/v2\/product\/2799","targetHints":{"allow":["GET"]}}],"collection":[{"href":"https:\/\/www.bluelakechem.com\/es\/wp-json\/wp\/v2\/product"}],"about":[{"href":"https:\/\/www.bluelakechem.com\/es\/wp-json\/wp\/v2\/types\/product"}],"replies":[{"embeddable":true,"href":"https:\/\/www.bluelakechem.com\/es\/wp-json\/wp\/v2\/comments?post=2799"}],"wp:featuredmedia":[{"embeddable":true,"href":"https:\/\/www.bluelakechem.com\/es\/wp-json\/wp\/v2\/media\/2800"}],"wp:attachment":[{"href":"https:\/\/www.bluelakechem.com\/es\/wp-json\/wp\/v2\/media?parent=2799"}],"wp:term":[{"taxonomy":"material","embeddable":true,"href":"https:\/\/www.bluelakechem.com\/es\/wp-json\/wp\/v2\/material?post=2799"},{"taxonomy":"process","embeddable":true,"href":"https:\/\/www.bluelakechem.com\/es\/wp-json\/wp\/v2\/process?post=2799"},{"taxonomy":"product_brand","embeddable":true,"href":"https:\/\/www.bluelakechem.com\/es\/wp-json\/wp\/v2\/product_brand?post=2799"},{"taxonomy":"product_cat","embeddable":true,"href":"https:\/\/www.bluelakechem.com\/es\/wp-json\/wp\/v2\/product_cat?post=2799"},{"taxonomy":"product_tag","embeddable":true,"href":"https:\/\/www.bluelakechem.com\/es\/wp-json\/wp\/v2\/product_tag?post=2799"}],"curies":[{"name":"wp","href":"https:\/\/api.w.org\/{rel}","templated":true}]}}