{"id":2914,"date":"2025-08-13T07:25:52","date_gmt":"2025-08-13T07:25:52","guid":{"rendered":"https:\/\/www.bluelakechem.com\/?post_type=product&#038;p=2914"},"modified":"2025-08-13T07:33:58","modified_gmt":"2025-08-13T07:33:58","slug":"neutral-bio-polishing-enzyme","status":"publish","type":"product","link":"https:\/\/www.bluelakechem.com\/es\/product\/neutral-bio-polishing-enzyme\/","title":{"rendered":"Enzima biopulimentadora neutra para tejidos de celulosa, biopulimentadora y auxiliar de tintura"},"content":{"rendered":"<div class=\"wp-block-columns is-layout-flex wp-container-core-columns-is-layout-9d6595d7 wp-block-columns-is-layout-flex\">\n<div class=\"wp-block-column is-layout-flow wp-block-column-is-layout-flow\">\n<h2 class=\"wp-block-heading\">Caracter\u00edsticas de la enzima biopulidora neutra<\/h2>\n\n\n\n<p><strong>Estable en \u00e1lcali. <\/strong>Puede realizar acabados de pulido por debajo de un valor de pH de 6~9. Da\u00f1a muy poco la resistencia del tejido.<\/p>\n\n\n\n<p><strong>Buena compatibilidad.<\/strong> Consigue el blanqueo con ox\u00edgeno y el proceso de lavado y biopulido en un solo ba\u00f1o.<\/p>\n\n\n\n<p>Consigue <strong>proceso de biopulido y proceso de te\u00f1ido reactivo<\/strong> en un ba\u00f1o.<\/p>\n\n\n\n<p><strong>Ahorra agua, tiempo y energ\u00eda<\/strong>. Ahorra m\u00e1s de 20~30% del coste global.<\/p>\n<\/div>\n\n\n\n<div class=\"wp-block-column is-layout-flow wp-block-column-is-layout-flow\">\n<h2 class=\"wp-block-heading\">Instrucciones de uso de la enzima biopulimentadora neutra<\/h2>\n\n\n\n<p>Dosis de referencia: 0,2~0,4% (f.o.p.)<\/p>\n\n\n\n<figure class=\"wp-block-image size-full\"><img decoding=\"async\" width=\"874\" height=\"227\" src=\"https:\/\/www.bluelakechem.com\/wp-content\/uploads\/2025\/08\/Neutral-Polishing-Enzyme-15510.webp\" alt=\"Enzima pulidora neutra\" class=\"wp-image-2915\" srcset=\"https:\/\/www.bluelakechem.com\/wp-content\/uploads\/2025\/08\/Neutral-Polishing-Enzyme-15510.webp 874w, https:\/\/www.bluelakechem.com\/wp-content\/uploads\/2025\/08\/Neutral-Polishing-Enzyme-15510-300x78.webp 300w, https:\/\/www.bluelakechem.com\/wp-content\/uploads\/2025\/08\/Neutral-Polishing-Enzyme-15510-768x199.webp 768w, https:\/\/www.bluelakechem.com\/wp-content\/uploads\/2025\/08\/Neutral-Polishing-Enzyme-15510-18x5.webp 18w, https:\/\/www.bluelakechem.com\/wp-content\/uploads\/2025\/08\/Neutral-Polishing-Enzyme-15510-600x156.webp 600w\" sizes=\"(max-width: 874px) 100vw, 874px\" \/><\/figure>\n\n\n\n<h2 class=\"wp-block-heading\">Propiedades enzim\u00e1ticas biopulimentantes neutras<\/h2>\n\n\n\n<figure class=\"wp-block-table\"><table class=\"has-fixed-layout\"><tbody><tr><td><strong>Apariencia:<\/strong><\/td><td>Polvo marr\u00f3n<\/td><\/tr><tr><td><strong>Ionicidad:<\/strong><\/td><td>No i\u00f3nico<\/td><\/tr><tr><td><strong>Valor del pH:<\/strong><\/td><td>6,0\u00b11,0 (1% soluci\u00f3n acuosa)<\/td><\/tr><tr><td><strong>Solubilidad:<\/strong><\/td><td>Soluble en agua<\/td><\/tr><\/tbody><\/table><\/figure>\n<\/div>\n<\/div>","protected":false},"excerpt":{"rendered":"<p>La enzima biopulimentadora neutra 15510 est\u00e1 compuesta principalmente por zimoprote\u00edna compleja. En condiciones casi neutras, tiene un excelente efecto de pulido en tejidos hechos de fibras de celulosa. Puede a\u00f1adirse antes del proceso de fijaci\u00f3n, lo que permite desoxigenar, pulir y te\u00f1ir en un solo ba\u00f1o y reducir los costes de producci\u00f3n. Cumple la norma Oeko-Tex 100. P\u00f3ngase en contacto con nosotros si desea muestras gratuitas o asesoramiento experto sobre f\u00f3rmulas.<\/p>\n<p><strong>Modelo n\u00ba 15510<\/strong><\/p>","protected":false},"featured_media":2916,"comment_status":"closed","ping_status":"closed","template":"","meta":{"_acf_changed":false},"material":[26],"process":[17,37],"product_brand":[],"product_cat":[15],"product_tag":[48],"class_list":{"0":"post-2914","1":"product","2":"type-product","3":"status-publish","4":"has-post-thumbnail","6":"material-cotton-agent","7":"process-pretreatment-auxiliaries","8":"process-bio-polishing-enzyme","9":"product_cat-uncategorized","10":"product_tag-new-textile-chemicals","12":"first","13":"instock","14":"shipping-taxable","15":"product-type-simple"},"acf":[],"_links":{"self":[{"href":"https:\/\/www.bluelakechem.com\/es\/wp-json\/wp\/v2\/product\/2914","targetHints":{"allow":["GET"]}}],"collection":[{"href":"https:\/\/www.bluelakechem.com\/es\/wp-json\/wp\/v2\/product"}],"about":[{"href":"https:\/\/www.bluelakechem.com\/es\/wp-json\/wp\/v2\/types\/product"}],"replies":[{"embeddable":true,"href":"https:\/\/www.bluelakechem.com\/es\/wp-json\/wp\/v2\/comments?post=2914"}],"wp:featuredmedia":[{"embeddable":true,"href":"https:\/\/www.bluelakechem.com\/es\/wp-json\/wp\/v2\/media\/2916"}],"wp:attachment":[{"href":"https:\/\/www.bluelakechem.com\/es\/wp-json\/wp\/v2\/media?parent=2914"}],"wp:term":[{"taxonomy":"material","embeddable":true,"href":"https:\/\/www.bluelakechem.com\/es\/wp-json\/wp\/v2\/material?post=2914"},{"taxonomy":"process","embeddable":true,"href":"https:\/\/www.bluelakechem.com\/es\/wp-json\/wp\/v2\/process?post=2914"},{"taxonomy":"product_brand","embeddable":true,"href":"https:\/\/www.bluelakechem.com\/es\/wp-json\/wp\/v2\/product_brand?post=2914"},{"taxonomy":"product_cat","embeddable":true,"href":"https:\/\/www.bluelakechem.com\/es\/wp-json\/wp\/v2\/product_cat?post=2914"},{"taxonomy":"product_tag","embeddable":true,"href":"https:\/\/www.bluelakechem.com\/es\/wp-json\/wp\/v2\/product_tag?post=2914"}],"curies":[{"name":"wp","href":"https:\/\/api.w.org\/{rel}","templated":true}]}}