{"id":3121,"date":"2025-09-11T02:44:09","date_gmt":"2025-09-11T02:44:09","guid":{"rendered":"https:\/\/www.bluelakechem.com\/?post_type=product&#038;p=3121"},"modified":"2025-09-11T03:09:54","modified_gmt":"2025-09-11T03:09:54","slug":"emulsifying-scouring-agent","status":"publish","type":"product","link":"https:\/\/www.bluelakechem.com\/es\/product\/emulsifying-scouring-agent\/","title":{"rendered":"Agente descrudante emulsionante, Agente desengrasante, Producto qu\u00edmico ecol\u00f3gico para el pretratamiento de textiles"},"content":{"rendered":"<div class=\"wp-block-columns is-layout-flex wp-container-core-columns-is-layout-9d6595d7 wp-block-columns-is-layout-flex\">\n<div class=\"wp-block-column is-layout-flow wp-block-column-is-layout-flow\">\n<h2 class=\"wp-block-heading\">Agentes emulsionantes Caracter\u00edsticas<\/h2>\n\n\n\n<p><strong>Respetuoso con el medio ambiente y sin APEO: <\/strong>Soluci\u00f3n de procesamiento textil sostenible conforme a la norma Oeko-Tex 100.<\/p>\n\n\n\n<p><strong>Multifuncional: <\/strong>Combina efectos emulsionantes, desengrasantes, dispersantes, de lavado y antimanchas.<\/p>\n\n\n\n<p><strong>Poder de limpieza superior: <\/strong>Elimina eficazmente la cera, el aceite, la pectina y otras impurezas.<\/p>\n\n\n\n<p><strong>F\u00f3rmula segura para la fibra: <\/strong>Suave con las fibras naturales y sint\u00e9ticas, no da\u00f1a las fibras.<\/p>\n\n\n\n<p><strong>Aplicaciones vers\u00e1tiles:<\/strong> Perfecto para el pretratamiento de algod\u00f3n, poli\u00e9ster, viscosa, Tencel, Modal y mezclas.<\/p>\n\n\n\n<p>Rendimiento estable y fiable: Funciona bajo diversas condiciones de procesamiento con resultados consistentes.<\/p>\n\n\n\n<h2 class=\"wp-block-heading\">Propiedades del detergente emulsionante<\/h2>\n\n\n\n<figure class=\"wp-block-table\"><table class=\"has-fixed-layout\"><tbody><tr><td><strong>Apariencia:<\/strong><\/td><td>L\u00edquido transparente entre incoloro y amarillo claro<\/td><\/tr><tr><td><strong>Ionicidad:<\/strong><\/td><td>No i\u00f3nico<\/td><\/tr><tr><td><strong>Valor del pH:<\/strong><\/td><td>7,0\u00b11,0 (1% soluci\u00f3n acuosa)<\/td><\/tr><tr><td><strong>Solubilidad:<\/strong><\/td><td>Soluble en agua<\/td><\/tr><\/tbody><\/table><\/figure>\n<\/div>\n\n\n\n<div class=\"wp-block-column is-layout-flow wp-block-column-is-layout-flow\">\n<h2 class=\"wp-block-heading\">Instrucciones para el detergente emulsionante<\/h2>\n\n\n\n<p>Es un producto de alta concentraci\u00f3n. Se recomienda diluirlo en una proporci\u00f3n de 1:3~1:5 con agua descalcificada.<\/p>\n\n\n\n<p><strong>Desengrasante para tejidos de fibras qu\u00edmicas:<\/strong><\/p>\n\n\n\n<figure class=\"wp-block-table\"><table class=\"has-fixed-layout\"><tbody><tr><td><strong>Diluido 11079:<\/strong><\/td><td>1~2 g\/L<\/td><\/tr><tr><td><strong>Carbonato s\u00f3dico:<\/strong><\/td><td>0~1 g\/L<\/td><\/tr><tr><td colspan=\"2\">95~98\u2103\u00d730min \u2192 Lavado con agua \u2192 Neutralizaci\u00f3n.<\/td><\/tr><\/tbody><\/table><\/figure>\n\n\n\n<p><strong>Estropajo para tejidos de algod\u00f3n:<\/strong><\/p>\n\n\n\n<figure class=\"wp-block-table\"><table class=\"has-fixed-layout\"><tbody><tr><td><strong>Diluido 11079:<\/strong><\/td><td>1~1,5 g\/L<\/td><\/tr><tr><td><strong>Soda c\u00e1ustica:<\/strong><\/td><td>0,5~2 g\/L<\/td><\/tr><tr><td><strong>Agente secuestrante:<\/strong><\/td><td>0~1 g\/L<\/td><\/tr><tr><td><strong>27.5% per\u00f3xido de hidr\u00f3geno:<\/strong><\/td><td>3~6 g\/L<\/td><\/tr><tr><td colspan=\"2\">95~98\u2103\u00d760min \u2192 Lavado con agua<\/td><\/tr><\/tbody><\/table><\/figure>\n<\/div>\n<\/div>","protected":false},"excerpt":{"rendered":"<p>El detergente emulsionante 11079 est\u00e1 compuesto principalmente por un complejo especial de \u00e9ter de alcohol. Es adecuado para el proceso de pretratamiento de fibras qu\u00edmicas y sus mezclas. Tambi\u00e9n es adecuado para el proceso de pretratamiento de algod\u00f3n, fibra de viscosa, Modal, Tencel y sus mezclas. Tiene un excelente efecto de tratamiento para varios tipos de impurezas, como suciedad grasa, pectina y cera de algod\u00f3n, etc. Cumple la norma Oeko-Tex Standard 100. P\u00f3ngase en contacto con nosotros si desea muestras gratuitas o asesoramiento experto sobre f\u00f3rmulas.<\/p>\n<p><strong>Modelo n\u00ba 11079<\/strong><\/p>","protected":false},"featured_media":3122,"comment_status":"closed","ping_status":"closed","template":"","meta":{"_acf_changed":false},"material":[26,30,34],"process":[17,19,35],"product_brand":[],"product_cat":[15],"product_tag":[48],"class_list":{"0":"post-3121","1":"product","2":"type-product","3":"status-publish","4":"has-post-thumbnail","6":"material-cotton-agent","7":"material-viscose-chemicals","8":"material-fabric-chemicals","9":"process-pretreatment-auxiliaries","10":"process-scouring-agent","11":"process-degreasing-agent","12":"product_cat-uncategorized","13":"product_tag-new-textile-chemicals","15":"first","16":"instock","17":"shipping-taxable","18":"product-type-simple"},"acf":[],"_links":{"self":[{"href":"https:\/\/www.bluelakechem.com\/es\/wp-json\/wp\/v2\/product\/3121","targetHints":{"allow":["GET"]}}],"collection":[{"href":"https:\/\/www.bluelakechem.com\/es\/wp-json\/wp\/v2\/product"}],"about":[{"href":"https:\/\/www.bluelakechem.com\/es\/wp-json\/wp\/v2\/types\/product"}],"replies":[{"embeddable":true,"href":"https:\/\/www.bluelakechem.com\/es\/wp-json\/wp\/v2\/comments?post=3121"}],"wp:featuredmedia":[{"embeddable":true,"href":"https:\/\/www.bluelakechem.com\/es\/wp-json\/wp\/v2\/media\/3122"}],"wp:attachment":[{"href":"https:\/\/www.bluelakechem.com\/es\/wp-json\/wp\/v2\/media?parent=3121"}],"wp:term":[{"taxonomy":"material","embeddable":true,"href":"https:\/\/www.bluelakechem.com\/es\/wp-json\/wp\/v2\/material?post=3121"},{"taxonomy":"process","embeddable":true,"href":"https:\/\/www.bluelakechem.com\/es\/wp-json\/wp\/v2\/process?post=3121"},{"taxonomy":"product_brand","embeddable":true,"href":"https:\/\/www.bluelakechem.com\/es\/wp-json\/wp\/v2\/product_brand?post=3121"},{"taxonomy":"product_cat","embeddable":true,"href":"https:\/\/www.bluelakechem.com\/es\/wp-json\/wp\/v2\/product_cat?post=3121"},{"taxonomy":"product_tag","embeddable":true,"href":"https:\/\/www.bluelakechem.com\/es\/wp-json\/wp\/v2\/product_tag?post=3121"}],"curies":[{"name":"wp","href":"https:\/\/api.w.org\/{rel}","templated":true}]}}