{"id":3143,"date":"2025-09-26T08:56:38","date_gmt":"2025-09-26T08:56:38","guid":{"rendered":"https:\/\/www.bluelakechem.com\/?post_type=product&#038;p=3143"},"modified":"2025-09-26T09:06:23","modified_gmt":"2025-09-26T09:06:23","slug":"c6-water-repellent-agent","status":"publish","type":"product","link":"https:\/\/www.bluelakechem.com\/es\/product\/c6-water-repellent-agent\/","title":{"rendered":"Agente hidr\u00f3fugo C6, impermeabilizante ecol\u00f3gico para tejidos"},"content":{"rendered":"<div class=\"wp-block-columns is-layout-flex wp-container-core-columns-is-layout-9d6595d7 wp-block-columns-is-layout-flex\">\n<div class=\"wp-block-column is-layout-flow wp-block-column-is-layout-flow\">\n<div class=\"wp-block-columns is-layout-flex wp-container-core-columns-is-layout-9d6595d7 wp-block-columns-is-layout-flex\">\n<div class=\"wp-block-column is-layout-flow wp-block-column-is-layout-flow\">\n<h2 class=\"wp-block-heading\">Agente hidr\u00f3fugo C6 Caracter\u00edsticas<\/h2>\n\n\n\n<p><strong>Ecoconforme: <\/strong>Sin APEO, PFOA ni PFOS; certificado Oeko-Tex Standard 100.<\/p>\n\n\n\n<p><strong>Excelente repelencia al agua:<\/strong> Forma una densa pel\u00edcula reticulada que reduce eficazmente la tensi\u00f3n superficial del tejido.<\/p>\n\n\n\n<p><strong>Rendimiento duradero: <\/strong>Mantiene el efecto impermeable incluso despu\u00e9s de m\u00faltiples lavados y secados dom\u00e9sticos.<\/p>\n\n\n\n<p><strong>Aplicaci\u00f3n vers\u00e1til: <\/strong>Adecuado para diversos tejidos (no recomendado para tejidos blanqueadores fluorescentes).<\/p>\n\n\n\n<h2 class=\"wp-block-heading\">Propiedades del agente hidr\u00f3fugo C6<\/h2>\n\n\n\n<figure class=\"wp-block-table\"><table class=\"has-fixed-layout\"><tbody><tr><td><strong>Apariencia:<\/strong><\/td><td>Emulsi\u00f3n blanca como la leche<\/td><\/tr><tr><td><strong>Ionicidad:<\/strong><\/td><td>Cati\u00f3nico<\/td><\/tr><tr><td><strong>Valor del pH:<\/strong><\/td><td>5,0\u00b11,0 (1% soluci\u00f3n acuosa)<\/td><\/tr><tr><td><strong>Solubilidad:<\/strong><\/td><td>Soluble en agua<\/td><\/tr><\/tbody><\/table><\/figure>\n\n\n\n<h2 class=\"wp-block-heading\">C6 Water Repellent Agent Instrucci\u00f3n<\/h2>\n\n\n\n<p><strong>Dosis de referencia: <\/strong>10~30 g\/L.<\/p>\n\n\n\n<p><strong>Proceso de referencia:<\/strong><br>Inmersi\u00f3n y acolchado durante dos veces (Recogida: 60~80%) \u2192 Secado y rameado (180\u2103\u00d760~90s).<\/p>\n<\/div>\n\n\n\n<div class=\"wp-block-column is-layout-flow wp-block-column-is-layout-flow\">\n<figure class=\"wp-block-embed is-type-video is-provider-youtube wp-block-embed-youtube wp-embed-aspect-9-16 wp-has-aspect-ratio\"><div class=\"wp-block-embed__wrapper\">\n<iframe title=\"\ud83d\udca7 LH-46P Hidr\u00f3fugo | Nivel 5 \u2714 10 Lavados \u2714 Poli\u00e9ster y TC \u2714 1TP5Experimento qu\u00edmico\" width=\"422\" height=\"750\" src=\"https:\/\/www.youtube.com\/embed\/4GwdzU-npTo?feature=oembed\" frameborder=\"0\" allow=\"accelerometer; autoplay; clipboard-write; encrypted-media; gyroscope; picture-in-picture; web-share\" referrerpolicy=\"strict-origin-when-cross-origin\" allowfullscreen><\/iframe>\n<\/div><\/figure>\n<\/div>\n<\/div>\n<\/div>\n<\/div>","protected":false},"excerpt":{"rendered":"<p>El agente repelente al agua C6 LH-46P se compone principalmente de resina que contiene fl\u00faor. Tras formar una densa pel\u00edcula reticulada en la superficie de la fibra, puede reducir la tensi\u00f3n superficial de los tejidos, lo que confiere a diversos tipos de tejidos un efecto impermeabilizante. Cumple la norma Oeko-Tex 100. P\u00f3ngase en contacto con nosotros si desea muestras gratuitas o asesoramiento experto sobre f\u00f3rmulas.<\/p>\n<p><strong>Modelo n\u00ba LH-46P<\/strong><\/p>","protected":false},"featured_media":3146,"comment_status":"closed","ping_status":"closed","template":"","meta":{"_acf_changed":false},"material":[26,27,28,29,30,31,32,33,49,34],"process":[23,25],"product_brand":[],"product_cat":[15],"product_tag":[48],"class_list":{"0":"post-3143","1":"product","2":"type-product","3":"status-publish","4":"has-post-thumbnail","6":"material-cotton-agent","7":"material-polyester-chemicals","8":"material-nylon-agent","9":"material-acrylic-chemicals","10":"material-viscose-chemicals","11":"material-wool-auxiliary","12":"material-linen-chemicals","13":"material-silk-chemicals","14":"material-elastic","15":"material-fabric-chemicals","16":"process-textile-finishing-chemicals","17":"process-textile-finishing-agent","18":"product_cat-uncategorized","19":"product_tag-new-textile-chemicals","21":"first","22":"instock","23":"shipping-taxable","24":"product-type-simple"},"acf":[],"_links":{"self":[{"href":"https:\/\/www.bluelakechem.com\/es\/wp-json\/wp\/v2\/product\/3143","targetHints":{"allow":["GET"]}}],"collection":[{"href":"https:\/\/www.bluelakechem.com\/es\/wp-json\/wp\/v2\/product"}],"about":[{"href":"https:\/\/www.bluelakechem.com\/es\/wp-json\/wp\/v2\/types\/product"}],"replies":[{"embeddable":true,"href":"https:\/\/www.bluelakechem.com\/es\/wp-json\/wp\/v2\/comments?post=3143"}],"wp:featuredmedia":[{"embeddable":true,"href":"https:\/\/www.bluelakechem.com\/es\/wp-json\/wp\/v2\/media\/3146"}],"wp:attachment":[{"href":"https:\/\/www.bluelakechem.com\/es\/wp-json\/wp\/v2\/media?parent=3143"}],"wp:term":[{"taxonomy":"material","embeddable":true,"href":"https:\/\/www.bluelakechem.com\/es\/wp-json\/wp\/v2\/material?post=3143"},{"taxonomy":"process","embeddable":true,"href":"https:\/\/www.bluelakechem.com\/es\/wp-json\/wp\/v2\/process?post=3143"},{"taxonomy":"product_brand","embeddable":true,"href":"https:\/\/www.bluelakechem.com\/es\/wp-json\/wp\/v2\/product_brand?post=3143"},{"taxonomy":"product_cat","embeddable":true,"href":"https:\/\/www.bluelakechem.com\/es\/wp-json\/wp\/v2\/product_cat?post=3143"},{"taxonomy":"product_tag","embeddable":true,"href":"https:\/\/www.bluelakechem.com\/es\/wp-json\/wp\/v2\/product_tag?post=3143"}],"curies":[{"name":"wp","href":"https:\/\/api.w.org\/{rel}","templated":true}]}}