{"id":3539,"date":"2026-01-19T05:36:33","date_gmt":"2026-01-19T05:36:33","guid":{"rendered":"https:\/\/www.bluelakechem.com\/?post_type=product&#038;p=3539"},"modified":"2026-01-19T05:38:29","modified_gmt":"2026-01-19T05:38:29","slug":"hydrophilic-silicone-finishing-agent-bestowing-softness-smoothness-fluffiness-and-bulkiness-on-fabrics","status":"publish","type":"product","link":"https:\/\/www.bluelakechem.com\/es\/product\/hydrophilic-silicone-finishing-agent-bestowing-softness-smoothness-fluffiness-and-bulkiness-on-fabrics\/","title":{"rendered":"Agente de acabado de silicona hidr\u00f3fila que confiere suavidad, tersura, esponjosidad y volumen a los tejidos"},"content":{"rendered":"<div class=\"wp-block-image\">\n<figure class=\"aligncenter size-full is-resized\"><img decoding=\"async\" width=\"1080\" height=\"1920\" src=\"https:\/\/www.bluelakechem.com\/wp-content\/uploads\/2025\/12\/Silicone-Softener-76702_1.webp\" alt=\"Suavizante de silicona\" class=\"wp-image-3540\" style=\"aspect-ratio:0.5625019618511504;width:433px;height:auto\" srcset=\"https:\/\/www.bluelakechem.com\/wp-content\/uploads\/2025\/12\/Silicone-Softener-76702_1.webp 1080w, https:\/\/www.bluelakechem.com\/wp-content\/uploads\/2025\/12\/Silicone-Softener-76702_1-169x300.webp 169w, https:\/\/www.bluelakechem.com\/wp-content\/uploads\/2025\/12\/Silicone-Softener-76702_1-768x1365.webp 768w, https:\/\/www.bluelakechem.com\/wp-content\/uploads\/2025\/12\/Silicone-Softener-76702_1-7x12.webp 7w, https:\/\/www.bluelakechem.com\/wp-content\/uploads\/2025\/12\/Silicone-Softener-76702_1-600x1067.webp 600w\" sizes=\"(max-width: 1080px) 100vw, 1080px\" \/><\/figure>\n<\/div>\n\n\n<h2 class=\"wp-block-heading\">Aceite de silicona hidr\u00f3filo Caracter\u00edsticas:<\/h2>\n\n\n\n<ol class=\"wp-block-list\">\n<li>No contiene APEO ni sustancias qu\u00edmicas prohibidas. Cumple los requisitos de protecci\u00f3n del medio ambiente. Conforme a la norma Otex-100 de la Uni\u00f3n Europea.<\/li>\n\n\n\n<li>Excelente hidrofilia inicial sobre fibras de celulosa, fibra regenerada y fibra sint\u00e9tica.<\/li>\n\n\n\n<li>Imparte tejidos de tacto suave, liso y esponjoso.<\/li>\n\n\n\n<li>Bajo amarilleamiento y bajo cambio de tonalidad. Casi no influye en la solidez del color.<\/li>\n\n\n\n<li>Propiedad autoemulsionante, que puede garantizar la estabilidad del ba\u00f1o.<\/li>\n\n\n\n<li>Gran estabilidad. Estable frente a \u00e1lcalis, sales y aniones. Mantiene una excelente estabilidad bajo diferentes valores de pH y temperatura.<\/li>\n\n\n\n<li>Tiene buena afinidad con diversos tipos de tejidos.<\/li>\n\n\n\n<li>Adecuado tanto para el acolchado como para el proceso de escape.<\/li>\n<\/ol>\n\n\n\n<h2 class=\"wp-block-heading\">Aceite de silicona hidr\u00f3filo Aplicaciones:<\/h2>\n\n\n\n<p>Puede aplicarse en el proceso de acabado hidr\u00f3filo y suave de tejidos de algod\u00f3n, fibras artificiales, fibra de viscosa, fibras sint\u00e9ticas (poli\u00e9ster y nailon) y sus mezclas, etc., lo que hace que los tejidos queden suaves, lisos, esponjosos y voluminosos.<\/p>\n\n\n\n<h2 class=\"wp-block-heading\">Aceite de silicona hidr\u00f3filo Propiedades:<\/h2>\n\n\n\n<figure class=\"wp-block-table\"><table class=\"has-fixed-layout\"><tbody><tr><td>Apariencia:<\/td><td>L\u00edquido transparente<\/td><\/tr><tr><td>Ionicidad:<\/td><td>No i\u00f3nico<\/td><\/tr><tr><td>Valor del pH:<\/td><td>5,0~7,0 (1% soluci\u00f3n acuosa)<\/td><\/tr><tr><td>Solubilidad:<\/td><td>Soluble en agua<\/td><\/tr><\/tbody><\/table><\/figure>\n\n\n\n<h2 class=\"wp-block-heading\">Aceite de silicona hidr\u00f3filo Instrucci\u00f3n\uff1a<\/h2>\n\n\n\n<p>1. Es un producto de alta concentraci\u00f3n. Kindly sugieren para diluirlo por 1:3 con agua desionizada y luego usar.<\/p>\n\n\n\n<ol class=\"wp-block-list\">\n<li><\/li>\n<\/ol>\n\n\n\n<p>2.Proceso de acolchado:<\/p>\n\n\n\n<p>Para tejidos ligeros y finos, dosificaci\u00f3n de referencia de 76702 diluido: 10~20 g\/L<\/p>\n\n\n\n<p>Para tejidos pesados y gruesos, dosificaci\u00f3n de referencia de 76702 diluido: 20~30 g\/L<\/p>\n\n\n\n<p>El mejor rango de pH de la soluci\u00f3n de trabajo: 6.0~7.0<\/p>\n\n\n\n<p>Acolchado e inmersi\u00f3n (Pickup: 70~90%) \u2192 140~160\u2103\u00d760~90 segundos.<\/p>\n\n\n\n<p>3.Proceso de escape:<\/p>\n\n\n\n<p>Dosis de referencia de 76702 diluido: 1,0~3,0% (f.o.p.)<\/p>\n\n\n\n<p>Proporci\u00f3n de ba\u00f1o: 1:10<\/p>\n\n\n\n<p>Proceso: 40~50\u2103\u00d710~20 minutos \u2192 Deshidrataci\u00f3n \u2192 Secado (80~120\u2103).<\/p>","protected":false},"excerpt":{"rendered":"<p>El suavizante de silicona 76702 es el \u00faltimo agente especial de acabado de silicona hidr\u00f3fila lineal modificada. Se puede aplicar en el proceso de acabado hidr\u00f3filo y suave para tejidos de algod\u00f3n, fibras artificiales, fibra de viscosa, fibras sint\u00e9ticas (poli\u00e9ster y nailon) y sus mezclas, etc., lo que hace que los tejidos queden suaves, lisos, esponjosos y voluminosos.Cumple la norma Oeko-Tex 100. P\u00f3ngase en contacto con nosotros si desea muestras gratuitas o asesoramiento experto sobre f\u00f3rmulas.<\/p>\n<p><strong>Modelo n\u00ba 76702<\/strong><\/p>","protected":false},"featured_media":3541,"comment_status":"closed","ping_status":"closed","template":"","meta":{"_acf_changed":false},"material":[26,27,28,30,34],"process":[23,42,24],"product_brand":[],"product_cat":[15],"product_tag":[48],"class_list":{"0":"post-3539","1":"product","2":"type-product","3":"status-publish","4":"has-post-thumbnail","6":"material-cotton-agent","7":"material-polyester-chemicals","8":"material-nylon-agent","9":"material-viscose-chemicals","10":"material-fabric-chemicals","11":"process-textile-finishing-chemicals","12":"process-softener","13":"process-silicone-oil","14":"product_cat-uncategorized","15":"product_tag-new-textile-chemicals","17":"first","18":"instock","19":"shipping-taxable","20":"product-type-simple"},"acf":[],"_links":{"self":[{"href":"https:\/\/www.bluelakechem.com\/es\/wp-json\/wp\/v2\/product\/3539","targetHints":{"allow":["GET"]}}],"collection":[{"href":"https:\/\/www.bluelakechem.com\/es\/wp-json\/wp\/v2\/product"}],"about":[{"href":"https:\/\/www.bluelakechem.com\/es\/wp-json\/wp\/v2\/types\/product"}],"replies":[{"embeddable":true,"href":"https:\/\/www.bluelakechem.com\/es\/wp-json\/wp\/v2\/comments?post=3539"}],"wp:featuredmedia":[{"embeddable":true,"href":"https:\/\/www.bluelakechem.com\/es\/wp-json\/wp\/v2\/media\/3541"}],"wp:attachment":[{"href":"https:\/\/www.bluelakechem.com\/es\/wp-json\/wp\/v2\/media?parent=3539"}],"wp:term":[{"taxonomy":"material","embeddable":true,"href":"https:\/\/www.bluelakechem.com\/es\/wp-json\/wp\/v2\/material?post=3539"},{"taxonomy":"process","embeddable":true,"href":"https:\/\/www.bluelakechem.com\/es\/wp-json\/wp\/v2\/process?post=3539"},{"taxonomy":"product_brand","embeddable":true,"href":"https:\/\/www.bluelakechem.com\/es\/wp-json\/wp\/v2\/product_brand?post=3539"},{"taxonomy":"product_cat","embeddable":true,"href":"https:\/\/www.bluelakechem.com\/es\/wp-json\/wp\/v2\/product_cat?post=3539"},{"taxonomy":"product_tag","embeddable":true,"href":"https:\/\/www.bluelakechem.com\/es\/wp-json\/wp\/v2\/product_tag?post=3539"}],"curies":[{"name":"wp","href":"https:\/\/api.w.org\/{rel}","templated":true}]}}