{"id":3542,"date":"2026-01-19T05:31:09","date_gmt":"2026-01-19T05:31:09","guid":{"rendered":"https:\/\/www.bluelakechem.com\/?post_type=product&#038;p=3542"},"modified":"2026-01-19T05:31:14","modified_gmt":"2026-01-19T05:31:14","slug":"hydrophobic-silicone-softeners-block-silicone-emulsion-for-cotton-viscose-which-makes-fabrics-soft-and-smooth","status":"publish","type":"product","link":"https:\/\/www.bluelakechem.com\/es\/product\/hydrophobic-silicone-softeners-block-silicone-emulsion-for-cotton-viscose-which-makes-fabrics-soft-and-smooth\/","title":{"rendered":"Suavizantes de silicona hidr\u00f3fobos Emulsi\u00f3n de silicona en bloque para algod\u00f3n y viscosa que deja los tejidos suaves y lisos"},"content":{"rendered":"<h2 class=\"wp-block-heading\">Silicone Softeners Features:<\/h2>\n\n\n\n<ol class=\"wp-block-list\">\n<li>No contiene APEO ni sustancias qu\u00edmicas prohibidas. Cumple los requisitos de protecci\u00f3n del medio ambiente. Conforme a la norma Otex-100 de la Uni\u00f3n Europea.<\/li>\n\n\n\n<li>Good hydrophilicity on cotton and cotton blends. Not influences hydrophilicity on chemical fibers.<\/li>\n\n\n\n<li>Imparts fabrics soft, smooth, exquisite and silk-like&nbsp;handle.<\/li>\n\n\n\n<li>Poco amarilleo y poco cambio de tonalidad.<\/li>\n\n\n\n<li>Self-emulsifying property, which can ensure the stability of the bath. Can be used together with special auxiliaries (as whitening agent and paint) in same bath.<\/li>\n\n\n\n<li>High stability. Keeps excellent stability under different pH value and temperature.<\/li>\n\n\n\n<li>Tiene buena afinidad con diversos tipos de tejidos.<\/li>\n\n\n\n<li>Adecuado tanto para el acolchado como para el proceso de escape.<\/li>\n\n\n\n<li>If finished fabric needs modifying dyeing, easy to strip silicone. Easy to repair color. Easy to re-dye.<\/li>\n<\/ol>\n\n\n\n<h2 class=\"wp-block-heading\">Silicone Softeners Applications:<\/h2>\n\n\n\n<p>It can be applied in the hydrophilic and soft finishing process for fabrics of cotton, cotton blends, synthetic fiber, viscose fiber and cotton\/polyester, etc., which makes fabrics soft and smooth.<\/p>\n\n\n\n<p>It is especially suitable for ultra soft and smooth finishing for fabrics of natural fibers, which makes the fabrics soft, smooth, exquisite and silk-like.<\/p>\n\n\n\n<h2 class=\"wp-block-heading\">Silicone Softeners Properties:<\/h2>\n\n\n\n<figure class=\"wp-block-table\"><table class=\"has-fixed-layout\"><tbody><tr><td>Apariencia:<\/td><td>Light yellow transparent liquid<\/td><\/tr><tr><td>Ionicidad:<\/td><td>Cati\u00f3nico d\u00e9bil<\/td><\/tr><tr><td>Valor del pH:<\/td><td>5,0~7,0 (1% soluci\u00f3n acuosa)<\/td><\/tr><tr><td>Solubilidad:<\/td><td>Soluble en agua<\/td><\/tr><\/tbody><\/table><\/figure>\n\n\n\n<h2 class=\"wp-block-heading\">Silicone Softeners Instruction:<\/h2>\n\n\n\n<p>1.Padding Process:<\/p>\n\n\n\n<ol class=\"wp-block-list\">\n<li><\/li>\n<\/ol>\n\n\n\n<p>Para tejidos ligeros y finos, dosificaci\u00f3n de referencia: 10~20 g\/L<\/p>\n\n\n\n<p>Para tejidos pesados y gruesos, dosificaci\u00f3n de referencia: 20~30 g\/L<\/p>\n\n\n\n<p>El mejor rango de pH de la soluci\u00f3n de trabajo: 6.0~7.0<\/p>\n\n\n\n<p>Acolchado e inmersi\u00f3n (Pickup: 70~90%) \u2192 160~170\u2103\u00d760~90 segundos.<\/p>\n\n\n\n<p>2.Exhaust Process:<\/p>\n\n\n\n<p>Reference dosage: 1.0~2.0% (o.w.f)<\/p>\n\n\n\n<p>Proporci\u00f3n de ba\u00f1o: 1:20<\/p>\n\n\n\n<p>Proceso: 40~50\u2103\u00d710~20 minutos \u2192 Deshidrataci\u00f3n \u2192 Secado (100~120\u2103).<\/p>\n\n\n\n<p><\/p>","protected":false},"excerpt":{"rendered":"<p>Silicone Softener 76998 is the latest block modified hydrophilic silicone microemulsion.It can be applied in the hydrophilic and soft finishing process for fabrics of cotton, cotton blends, synthetic fiber, viscose fiber and cotton\/polyester, etc., which makes fabrics soft and smooth.It is especially suitable for ultra soft and smooth finishing for fabrics of natural fibers, which makes the fabrics soft, smooth, exquisite and silk-like.Compliant with Oeko-Tex Standard 100. Free samples and formulation support are available. Contact us today!<\/p>\n<p><strong>N\u00ba de modelo<\/strong>76998<\/p>\n<p>&nbsp;<\/p>","protected":false},"featured_media":3543,"comment_status":"closed","ping_status":"closed","template":"","meta":{"_acf_changed":false},"material":[26,27,30],"process":[23,42,24],"product_brand":[],"product_cat":[15],"product_tag":[],"class_list":{"0":"post-3542","1":"product","2":"type-product","3":"status-publish","4":"has-post-thumbnail","6":"material-cotton-agent","7":"material-polyester-chemicals","8":"material-viscose-chemicals","9":"process-textile-finishing-chemicals","10":"process-softener","11":"process-silicone-oil","12":"product_cat-uncategorized","14":"first","15":"instock","16":"shipping-taxable","17":"product-type-simple"},"acf":[],"_links":{"self":[{"href":"https:\/\/www.bluelakechem.com\/es\/wp-json\/wp\/v2\/product\/3542","targetHints":{"allow":["GET"]}}],"collection":[{"href":"https:\/\/www.bluelakechem.com\/es\/wp-json\/wp\/v2\/product"}],"about":[{"href":"https:\/\/www.bluelakechem.com\/es\/wp-json\/wp\/v2\/types\/product"}],"replies":[{"embeddable":true,"href":"https:\/\/www.bluelakechem.com\/es\/wp-json\/wp\/v2\/comments?post=3542"}],"wp:featuredmedia":[{"embeddable":true,"href":"https:\/\/www.bluelakechem.com\/es\/wp-json\/wp\/v2\/media\/3543"}],"wp:attachment":[{"href":"https:\/\/www.bluelakechem.com\/es\/wp-json\/wp\/v2\/media?parent=3542"}],"wp:term":[{"taxonomy":"material","embeddable":true,"href":"https:\/\/www.bluelakechem.com\/es\/wp-json\/wp\/v2\/material?post=3542"},{"taxonomy":"process","embeddable":true,"href":"https:\/\/www.bluelakechem.com\/es\/wp-json\/wp\/v2\/process?post=3542"},{"taxonomy":"product_brand","embeddable":true,"href":"https:\/\/www.bluelakechem.com\/es\/wp-json\/wp\/v2\/product_brand?post=3542"},{"taxonomy":"product_cat","embeddable":true,"href":"https:\/\/www.bluelakechem.com\/es\/wp-json\/wp\/v2\/product_cat?post=3542"},{"taxonomy":"product_tag","embeddable":true,"href":"https:\/\/www.bluelakechem.com\/es\/wp-json\/wp\/v2\/product_tag?post=3542"}],"curies":[{"name":"wp","href":"https:\/\/api.w.org\/{rel}","templated":true}]}}