{"id":3642,"date":"2026-01-19T06:23:03","date_gmt":"2026-01-19T06:23:03","guid":{"rendered":"https:\/\/www.bluelakechem.com\/?post_type=product&#038;p=3642"},"modified":"2026-01-19T06:23:10","modified_gmt":"2026-01-19T06:23:10","slug":"silicone-oil-concentrateimparts-a-superior-soft-bulky-and-smooth-hand-feel-to-fabrics-while-enhancing-fiber-elasticity-and-shape-recovery","status":"publish","type":"product","link":"https:\/\/www.bluelakechem.com\/es\/product\/silicone-oil-concentrateimparts-a-superior-soft-bulky-and-smooth-hand-feel-to-fabrics-while-enhancing-fiber-elasticity-and-shape-recovery\/","title":{"rendered":"Concentrado de aceite de silicona,Imparte a los tejidos un tacto suave, voluminoso y liso superior, al tiempo que mejora la elasticidad de las fibras y la recuperaci\u00f3n de la forma."},"content":{"rendered":"<div class=\"wp-block-columns is-layout-flex wp-container-core-columns-is-layout-9d6595d7 wp-block-columns-is-layout-flex\">\n<div class=\"wp-block-column is-layout-flow wp-block-column-is-layout-flow\">\n<figure class=\"wp-block-image size-full\"><img decoding=\"async\" width=\"1024\" height=\"1024\" src=\"https:\/\/www.bluelakechem.com\/wp-content\/uploads\/2026\/01\/Silicone-Oil-Concentrate-72045.webp\" alt=\"Concentrado de aceite de silicona\" class=\"wp-image-3643\" srcset=\"https:\/\/www.bluelakechem.com\/wp-content\/uploads\/2026\/01\/Silicone-Oil-Concentrate-72045.webp 1024w, https:\/\/www.bluelakechem.com\/wp-content\/uploads\/2026\/01\/Silicone-Oil-Concentrate-72045-300x300.webp 300w, https:\/\/www.bluelakechem.com\/wp-content\/uploads\/2026\/01\/Silicone-Oil-Concentrate-72045-150x150.webp 150w, https:\/\/www.bluelakechem.com\/wp-content\/uploads\/2026\/01\/Silicone-Oil-Concentrate-72045-768x768.webp 768w, https:\/\/www.bluelakechem.com\/wp-content\/uploads\/2026\/01\/Silicone-Oil-Concentrate-72045-12x12.webp 12w, https:\/\/www.bluelakechem.com\/wp-content\/uploads\/2026\/01\/Silicone-Oil-Concentrate-72045-600x600.webp 600w, https:\/\/www.bluelakechem.com\/wp-content\/uploads\/2026\/01\/Silicone-Oil-Concentrate-72045-100x100.webp 100w\" sizes=\"(max-width: 1024px) 100vw, 1024px\" \/><\/figure>\n<\/div>\n\n\n\n<div class=\"wp-block-column is-layout-flow wp-block-column-is-layout-flow\">\n<figure class=\"wp-block-image size-full\"><img decoding=\"async\" width=\"1024\" height=\"1024\" src=\"https:\/\/www.bluelakechem.com\/wp-content\/uploads\/2026\/01\/Silicone-Oil-Concentrate-72045-1.webp\" alt=\"Concentrado de aceite de silicona\" class=\"wp-image-3644\" srcset=\"https:\/\/www.bluelakechem.com\/wp-content\/uploads\/2026\/01\/Silicone-Oil-Concentrate-72045-1.webp 1024w, https:\/\/www.bluelakechem.com\/wp-content\/uploads\/2026\/01\/Silicone-Oil-Concentrate-72045-1-300x300.webp 300w, https:\/\/www.bluelakechem.com\/wp-content\/uploads\/2026\/01\/Silicone-Oil-Concentrate-72045-1-150x150.webp 150w, https:\/\/www.bluelakechem.com\/wp-content\/uploads\/2026\/01\/Silicone-Oil-Concentrate-72045-1-768x768.webp 768w, https:\/\/www.bluelakechem.com\/wp-content\/uploads\/2026\/01\/Silicone-Oil-Concentrate-72045-1-12x12.webp 12w, https:\/\/www.bluelakechem.com\/wp-content\/uploads\/2026\/01\/Silicone-Oil-Concentrate-72045-1-600x600.webp 600w, https:\/\/www.bluelakechem.com\/wp-content\/uploads\/2026\/01\/Silicone-Oil-Concentrate-72045-1-100x100.webp 100w\" sizes=\"(max-width: 1024px) 100vw, 1024px\" \/><\/figure>\n<\/div>\n<\/div>\n\n\n\n<div class=\"wp-block-columns is-layout-flex wp-container-core-columns-is-layout-9d6595d7 wp-block-columns-is-layout-flex\">\n<div class=\"wp-block-column is-layout-flow wp-block-column-is-layout-flow\">\n<figure class=\"wp-block-image size-full\"><img decoding=\"async\" width=\"1024\" height=\"1024\" src=\"https:\/\/www.bluelakechem.com\/wp-content\/uploads\/2026\/01\/Silicone-Oil-Concentrate-72045-2.webp\" alt=\"Concentrado de aceite de silicona\" class=\"wp-image-3645\" srcset=\"https:\/\/www.bluelakechem.com\/wp-content\/uploads\/2026\/01\/Silicone-Oil-Concentrate-72045-2.webp 1024w, https:\/\/www.bluelakechem.com\/wp-content\/uploads\/2026\/01\/Silicone-Oil-Concentrate-72045-2-300x300.webp 300w, https:\/\/www.bluelakechem.com\/wp-content\/uploads\/2026\/01\/Silicone-Oil-Concentrate-72045-2-150x150.webp 150w, https:\/\/www.bluelakechem.com\/wp-content\/uploads\/2026\/01\/Silicone-Oil-Concentrate-72045-2-768x768.webp 768w, https:\/\/www.bluelakechem.com\/wp-content\/uploads\/2026\/01\/Silicone-Oil-Concentrate-72045-2-12x12.webp 12w, https:\/\/www.bluelakechem.com\/wp-content\/uploads\/2026\/01\/Silicone-Oil-Concentrate-72045-2-600x600.webp 600w, https:\/\/www.bluelakechem.com\/wp-content\/uploads\/2026\/01\/Silicone-Oil-Concentrate-72045-2-100x100.webp 100w\" sizes=\"(max-width: 1024px) 100vw, 1024px\" \/><\/figure>\n<\/div>\n\n\n\n<div class=\"wp-block-column is-layout-flow wp-block-column-is-layout-flow\">\n<figure class=\"wp-block-image size-full\"><img decoding=\"async\" width=\"1024\" height=\"1024\" src=\"https:\/\/www.bluelakechem.com\/wp-content\/uploads\/2026\/01\/Silicone-Oil-Concentrate-72045-3.webp\" alt=\"Concentrado de aceite de silicona\" class=\"wp-image-3646\" srcset=\"https:\/\/www.bluelakechem.com\/wp-content\/uploads\/2026\/01\/Silicone-Oil-Concentrate-72045-3.webp 1024w, https:\/\/www.bluelakechem.com\/wp-content\/uploads\/2026\/01\/Silicone-Oil-Concentrate-72045-3-300x300.webp 300w, https:\/\/www.bluelakechem.com\/wp-content\/uploads\/2026\/01\/Silicone-Oil-Concentrate-72045-3-150x150.webp 150w, https:\/\/www.bluelakechem.com\/wp-content\/uploads\/2026\/01\/Silicone-Oil-Concentrate-72045-3-768x768.webp 768w, https:\/\/www.bluelakechem.com\/wp-content\/uploads\/2026\/01\/Silicone-Oil-Concentrate-72045-3-12x12.webp 12w, https:\/\/www.bluelakechem.com\/wp-content\/uploads\/2026\/01\/Silicone-Oil-Concentrate-72045-3-600x600.webp 600w, https:\/\/www.bluelakechem.com\/wp-content\/uploads\/2026\/01\/Silicone-Oil-Concentrate-72045-3-100x100.webp 100w\" sizes=\"(max-width: 1024px) 100vw, 1024px\" \/><\/figure>\n<\/div>\n<\/div>\n\n\n\n<div class=\"wp-block-columns is-layout-flex wp-container-core-columns-is-layout-9d6595d7 wp-block-columns-is-layout-flex\">\n<div class=\"wp-block-column is-layout-flow wp-block-column-is-layout-flow\">\n<h2 class=\"wp-block-heading\">Aceite de silicona concentrado Caracter\u00edsticas<\/h2>\n\n\n\n<p><strong>Suavidad sedosa y amplia compatibilidad<\/strong><\/p>\n\n\n\n<p>Confiere a los tejidos un tacto suave, voluminoso y liso superior, al tiempo que mejora la elasticidad de la fibra y la recuperaci\u00f3n de la forma. Compatible con varias fibras, como algod\u00f3n, poli\u00e9ster y nailon, para satisfacer las necesidades de los clientes.<\/p>\n\n\n\n<p><strong>F\u00f3rmula de alta concentraci\u00f3n y log\u00edstica optimizada\u00a0<\/strong><\/p>\n\n\n\n<p>Con un contenido s\u00f3lido de 85%, 1 tonelada de concentrado de silicona puede diluirse en aproximadamente 5 toneladas de emulsi\u00f3n acabada (con una concentraci\u00f3n de 18%), lo que reduce eficazmente los costes de transporte de larga distancia y almacenamiento.<\/p>\n\n\n\n<p><strong>Orientaci\u00f3n t\u00e9cnica y estabilidad de procesamiento <\/strong><\/p>\n\n\n\n<p>Compatible con equipos emulsionadores de alto cizallamiento para formar microemulsiones o macroemulsiones transparentes estables. Est\u00e1 dise\u00f1ado para producir emulsiones de silicona en bloque de alta estabilidad, al tiempo que aborda los problemas habituales del sector, como la flotaci\u00f3n del aceite y la mala dispersabilidad.<\/p>\n\n\n\n<p><strong>Respeto del medio ambiente y cumplimiento de las normas de exportaci\u00f3n <\/strong><\/p>\n\n\n\n<p>Sin SVHC ni sustancias qu\u00edmicas prohibidas | Conforme a OEKO-TEX\u00ae 100 y ZDHC. Apoyo al crecimiento de las exportaciones de gama alta.<\/p>\n\n\n\n<h2 class=\"wp-block-heading\">Aceite de silicona concentrado Instrucciones<\/h2>\n\n\n\n<ol class=\"wp-block-list\">\n<li>Es adecuado para el acolchado y el proceso de escape.<\/li>\n\n\n\n<li>Es un aceite de silicona en bloque autoemulsionable de alto contenido. No puede utilizarse directamente sobre tejidos. Por tanto, debe emulsionarse y diluirse antes de aplicarlo sobre los tejidos. Es f\u00e1cil de emulsionar y diluir con equipos y procesos normales.<\/li>\n\n\n\n<li>Prepare todos los productos qu\u00edmicos antes de preparar la soluci\u00f3n de trabajo.<\/li>\n\n\n\n<li>Se recomienda utilizar agua de ablandamiento (agua desionizada) para diluir. Si no hay agua de ablandamiento (agua desionizada), por favor haga una prueba de estabilidad antes de hacer la soluci\u00f3n de trabajo.<\/li>\n\n\n\n<li>M\u00e9todo de emulsificaci\u00f3n:\n<ul class=\"wp-block-list\">\n<li>Formulaci\u00f3n (sobre la microemulsi\u00f3n 20%):\n<ul class=\"wp-block-list\">\n<li>Aceite de silicona 72045: 100<\/li>\n\n\n\n<li>\u00c9ter monobut\u00edlico de dietilenglicol: 20<\/li>\n\n\n\n<li>Emulsionante: 10 (Tensioactivos no i\u00f3nicos BASF To-5 se utiliza com\u00fanmente.)<\/li>\n\n\n\n<li>\u00c1cido ac\u00e9tico + Agua 1: 2 + 50 (Disolver el \u00e1cido ac\u00e9tico en el agua.)<\/li>\n\n\n\n<li>Agua 2: 318<\/li>\n\n\n\n<li>(A\u00f1adir conservantes si es necesario)<\/li>\n\n\n\n<li>Total: 500 piezas<\/li>\n<\/ul>\n<\/li>\n\n\n\n<li>Proceso de emulsificaci\u00f3n:\n<ul class=\"wp-block-list\">\n<li>Remover uniformemente Silicone Oil 72045 y utilizar.<\/li>\n\n\n\n<li>Ponga el aceite de silicona 72045 y el emulsionante en el caldero de reacci\u00f3n y remu\u00e9valo a fondo durante 10 minutos, hasta que est\u00e9 homog\u00e9neo.<\/li>\n\n\n\n<li>A\u00f1adir lentamente \u00c1cido ac\u00e9tico + Agua 1 y remover a fondo y uniformemente durante 10 minutos.<\/li>\n\n\n\n<li>A\u00f1ada aproximadamente 1\/10 de Agua 2 y remu\u00e9valo todo durante 10 minutos. (Si se convierte en gel duro, a\u00f1ada una peque\u00f1a cantidad de agua para asegurarse de que se mezcla bien).<\/li>\n\n\n\n<li>A\u00f1adir aproximadamente 1\/10 de Agua 2 y remover a fondo durante 5 minutos.<\/li>\n\n\n\n<li>A\u00f1adir aproximadamente 1\/5 de Agua 2 y remover a fondo durante 5 minutos.<\/li>\n\n\n\n<li>A\u00f1adir aproximadamente 1\/5 de Agua 2 y remover a fondo durante 5 minutos.<\/li>\n\n\n\n<li>A\u00f1adir el resto Agua 2 y remover a fondo durante 5 minutos.<\/li>\n\n\n\n<li>Col\u00f3quelo para desespumar y filtre. Ajustar el pH a 4~6 mediante una cantidad adecuada de \u00e1cido ac\u00e9tico. Se obtiene la microemulsi\u00f3n transparente.<\/li>\n<\/ul>\n<\/li>\n<\/ul>\n<\/li>\n\n\n\n<li>Proceso de ablandamiento:\n<ul class=\"wp-block-list\">\n<li>Proceso de acolchado:\n<ul class=\"wp-block-list\">\n<li>Para tejidos ligeros y finos, dosificaci\u00f3n de referencia: 10~20 g\/L<\/li>\n\n\n\n<li>Para tejidos pesados y gruesos, dosificaci\u00f3n de referencia: 20~30 g\/L<\/li>\n\n\n\n<li>El mejor rango de pH de la soluci\u00f3n de trabajo: 6.0~7.0<\/li>\n\n\n\n<li>Acolchado e inmersi\u00f3n (Pickup: 70~90%) \u2192 160~170\u2103\u00d760~90 segundos.<\/li>\n<\/ul>\n<\/li>\n\n\n\n<li>Proceso de escape:\n<ul class=\"wp-block-list\">\n<li>Dosis de referencia: 0,5~1,0% (o.w.f)<\/li>\n\n\n\n<li>Proporci\u00f3n de ba\u00f1o: 1:20<\/li>\n\n\n\n<li>Proceso: 40~50\u2103\u00d710~20 minutos \u2192 Deshidrataci\u00f3n \u2192 Secado (100~120\u2103).<\/li>\n<\/ul>\n<\/li>\n<\/ul>\n<\/li>\n<\/ol>\n\n\n\n<h2 class=\"wp-block-heading\">Propiedades del aceite de silicona concentrado<\/h2>\n\n\n\n<figure class=\"wp-block-table\"><table class=\"has-fixed-layout\"><tbody><tr><td>Apariencia:<\/td><td>L\u00edquido transparente<\/td><\/tr><tr><td>Ionicidad:<\/td><td>Cati\u00f3nico d\u00e9bil<\/td><\/tr><tr><td>Valor del pH:<\/td><td>6,0~7,0 (1% soluci\u00f3n acuosa)<\/td><\/tr><tr><td>Contenido:<\/td><td>85~90%<\/td><\/tr><tr><td>Viscosidad:<\/td><td>3000~6000mPa.s (25\u2103)<\/td><\/tr><\/tbody><\/table><\/figure>\n<\/div>\n<\/div>","protected":false},"excerpt":{"rendered":"<p><strong><b>Aceite de silicona concentrado 72045\u00a0<\/b><\/strong>Es un multipol\u00edmero de polisiloxano, poli\u00e9ter y poliamina, que puede penetrar uniformemente en la parte interna de las fibras y actuar en cada fibra para mejorar el rendimiento de todo el tejido.Tiene una estructura de copol\u00edmero en bloque lineal, lo que le confiere una buena capacidad de dispersi\u00f3n, difusi\u00f3n y penetraci\u00f3n en las fibras. Es especialmente adecuado para el proceso de acabado ultrasuave y esponjoso de algod\u00f3n, fibra de viscosa, poli\u00e9ster, poli\u00e9ster\/algod\u00f3n y nailon. P\u00f3ngase en contacto con nosotros si desea muestras gratuitas o asesoramiento experto sobre f\u00f3rmulas.<\/p>\n<p><strong>Modelo n\u00ba 72045<\/strong><\/p>","protected":false},"featured_media":3648,"comment_status":"closed","ping_status":"closed","template":"","meta":{"_acf_changed":false},"material":[26,27,28,30],"process":[23,24],"product_brand":[],"product_cat":[15],"product_tag":[48],"class_list":{"0":"post-3642","1":"product","2":"type-product","3":"status-publish","4":"has-post-thumbnail","6":"material-cotton-agent","7":"material-polyester-chemicals","8":"material-nylon-agent","9":"material-viscose-chemicals","10":"process-textile-finishing-chemicals","11":"process-silicone-oil","12":"product_cat-uncategorized","13":"product_tag-new-textile-chemicals","15":"first","16":"instock","17":"shipping-taxable","18":"product-type-simple"},"acf":[],"_links":{"self":[{"href":"https:\/\/www.bluelakechem.com\/es\/wp-json\/wp\/v2\/product\/3642","targetHints":{"allow":["GET"]}}],"collection":[{"href":"https:\/\/www.bluelakechem.com\/es\/wp-json\/wp\/v2\/product"}],"about":[{"href":"https:\/\/www.bluelakechem.com\/es\/wp-json\/wp\/v2\/types\/product"}],"replies":[{"embeddable":true,"href":"https:\/\/www.bluelakechem.com\/es\/wp-json\/wp\/v2\/comments?post=3642"}],"wp:featuredmedia":[{"embeddable":true,"href":"https:\/\/www.bluelakechem.com\/es\/wp-json\/wp\/v2\/media\/3648"}],"wp:attachment":[{"href":"https:\/\/www.bluelakechem.com\/es\/wp-json\/wp\/v2\/media?parent=3642"}],"wp:term":[{"taxonomy":"material","embeddable":true,"href":"https:\/\/www.bluelakechem.com\/es\/wp-json\/wp\/v2\/material?post=3642"},{"taxonomy":"process","embeddable":true,"href":"https:\/\/www.bluelakechem.com\/es\/wp-json\/wp\/v2\/process?post=3642"},{"taxonomy":"product_brand","embeddable":true,"href":"https:\/\/www.bluelakechem.com\/es\/wp-json\/wp\/v2\/product_brand?post=3642"},{"taxonomy":"product_cat","embeddable":true,"href":"https:\/\/www.bluelakechem.com\/es\/wp-json\/wp\/v2\/product_cat?post=3642"},{"taxonomy":"product_tag","embeddable":true,"href":"https:\/\/www.bluelakechem.com\/es\/wp-json\/wp\/v2\/product_tag?post=3642"}],"curies":[{"name":"wp","href":"https:\/\/api.w.org\/{rel}","templated":true}]}}