{"id":3649,"date":"2026-01-19T07:11:42","date_gmt":"2026-01-19T07:11:42","guid":{"rendered":"https:\/\/www.bluelakechem.com\/?post_type=product&#038;p=3649"},"modified":"2026-01-19T07:11:51","modified_gmt":"2026-01-19T07:11:51","slug":"silicone-based-softener-for-cotton-smooth-hand-feel-and-enhanced-finishing-performance","status":"publish","type":"product","link":"https:\/\/www.bluelakechem.com\/es\/product\/silicone-based-softener-for-cotton-smooth-hand-feel-and-enhanced-finishing-performance\/","title":{"rendered":"Suavizante a base de silicona para algod\u00f3n: tacto suave y mayor rendimiento de acabado"},"content":{"rendered":"<div class=\"wp-block-columns is-layout-flex wp-container-core-columns-is-layout-9d6595d7 wp-block-columns-is-layout-flex\">\n<div class=\"wp-block-column is-layout-flow wp-block-column-is-layout-flow\">\n<figure class=\"wp-block-image size-full\"><img decoding=\"async\" width=\"1024\" height=\"1536\" src=\"https:\/\/www.bluelakechem.com\/wp-content\/uploads\/2026\/01\/Cotton-Softening-Smoothing-Silicone-oil.webp\" alt=\"Aceite de silicona para suavizar y alisar el algod\u00f3n\" class=\"wp-image-3650\" srcset=\"https:\/\/www.bluelakechem.com\/wp-content\/uploads\/2026\/01\/Cotton-Softening-Smoothing-Silicone-oil.webp 1024w, https:\/\/www.bluelakechem.com\/wp-content\/uploads\/2026\/01\/Cotton-Softening-Smoothing-Silicone-oil-200x300.webp 200w, https:\/\/www.bluelakechem.com\/wp-content\/uploads\/2026\/01\/Cotton-Softening-Smoothing-Silicone-oil-768x1152.webp 768w, https:\/\/www.bluelakechem.com\/wp-content\/uploads\/2026\/01\/Cotton-Softening-Smoothing-Silicone-oil-8x12.webp 8w, https:\/\/www.bluelakechem.com\/wp-content\/uploads\/2026\/01\/Cotton-Softening-Smoothing-Silicone-oil-600x900.webp 600w\" sizes=\"(max-width: 1024px) 100vw, 1024px\" \/><\/figure>\n<\/div>\n\n\n\n<div class=\"wp-block-column is-layout-flow wp-block-column-is-layout-flow\">\n<figure class=\"wp-block-image size-full\"><img decoding=\"async\" width=\"1024\" height=\"1024\" src=\"https:\/\/www.bluelakechem.com\/wp-content\/uploads\/2026\/01\/Cotton-Softening-Smoothing-Silicone-oil-1.webp\" alt=\"Aceite de silicona para suavizar y alisar el algod\u00f3n\" class=\"wp-image-3651\" srcset=\"https:\/\/www.bluelakechem.com\/wp-content\/uploads\/2026\/01\/Cotton-Softening-Smoothing-Silicone-oil-1.webp 1024w, https:\/\/www.bluelakechem.com\/wp-content\/uploads\/2026\/01\/Cotton-Softening-Smoothing-Silicone-oil-1-300x300.webp 300w, https:\/\/www.bluelakechem.com\/wp-content\/uploads\/2026\/01\/Cotton-Softening-Smoothing-Silicone-oil-1-150x150.webp 150w, https:\/\/www.bluelakechem.com\/wp-content\/uploads\/2026\/01\/Cotton-Softening-Smoothing-Silicone-oil-1-768x768.webp 768w, https:\/\/www.bluelakechem.com\/wp-content\/uploads\/2026\/01\/Cotton-Softening-Smoothing-Silicone-oil-1-12x12.webp 12w, https:\/\/www.bluelakechem.com\/wp-content\/uploads\/2026\/01\/Cotton-Softening-Smoothing-Silicone-oil-1-600x600.webp 600w, https:\/\/www.bluelakechem.com\/wp-content\/uploads\/2026\/01\/Cotton-Softening-Smoothing-Silicone-oil-1-100x100.webp 100w\" sizes=\"(max-width: 1024px) 100vw, 1024px\" \/><\/figure>\n<\/div>\n\n\n\n<div class=\"wp-block-column is-layout-flow wp-block-column-is-layout-flow\">\n<figure class=\"wp-block-image size-full\"><img decoding=\"async\" width=\"1363\" height=\"1701\" src=\"https:\/\/www.bluelakechem.com\/wp-content\/uploads\/2026\/01\/Cotton-Softening-Smoothing-Silicone-oil-2.webp\" alt=\"Aceite de silicona para suavizar y alisar el algod\u00f3n\" class=\"wp-image-3652\" srcset=\"https:\/\/www.bluelakechem.com\/wp-content\/uploads\/2026\/01\/Cotton-Softening-Smoothing-Silicone-oil-2.webp 1363w, https:\/\/www.bluelakechem.com\/wp-content\/uploads\/2026\/01\/Cotton-Softening-Smoothing-Silicone-oil-2-240x300.webp 240w, https:\/\/www.bluelakechem.com\/wp-content\/uploads\/2026\/01\/Cotton-Softening-Smoothing-Silicone-oil-2-768x958.webp 768w, https:\/\/www.bluelakechem.com\/wp-content\/uploads\/2026\/01\/Cotton-Softening-Smoothing-Silicone-oil-2-10x12.webp 10w, https:\/\/www.bluelakechem.com\/wp-content\/uploads\/2026\/01\/Cotton-Softening-Smoothing-Silicone-oil-2-1200x1498.webp 1200w, https:\/\/www.bluelakechem.com\/wp-content\/uploads\/2026\/01\/Cotton-Softening-Smoothing-Silicone-oil-2-600x749.webp 600w\" sizes=\"(max-width: 1363px) 100vw, 1363px\" \/><\/figure>\n<\/div>\n<\/div>\n\n\n\n<div class=\"wp-block-columns is-layout-flex wp-container-core-columns-is-layout-9d6595d7 wp-block-columns-is-layout-flex\">\n<div class=\"wp-block-column is-layout-flow wp-block-column-is-layout-flow\">\n<h2 class=\"wp-block-heading\">Aceite de silicona suavizante y alisador de algod\u00f3n Caracter\u00edsticas<\/h2>\n\n\n\n<p><strong>Suavidad sedosa para el uso del algod\u00f3n <\/strong><\/p>\n\n\n\n<p>La tecnolog\u00eda de copol\u00edmeros lineales en bloque confiere a los tejidos de algod\u00f3n un tacto delicado, suave y flexible.<\/p>\n\n\n\n<p><strong>Optimizaci\u00f3n de costes Diluci\u00f3n recomendada<\/strong><\/p>\n\n\n\n<p>1 tonelada de concentrado de silicona a aproximadamente 3,5 toneladas de emulsi\u00f3n acabada, lo que ayuda a optimizar los costes integrados de transporte y almacenamiento.<\/p>\n\n\n\n<p><strong>Orientaci\u00f3n t\u00e9cnica y estabilidad de procesamiento Completo<\/strong>\u00a0<\/p>\n\n\n\n<p>soporte de diluci\u00f3n para un funcionamiento fiable y una estabilidad superior. Compatible con equipos de emulsificaci\u00f3n de alto cizallamiento para formar microemulsiones o macroemulsiones transparentes estables; dise\u00f1ado para producir emulsiones de silicona en bloque de alta estabilidad al tiempo que aborda problemas tradicionales como la flotaci\u00f3n del aceite y la mala dispersabilidad.<\/p>\n\n\n\n<p><strong>Respetuoso con el medio ambiente <\/strong><\/p>\n\n\n\n<p>Sin SVHC ni sustancias qu\u00edmicas prohibidas | Conforme a OEKO-TEX\u00ae 100 y ZDHC. Apoyo al crecimiento de las exportaciones de gama alta.<\/p>\n\n\n\n<h2 class=\"wp-block-heading\">Algod\u00f3n Suavizante y Alisante Aceite de silicona Instrucciones<\/h2>\n\n\n\n<p>El 72108 es un aceite crudo de copol\u00edmero en bloque semiautoemulsionable de alta concentraci\u00f3n, que no puede aplicarse directamente a fibras o tejidos. Por lo tanto, debe emulsionarse antes del procesamiento textil. Puede emulsionarse f\u00e1cilmente utilizando equipos convencionales y procesos est\u00e1ndar.<\/p>\n\n\n\n<h3 class=\"wp-block-heading\"><strong>1) F\u00f3rmula de emulsificaci\u00f3n (recomendada)<\/strong><\/h3>\n\n\n\n<figure class=\"wp-block-table\"><table class=\"has-fixed-layout\"><thead><tr><th>Componente<\/th><th>Dosis (partes)<\/th><th>Observaciones<\/th><\/tr><\/thead><tbody><tr><td>CX-72108<\/td><td>100<\/td><td>\u2014<\/td><\/tr><tr><td>Emulsionante<\/td><td>5<\/td><td>Tensioactivo no i\u00f3nico <strong>TO-5 (recomendado por BASF)<\/strong><\/td><\/tr><tr><td>\u00c1cido ac\u00e9tico glacial + Agua 1<\/td><td>1 + 30<\/td><td>Disolver 1 parte de \u00e1cido ac\u00e9tico glacial en 50 partes de agua desionizada.<\/td><\/tr><tr><td>Agua 2<\/td><td>214<\/td><td>\u2014<\/td><\/tr><tr><td><strong>Total<\/strong><\/td><td><strong>350<\/strong><\/td><td>\u2014<\/td><\/tr><\/tbody><\/table><\/figure>\n\n\n\n<h3 class=\"wp-block-heading\"><strong>2) Proceso de emulsificaci\u00f3n<\/strong><\/h3>\n\n\n\n<p>Remover la 72108 y el emulsionante hasta que est\u00e9n uniformes antes de usar:<\/p>\n\n\n\n<ol class=\"wp-block-list\">\n<li>A\u00f1ada la 72108 y el emulsionante en una batidora y remueva bien durante <strong>10 minutos<\/strong> hasta que est\u00e9 completamente homog\u00e9nea;<\/li>\n\n\n\n<li>A\u00f1ada lentamente el <strong>\u00e1cido ac\u00e9tico + agua 1<\/strong> mezcla y siga removiendo durante <strong>10 minutos<\/strong> hasta que est\u00e9 uniforme;<\/li>\n\n\n\n<li>A\u00f1ade aproximadamente <strong>1\/5 de Agua 2<\/strong>, remover para <strong>5 minutos<\/strong>;<\/li>\n\n\n\n<li>A\u00f1adir otro <strong>1\/5 de Agua 2<\/strong>, remover para <strong>5 minutos<\/strong>;<\/li>\n\n\n\n<li>A\u00f1ada el resto <strong>Agua 2<\/strong>, remover para <strong>5 minutos<\/strong>;<\/li>\n\n\n\n<li>Dejar reposar para desespumar, filtrar y descargar;<\/li>\n\n\n\n<li>Compruebe el pH de la soluci\u00f3n preparada (<strong>pH = 4,0-6,0<\/strong>). Debe obtenerse una microemulsi\u00f3n clara.<\/li>\n<\/ol>\n\n\n\n<h3 class=\"wp-block-heading\"><strong>3) Proceso de aplicaci\u00f3n del ablandador<\/strong><\/h3>\n\n\n\n<h4 class=\"wp-block-heading\"><strong>M\u00e9todo de acolchado (recomendado)<\/strong><\/h4>\n\n\n\n<ul class=\"wp-block-list\">\n<li><strong>Dosificaci\u00f3n:<\/strong>\n<ul class=\"wp-block-list\">\n<li>Tejidos ligeros: <strong>20-40 g\/L<\/strong><\/li>\n\n\n\n<li>Tejidos pesados: <strong>40-60 g\/L<\/strong><\/li>\n<\/ul>\n<\/li>\n\n\n\n<li><strong>pH del ba\u00f1o de trabajo:<\/strong> <strong>6,0-7,0 (rango \u00f3ptimo)<\/strong><\/li>\n\n\n\n<li><strong>Condiciones de ajuste:<\/strong>\n<ul class=\"wp-block-list\">\n<li>Una inmersi\u00f3n-un pellizco (recogida <strong>70-90%<\/strong>)<\/li>\n\n\n\n<li><strong>160-170\u00b0C durante 60-90 segundos<\/strong><\/li>\n<\/ul>\n<\/li>\n<\/ul>\n\n\n\n<h4 class=\"wp-block-heading\"><strong>M\u00e9todo de escape (inmersi\u00f3n)<\/strong><\/h4>\n\n\n\n<ul class=\"wp-block-list\">\n<li><strong>Dosificaci\u00f3n:<\/strong> <strong>1,0-3,0% (h.o.p.)<\/strong><\/li>\n\n\n\n<li><strong>Proporci\u00f3n de licor:<\/strong> <strong>1:20<\/strong><\/li>\n\n\n\n<li><strong>Proceso:<\/strong>\n<ul class=\"wp-block-list\">\n<li><strong>40-50\u00b0C durante 10-20 min<\/strong>,<\/li>\n\n\n\n<li>Hidroextracci\u00f3n,<\/li>\n\n\n\n<li>Secado en <strong>100-120\u00b0C<\/strong>.<\/li>\n<\/ul>\n<\/li>\n<\/ul>\n\n\n\n<h2 class=\"wp-block-heading\">Aceite de silicona para suavizar y alisar el algod\u00f3n Propiedades<\/h2>\n\n\n\n<figure class=\"wp-block-table\"><table class=\"has-fixed-layout\"><tbody><tr><td class=\"has-text-align-center\" data-align=\"center\">Caracter\u00edsticas \/ Propiedades<\/td><td class=\"has-text-align-center\" data-align=\"center\">Especificaci\u00f3n \/ Valor<\/td><\/tr><tr><td class=\"has-text-align-center\" data-align=\"center\">Composici\u00f3n principal<\/td><td class=\"has-text-align-center\" data-align=\"center\">Copol\u00edmero lineal multibloque de polisiloxano<\/td><\/tr><tr><td class=\"has-text-align-center\" data-align=\"center\">Apariencia (visual)<\/td><td class=\"has-text-align-center\" data-align=\"center\">L\u00edquido transparente entre incoloro y amarillo claro<\/td><\/tr><tr><td class=\"has-text-align-center\" data-align=\"center\">Valor pH (a temperatura ambiente, m\u00e9todo del papel de ensayo)<\/td><td class=\"has-text-align-center\" data-align=\"center\">6.0~8.0<\/td><\/tr><tr><td class=\"has-text-align-center\" data-align=\"center\">Viscosidad (25\u00b0C, mPa-s)<\/td><td class=\"has-text-align-center\" data-align=\"center\">500~1000<\/td><\/tr><tr><td class=\"has-text-align-center\" data-align=\"center\">Naturaleza i\u00f3nica<\/td><td class=\"has-text-align-center\" data-align=\"center\">Cati\u00f3nico d\u00e9bil<\/td><\/tr><\/tbody><\/table><\/figure>\n<\/div>\n<\/div>","protected":false},"excerpt":{"rendered":"<p><strong>Aceite de silicona suavizante 72108<\/strong> es un innovador suavizante textil que proporciona una excelente suavidad y un tacto suave a la mayor\u00eda de los tejidos. Basado en una novedosa plataforma de copol\u00edmero en bloque lineal, est\u00e1 copolimerizado a partir de polisiloxano, poli\u00e9ter y poliamina. El producto puede penetrar uniformemente en el interior de las fibras y actuar sobre cada una de ellas, mejorando as\u00ed el rendimiento general del acabado del tejido.Cumple la norma Oeko-Tex 100. P\u00f3ngase en contacto con nosotros si desea muestras gratuitas o asesoramiento experto sobre f\u00f3rmulas.<\/p>\n<p><strong>Modelo n\u00ba 72108<\/strong><\/p>","protected":false},"featured_media":3653,"comment_status":"closed","ping_status":"closed","template":"","meta":{"_acf_changed":false},"material":[26],"process":[23,42,24],"product_brand":[],"product_cat":[15],"product_tag":[48],"class_list":{"0":"post-3649","1":"product","2":"type-product","3":"status-publish","4":"has-post-thumbnail","6":"material-cotton-agent","7":"process-textile-finishing-chemicals","8":"process-softener","9":"process-silicone-oil","10":"product_cat-uncategorized","11":"product_tag-new-textile-chemicals","13":"first","14":"instock","15":"shipping-taxable","16":"product-type-simple"},"acf":[],"_links":{"self":[{"href":"https:\/\/www.bluelakechem.com\/es\/wp-json\/wp\/v2\/product\/3649","targetHints":{"allow":["GET"]}}],"collection":[{"href":"https:\/\/www.bluelakechem.com\/es\/wp-json\/wp\/v2\/product"}],"about":[{"href":"https:\/\/www.bluelakechem.com\/es\/wp-json\/wp\/v2\/types\/product"}],"replies":[{"embeddable":true,"href":"https:\/\/www.bluelakechem.com\/es\/wp-json\/wp\/v2\/comments?post=3649"}],"wp:featuredmedia":[{"embeddable":true,"href":"https:\/\/www.bluelakechem.com\/es\/wp-json\/wp\/v2\/media\/3653"}],"wp:attachment":[{"href":"https:\/\/www.bluelakechem.com\/es\/wp-json\/wp\/v2\/media?parent=3649"}],"wp:term":[{"taxonomy":"material","embeddable":true,"href":"https:\/\/www.bluelakechem.com\/es\/wp-json\/wp\/v2\/material?post=3649"},{"taxonomy":"process","embeddable":true,"href":"https:\/\/www.bluelakechem.com\/es\/wp-json\/wp\/v2\/process?post=3649"},{"taxonomy":"product_brand","embeddable":true,"href":"https:\/\/www.bluelakechem.com\/es\/wp-json\/wp\/v2\/product_brand?post=3649"},{"taxonomy":"product_cat","embeddable":true,"href":"https:\/\/www.bluelakechem.com\/es\/wp-json\/wp\/v2\/product_cat?post=3649"},{"taxonomy":"product_tag","embeddable":true,"href":"https:\/\/www.bluelakechem.com\/es\/wp-json\/wp\/v2\/product_tag?post=3649"}],"curies":[{"name":"wp","href":"https:\/\/api.w.org\/{rel}","templated":true}]}}