{"id":403,"date":"2024-11-27T12:33:48","date_gmt":"2024-11-27T12:33:48","guid":{"rendered":"https:\/\/www.bluelakechem.com\/?post_type=product&#038;p=403"},"modified":"2025-11-04T09:17:11","modified_gmt":"2025-11-04T09:17:11","slug":"wetting-agent-in-textile","status":"publish","type":"product","link":"https:\/\/www.bluelakechem.com\/es\/product\/wetting-agent-in-textile\/","title":{"rendered":"Agente humectante no i\u00f3nico de baja espuma para tejidos de algod\u00f3n y poli\u00e9ster"},"content":{"rendered":"<div class=\"wp-block-columns is-layout-flex wp-container-core-columns-is-layout-9d6595d7 wp-block-columns-is-layout-flex\">\n<div class=\"wp-block-column is-layout-flow wp-block-column-is-layout-flow\" style=\"flex-basis:50%\">\n<h2 class=\"wp-block-heading\">Caracter\u00edsticas del agente humectante en textiles:<\/h2>\n\n\n\n<p><strong>Alta concentraci\u00f3n, baja formaci\u00f3n de espuma:<\/strong> S\u00f3lo se necesita una dosis muy peque\u00f1a para penetrar eficazmente en diversos procesos textiles, lo que garantiza un rendimiento \u00f3ptimo con una baja generaci\u00f3n de espuma.<\/p>\n\n\n\n<p><strong>Penetraci\u00f3n r\u00e1pida y fuerte humectaci\u00f3n: <\/strong>Penetra r\u00e1pidamente entre las fibras para un tratamiento profundo y uniforme.<\/p>\n\n\n\n<p><strong>Mayor uniformidad del te\u00f1ido: <\/strong>Adecuado para procesos de estampaci\u00f3n y tintura, reduce las diferencias de color, las rayas o las manchas y proporciona una excelente penetraci\u00f3n y uniformidad del color.<\/p>\n\n\n\n<p><strong>Aplicaci\u00f3n vers\u00e1til:<\/strong> Ideal para procesos de pretratamiento, tintura y acabado textil que requieran una humectaci\u00f3n uniforme y resultados estables.<\/p>\n\n\n\n<p><strong>Excelente compatibilidad:<\/strong> Perfectamente compatible con agentes refinadores, saponificantes y suavizantes en el mismo ba\u00f1o de tintura.<\/p>\n\n\n\n<p><strong>Ecol\u00f3gico y biodegradable: <\/strong>Cumple las normas OEKO-TEX\u00ae, ZDHC y REACH.<\/p>\n\n\n\n<h2 class=\"wp-block-heading\">Especificaciones t\u00e9cnicas<\/h2>\n\n\n\n<figure class=\"wp-block-table\"><table class=\"has-fixed-layout\"><thead><tr><th>Propiedad<\/th><th>Especificaci\u00f3n<\/th><\/tr><\/thead><tbody><tr><td>Apariencia<\/td><td>L\u00edquido incoloro y transparente<\/td><\/tr><tr><td>Ionicidad<\/td><td>No i\u00f3nico<\/td><\/tr><tr><td>pH (1% soluci\u00f3n acuosa)<\/td><td>~7.0<\/td><\/tr><tr><td>Solubilidad<\/td><td>F\u00e1cilmente soluble en agua<\/td><\/tr><\/tbody><\/table><\/figure>\n\n\n\n<h2 class=\"wp-block-heading\">Dosis recomendada<\/h2>\n\n\n\n<ul class=\"wp-block-list\">\n<li><strong>Te\u00f1ido por inmersi\u00f3n:<\/strong> 1-3 g\/L (tras diluci\u00f3n)<\/li>\n\n\n\n<li><strong>Te\u00f1ido en tamp\u00f3n:<\/strong> 1-3 g\/L (tras diluci\u00f3n)<\/li>\n\n\n\n<li>Proporci\u00f3n de diluci\u00f3n antes del uso: 1:3 a 1:5<\/li>\n<\/ul>\n\n\n\n<p>Adecuado para procesos de tintura y acabado continuos o intermitentes, garantizando una r\u00e1pida humectaci\u00f3n (en 1 segundo) y un rendimiento estable.<\/p>\n<\/div>\n\n\n\n<div class=\"wp-block-column is-layout-flow wp-block-column-is-layout-flow\" style=\"flex-basis:50%\">\n<figure class=\"wp-block-embed is-type-video is-provider-youtube wp-block-embed-youtube wp-embed-aspect-9-16 wp-has-aspect-ratio\"><div class=\"wp-block-embed__wrapper\">\n<iframe title=\"#textilechemicals Penetraci\u00f3n 1S: una nueva opci\u00f3n eficaz para las tintorer\u00edas\" width=\"422\" height=\"750\" src=\"https:\/\/www.youtube.com\/embed\/rCR1idaUyKA?feature=oembed\" frameborder=\"0\" allow=\"accelerometer; autoplay; clipboard-write; encrypted-media; gyroscope; picture-in-picture; web-share\" referrerpolicy=\"strict-origin-when-cross-origin\" allowfullscreen><\/iframe>\n<\/div><\/figure>\n<\/div>\n<\/div>\n\n\n\n<div class=\"wp-block-columns is-layout-flex wp-container-core-columns-is-layout-9d6595d7 wp-block-columns-is-layout-flex\">\n<div class=\"wp-block-column is-vertically-aligned-center is-layout-flow wp-block-column-is-layout-flow\"><\/div>\n<\/div>","protected":false},"excerpt":{"rendered":"<p>Agente humectante de alta concentraci\u00f3n y baja formaci\u00f3n de espuma, una peque\u00f1a dosis puede tener un buen efecto humectante en cada proceso textil sin formaci\u00f3n de espuma, incluso ayuda a inhibir la formaci\u00f3n de espuma de otros productos qu\u00edmicos, y puede utilizarse como agente humectante de alta eficacia en el proceso de estampaci\u00f3n y te\u00f1ido.<br \/><b>N\u00ba de modelo <\/b>11026<\/p>","protected":false},"featured_media":1439,"comment_status":"closed","ping_status":"closed","template":"","meta":{"_acf_changed":false},"material":[26,27,28,29,30,31,32,33,34],"process":[17,18],"product_brand":[],"product_cat":[15],"product_tag":[],"class_list":{"0":"post-403","1":"product","2":"type-product","3":"status-publish","4":"has-post-thumbnail","6":"material-cotton-agent","7":"material-polyester-chemicals","8":"material-nylon-agent","9":"material-acrylic-chemicals","10":"material-viscose-chemicals","11":"material-wool-auxiliary","12":"material-linen-chemicals","13":"material-silk-chemicals","14":"material-fabric-chemicals","15":"process-pretreatment-auxiliaries","16":"process-textile-wetting-agent","17":"product_cat-uncategorized","19":"first","20":"instock","21":"shipping-taxable","22":"product-type-simple"},"acf":[],"_links":{"self":[{"href":"https:\/\/www.bluelakechem.com\/es\/wp-json\/wp\/v2\/product\/403","targetHints":{"allow":["GET"]}}],"collection":[{"href":"https:\/\/www.bluelakechem.com\/es\/wp-json\/wp\/v2\/product"}],"about":[{"href":"https:\/\/www.bluelakechem.com\/es\/wp-json\/wp\/v2\/types\/product"}],"replies":[{"embeddable":true,"href":"https:\/\/www.bluelakechem.com\/es\/wp-json\/wp\/v2\/comments?post=403"}],"wp:featuredmedia":[{"embeddable":true,"href":"https:\/\/www.bluelakechem.com\/es\/wp-json\/wp\/v2\/media\/1439"}],"wp:attachment":[{"href":"https:\/\/www.bluelakechem.com\/es\/wp-json\/wp\/v2\/media?parent=403"}],"wp:term":[{"taxonomy":"material","embeddable":true,"href":"https:\/\/www.bluelakechem.com\/es\/wp-json\/wp\/v2\/material?post=403"},{"taxonomy":"process","embeddable":true,"href":"https:\/\/www.bluelakechem.com\/es\/wp-json\/wp\/v2\/process?post=403"},{"taxonomy":"product_brand","embeddable":true,"href":"https:\/\/www.bluelakechem.com\/es\/wp-json\/wp\/v2\/product_brand?post=403"},{"taxonomy":"product_cat","embeddable":true,"href":"https:\/\/www.bluelakechem.com\/es\/wp-json\/wp\/v2\/product_cat?post=403"},{"taxonomy":"product_tag","embeddable":true,"href":"https:\/\/www.bluelakechem.com\/es\/wp-json\/wp\/v2\/product_tag?post=403"}],"curies":[{"name":"wp","href":"https:\/\/api.w.org\/{rel}","templated":true}]}}