{"id":508,"date":"2024-11-28T06:38:41","date_gmt":"2024-11-28T06:38:41","guid":{"rendered":"https:\/\/www.bluelakechem.com\/?post_type=product&#038;p=508"},"modified":"2025-01-17T12:16:17","modified_gmt":"2025-01-17T12:16:17","slug":"degreasing-agent","status":"publish","type":"product","link":"https:\/\/www.bluelakechem.com\/es\/product\/degreasing-agent\/","title":{"rendered":"Agente desengrasante de baja espuma Agente desengrasante para tejidos de algod\u00f3n y poli\u00e9ster"},"content":{"rendered":"<div class=\"wp-block-columns is-layout-flex wp-container-core-columns-is-layout-9d6595d7 wp-block-columns-is-layout-flex\">\n<div class=\"wp-block-column is-layout-flow wp-block-column-is-layout-flow\" style=\"flex-basis:50%\">\n<h2 class=\"wp-block-heading\">Agente desengrasante Caracter\u00edsticas:<\/h2>\n\n\n\n<p><strong>Baja formaci\u00f3n de espuma: <\/strong>Reduce eficazmente la generaci\u00f3n de espuma, garantizando un procesamiento suave y un control m\u00e1s f\u00e1cil durante el proceso de desengrasado.<\/p>\n\n\n\n<p><strong>Desengrase y fregado mejorados:<\/strong> Favorece el efecto desengrasante sobre las fibras de celulosa y el efecto desengrasante sobre las fibras sint\u00e9ticas, mejorando la limpieza de los tejidos.<\/p>\n\n\n\n<p><strong>Blancura y efecto capilar:<\/strong> Aumenta la blancura y la capilaridad de hilos y tejidos, mejorando la calidad de los tejidos.<\/p>\n\n\n\n<p><strong>Altamente eficiente: <\/strong>Especialmente indicado para el pretratamiento de tejidos de mezcla de poli\u00e9ster\/algod\u00f3n, garantizando un rendimiento superior con una dosificaci\u00f3n m\u00ednima.<\/p>\n<\/div>\n\n\n\n<div class=\"wp-block-column is-layout-flow wp-block-column-is-layout-flow\" style=\"flex-basis:50%\">\n<figure class=\"wp-block-embed is-type-video is-provider-youtube wp-block-embed-youtube wp-embed-aspect-16-9 wp-has-aspect-ratio\"><div class=\"wp-block-embed__wrapper\">\n<iframe title=\"\u3010Textile Chemical\u3011 Agente desengrasante de baja espumaPara lograr el desengrase\uff0811045\uff09\" width=\"500\" height=\"281\" src=\"https:\/\/www.youtube.com\/embed\/NNEN4oY_HsE?feature=oembed\" frameborder=\"0\" allow=\"accelerometer; autoplay; clipboard-write; encrypted-media; gyroscope; picture-in-picture; web-share\" referrerpolicy=\"strict-origin-when-cross-origin\" allowfullscreen><\/iframe>\n<\/div><\/figure>\n<\/div>\n<\/div>\n\n\n\n<div class=\"wp-block-columns is-layout-flex wp-container-core-columns-is-layout-9d6595d7 wp-block-columns-is-layout-flex\">\n<div class=\"wp-block-column is-layout-flow wp-block-column-is-layout-flow\">\n<figure class=\"wp-block-image size-full\"><img decoding=\"async\" width=\"800\" height=\"600\" src=\"https:\/\/www.bluelakechem.com\/wp-content\/uploads\/2024\/11\/degreasing-agent-1.webp\" alt=\"desengrasante\" class=\"wp-image-511\" srcset=\"https:\/\/www.bluelakechem.com\/wp-content\/uploads\/2024\/11\/degreasing-agent-1.webp 800w, https:\/\/www.bluelakechem.com\/wp-content\/uploads\/2024\/11\/degreasing-agent-1-300x225.webp 300w, https:\/\/www.bluelakechem.com\/wp-content\/uploads\/2024\/11\/degreasing-agent-1-768x576.webp 768w, https:\/\/www.bluelakechem.com\/wp-content\/uploads\/2024\/11\/degreasing-agent-1-600x450.webp 600w\" sizes=\"(max-width: 800px) 100vw, 800px\" \/><\/figure>\n<\/div>\n\n\n\n<div class=\"wp-block-column is-vertically-aligned-center is-layout-flow wp-block-column-is-layout-flow\">\n<h3 class=\"wp-block-heading\">Agente desengrasante Aplicaciones:<\/h3>\n\n\n\n<p><strong>Pretratamiento textil: <\/strong>Ideal para su uso en procesos de descrudado y desengrasado, mejorando la preparaci\u00f3n de los tejidos para posteriores tratamientos de tintura o acabado.<\/p>\n\n\n\n<p><strong>Mezclas de poli\u00e9ster y algod\u00f3n:<\/strong> Perfecto para su uso en el pretratamiento de tejidos de poli\u00e9ster\/algod\u00f3n, garantizando materiales limpios, brillantes y bien preparados.<\/p>\n\n\n\n<p><strong>Procesado de hilos y tejidos: <\/strong>Potencia el efecto desengrasante, mejorando el procesado general y el aspecto de hilos y tejidos.<\/p>\n<\/div>\n<\/div>","protected":false},"excerpt":{"rendered":"<p>Agente desengrasante de baja espuma, promueve obviamente el efecto de descrudado en fibras de celulosa y el efecto desengrasante en fibras sint\u00e9ticas, puede mejorar la blancura y el efecto capilar de hilos y tejidos, especialmente adecuado para el proceso de pretratamiento de tejidos de poli\u00e9ster\/algod\u00f3n.<br \/><strong>N\u00ba de modelo <\/strong>11045<\/p>","protected":false},"featured_media":1442,"comment_status":"closed","ping_status":"closed","template":"","meta":{"_acf_changed":false},"material":[26,27],"process":[17,19,35,36],"product_brand":[],"product_cat":[15],"product_tag":[],"class_list":{"0":"post-508","1":"product","2":"type-product","3":"status-publish","4":"has-post-thumbnail","6":"material-cotton-agent","7":"material-polyester-chemicals","8":"process-pretreatment-auxiliaries","9":"process-scouring-agent","10":"process-degreasing-agent","11":"process-bleaching-agent","12":"product_cat-uncategorized","14":"first","15":"instock","16":"shipping-taxable","17":"product-type-simple"},"acf":[],"_links":{"self":[{"href":"https:\/\/www.bluelakechem.com\/es\/wp-json\/wp\/v2\/product\/508","targetHints":{"allow":["GET"]}}],"collection":[{"href":"https:\/\/www.bluelakechem.com\/es\/wp-json\/wp\/v2\/product"}],"about":[{"href":"https:\/\/www.bluelakechem.com\/es\/wp-json\/wp\/v2\/types\/product"}],"replies":[{"embeddable":true,"href":"https:\/\/www.bluelakechem.com\/es\/wp-json\/wp\/v2\/comments?post=508"}],"wp:featuredmedia":[{"embeddable":true,"href":"https:\/\/www.bluelakechem.com\/es\/wp-json\/wp\/v2\/media\/1442"}],"wp:attachment":[{"href":"https:\/\/www.bluelakechem.com\/es\/wp-json\/wp\/v2\/media?parent=508"}],"wp:term":[{"taxonomy":"material","embeddable":true,"href":"https:\/\/www.bluelakechem.com\/es\/wp-json\/wp\/v2\/material?post=508"},{"taxonomy":"process","embeddable":true,"href":"https:\/\/www.bluelakechem.com\/es\/wp-json\/wp\/v2\/process?post=508"},{"taxonomy":"product_brand","embeddable":true,"href":"https:\/\/www.bluelakechem.com\/es\/wp-json\/wp\/v2\/product_brand?post=508"},{"taxonomy":"product_cat","embeddable":true,"href":"https:\/\/www.bluelakechem.com\/es\/wp-json\/wp\/v2\/product_cat?post=508"},{"taxonomy":"product_tag","embeddable":true,"href":"https:\/\/www.bluelakechem.com\/es\/wp-json\/wp\/v2\/product_tag?post=508"}],"curies":[{"name":"wp","href":"https:\/\/api.w.org\/{rel}","templated":true}]}}