{"id":525,"date":"2024-11-28T07:56:55","date_gmt":"2024-11-28T07:56:55","guid":{"rendered":"https:\/\/www.bluelakechem.com\/?post_type=product&#038;p=525"},"modified":"2025-01-17T11:16:50","modified_gmt":"2025-01-17T11:16:50","slug":"leveling-agent","status":"publish","type":"product","link":"https:\/\/www.bluelakechem.com\/es\/product\/leveling-agent\/","title":{"rendered":"Auxiliares de tintura para tejidos de algod\u00f3n"},"content":{"rendered":"<div class=\"wp-block-columns is-layout-flex wp-container-core-columns-is-layout-9d6595d7 wp-block-columns-is-layout-flex\">\n<div class=\"wp-block-column is-layout-flow wp-block-column-is-layout-flow\" style=\"flex-basis:50%\">\n<h2 class=\"wp-block-heading\">Agente de nivelaci\u00f3n Caracter\u00edsticas:<\/h2>\n\n\n\n<p><strong>Nivelaci\u00f3n de alta eficiencia<\/strong>: Espec\u00edficamente dise\u00f1ado para tejidos de algod\u00f3n, este agente nivelador mejora la dispersi\u00f3n del tinte, garantizando una aplicaci\u00f3n uniforme en todo el tejido.<\/p>\n\n\n\n<p><strong>Secuestra iones met\u00e1licos<\/strong>: Neutraliza eficazmente los iones met\u00e1licos en el ba\u00f1o de tintura, evitando reacciones no deseadas y garantizando resultados de tintura homog\u00e9neos.<\/p>\n\n\n\n<p><strong>Estabilidad del ba\u00f1o de tintura<\/strong>: Mantiene la estabilidad del ba\u00f1o de tintura, permitiendo tiempos de procesado m\u00e1s largos y una tintura m\u00e1s uniforme.<\/p>\n\n\n\n<p><strong>Tintura con \u00e9xito de colorantes directos y reactivos<\/strong>: Admite tanto tintes directos como reactivos, garantizando resultados satisfactorios y uniformes en el proceso de tintura.<\/p>\n\n\n\n<h3 class=\"wp-block-heading\">Aplicaciones de agentes niveladores:<\/h3>\n\n\n\n<p><strong>Te\u00f1ido de tejidos de algod\u00f3n<\/strong>: Ideal para te\u00f1ir tejidos de algod\u00f3n, mejorando la uniformidad del color y evitando las rayas o la distribuci\u00f3n desigual del tinte.<\/p>\n\n\n\n<p><strong>Colorantes directos y reactivos<\/strong>: Adecuado para su uso con diversos tipos de colorantes, incluidos los directos y reactivos, garantizando resultados de alta calidad.<\/p>\n\n\n\n<p><strong>Control del ba\u00f1o de tintura<\/strong>: Estabiliza el ba\u00f1o de tintura, garantizando que el proceso de tintura se desarrolle sin problemas ni interrupciones y produciendo un color uniforme y vibrante.<\/p>\n<\/div>\n\n\n\n<div class=\"wp-block-column is-layout-flow wp-block-column-is-layout-flow\" style=\"flex-basis:50%\">\n<figure class=\"wp-block-image size-full\"><img decoding=\"async\" width=\"612\" height=\"408\" src=\"https:\/\/www.bluelakechem.com\/wp-content\/uploads\/2024\/11\/leveling-agent-2.webp\" alt=\"agente nivelador \" class=\"wp-image-527\" srcset=\"https:\/\/www.bluelakechem.com\/wp-content\/uploads\/2024\/11\/leveling-agent-2.webp 612w, https:\/\/www.bluelakechem.com\/wp-content\/uploads\/2024\/11\/leveling-agent-2-300x200.webp 300w, https:\/\/www.bluelakechem.com\/wp-content\/uploads\/2024\/11\/leveling-agent-2-600x400.webp 600w\" sizes=\"(max-width: 612px) 100vw, 612px\" \/><\/figure>\n<\/div>\n<\/div>","protected":false},"excerpt":{"rendered":"<p>Agente de nivelaci\u00f3n de alta eficacia para el algod\u00f3n, puede mejorar eficazmente la dispersidad de los colorantes, secuestrar iones met\u00e1licos, mantener la estabilidad del ba\u00f1o de te\u00f1ido, hacer que el te\u00f1ido de colorantes directos y reactivos sea un \u00e9xito, y lograr un te\u00f1ido uniforme.<\/p>\n<p><strong>N\u00ba de modelo <\/strong>22005<\/p>","protected":false},"featured_media":1428,"comment_status":"closed","ping_status":"closed","template":"","meta":{"_acf_changed":false},"material":[26],"process":[20,38],"product_brand":[],"product_cat":[15],"product_tag":[],"class_list":{"0":"post-525","1":"product","2":"type-product","3":"status-publish","4":"has-post-thumbnail","6":"material-cotton-agent","7":"process-dyeing-auxiliaries","8":"process-disperse-leveling-agent","9":"product_cat-uncategorized","11":"first","12":"instock","13":"shipping-taxable","14":"product-type-simple"},"acf":[],"_links":{"self":[{"href":"https:\/\/www.bluelakechem.com\/es\/wp-json\/wp\/v2\/product\/525","targetHints":{"allow":["GET"]}}],"collection":[{"href":"https:\/\/www.bluelakechem.com\/es\/wp-json\/wp\/v2\/product"}],"about":[{"href":"https:\/\/www.bluelakechem.com\/es\/wp-json\/wp\/v2\/types\/product"}],"replies":[{"embeddable":true,"href":"https:\/\/www.bluelakechem.com\/es\/wp-json\/wp\/v2\/comments?post=525"}],"wp:featuredmedia":[{"embeddable":true,"href":"https:\/\/www.bluelakechem.com\/es\/wp-json\/wp\/v2\/media\/1428"}],"wp:attachment":[{"href":"https:\/\/www.bluelakechem.com\/es\/wp-json\/wp\/v2\/media?parent=525"}],"wp:term":[{"taxonomy":"material","embeddable":true,"href":"https:\/\/www.bluelakechem.com\/es\/wp-json\/wp\/v2\/material?post=525"},{"taxonomy":"process","embeddable":true,"href":"https:\/\/www.bluelakechem.com\/es\/wp-json\/wp\/v2\/process?post=525"},{"taxonomy":"product_brand","embeddable":true,"href":"https:\/\/www.bluelakechem.com\/es\/wp-json\/wp\/v2\/product_brand?post=525"},{"taxonomy":"product_cat","embeddable":true,"href":"https:\/\/www.bluelakechem.com\/es\/wp-json\/wp\/v2\/product_cat?post=525"},{"taxonomy":"product_tag","embeddable":true,"href":"https:\/\/www.bluelakechem.com\/es\/wp-json\/wp\/v2\/product_tag?post=525"}],"curies":[{"name":"wp","href":"https:\/\/api.w.org\/{rel}","templated":true}]}}